{"id":31174,"date":"2017-06-21T09:58:46","date_gmt":"2017-06-21T07:58:46","guid":{"rendered":"https:\/\/staging.lucky-hunter.com\/product\/beavertail-big-gunner-layout-blind-2\/"},"modified":"2022-11-16T10:44:19","modified_gmt":"2022-11-16T09:44:19","slug":"beavertail-big-gunner-layout-blind","status":"publish","type":"product","link":"https:\/\/staging.lucky-hunter.com\/fr\/product\/beavertail-big-gunner-layout-blind\/","title":{"rendered":"Aff\u00fbt Couch\u00e9 Beavertail Big Gunner"},"content":{"rendered":"<h2><strong><span style=\"vertical-align: inherit;\"><span style=\"vertical-align: inherit;\">Aff\u00fbt Couch\u00e9 Beavertail Big Gunner &#8211; La meilleure marque am\u00e9ricaine maintenant en Europe\u00a0!<\/span><\/span><\/strong><\/h2>\n<p><span style=\"vertical-align: inherit;\"><span style=\"vertical-align: inherit;\">Le Big Gunner de Beavertail est le nec plus ultra pour tous les chasseurs de gibier d\u2019eau<\/span><\/span><\/p>\n<p>Son nouveau dossier ergonomique soutient votre t\u00eate et votre cou pour des heures de confort sur le terrain.<\/p>\n<p><span style=\"vertical-align: inherit;\"><span style=\"vertical-align: inherit;\">Beavertail a \u00e9galement augment\u00e9 l&#8217;espace pour les pieds, vous donnant plus de place \u00e0 l&#8217;int\u00e9rieur de l\u2019aff\u00fbt tout en r\u00e9duisant la hauteur de votre silhouette. Le m\u00e9canisme de relevage du dossier dispose de 2 r\u00e9glages &#8211; un mouvement subtil ou une forte pouss\u00e9e (en fonction de la taille du tireur) &#8211; afin que vous puissiez vous mettre en position plus rapidement et vous concentrer sur le tir au moment opportun.<\/span><\/span><\/p>\n<p><strong><span style=\"vertical-align: inherit;\"><span style=\"vertical-align: inherit;\">Fonctions\u00a0:<\/span><\/span><\/strong><\/p>\n<ul>\n<li><span style=\"vertical-align: inherit;\"><span style=\"vertical-align: inherit;\">Motif de camouflage Realtree Max-4<\/span><\/span><\/li>\n<li>Polyester coupe-vent et imperm\u00e9able 600 deniers<\/li>\n<li><span style=\"vertical-align: inherit;\"><span style=\"vertical-align: inherit;\">Armature compos\u00e9e de tube carr\u00e9 en aluminium<\/span><\/span><\/li>\n<li><span style=\"vertical-align: inherit;\"><span style=\"vertical-align: inherit;\">Dossier \u00e0 relevage assist\u00e9 en instance de brevet<\/span><\/span><\/li>\n<li>Appui-t\u00eate rembourr\u00e9 et coussin r\u00e9glable sur le si\u00e8ge<\/li>\n<li>Coussin de si\u00e8ge avec int\u00e9rieur \u00e0 cellules ferm\u00e9es, non absorbant<\/li>\n<li>Grandes portes des deux c\u00f4t\u00e9s<\/li>\n<li>Espace accru pour le torse et pour les jambes<\/li>\n<li><span style=\"vertical-align: inherit;\"><span style=\"vertical-align: inherit;\">Grand \u00e9cran facial avec maillage<\/span><\/span><\/li>\n<li>Trous pour installer des drapeaux<\/li>\n<li><span style=\"vertical-align: inherit;\"><span style=\"vertical-align: inherit;\">Cartouchi\u00e8re et pochette int\u00e9rieures <\/span><\/span><\/li>\n<li>Fermeture \u00e9clair au niveau des pieds pour le nettoyage<\/li>\n<li><span style=\"vertical-align: inherit;\"><span style=\"vertical-align: inherit;\">Sangles \u00e0 v\u00e9g\u00e9tation cousues<\/span><\/span><\/li>\n<li><span style=\"vertical-align: inherit;\"><span style=\"vertical-align: inherit;\">Base \u00e9tanche<\/span><\/span><\/li>\n<li><span style=\"vertical-align: inherit;\"><span style=\"vertical-align: inherit;\">Install\u00e9\u00a0: 234 x 102 x 51 cm<\/span><\/span><\/li>\n<li><span style=\"vertical-align: inherit;\"><span style=\"vertical-align: inherit;\">Pli\u00e9\u00a0: 147 x 102 x 18 cm<\/span><\/span><\/li>\n<li><span style=\"vertical-align: inherit;\"><span style=\"vertical-align: inherit;\">Poids\u00a0: 12 kg.<\/span><\/span><\/li>\n<\/ul>\n<div class=\"video video-fit mb\" style=\"padding-top:56.25%;\"><p><iframe src=\"https:\/\/player.vimeo.com\/video\/201710604\" width=\"1020\" height=\"574\" frameborder=\"0\" title=\"Beavertail Gunner Blind\" webkitallowfullscreen mozallowfullscreen allowfullscreen><\/iframe><\/p>\n<\/div>\n","protected":false},"excerpt":{"rendered":"<p>The Big Gunner from Beavertail is the next development in blinds. With a new ergonomically contoured backrest, your head and neck are supported for hours of comfort in the field.<\/p>\n","protected":false},"featured_media":29410,"template":"","meta":[],"product_brand":[8133],"product_cat":[8161],"product_tag":[9446],"yoast_head":"<!-- This site is optimized with the Yoast SEO plugin v24.3 - https:\/\/yoast.com\/wordpress\/plugins\/seo\/ -->\n<title>Beavertail Big Gunner Layout Blind | Lucky Hunter<\/title>\n<meta name=\"description\" content=\"Ergonomic, supportive and hidden. Make sure you have the Beavertail Big Gunner Layout Blind for your next hunt for the newest innovations in comfort.\" \/>\n<meta name=\"robots\" content=\"noindex, follow, max-snippet:-1, max-image-preview:large, max-video-preview:-1\" \/>\n<meta property=\"og:locale\" content=\"fr_FR\" \/>\n<meta property=\"og:type\" content=\"article\" \/>\n<meta property=\"og:title\" content=\"Beavertail Big Gunner Layout Blind | Lucky Hunter\" \/>\n<meta property=\"og:description\" content=\"Ergonomic, supportive and hidden. Make sure you have the Beavertail Big Gunner Layout Blind for your next hunt for the newest innovations in comfort.\" \/>\n<meta property=\"og:url\" content=\"https:\/\/staging.lucky-hunter.com\/fr\/product\/beavertail-big-gunner-layout-blind\/\" \/>\n<meta property=\"og:site_name\" content=\"Lucky-Hunter\" \/>\n<meta property=\"article:modified_time\" content=\"2022-11-16T09:44:19+00:00\" \/>\n<meta property=\"og:image\" content=\"https:\/\/staging.lucky-hunter.com\/wp-content\/uploads\/2017\/06\/LS-250-1.png\" \/>\n\t<meta property=\"og:image:width\" content=\"1000\" \/>\n\t<meta property=\"og:image:height\" content=\"1000\" \/>\n\t<meta property=\"og:image:type\" content=\"image\/png\" \/>\n<meta name=\"twitter:card\" content=\"summary_large_image\" \/>\n<meta name=\"twitter:title\" content=\"Beavertail Big Gunner Layout Blind | Lucky Hunter\" \/>\n<meta name=\"twitter:description\" content=\"Ergonomic, supportive and hidden. Make sure you have the Beavertail Big Gunner Layout Blind for your next hunt for the newest innovations in comfort.\" \/>\n<meta name=\"twitter:label1\" content=\"Dur\u00e9e de lecture estim\u00e9e\" \/>\n\t<meta name=\"twitter:data1\" content=\"1 minute\" \/>\n<script type=\"application\/ld+json\" class=\"yoast-schema-graph\">{\"@context\":\"https:\/\/schema.org\",\"@graph\":[{\"@type\":\"WebPage\",\"@id\":\"https:\/\/staging.lucky-hunter.com\/fr\/product\/beavertail-big-gunner-layout-blind\/\",\"url\":\"https:\/\/staging.lucky-hunter.com\/fr\/product\/beavertail-big-gunner-layout-blind\/\",\"name\":\"Beavertail Big Gunner Layout Blind | Lucky Hunter\",\"isPartOf\":{\"@id\":\"https:\/\/staging.lucky-hunter.com\/#website\"},\"primaryImageOfPage\":{\"@id\":\"https:\/\/staging.lucky-hunter.com\/fr\/product\/beavertail-big-gunner-layout-blind\/#primaryimage\"},\"image\":{\"@id\":\"https:\/\/staging.lucky-hunter.com\/fr\/product\/beavertail-big-gunner-layout-blind\/#primaryimage\"},\"thumbnailUrl\":\"https:\/\/staging.lucky-hunter.com\/wp-content\/uploads\/2017\/06\/LS-250-1.png\",\"datePublished\":\"2017-06-21T07:58:46+00:00\",\"dateModified\":\"2022-11-16T09:44:19+00:00\",\"description\":\"Ergonomic, supportive and hidden. Make sure you have the Beavertail Big Gunner Layout Blind for your next hunt for the newest innovations in comfort.\",\"breadcrumb\":{\"@id\":\"https:\/\/staging.lucky-hunter.com\/fr\/product\/beavertail-big-gunner-layout-blind\/#breadcrumb\"},\"inLanguage\":\"fr-FR\",\"potentialAction\":[{\"@type\":\"ReadAction\",\"target\":[\"https:\/\/staging.lucky-hunter.com\/fr\/product\/beavertail-big-gunner-layout-blind\/\"]}]},{\"@type\":\"ImageObject\",\"inLanguage\":\"fr-FR\",\"@id\":\"https:\/\/staging.lucky-hunter.com\/fr\/product\/beavertail-big-gunner-layout-blind\/#primaryimage\",\"url\":\"https:\/\/staging.lucky-hunter.com\/wp-content\/uploads\/2017\/06\/LS-250-1.png\",\"contentUrl\":\"https:\/\/staging.lucky-hunter.com\/wp-content\/uploads\/2017\/06\/LS-250-1.png\",\"width\":1000,\"height\":1000},{\"@type\":\"BreadcrumbList\",\"@id\":\"https:\/\/staging.lucky-hunter.com\/fr\/product\/beavertail-big-gunner-layout-blind\/#breadcrumb\",\"itemListElement\":[{\"@type\":\"ListItem\",\"position\":1,\"name\":\"Home\",\"item\":\"https:\/\/staging.lucky-hunter.com\/fr\/\"},{\"@type\":\"ListItem\",\"position\":2,\"name\":\"Boutique\",\"item\":\"https:\/\/staging.lucky-hunter.com\/fr\/shop\/\"},{\"@type\":\"ListItem\",\"position\":3,\"name\":\"Aff\u00fbt Couch\u00e9 Beavertail Big Gunner\"}]},{\"@type\":\"WebSite\",\"@id\":\"https:\/\/staging.lucky-hunter.com\/#website\",\"url\":\"https:\/\/staging.lucky-hunter.com\/\",\"name\":\"Lucky-Hunter\",\"description\":\"Gear Up or Give Up\",\"potentialAction\":[{\"@type\":\"SearchAction\",\"target\":{\"@type\":\"EntryPoint\",\"urlTemplate\":\"https:\/\/staging.lucky-hunter.com\/?s={search_term_string}\"},\"query-input\":{\"@type\":\"PropertyValueSpecification\",\"valueRequired\":true,\"valueName\":\"search_term_string\"}}],\"inLanguage\":\"fr-FR\"}]}<\/script>\n<!-- \/ Yoast SEO plugin. -->","yoast_head_json":{"title":"Beavertail Big Gunner Layout Blind | Lucky Hunter","description":"Ergonomic, supportive and hidden. Make sure you have the Beavertail Big Gunner Layout Blind for your next hunt for the newest innovations in comfort.","robots":{"index":"noindex","follow":"follow","max-snippet":"max-snippet:-1","max-image-preview":"max-image-preview:large","max-video-preview":"max-video-preview:-1"},"og_locale":"fr_FR","og_type":"article","og_title":"Beavertail Big Gunner Layout Blind | Lucky Hunter","og_description":"Ergonomic, supportive and hidden. Make sure you have the Beavertail Big Gunner Layout Blind for your next hunt for the newest innovations in comfort.","og_url":"https:\/\/staging.lucky-hunter.com\/fr\/product\/beavertail-big-gunner-layout-blind\/","og_site_name":"Lucky-Hunter","article_modified_time":"2022-11-16T09:44:19+00:00","og_image":[{"width":1000,"height":1000,"url":"https:\/\/staging.lucky-hunter.com\/wp-content\/uploads\/2017\/06\/LS-250-1.png","type":"image\/png"}],"twitter_card":"summary_large_image","twitter_title":"Beavertail Big Gunner Layout Blind | Lucky Hunter","twitter_description":"Ergonomic, supportive and hidden. Make sure you have the Beavertail Big Gunner Layout Blind for your next hunt for the newest innovations in comfort.","twitter_misc":{"Dur\u00e9e de lecture estim\u00e9e":"1 minute"},"schema":{"@context":"https:\/\/schema.org","@graph":[{"@type":"WebPage","@id":"https:\/\/staging.lucky-hunter.com\/fr\/product\/beavertail-big-gunner-layout-blind\/","url":"https:\/\/staging.lucky-hunter.com\/fr\/product\/beavertail-big-gunner-layout-blind\/","name":"Beavertail Big Gunner Layout Blind | Lucky Hunter","isPartOf":{"@id":"https:\/\/staging.lucky-hunter.com\/#website"},"primaryImageOfPage":{"@id":"https:\/\/staging.lucky-hunter.com\/fr\/product\/beavertail-big-gunner-layout-blind\/#primaryimage"},"image":{"@id":"https:\/\/staging.lucky-hunter.com\/fr\/product\/beavertail-big-gunner-layout-blind\/#primaryimage"},"thumbnailUrl":"https:\/\/staging.lucky-hunter.com\/wp-content\/uploads\/2017\/06\/LS-250-1.png","datePublished":"2017-06-21T07:58:46+00:00","dateModified":"2022-11-16T09:44:19+00:00","description":"Ergonomic, supportive and hidden. Make sure you have the Beavertail Big Gunner Layout Blind for your next hunt for the newest innovations in comfort.","breadcrumb":{"@id":"https:\/\/staging.lucky-hunter.com\/fr\/product\/beavertail-big-gunner-layout-blind\/#breadcrumb"},"inLanguage":"fr-FR","potentialAction":[{"@type":"ReadAction","target":["https:\/\/staging.lucky-hunter.com\/fr\/product\/beavertail-big-gunner-layout-blind\/"]}]},{"@type":"ImageObject","inLanguage":"fr-FR","@id":"https:\/\/staging.lucky-hunter.com\/fr\/product\/beavertail-big-gunner-layout-blind\/#primaryimage","url":"https:\/\/staging.lucky-hunter.com\/wp-content\/uploads\/2017\/06\/LS-250-1.png","contentUrl":"https:\/\/staging.lucky-hunter.com\/wp-content\/uploads\/2017\/06\/LS-250-1.png","width":1000,"height":1000},{"@type":"BreadcrumbList","@id":"https:\/\/staging.lucky-hunter.com\/fr\/product\/beavertail-big-gunner-layout-blind\/#breadcrumb","itemListElement":[{"@type":"ListItem","position":1,"name":"Home","item":"https:\/\/staging.lucky-hunter.com\/fr\/"},{"@type":"ListItem","position":2,"name":"Boutique","item":"https:\/\/staging.lucky-hunter.com\/fr\/shop\/"},{"@type":"ListItem","position":3,"name":"Aff\u00fbt Couch\u00e9 Beavertail Big Gunner"}]},{"@type":"WebSite","@id":"https:\/\/staging.lucky-hunter.com\/#website","url":"https:\/\/staging.lucky-hunter.com\/","name":"Lucky-Hunter","description":"Gear Up or Give Up","potentialAction":[{"@type":"SearchAction","target":{"@type":"EntryPoint","urlTemplate":"https:\/\/staging.lucky-hunter.com\/?s={search_term_string}"},"query-input":{"@type":"PropertyValueSpecification","valueRequired":true,"valueName":"search_term_string"}}],"inLanguage":"fr-FR"}]}},"_links":{"self":[{"href":"https:\/\/staging.lucky-hunter.com\/fr\/wp-json\/wp\/v2\/product\/31174"}],"collection":[{"href":"https:\/\/staging.lucky-hunter.com\/fr\/wp-json\/wp\/v2\/product"}],"about":[{"href":"https:\/\/staging.lucky-hunter.com\/fr\/wp-json\/wp\/v2\/types\/product"}],"wp:featuredmedia":[{"embeddable":true,"href":"https:\/\/staging.lucky-hunter.com\/fr\/wp-json\/wp\/v2\/media\/29410"}],"wp:attachment":[{"href":"https:\/\/staging.lucky-hunter.com\/fr\/wp-json\/wp\/v2\/media?parent=31174"}],"wp:term":[{"taxonomy":"product_brand","embeddable":true,"href":"https:\/\/staging.lucky-hunter.com\/fr\/wp-json\/wp\/v2\/product_brand?post=31174"},{"taxonomy":"product_cat","embeddable":true,"href":"https:\/\/staging.lucky-hunter.com\/fr\/wp-json\/wp\/v2\/product_cat?post=31174"},{"taxonomy":"product_tag","embeddable":true,"href":"https:\/\/staging.lucky-hunter.com\/fr\/wp-json\/wp\/v2\/product_tag?post=31174"}],"curies":[{"name":"wp","href":"https:\/\/api.w.org\/{rel}","templated":true}]}}