{"id":31173,"date":"2017-06-21T09:38:27","date_gmt":"2017-06-21T07:38:27","guid":{"rendered":"https:\/\/staging.lucky-hunter.com\/product\/beavertail-final-attack-boat-2\/"},"modified":"2024-07-04T04:30:29","modified_gmt":"2024-07-04T02:30:29","slug":"beavertail-final-attack-boat","status":"publish","type":"product","link":"https:\/\/staging.lucky-hunter.com\/fr\/product\/beavertail-final-attack-boat\/","title":{"rendered":"Bateau \/ Aff\u00fbt Final Attack"},"content":{"rendered":"<div class=\"video video-fit mb\" style=\"padding-top:56.25%;\"><p><iframe src=\"https:\/\/player.vimeo.com\/video\/201693421\" width=\"1020\" height=\"574\" frameborder=\"0\" title=\"Beavertail Final Attack Boat\" webkitallowfullscreen mozallowfullscreen allowfullscreen><\/iframe><\/p>\n<\/div>\nDot\u00e9 d\u2019un profil surbaiss\u00e9, le bateau se fond dans la v\u00e9g\u00e9tation tr\u00e8s courte et dispose de suffisamment d&#8217;espace pour vous et pour votre \u00e9quipement.<\/p>\n<p>Le tableau arri\u00e8re int\u00e9gr\u00e9 permet d\u2019ajouter facilement un moteur \u00e9lectrique pour atteindre votre destination sans effort.<\/p>\n<p>Gr\u00e2ce \u00e0 ses roues \u00e0 profil bas, le Final Attack est \u00e9galement facile \u00e0 d\u00e9placer sur terrain sec et constitue un excellent aff\u00fbt, enterr\u00e9 ou portable, pour les zones boueuses ou inond\u00e9es.<\/p>\n<p><strong>Dimensions\u00a0:<\/strong><br \/>\nEnsemble\u00a0:\u00a0244 cm x 112 cm x 35,5 cm.<br \/>\nHabitacle\u00a0: 122 cm x 66\u00a0cm x 33 cm.<br \/>\nPoids\u00a0: <strong>38 kg<\/strong><\/p>\n<p>Couleur\u00a0:\u00a0Gris clair (couleur sp\u00e9ciale pour l\u2019Europe)<\/p>\n<p><strong>Caract\u00e9ristiques\u00a0:<\/strong><\/p>\n<ul>\n<li>100\u00a0% poly\u00e9thyl\u00e8ne rotomoul\u00e9 \u00e9pais et robuste<\/li>\n<li>Structure int\u00e9rieure remplie de mousse<\/li>\n<li>Design au profil surbaiss\u00e9<\/li>\n<li>Tableau arri\u00e8re moul\u00e9 pour propulseur \u00e9lectrique<\/li>\n<li>Roues int\u00e9gr\u00e9es pour un transport facile<\/li>\n<li>Trous moul\u00e9s pour piquets d\u2019amarrage &#8211; avant et arri\u00e8re<\/li>\n<li>Trous moul\u00e9s pour c\u00e2ble de remorquage<\/li>\n<li>Polyvalence multifonction &#8211; Utilisation comme bateau ou comme aff\u00fbt<\/li>\n<\/ul>\n<p>\u00a0<\/p>\n","protected":false},"excerpt":{"rendered":"<p>Le Beavertail Final Attack Boat \/ Pit Blind est sans doute le bateau\/aff\u00fbt multi-fonctions le plus polyvalent que vous poss\u00e9derez jamais ! Avec son profil ultra-bas, ce bateau se fond dans une v\u00e9g\u00e9tation extr\u00eamement basse et offre amplement de place pour vous et votre \u00e9quipement.<\/p>\n","protected":false},"featured_media":29619,"template":"","meta":[],"product_brand":[8133],"product_cat":[8171],"product_tag":[],"yoast_head":"<!-- This site is optimized with the Yoast SEO plugin v24.3 - https:\/\/yoast.com\/wordpress\/plugins\/seo\/ -->\n<title>Beavertail Final Attack Boat \/ Pit Blind - Now in Europe | Lucky Hunter<\/title>\n<meta name=\"description\" content=\"Low profile hunting. Beavertail Final Attack Boat is the perfect companion for you out on the water. Rugged and perfect for water and muddy fields.\" \/>\n<meta name=\"robots\" content=\"noindex, follow, max-snippet:-1, max-image-preview:large, max-video-preview:-1\" \/>\n<meta property=\"og:locale\" content=\"fr_FR\" \/>\n<meta property=\"og:type\" content=\"article\" \/>\n<meta property=\"og:title\" content=\"Now in Europe - Beavertail Final Attack Boat \/ Pit Blind | Lucky Hunter\" \/>\n<meta property=\"og:description\" content=\"Low profile hunting. Beavertail Final Attack Boat is the perfect companion for you out on the water. Rugged and perfect for water and muddy fields.\" \/>\n<meta property=\"og:url\" content=\"https:\/\/staging.lucky-hunter.com\/product\/beavertail-final-attack-boat\/\" \/>\n<meta property=\"og:site_name\" content=\"Lucky-Hunter\" \/>\n<meta property=\"article:modified_time\" content=\"2024-07-04T02:30:29+00:00\" \/>\n<meta property=\"og:image\" content=\"https:\/\/staging.lucky-hunter.com\/wp-content\/uploads\/2017\/06\/beavertail.png\" \/>\n\t<meta property=\"og:image:width\" content=\"1000\" \/>\n\t<meta property=\"og:image:height\" content=\"1000\" \/>\n\t<meta property=\"og:image:type\" content=\"image\/png\" \/>\n<meta name=\"twitter:card\" content=\"summary_large_image\" \/>\n<meta name=\"twitter:title\" content=\"Now in Europe - Beavertail Final Attack Boat \/ Pit Blind | Lucky Hunter\" \/>\n<meta name=\"twitter:description\" content=\"Low profile hunting. Beavertail Final Attack Boat is the perfect companion for you out on the water. Rugged and perfect for water and muddy fields.\" \/>\n<meta name=\"twitter:label1\" content=\"Dur\u00e9e de lecture estim\u00e9e\" \/>\n\t<meta name=\"twitter:data1\" content=\"1 minute\" \/>\n<script type=\"application\/ld+json\" class=\"yoast-schema-graph\">{\"@context\":\"https:\/\/schema.org\",\"@graph\":[{\"@type\":\"WebPage\",\"@id\":\"https:\/\/staging.lucky-hunter.com\/product\/beavertail-final-attack-boat\/\",\"url\":\"https:\/\/staging.lucky-hunter.com\/product\/beavertail-final-attack-boat\/\",\"name\":\"Beavertail Final Attack Boat \/ Pit Blind - Now in Europe | Lucky Hunter\",\"isPartOf\":{\"@id\":\"https:\/\/staging.lucky-hunter.com\/#website\"},\"primaryImageOfPage\":{\"@id\":\"https:\/\/staging.lucky-hunter.com\/product\/beavertail-final-attack-boat\/#primaryimage\"},\"image\":{\"@id\":\"https:\/\/staging.lucky-hunter.com\/product\/beavertail-final-attack-boat\/#primaryimage\"},\"thumbnailUrl\":\"https:\/\/staging.lucky-hunter.com\/wp-content\/uploads\/2017\/06\/beavertail.png\",\"datePublished\":\"2017-06-21T07:38:27+00:00\",\"dateModified\":\"2024-07-04T02:30:29+00:00\",\"description\":\"Low profile hunting. Beavertail Final Attack Boat is the perfect companion for you out on the water. Rugged and perfect for water and muddy fields.\",\"breadcrumb\":{\"@id\":\"https:\/\/staging.lucky-hunter.com\/product\/beavertail-final-attack-boat\/#breadcrumb\"},\"inLanguage\":\"fr-FR\",\"potentialAction\":[{\"@type\":\"ReadAction\",\"target\":[\"https:\/\/staging.lucky-hunter.com\/product\/beavertail-final-attack-boat\/\"]}]},{\"@type\":\"ImageObject\",\"inLanguage\":\"fr-FR\",\"@id\":\"https:\/\/staging.lucky-hunter.com\/product\/beavertail-final-attack-boat\/#primaryimage\",\"url\":\"https:\/\/staging.lucky-hunter.com\/wp-content\/uploads\/2017\/06\/beavertail.png\",\"contentUrl\":\"https:\/\/staging.lucky-hunter.com\/wp-content\/uploads\/2017\/06\/beavertail.png\",\"width\":1000,\"height\":1000},{\"@type\":\"BreadcrumbList\",\"@id\":\"https:\/\/staging.lucky-hunter.com\/product\/beavertail-final-attack-boat\/#breadcrumb\",\"itemListElement\":[{\"@type\":\"ListItem\",\"position\":1,\"name\":\"Home\",\"item\":\"https:\/\/staging.lucky-hunter.com\/fr\/\"},{\"@type\":\"ListItem\",\"position\":2,\"name\":\"Boutique\",\"item\":\"https:\/\/staging.lucky-hunter.com\/fr\/shop\/\"},{\"@type\":\"ListItem\",\"position\":3,\"name\":\"Bateau \/ Aff\u00fbt Final Attack\"}]},{\"@type\":\"WebSite\",\"@id\":\"https:\/\/staging.lucky-hunter.com\/#website\",\"url\":\"https:\/\/staging.lucky-hunter.com\/\",\"name\":\"Lucky-Hunter\",\"description\":\"Gear Up or Give Up\",\"potentialAction\":[{\"@type\":\"SearchAction\",\"target\":{\"@type\":\"EntryPoint\",\"urlTemplate\":\"https:\/\/staging.lucky-hunter.com\/?s={search_term_string}\"},\"query-input\":{\"@type\":\"PropertyValueSpecification\",\"valueRequired\":true,\"valueName\":\"search_term_string\"}}],\"inLanguage\":\"fr-FR\"}]}<\/script>\n<!-- \/ Yoast SEO plugin. -->","yoast_head_json":{"title":"Beavertail Final Attack Boat \/ Pit Blind - Now in Europe | Lucky Hunter","description":"Low profile hunting. Beavertail Final Attack Boat is the perfect companion for you out on the water. Rugged and perfect for water and muddy fields.","robots":{"index":"noindex","follow":"follow","max-snippet":"max-snippet:-1","max-image-preview":"max-image-preview:large","max-video-preview":"max-video-preview:-1"},"og_locale":"fr_FR","og_type":"article","og_title":"Now in Europe - Beavertail Final Attack Boat \/ Pit Blind | Lucky Hunter","og_description":"Low profile hunting. Beavertail Final Attack Boat is the perfect companion for you out on the water. Rugged and perfect for water and muddy fields.","og_url":"https:\/\/staging.lucky-hunter.com\/product\/beavertail-final-attack-boat\/","og_site_name":"Lucky-Hunter","article_modified_time":"2024-07-04T02:30:29+00:00","og_image":[{"width":1000,"height":1000,"url":"https:\/\/staging.lucky-hunter.com\/wp-content\/uploads\/2017\/06\/beavertail.png","type":"image\/png"}],"twitter_card":"summary_large_image","twitter_title":"Now in Europe - Beavertail Final Attack Boat \/ Pit Blind | Lucky Hunter","twitter_description":"Low profile hunting. Beavertail Final Attack Boat is the perfect companion for you out on the water. Rugged and perfect for water and muddy fields.","twitter_misc":{"Dur\u00e9e de lecture estim\u00e9e":"1 minute"},"schema":{"@context":"https:\/\/schema.org","@graph":[{"@type":"WebPage","@id":"https:\/\/staging.lucky-hunter.com\/product\/beavertail-final-attack-boat\/","url":"https:\/\/staging.lucky-hunter.com\/product\/beavertail-final-attack-boat\/","name":"Beavertail Final Attack Boat \/ Pit Blind - Now in Europe | Lucky Hunter","isPartOf":{"@id":"https:\/\/staging.lucky-hunter.com\/#website"},"primaryImageOfPage":{"@id":"https:\/\/staging.lucky-hunter.com\/product\/beavertail-final-attack-boat\/#primaryimage"},"image":{"@id":"https:\/\/staging.lucky-hunter.com\/product\/beavertail-final-attack-boat\/#primaryimage"},"thumbnailUrl":"https:\/\/staging.lucky-hunter.com\/wp-content\/uploads\/2017\/06\/beavertail.png","datePublished":"2017-06-21T07:38:27+00:00","dateModified":"2024-07-04T02:30:29+00:00","description":"Low profile hunting. Beavertail Final Attack Boat is the perfect companion for you out on the water. Rugged and perfect for water and muddy fields.","breadcrumb":{"@id":"https:\/\/staging.lucky-hunter.com\/product\/beavertail-final-attack-boat\/#breadcrumb"},"inLanguage":"fr-FR","potentialAction":[{"@type":"ReadAction","target":["https:\/\/staging.lucky-hunter.com\/product\/beavertail-final-attack-boat\/"]}]},{"@type":"ImageObject","inLanguage":"fr-FR","@id":"https:\/\/staging.lucky-hunter.com\/product\/beavertail-final-attack-boat\/#primaryimage","url":"https:\/\/staging.lucky-hunter.com\/wp-content\/uploads\/2017\/06\/beavertail.png","contentUrl":"https:\/\/staging.lucky-hunter.com\/wp-content\/uploads\/2017\/06\/beavertail.png","width":1000,"height":1000},{"@type":"BreadcrumbList","@id":"https:\/\/staging.lucky-hunter.com\/product\/beavertail-final-attack-boat\/#breadcrumb","itemListElement":[{"@type":"ListItem","position":1,"name":"Home","item":"https:\/\/staging.lucky-hunter.com\/fr\/"},{"@type":"ListItem","position":2,"name":"Boutique","item":"https:\/\/staging.lucky-hunter.com\/fr\/shop\/"},{"@type":"ListItem","position":3,"name":"Bateau \/ Aff\u00fbt Final Attack"}]},{"@type":"WebSite","@id":"https:\/\/staging.lucky-hunter.com\/#website","url":"https:\/\/staging.lucky-hunter.com\/","name":"Lucky-Hunter","description":"Gear Up or Give Up","potentialAction":[{"@type":"SearchAction","target":{"@type":"EntryPoint","urlTemplate":"https:\/\/staging.lucky-hunter.com\/?s={search_term_string}"},"query-input":{"@type":"PropertyValueSpecification","valueRequired":true,"valueName":"search_term_string"}}],"inLanguage":"fr-FR"}]}},"_links":{"self":[{"href":"https:\/\/staging.lucky-hunter.com\/fr\/wp-json\/wp\/v2\/product\/31173"}],"collection":[{"href":"https:\/\/staging.lucky-hunter.com\/fr\/wp-json\/wp\/v2\/product"}],"about":[{"href":"https:\/\/staging.lucky-hunter.com\/fr\/wp-json\/wp\/v2\/types\/product"}],"wp:featuredmedia":[{"embeddable":true,"href":"https:\/\/staging.lucky-hunter.com\/fr\/wp-json\/wp\/v2\/media\/29619"}],"wp:attachment":[{"href":"https:\/\/staging.lucky-hunter.com\/fr\/wp-json\/wp\/v2\/media?parent=31173"}],"wp:term":[{"taxonomy":"product_brand","embeddable":true,"href":"https:\/\/staging.lucky-hunter.com\/fr\/wp-json\/wp\/v2\/product_brand?post=31173"},{"taxonomy":"product_cat","embeddable":true,"href":"https:\/\/staging.lucky-hunter.com\/fr\/wp-json\/wp\/v2\/product_cat?post=31173"},{"taxonomy":"product_tag","embeddable":true,"href":"https:\/\/staging.lucky-hunter.com\/fr\/wp-json\/wp\/v2\/product_tag?post=31173"}],"curies":[{"name":"wp","href":"https:\/\/api.w.org\/{rel}","templated":true}]}}