{"id":31152,"date":"2018-11-22T16:41:42","date_gmt":"2018-11-22T15:41:42","guid":{"rendered":"https:\/\/staging.lucky-hunter.com\/product\/head-greylag-windsocks-2\/"},"modified":"2022-11-25T00:13:23","modified_gmt":"2022-11-24T23:13:23","slug":"head-greylag-windsocks","status":"publish","type":"product","link":"https:\/\/staging.lucky-hunter.com\/fr\/product\/head-greylag-windsocks\/","title":{"rendered":"Fixation de t\u00eate de manche \u00e0 air oie cendr\u00e9e"},"content":{"rendered":"<p><iframe title=\"Greylag Windsock Decoys | Moving decoys for goose hunting\" width=\"1020\" height=\"574\" src=\"https:\/\/www.youtube.com\/embed\/8hhAtSeKDao?wmode=transparent&amp;rel=0&amp;feature=oembed&#038;enablejsapi=1&#038;origin=https:\/\/staging.lucky-hunter.com\" frameborder=\"0\" allow=\"accelerometer; autoplay; clipboard-write; encrypted-media; gyroscope; picture-in-picture\" allowfullscreen><\/iframe><\/p>\n<h2><strong>Fixation de t\u00eate de manche \u00e0 air oie cendr\u00e9e &#8211; ajoutez plus de r\u00e9alisme \u00e0 vos manches \u00e0 air<\/strong><\/h2>\n<p>Nos manches \u00e0 air peuvent \u00eatre utilis\u00e9es avec ou sans fixation de t\u00eate. Cela ajoute plus de r\u00e9alisme \u00e0 votre d\u00e9ploiement, en offrant une forme plus traditionnelle. Les oiseaux sont susceptibles de reconna\u00eetre la forme de la t\u00eate et d&#8217;\u00eatre attir\u00e9s par elle.<\/p>\n<p>Cette t\u00eate d\u2019oie cendr\u00e9e peut \u00eatre utilis\u00e9e dans une vari\u00e9t\u00e9 de positions et facilement mont\u00e9e sur votre leurre manche \u00e0 air.<\/p>\n<p>Fabriqu\u00e9 en mati\u00e8re plastique r\u00e9sistante aux intemp\u00e9ries avec une surface mate qui emp\u00eache l&#8217;\u00e9blouissement. Il est extr\u00eamement important que les leurres n&#8217;attirent pas l&#8217;\u00e9blouissement des rayons UV. Les oiseaux arrivant peuvent voir les UV.<\/p>\n<p>Vendus \u00e0 l\u2019unit\u00e9.<\/p>\n","protected":false},"excerpt":{"rendered":"<p>Our\u00a0windsocks can be used with or without head. This greylag\u00a0head can be varied in the main position and easily mounted on your Windsock goose decoy. Made of weatherproof plastic material with a matte surface that prevents glare.<\/p>\n","protected":false},"featured_media":28929,"template":"","meta":[],"product_brand":[8121],"product_cat":[8175],"product_tag":[],"yoast_head":"<!-- This site is optimized with the Yoast SEO plugin v24.3 - https:\/\/yoast.com\/wordpress\/plugins\/seo\/ -->\n<title>Greylag Windsock Head Attachment | Lucky Hunter<\/title>\n<meta name=\"description\" content=\"This Greylag Windsock Head Attachment adds an optional head shape to your windsocks. Created to prevent glare from weatherproof plastic.\" \/>\n<meta name=\"robots\" content=\"noindex, follow, max-snippet:-1, max-image-preview:large, max-video-preview:-1\" \/>\n<meta property=\"og:locale\" content=\"fr_FR\" \/>\n<meta property=\"og:type\" content=\"article\" \/>\n<meta property=\"og:title\" content=\"Greylag Windsock Head Attachment | Lucky Hunter\" \/>\n<meta property=\"og:description\" content=\"This Greylag Windsock Head Attachment adds an optional head shape to your windsocks. Created to prevent glare from weatherproof plastic.\" \/>\n<meta property=\"og:url\" content=\"https:\/\/staging.lucky-hunter.com\/product\/head-greylag-windsocks\/\" \/>\n<meta property=\"og:site_name\" content=\"Lucky-Hunter\" \/>\n<meta property=\"article:modified_time\" content=\"2022-11-24T23:13:23+00:00\" \/>\n<meta property=\"og:image\" content=\"https:\/\/staging.lucky-hunter.com\/wp-content\/uploads\/2017\/06\/LF-171.png\" \/>\n\t<meta property=\"og:image:width\" content=\"1000\" \/>\n\t<meta property=\"og:image:height\" content=\"1000\" \/>\n\t<meta property=\"og:image:type\" content=\"image\/png\" \/>\n<meta name=\"twitter:card\" content=\"summary_large_image\" \/>\n<meta name=\"twitter:title\" content=\"Greylag Windsock Head Attachment | Lucky Hunter\" \/>\n<meta name=\"twitter:description\" content=\"This Greylag Windsock Head Attachment adds an optional head shape to your windsocks. Created to prevent glare from weatherproof plastic.\" \/>\n<meta name=\"twitter:label1\" content=\"Dur\u00e9e de lecture estim\u00e9e\" \/>\n\t<meta name=\"twitter:data1\" content=\"1 minute\" \/>\n<script type=\"application\/ld+json\" class=\"yoast-schema-graph\">{\"@context\":\"https:\/\/schema.org\",\"@graph\":[{\"@type\":\"WebPage\",\"@id\":\"https:\/\/staging.lucky-hunter.com\/product\/head-greylag-windsocks\/\",\"url\":\"https:\/\/staging.lucky-hunter.com\/product\/head-greylag-windsocks\/\",\"name\":\"Greylag Windsock Head Attachment | Lucky Hunter\",\"isPartOf\":{\"@id\":\"https:\/\/staging.lucky-hunter.com\/#website\"},\"primaryImageOfPage\":{\"@id\":\"https:\/\/staging.lucky-hunter.com\/product\/head-greylag-windsocks\/#primaryimage\"},\"image\":{\"@id\":\"https:\/\/staging.lucky-hunter.com\/product\/head-greylag-windsocks\/#primaryimage\"},\"thumbnailUrl\":\"https:\/\/staging.lucky-hunter.com\/wp-content\/uploads\/2017\/06\/LF-171.png\",\"datePublished\":\"2018-11-22T15:41:42+00:00\",\"dateModified\":\"2022-11-24T23:13:23+00:00\",\"description\":\"This Greylag Windsock Head Attachment adds an optional head shape to your windsocks. Created to prevent glare from weatherproof plastic.\",\"breadcrumb\":{\"@id\":\"https:\/\/staging.lucky-hunter.com\/product\/head-greylag-windsocks\/#breadcrumb\"},\"inLanguage\":\"fr-FR\",\"potentialAction\":[{\"@type\":\"ReadAction\",\"target\":[\"https:\/\/staging.lucky-hunter.com\/product\/head-greylag-windsocks\/\"]}]},{\"@type\":\"ImageObject\",\"inLanguage\":\"fr-FR\",\"@id\":\"https:\/\/staging.lucky-hunter.com\/product\/head-greylag-windsocks\/#primaryimage\",\"url\":\"https:\/\/staging.lucky-hunter.com\/wp-content\/uploads\/2017\/06\/LF-171.png\",\"contentUrl\":\"https:\/\/staging.lucky-hunter.com\/wp-content\/uploads\/2017\/06\/LF-171.png\",\"width\":1000,\"height\":1000},{\"@type\":\"BreadcrumbList\",\"@id\":\"https:\/\/staging.lucky-hunter.com\/product\/head-greylag-windsocks\/#breadcrumb\",\"itemListElement\":[{\"@type\":\"ListItem\",\"position\":1,\"name\":\"Home\",\"item\":\"https:\/\/staging.lucky-hunter.com\/fr\/\"},{\"@type\":\"ListItem\",\"position\":2,\"name\":\"Boutique\",\"item\":\"https:\/\/staging.lucky-hunter.com\/fr\/shop\/\"},{\"@type\":\"ListItem\",\"position\":3,\"name\":\"Fixation de t\u00eate de manche \u00e0 air oie cendr\u00e9e\"}]},{\"@type\":\"WebSite\",\"@id\":\"https:\/\/staging.lucky-hunter.com\/#website\",\"url\":\"https:\/\/staging.lucky-hunter.com\/\",\"name\":\"Lucky-Hunter\",\"description\":\"Gear Up or Give Up\",\"potentialAction\":[{\"@type\":\"SearchAction\",\"target\":{\"@type\":\"EntryPoint\",\"urlTemplate\":\"https:\/\/staging.lucky-hunter.com\/?s={search_term_string}\"},\"query-input\":{\"@type\":\"PropertyValueSpecification\",\"valueRequired\":true,\"valueName\":\"search_term_string\"}}],\"inLanguage\":\"fr-FR\"}]}<\/script>\n<!-- \/ Yoast SEO plugin. -->","yoast_head_json":{"title":"Greylag Windsock Head Attachment | Lucky Hunter","description":"This Greylag Windsock Head Attachment adds an optional head shape to your windsocks. Created to prevent glare from weatherproof plastic.","robots":{"index":"noindex","follow":"follow","max-snippet":"max-snippet:-1","max-image-preview":"max-image-preview:large","max-video-preview":"max-video-preview:-1"},"og_locale":"fr_FR","og_type":"article","og_title":"Greylag Windsock Head Attachment | Lucky Hunter","og_description":"This Greylag Windsock Head Attachment adds an optional head shape to your windsocks. Created to prevent glare from weatherproof plastic.","og_url":"https:\/\/staging.lucky-hunter.com\/product\/head-greylag-windsocks\/","og_site_name":"Lucky-Hunter","article_modified_time":"2022-11-24T23:13:23+00:00","og_image":[{"width":1000,"height":1000,"url":"https:\/\/staging.lucky-hunter.com\/wp-content\/uploads\/2017\/06\/LF-171.png","type":"image\/png"}],"twitter_card":"summary_large_image","twitter_title":"Greylag Windsock Head Attachment | Lucky Hunter","twitter_description":"This Greylag Windsock Head Attachment adds an optional head shape to your windsocks. Created to prevent glare from weatherproof plastic.","twitter_misc":{"Dur\u00e9e de lecture estim\u00e9e":"1 minute"},"schema":{"@context":"https:\/\/schema.org","@graph":[{"@type":"WebPage","@id":"https:\/\/staging.lucky-hunter.com\/product\/head-greylag-windsocks\/","url":"https:\/\/staging.lucky-hunter.com\/product\/head-greylag-windsocks\/","name":"Greylag Windsock Head Attachment | Lucky Hunter","isPartOf":{"@id":"https:\/\/staging.lucky-hunter.com\/#website"},"primaryImageOfPage":{"@id":"https:\/\/staging.lucky-hunter.com\/product\/head-greylag-windsocks\/#primaryimage"},"image":{"@id":"https:\/\/staging.lucky-hunter.com\/product\/head-greylag-windsocks\/#primaryimage"},"thumbnailUrl":"https:\/\/staging.lucky-hunter.com\/wp-content\/uploads\/2017\/06\/LF-171.png","datePublished":"2018-11-22T15:41:42+00:00","dateModified":"2022-11-24T23:13:23+00:00","description":"This Greylag Windsock Head Attachment adds an optional head shape to your windsocks. Created to prevent glare from weatherproof plastic.","breadcrumb":{"@id":"https:\/\/staging.lucky-hunter.com\/product\/head-greylag-windsocks\/#breadcrumb"},"inLanguage":"fr-FR","potentialAction":[{"@type":"ReadAction","target":["https:\/\/staging.lucky-hunter.com\/product\/head-greylag-windsocks\/"]}]},{"@type":"ImageObject","inLanguage":"fr-FR","@id":"https:\/\/staging.lucky-hunter.com\/product\/head-greylag-windsocks\/#primaryimage","url":"https:\/\/staging.lucky-hunter.com\/wp-content\/uploads\/2017\/06\/LF-171.png","contentUrl":"https:\/\/staging.lucky-hunter.com\/wp-content\/uploads\/2017\/06\/LF-171.png","width":1000,"height":1000},{"@type":"BreadcrumbList","@id":"https:\/\/staging.lucky-hunter.com\/product\/head-greylag-windsocks\/#breadcrumb","itemListElement":[{"@type":"ListItem","position":1,"name":"Home","item":"https:\/\/staging.lucky-hunter.com\/fr\/"},{"@type":"ListItem","position":2,"name":"Boutique","item":"https:\/\/staging.lucky-hunter.com\/fr\/shop\/"},{"@type":"ListItem","position":3,"name":"Fixation de t\u00eate de manche \u00e0 air oie cendr\u00e9e"}]},{"@type":"WebSite","@id":"https:\/\/staging.lucky-hunter.com\/#website","url":"https:\/\/staging.lucky-hunter.com\/","name":"Lucky-Hunter","description":"Gear Up or Give Up","potentialAction":[{"@type":"SearchAction","target":{"@type":"EntryPoint","urlTemplate":"https:\/\/staging.lucky-hunter.com\/?s={search_term_string}"},"query-input":{"@type":"PropertyValueSpecification","valueRequired":true,"valueName":"search_term_string"}}],"inLanguage":"fr-FR"}]}},"_links":{"self":[{"href":"https:\/\/staging.lucky-hunter.com\/fr\/wp-json\/wp\/v2\/product\/31152"}],"collection":[{"href":"https:\/\/staging.lucky-hunter.com\/fr\/wp-json\/wp\/v2\/product"}],"about":[{"href":"https:\/\/staging.lucky-hunter.com\/fr\/wp-json\/wp\/v2\/types\/product"}],"wp:featuredmedia":[{"embeddable":true,"href":"https:\/\/staging.lucky-hunter.com\/fr\/wp-json\/wp\/v2\/media\/28929"}],"wp:attachment":[{"href":"https:\/\/staging.lucky-hunter.com\/fr\/wp-json\/wp\/v2\/media?parent=31152"}],"wp:term":[{"taxonomy":"product_brand","embeddable":true,"href":"https:\/\/staging.lucky-hunter.com\/fr\/wp-json\/wp\/v2\/product_brand?post=31152"},{"taxonomy":"product_cat","embeddable":true,"href":"https:\/\/staging.lucky-hunter.com\/fr\/wp-json\/wp\/v2\/product_cat?post=31152"},{"taxonomy":"product_tag","embeddable":true,"href":"https:\/\/staging.lucky-hunter.com\/fr\/wp-json\/wp\/v2\/product_tag?post=31152"}],"curies":[{"name":"wp","href":"https:\/\/api.w.org\/{rel}","templated":true}]}}