{"id":31151,"date":"2017-11-23T12:56:57","date_gmt":"2017-11-23T11:56:57","guid":{"rendered":"https:\/\/staging.lucky-hunter.com\/product\/mick-lacy-greylag-call-2\/"},"modified":"2024-05-01T08:38:58","modified_gmt":"2024-05-01T06:38:58","slug":"mick-lacy-greylag-call","status":"publish","type":"product","link":"https:\/\/staging.lucky-hunter.com\/fr\/product\/mick-lacy-greylag-call\/","title":{"rendered":"Appeau \u00e0 oie cendr\u00e9e Mick Lacy"},"content":{"rendered":"<h2>Appeau \u00e0 oie cendr\u00e9e Mick Lacy<\/h2>\n<p>Un court appeau \u00e0 oie en roseau d\u00e9velopp\u00e9 par la marque am\u00e9ricaine Mick Lacy Calls.<\/p>\n<p>Cet appeau n\u00e9cessite un peu plus d&#8217;air que certains autres mod\u00e8les d&#8217;appeaux \u00e0 oie. Cependant, vous pouvez ainsi atteindre les notes tr\u00e8s hautes.<\/p>\n<p>Si vous ne ma\u00eetrisez pas la technique d&#8217;appel de contre-pression assez exigeante, alors c&#8217;est un appeau \u00e0 oie parfait pour vous qui souhaitez cr\u00e9er un v\u00e9ritable son d&#8217;oie.<\/p>\n<p>Les appeaux Mick Lacy sont connus pour \u00eatre extr\u00eamement faciles \u00e0 utiliser &#8211; et cet appeau est l&#8217;un des plus vendus.<\/p>\n<p>L&#8217;appeau est accord\u00e9 \u00e0 la main et test\u00e9 pour garantir le son correct, et vous pouvez reproduire le son d&#8217;une ou plusieurs oies.<\/p>\n<p>Vous pouvez l&#8217;utiliser dans des conditions s\u00e8ches et humides, vous pouvez donc l&#8217;utiliser par temps humide sans aucun probl\u00e8me.<\/p>\n<p>Fabriqu\u00e9 en acrylique durable, il ne pourrira pas et ne souffrira pas des environnements humides.<\/p>\n","protected":false},"excerpt":{"rendered":"<p>Si vous ne ma\u00eetrisez pas la technique d&#8217;appel \u00e0 contre-pression assez exigeante, alors c&#8217;est un appeau \u00e0 oie parfait pour vous qui souhaitez cr\u00e9er un v\u00e9ritable son d&#8217;oie.\u00a0Les appeaux Mick Lacy sont connus pour \u00eatre extr\u00eamement faciles \u00e0 utiliser, et cet appeau est l&#8217;un des plus vendus.<\/p>\n","protected":false},"featured_media":29639,"template":"","meta":[],"product_brand":[8131],"product_cat":[8168],"product_tag":[9446],"yoast_head":"<!-- This site is optimized with the Yoast SEO plugin v24.3 - https:\/\/yoast.com\/wordpress\/plugins\/seo\/ -->\n<title>Mick Lacy Greylag Call: Game Calls | Lucky Hunter<\/title>\n<meta name=\"description\" content=\"Perfect for greylag goose calls. The Mick Lacy Greylag Call is perfect for those who may not have mastered the more advanced goose calls.\" \/>\n<meta name=\"robots\" content=\"noindex, follow, max-snippet:-1, max-image-preview:large, max-video-preview:-1\" \/>\n<meta property=\"og:locale\" content=\"fr_FR\" \/>\n<meta property=\"og:type\" content=\"article\" \/>\n<meta property=\"og:title\" content=\"Mick Lacy Greylag Call: Game Calls | Lucky Hunter\" \/>\n<meta property=\"og:description\" content=\"Perfect for greylag goose calls. The Mick Lacy Greylag Call is perfect for those who may not have mastered the more advanced goose calls.\" \/>\n<meta property=\"og:url\" content=\"https:\/\/staging.lucky-hunter.com\/product\/mick-lacy-greylag-call\/\" \/>\n<meta property=\"og:site_name\" content=\"Lucky-Hunter\" \/>\n<meta property=\"article:modified_time\" content=\"2024-05-01T06:38:58+00:00\" \/>\n<meta property=\"og:image\" content=\"https:\/\/staging.lucky-hunter.com\/wp-content\/uploads\/2018\/01\/LK-101.png\" \/>\n\t<meta property=\"og:image:width\" content=\"1000\" \/>\n\t<meta property=\"og:image:height\" content=\"1000\" \/>\n\t<meta property=\"og:image:type\" content=\"image\/png\" \/>\n<meta name=\"twitter:card\" content=\"summary_large_image\" \/>\n<meta name=\"twitter:title\" content=\"Mick Lacy Greylag Call: Game Calls | Lucky Hunter\" \/>\n<meta name=\"twitter:description\" content=\"Perfect for greylag goose calls. The Mick Lacy Greylag Call is perfect for those who may not have mastered the more advanced goose calls.\" \/>\n<meta name=\"twitter:label1\" content=\"Dur\u00e9e de lecture estim\u00e9e\" \/>\n\t<meta name=\"twitter:data1\" content=\"1 minute\" \/>\n<script type=\"application\/ld+json\" class=\"yoast-schema-graph\">{\"@context\":\"https:\/\/schema.org\",\"@graph\":[{\"@type\":\"WebPage\",\"@id\":\"https:\/\/staging.lucky-hunter.com\/product\/mick-lacy-greylag-call\/\",\"url\":\"https:\/\/staging.lucky-hunter.com\/product\/mick-lacy-greylag-call\/\",\"name\":\"Mick Lacy Greylag Call: Game Calls | Lucky Hunter\",\"isPartOf\":{\"@id\":\"https:\/\/staging.lucky-hunter.com\/#website\"},\"primaryImageOfPage\":{\"@id\":\"https:\/\/staging.lucky-hunter.com\/product\/mick-lacy-greylag-call\/#primaryimage\"},\"image\":{\"@id\":\"https:\/\/staging.lucky-hunter.com\/product\/mick-lacy-greylag-call\/#primaryimage\"},\"thumbnailUrl\":\"https:\/\/staging.lucky-hunter.com\/wp-content\/uploads\/2018\/01\/LK-101.png\",\"datePublished\":\"2017-11-23T11:56:57+00:00\",\"dateModified\":\"2024-05-01T06:38:58+00:00\",\"description\":\"Perfect for greylag goose calls. The Mick Lacy Greylag Call is perfect for those who may not have mastered the more advanced goose calls.\",\"breadcrumb\":{\"@id\":\"https:\/\/staging.lucky-hunter.com\/product\/mick-lacy-greylag-call\/#breadcrumb\"},\"inLanguage\":\"fr-FR\",\"potentialAction\":[{\"@type\":\"ReadAction\",\"target\":[\"https:\/\/staging.lucky-hunter.com\/product\/mick-lacy-greylag-call\/\"]}]},{\"@type\":\"ImageObject\",\"inLanguage\":\"fr-FR\",\"@id\":\"https:\/\/staging.lucky-hunter.com\/product\/mick-lacy-greylag-call\/#primaryimage\",\"url\":\"https:\/\/staging.lucky-hunter.com\/wp-content\/uploads\/2018\/01\/LK-101.png\",\"contentUrl\":\"https:\/\/staging.lucky-hunter.com\/wp-content\/uploads\/2018\/01\/LK-101.png\",\"width\":1000,\"height\":1000},{\"@type\":\"BreadcrumbList\",\"@id\":\"https:\/\/staging.lucky-hunter.com\/product\/mick-lacy-greylag-call\/#breadcrumb\",\"itemListElement\":[{\"@type\":\"ListItem\",\"position\":1,\"name\":\"Home\",\"item\":\"https:\/\/staging.lucky-hunter.com\/fr\/\"},{\"@type\":\"ListItem\",\"position\":2,\"name\":\"Boutique\",\"item\":\"https:\/\/staging.lucky-hunter.com\/fr\/shop\/\"},{\"@type\":\"ListItem\",\"position\":3,\"name\":\"Appeau \u00e0 oie cendr\u00e9e Mick Lacy\"}]},{\"@type\":\"WebSite\",\"@id\":\"https:\/\/staging.lucky-hunter.com\/#website\",\"url\":\"https:\/\/staging.lucky-hunter.com\/\",\"name\":\"Lucky-Hunter\",\"description\":\"Gear Up or Give Up\",\"potentialAction\":[{\"@type\":\"SearchAction\",\"target\":{\"@type\":\"EntryPoint\",\"urlTemplate\":\"https:\/\/staging.lucky-hunter.com\/?s={search_term_string}\"},\"query-input\":{\"@type\":\"PropertyValueSpecification\",\"valueRequired\":true,\"valueName\":\"search_term_string\"}}],\"inLanguage\":\"fr-FR\"}]}<\/script>\n<!-- \/ Yoast SEO plugin. -->","yoast_head_json":{"title":"Mick Lacy Greylag Call: Game Calls | Lucky Hunter","description":"Perfect for greylag goose calls. The Mick Lacy Greylag Call is perfect for those who may not have mastered the more advanced goose calls.","robots":{"index":"noindex","follow":"follow","max-snippet":"max-snippet:-1","max-image-preview":"max-image-preview:large","max-video-preview":"max-video-preview:-1"},"og_locale":"fr_FR","og_type":"article","og_title":"Mick Lacy Greylag Call: Game Calls | Lucky Hunter","og_description":"Perfect for greylag goose calls. The Mick Lacy Greylag Call is perfect for those who may not have mastered the more advanced goose calls.","og_url":"https:\/\/staging.lucky-hunter.com\/product\/mick-lacy-greylag-call\/","og_site_name":"Lucky-Hunter","article_modified_time":"2024-05-01T06:38:58+00:00","og_image":[{"width":1000,"height":1000,"url":"https:\/\/staging.lucky-hunter.com\/wp-content\/uploads\/2018\/01\/LK-101.png","type":"image\/png"}],"twitter_card":"summary_large_image","twitter_title":"Mick Lacy Greylag Call: Game Calls | Lucky Hunter","twitter_description":"Perfect for greylag goose calls. The Mick Lacy Greylag Call is perfect for those who may not have mastered the more advanced goose calls.","twitter_misc":{"Dur\u00e9e de lecture estim\u00e9e":"1 minute"},"schema":{"@context":"https:\/\/schema.org","@graph":[{"@type":"WebPage","@id":"https:\/\/staging.lucky-hunter.com\/product\/mick-lacy-greylag-call\/","url":"https:\/\/staging.lucky-hunter.com\/product\/mick-lacy-greylag-call\/","name":"Mick Lacy Greylag Call: Game Calls | Lucky Hunter","isPartOf":{"@id":"https:\/\/staging.lucky-hunter.com\/#website"},"primaryImageOfPage":{"@id":"https:\/\/staging.lucky-hunter.com\/product\/mick-lacy-greylag-call\/#primaryimage"},"image":{"@id":"https:\/\/staging.lucky-hunter.com\/product\/mick-lacy-greylag-call\/#primaryimage"},"thumbnailUrl":"https:\/\/staging.lucky-hunter.com\/wp-content\/uploads\/2018\/01\/LK-101.png","datePublished":"2017-11-23T11:56:57+00:00","dateModified":"2024-05-01T06:38:58+00:00","description":"Perfect for greylag goose calls. The Mick Lacy Greylag Call is perfect for those who may not have mastered the more advanced goose calls.","breadcrumb":{"@id":"https:\/\/staging.lucky-hunter.com\/product\/mick-lacy-greylag-call\/#breadcrumb"},"inLanguage":"fr-FR","potentialAction":[{"@type":"ReadAction","target":["https:\/\/staging.lucky-hunter.com\/product\/mick-lacy-greylag-call\/"]}]},{"@type":"ImageObject","inLanguage":"fr-FR","@id":"https:\/\/staging.lucky-hunter.com\/product\/mick-lacy-greylag-call\/#primaryimage","url":"https:\/\/staging.lucky-hunter.com\/wp-content\/uploads\/2018\/01\/LK-101.png","contentUrl":"https:\/\/staging.lucky-hunter.com\/wp-content\/uploads\/2018\/01\/LK-101.png","width":1000,"height":1000},{"@type":"BreadcrumbList","@id":"https:\/\/staging.lucky-hunter.com\/product\/mick-lacy-greylag-call\/#breadcrumb","itemListElement":[{"@type":"ListItem","position":1,"name":"Home","item":"https:\/\/staging.lucky-hunter.com\/fr\/"},{"@type":"ListItem","position":2,"name":"Boutique","item":"https:\/\/staging.lucky-hunter.com\/fr\/shop\/"},{"@type":"ListItem","position":3,"name":"Appeau \u00e0 oie cendr\u00e9e Mick Lacy"}]},{"@type":"WebSite","@id":"https:\/\/staging.lucky-hunter.com\/#website","url":"https:\/\/staging.lucky-hunter.com\/","name":"Lucky-Hunter","description":"Gear Up or Give Up","potentialAction":[{"@type":"SearchAction","target":{"@type":"EntryPoint","urlTemplate":"https:\/\/staging.lucky-hunter.com\/?s={search_term_string}"},"query-input":{"@type":"PropertyValueSpecification","valueRequired":true,"valueName":"search_term_string"}}],"inLanguage":"fr-FR"}]}},"_links":{"self":[{"href":"https:\/\/staging.lucky-hunter.com\/fr\/wp-json\/wp\/v2\/product\/31151"}],"collection":[{"href":"https:\/\/staging.lucky-hunter.com\/fr\/wp-json\/wp\/v2\/product"}],"about":[{"href":"https:\/\/staging.lucky-hunter.com\/fr\/wp-json\/wp\/v2\/types\/product"}],"wp:featuredmedia":[{"embeddable":true,"href":"https:\/\/staging.lucky-hunter.com\/fr\/wp-json\/wp\/v2\/media\/29639"}],"wp:attachment":[{"href":"https:\/\/staging.lucky-hunter.com\/fr\/wp-json\/wp\/v2\/media?parent=31151"}],"wp:term":[{"taxonomy":"product_brand","embeddable":true,"href":"https:\/\/staging.lucky-hunter.com\/fr\/wp-json\/wp\/v2\/product_brand?post=31151"},{"taxonomy":"product_cat","embeddable":true,"href":"https:\/\/staging.lucky-hunter.com\/fr\/wp-json\/wp\/v2\/product_cat?post=31151"},{"taxonomy":"product_tag","embeddable":true,"href":"https:\/\/staging.lucky-hunter.com\/fr\/wp-json\/wp\/v2\/product_tag?post=31151"}],"curies":[{"name":"wp","href":"https:\/\/api.w.org\/{rel}","templated":true}]}}