{"id":31149,"date":"2021-05-02T19:38:40","date_gmt":"2021-05-02T17:38:40","guid":{"rendered":"https:\/\/staging.lucky-hunter.com\/product\/final-approach-greylag-decoys-2\/"},"modified":"2025-09-15T21:43:20","modified_gmt":"2025-09-15T19:43:20","slug":"final-approach-greylag-decoys","status":"publish","type":"product","link":"https:\/\/staging.lucky-hunter.com\/fr\/product\/final-approach-greylag-decoys\/","title":{"rendered":"Formes d\u2019oie cendr\u00e9e Final Approach"},"content":{"rendered":"<p><iframe title=\"Final Approach Greylag decoys | Painted full body decoys\" width=\"1020\" height=\"574\" src=\"https:\/\/www.youtube.com\/embed\/-nQyf5Fr9Es?wmode=transparent&amp;rel=0&amp;list=PLnzljXc1Q7kYyjmGF_vrzPHQMsaCe_ulZ\" frameborder=\"0\" allow=\"accelerometer; autoplay; clipboard-write; encrypted-media; gyroscope; picture-in-picture\" allowfullscreen><\/iframe><\/p>\n<h1><strong>Super prix sur les formes d\u2019oie cendr\u00e9e Final Approach<\/strong><\/h1>\n<p>L\u2019am\u00e9ricain Final Approach Waterfowl (FA) est le fabricant de ces formes de haute qualit\u00e9 d&#8217;oie cendr\u00e9e \u00e0 corps entier que nous pouvons vous proposer \u00e0 un prix vraiment comp\u00e9titif.<\/p>\n<p>Les leurres sont fabriqu\u00e9s dans un mat\u00e9riau plastique plus souple, que AvianX a \u00e9galement choisi, pour rendre la peinture plus durable.<\/p>\n<p>La bo\u00eete contient 6 leurres d\u2019oie cendr\u00e9e \u00e0 corps entier avec 2 positions de t\u00eate diff\u00e9rentes &#8211; 2 sentinelles et 4 mangeuses.<\/p>\n<p>Piquets de montage inclus.<\/p>\n<p>Con\u00e7us par Jamie Welsh, triple champion du monde de sculptures de leurres, qui cr\u00e9e des leurres depuis son domicile en Caroline du Sud, aux \u00c9tats-Unis, depuis 1988. Totalement autodidacte, il a appris le m\u00e9tier \u00e0 partir d&#8217;enregistrements vid\u00e9o, de livres et de techniques d&#8217;autres sculpteurs de leurres qualifi\u00e9s. Jamie Welsh a remport\u00e9 la 3e place aux World Decoy Pairs en 1993 et 1997, et a \u00e9t\u00e9 titr\u00e9 Champion du Monde en 2002, 2005 et 2014.<\/p>\n<p>Sa passion pour la chasse au gibier d\u2019eau et son engagement \u00e0 fabriquer des \u00e9quipements plus r\u00e9sistants pour des chasseurs de gibiers d\u2019eau tout aussi exigeants se retrouvent dans chaque aff\u00fbt, leurre, sac et accessoire Final Approach.<\/p>\n","protected":false},"excerpt":{"rendered":"<p>L\u2019am\u00e9ricain Final Approach Waterfowl (FA) est le fabricant de ces superbes formes d&#8217;oie cendr\u00e9es \u00e0 corps entier que nous pouvons vous proposer \u00e0 un prix vraiment comp\u00e9titif.<\/p>\n","protected":false},"featured_media":30162,"template":"","meta":[],"product_brand":[8136],"product_cat":[8175],"product_tag":[9446],"yoast_head":"<!-- This site is optimized with the Yoast SEO plugin v24.3 - https:\/\/yoast.com\/wordpress\/plugins\/seo\/ -->\n<title>Super prix sur les appelants d&#039;oies cendr\u00e9es Final Approach<\/title>\n<meta name=\"description\" content=\"American Final Approach Waterfowl (FA) est le fabricant de ces excellents appelants d&#039;oies cendr\u00e9es en corps entier que nous pouvons offrir \u00e0 un prix vraiment comp\u00e9titif.\" \/>\n<meta name=\"robots\" content=\"noindex, follow, max-snippet:-1, max-image-preview:large, max-video-preview:-1\" \/>\n<meta property=\"og:locale\" content=\"fr_FR\" \/>\n<meta property=\"og:type\" content=\"article\" \/>\n<meta property=\"og:title\" content=\"Super prix sur les appelants d&#039;oies cendr\u00e9es Final Approach\" \/>\n<meta property=\"og:description\" content=\"American Final Approach Waterfowl (FA) est le fabricant de ces excellents appelants d&#039;oies cendr\u00e9es en corps entier que nous pouvons offrir \u00e0 un prix vraiment comp\u00e9titif.\" \/>\n<meta property=\"og:url\" content=\"https:\/\/staging.lucky-hunter.com\/product\/final-approach-greylag-decoys\/\" \/>\n<meta property=\"og:site_name\" content=\"Lucky-Hunter\" \/>\n<meta property=\"article:modified_time\" content=\"2025-09-15T19:43:20+00:00\" \/>\n<meta property=\"og:image\" content=\"https:\/\/staging.lucky-hunter.com\/wp-content\/uploads\/2021\/05\/LF-387.png\" \/>\n\t<meta property=\"og:image:width\" content=\"1644\" \/>\n\t<meta property=\"og:image:height\" content=\"1200\" \/>\n\t<meta property=\"og:image:type\" content=\"image\/png\" \/>\n<meta name=\"twitter:card\" content=\"summary_large_image\" \/>\n<meta name=\"twitter:label1\" content=\"Dur\u00e9e de lecture estim\u00e9e\" \/>\n\t<meta name=\"twitter:data1\" content=\"1 minute\" \/>\n<script type=\"application\/ld+json\" class=\"yoast-schema-graph\">{\"@context\":\"https:\/\/schema.org\",\"@graph\":[{\"@type\":\"WebPage\",\"@id\":\"https:\/\/staging.lucky-hunter.com\/product\/final-approach-greylag-decoys\/\",\"url\":\"https:\/\/staging.lucky-hunter.com\/product\/final-approach-greylag-decoys\/\",\"name\":\"Super prix sur les appelants d'oies cendr\u00e9es Final Approach\",\"isPartOf\":{\"@id\":\"https:\/\/staging.lucky-hunter.com\/#website\"},\"primaryImageOfPage\":{\"@id\":\"https:\/\/staging.lucky-hunter.com\/product\/final-approach-greylag-decoys\/#primaryimage\"},\"image\":{\"@id\":\"https:\/\/staging.lucky-hunter.com\/product\/final-approach-greylag-decoys\/#primaryimage\"},\"thumbnailUrl\":\"https:\/\/staging.lucky-hunter.com\/wp-content\/uploads\/2021\/05\/LF-387.png\",\"datePublished\":\"2021-05-02T17:38:40+00:00\",\"dateModified\":\"2025-09-15T19:43:20+00:00\",\"description\":\"American Final Approach Waterfowl (FA) est le fabricant de ces excellents appelants d'oies cendr\u00e9es en corps entier que nous pouvons offrir \u00e0 un prix vraiment comp\u00e9titif.\",\"breadcrumb\":{\"@id\":\"https:\/\/staging.lucky-hunter.com\/product\/final-approach-greylag-decoys\/#breadcrumb\"},\"inLanguage\":\"fr-FR\",\"potentialAction\":[{\"@type\":\"ReadAction\",\"target\":[\"https:\/\/staging.lucky-hunter.com\/product\/final-approach-greylag-decoys\/\"]}]},{\"@type\":\"ImageObject\",\"inLanguage\":\"fr-FR\",\"@id\":\"https:\/\/staging.lucky-hunter.com\/product\/final-approach-greylag-decoys\/#primaryimage\",\"url\":\"https:\/\/staging.lucky-hunter.com\/wp-content\/uploads\/2021\/05\/LF-387.png\",\"contentUrl\":\"https:\/\/staging.lucky-hunter.com\/wp-content\/uploads\/2021\/05\/LF-387.png\",\"width\":1644,\"height\":1200},{\"@type\":\"BreadcrumbList\",\"@id\":\"https:\/\/staging.lucky-hunter.com\/product\/final-approach-greylag-decoys\/#breadcrumb\",\"itemListElement\":[{\"@type\":\"ListItem\",\"position\":1,\"name\":\"Home\",\"item\":\"https:\/\/staging.lucky-hunter.com\/fr\/\"},{\"@type\":\"ListItem\",\"position\":2,\"name\":\"Boutique\",\"item\":\"https:\/\/staging.lucky-hunter.com\/fr\/shop\/\"},{\"@type\":\"ListItem\",\"position\":3,\"name\":\"Formes d\u2019oie cendr\u00e9e Final Approach\"}]},{\"@type\":\"WebSite\",\"@id\":\"https:\/\/staging.lucky-hunter.com\/#website\",\"url\":\"https:\/\/staging.lucky-hunter.com\/\",\"name\":\"Lucky-Hunter\",\"description\":\"Gear Up or Give Up\",\"potentialAction\":[{\"@type\":\"SearchAction\",\"target\":{\"@type\":\"EntryPoint\",\"urlTemplate\":\"https:\/\/staging.lucky-hunter.com\/?s={search_term_string}\"},\"query-input\":{\"@type\":\"PropertyValueSpecification\",\"valueRequired\":true,\"valueName\":\"search_term_string\"}}],\"inLanguage\":\"fr-FR\"}]}<\/script>\n<!-- \/ Yoast SEO plugin. -->","yoast_head_json":{"title":"Super prix sur les appelants d'oies cendr\u00e9es Final Approach","description":"American Final Approach Waterfowl (FA) est le fabricant de ces excellents appelants d'oies cendr\u00e9es en corps entier que nous pouvons offrir \u00e0 un prix vraiment comp\u00e9titif.","robots":{"index":"noindex","follow":"follow","max-snippet":"max-snippet:-1","max-image-preview":"max-image-preview:large","max-video-preview":"max-video-preview:-1"},"og_locale":"fr_FR","og_type":"article","og_title":"Super prix sur les appelants d'oies cendr\u00e9es Final Approach","og_description":"American Final Approach Waterfowl (FA) est le fabricant de ces excellents appelants d'oies cendr\u00e9es en corps entier que nous pouvons offrir \u00e0 un prix vraiment comp\u00e9titif.","og_url":"https:\/\/staging.lucky-hunter.com\/product\/final-approach-greylag-decoys\/","og_site_name":"Lucky-Hunter","article_modified_time":"2025-09-15T19:43:20+00:00","og_image":[{"width":1644,"height":1200,"url":"https:\/\/staging.lucky-hunter.com\/wp-content\/uploads\/2021\/05\/LF-387.png","type":"image\/png"}],"twitter_card":"summary_large_image","twitter_misc":{"Dur\u00e9e de lecture estim\u00e9e":"1 minute"},"schema":{"@context":"https:\/\/schema.org","@graph":[{"@type":"WebPage","@id":"https:\/\/staging.lucky-hunter.com\/product\/final-approach-greylag-decoys\/","url":"https:\/\/staging.lucky-hunter.com\/product\/final-approach-greylag-decoys\/","name":"Super prix sur les appelants d'oies cendr\u00e9es Final Approach","isPartOf":{"@id":"https:\/\/staging.lucky-hunter.com\/#website"},"primaryImageOfPage":{"@id":"https:\/\/staging.lucky-hunter.com\/product\/final-approach-greylag-decoys\/#primaryimage"},"image":{"@id":"https:\/\/staging.lucky-hunter.com\/product\/final-approach-greylag-decoys\/#primaryimage"},"thumbnailUrl":"https:\/\/staging.lucky-hunter.com\/wp-content\/uploads\/2021\/05\/LF-387.png","datePublished":"2021-05-02T17:38:40+00:00","dateModified":"2025-09-15T19:43:20+00:00","description":"American Final Approach Waterfowl (FA) est le fabricant de ces excellents appelants d'oies cendr\u00e9es en corps entier que nous pouvons offrir \u00e0 un prix vraiment comp\u00e9titif.","breadcrumb":{"@id":"https:\/\/staging.lucky-hunter.com\/product\/final-approach-greylag-decoys\/#breadcrumb"},"inLanguage":"fr-FR","potentialAction":[{"@type":"ReadAction","target":["https:\/\/staging.lucky-hunter.com\/product\/final-approach-greylag-decoys\/"]}]},{"@type":"ImageObject","inLanguage":"fr-FR","@id":"https:\/\/staging.lucky-hunter.com\/product\/final-approach-greylag-decoys\/#primaryimage","url":"https:\/\/staging.lucky-hunter.com\/wp-content\/uploads\/2021\/05\/LF-387.png","contentUrl":"https:\/\/staging.lucky-hunter.com\/wp-content\/uploads\/2021\/05\/LF-387.png","width":1644,"height":1200},{"@type":"BreadcrumbList","@id":"https:\/\/staging.lucky-hunter.com\/product\/final-approach-greylag-decoys\/#breadcrumb","itemListElement":[{"@type":"ListItem","position":1,"name":"Home","item":"https:\/\/staging.lucky-hunter.com\/fr\/"},{"@type":"ListItem","position":2,"name":"Boutique","item":"https:\/\/staging.lucky-hunter.com\/fr\/shop\/"},{"@type":"ListItem","position":3,"name":"Formes d\u2019oie cendr\u00e9e Final Approach"}]},{"@type":"WebSite","@id":"https:\/\/staging.lucky-hunter.com\/#website","url":"https:\/\/staging.lucky-hunter.com\/","name":"Lucky-Hunter","description":"Gear Up or Give Up","potentialAction":[{"@type":"SearchAction","target":{"@type":"EntryPoint","urlTemplate":"https:\/\/staging.lucky-hunter.com\/?s={search_term_string}"},"query-input":{"@type":"PropertyValueSpecification","valueRequired":true,"valueName":"search_term_string"}}],"inLanguage":"fr-FR"}]}},"_links":{"self":[{"href":"https:\/\/staging.lucky-hunter.com\/fr\/wp-json\/wp\/v2\/product\/31149"}],"collection":[{"href":"https:\/\/staging.lucky-hunter.com\/fr\/wp-json\/wp\/v2\/product"}],"about":[{"href":"https:\/\/staging.lucky-hunter.com\/fr\/wp-json\/wp\/v2\/types\/product"}],"wp:featuredmedia":[{"embeddable":true,"href":"https:\/\/staging.lucky-hunter.com\/fr\/wp-json\/wp\/v2\/media\/30162"}],"wp:attachment":[{"href":"https:\/\/staging.lucky-hunter.com\/fr\/wp-json\/wp\/v2\/media?parent=31149"}],"wp:term":[{"taxonomy":"product_brand","embeddable":true,"href":"https:\/\/staging.lucky-hunter.com\/fr\/wp-json\/wp\/v2\/product_brand?post=31149"},{"taxonomy":"product_cat","embeddable":true,"href":"https:\/\/staging.lucky-hunter.com\/fr\/wp-json\/wp\/v2\/product_cat?post=31149"},{"taxonomy":"product_tag","embeddable":true,"href":"https:\/\/staging.lucky-hunter.com\/fr\/wp-json\/wp\/v2\/product_tag?post=31149"}],"curies":[{"name":"wp","href":"https:\/\/api.w.org\/{rel}","templated":true}]}}