{"id":31147,"date":"2020-06-08T13:55:49","date_gmt":"2020-06-08T11:55:49","guid":{"rendered":"https:\/\/staging.lucky-hunter.com\/product\/final-approach-greylag-decoys-flocked-2\/"},"modified":"2025-06-26T15:34:23","modified_gmt":"2025-06-26T13:34:23","slug":"final-approach-greylag-decoys-flocked","status":"publish","type":"product","link":"https:\/\/staging.lucky-hunter.com\/fr\/product\/final-approach-greylag-decoys-flocked\/","title":{"rendered":"Formes d\u2019oie cendr\u00e9e Floqu\u00e9es &#8211; Final Approach"},"content":{"rendered":"<h1><strong>Super prix sur les formes d\u2019oie cendr\u00e9e floqu\u00e9es Final Approach<\/strong><\/h1>\n<p>L\u2019am\u00e9ricain Final Approach Waterfowl (FA) est le fabricant de ces superbes formes d&#8217;oie cendr\u00e9e \u00e0 corps entier que nous pouvons vous proposer \u00e0 un prix vraiment comp\u00e9titif.<\/p>\n<p>La bo\u00eete contient 6 formes d\u2019oie cendr\u00e9e floqu\u00e9es avec 2 positions de t\u00eate diff\u00e9rentes &#8211; 2 sentinelles et 4 mangeuses.<\/p>\n<p>Piquets de montage inclus.<\/p>\n<p>Leur passion pour la chasse au gibier d\u2019eau et leur engagement \u00e0 fabriquer des \u00e9quipements plus r\u00e9sistants pour des chasseurs de gibiers d\u2019eau tout aussi exigeants se retrouvent dans chaque aff\u00fbt, forme, sac et accessoire Final Approach.<\/p>\n","protected":false},"excerpt":{"rendered":"<p>Final Approach Waterfowl (FA) est le fabricant de ces superbes formes d&#8217;oie cendr\u00e9e \u00e0 corps entier que nous pouvons vous proposer \u00e0 un prix vraiment comp\u00e9titif.<\/p>\n","protected":false},"featured_media":30085,"template":"","meta":[],"product_brand":[8136],"product_cat":[8175],"product_tag":[9446],"yoast_head":"<!-- This site is optimized with the Yoast SEO plugin v24.3 - https:\/\/yoast.com\/wordpress\/plugins\/seo\/ -->\n<title>Super prix sur les formes d&#039;oie cendr\u00e9e floqu\u00e9es Final Approach<\/title>\n<meta name=\"description\" content=\"Final Approach Waterfowl (FA) est le fabricant de ces excellentes formes d&#039;oie cendr\u00e9e \u00e0 corps entier que nous pouvons offrir \u00e0 un prix vraiment comp\u00e9titif.\" \/>\n<meta name=\"robots\" content=\"noindex, follow, max-snippet:-1, max-image-preview:large, max-video-preview:-1\" \/>\n<meta property=\"og:locale\" content=\"fr_FR\" \/>\n<meta property=\"og:type\" content=\"article\" \/>\n<meta property=\"og:title\" content=\"Super prix sur les formes d&#039;oie cendr\u00e9e floqu\u00e9es Final Approach\" \/>\n<meta property=\"og:description\" content=\"Final Approach Waterfowl (FA) est le fabricant de ces excellentes formes d&#039;oie cendr\u00e9e \u00e0 corps entier que nous pouvons offrir \u00e0 un prix vraiment comp\u00e9titif.\" \/>\n<meta property=\"og:url\" content=\"https:\/\/staging.lucky-hunter.com\/fr\/product\/final-approach-greylag-decoys-flocked\/\" \/>\n<meta property=\"og:site_name\" content=\"Lucky-Hunter\" \/>\n<meta property=\"article:modified_time\" content=\"2025-06-26T13:34:23+00:00\" \/>\n<meta property=\"og:image\" content=\"https:\/\/staging.lucky-hunter.com\/wp-content\/uploads\/2020\/06\/LF-390.png\" \/>\n\t<meta property=\"og:image:width\" content=\"1000\" \/>\n\t<meta property=\"og:image:height\" content=\"1000\" \/>\n\t<meta property=\"og:image:type\" content=\"image\/png\" \/>\n<meta name=\"twitter:card\" content=\"summary_large_image\" \/>\n<meta name=\"twitter:label1\" content=\"Dur\u00e9e de lecture estim\u00e9e\" \/>\n\t<meta name=\"twitter:data1\" content=\"1 minute\" \/>\n<script type=\"application\/ld+json\" class=\"yoast-schema-graph\">{\"@context\":\"https:\/\/schema.org\",\"@graph\":[{\"@type\":\"WebPage\",\"@id\":\"https:\/\/staging.lucky-hunter.com\/fr\/product\/final-approach-greylag-decoys-flocked\/\",\"url\":\"https:\/\/staging.lucky-hunter.com\/fr\/product\/final-approach-greylag-decoys-flocked\/\",\"name\":\"Super prix sur les formes d'oie cendr\u00e9e floqu\u00e9es Final Approach\",\"isPartOf\":{\"@id\":\"https:\/\/staging.lucky-hunter.com\/#website\"},\"primaryImageOfPage\":{\"@id\":\"https:\/\/staging.lucky-hunter.com\/fr\/product\/final-approach-greylag-decoys-flocked\/#primaryimage\"},\"image\":{\"@id\":\"https:\/\/staging.lucky-hunter.com\/fr\/product\/final-approach-greylag-decoys-flocked\/#primaryimage\"},\"thumbnailUrl\":\"https:\/\/staging.lucky-hunter.com\/wp-content\/uploads\/2020\/06\/LF-390.png\",\"datePublished\":\"2020-06-08T11:55:49+00:00\",\"dateModified\":\"2025-06-26T13:34:23+00:00\",\"description\":\"Final Approach Waterfowl (FA) est le fabricant de ces excellentes formes d'oie cendr\u00e9e \u00e0 corps entier que nous pouvons offrir \u00e0 un prix vraiment comp\u00e9titif.\",\"breadcrumb\":{\"@id\":\"https:\/\/staging.lucky-hunter.com\/fr\/product\/final-approach-greylag-decoys-flocked\/#breadcrumb\"},\"inLanguage\":\"fr-FR\",\"potentialAction\":[{\"@type\":\"ReadAction\",\"target\":[\"https:\/\/staging.lucky-hunter.com\/fr\/product\/final-approach-greylag-decoys-flocked\/\"]}]},{\"@type\":\"ImageObject\",\"inLanguage\":\"fr-FR\",\"@id\":\"https:\/\/staging.lucky-hunter.com\/fr\/product\/final-approach-greylag-decoys-flocked\/#primaryimage\",\"url\":\"https:\/\/staging.lucky-hunter.com\/wp-content\/uploads\/2020\/06\/LF-390.png\",\"contentUrl\":\"https:\/\/staging.lucky-hunter.com\/wp-content\/uploads\/2020\/06\/LF-390.png\",\"width\":1000,\"height\":1000},{\"@type\":\"BreadcrumbList\",\"@id\":\"https:\/\/staging.lucky-hunter.com\/fr\/product\/final-approach-greylag-decoys-flocked\/#breadcrumb\",\"itemListElement\":[{\"@type\":\"ListItem\",\"position\":1,\"name\":\"Home\",\"item\":\"https:\/\/staging.lucky-hunter.com\/fr\/\"},{\"@type\":\"ListItem\",\"position\":2,\"name\":\"Boutique\",\"item\":\"https:\/\/staging.lucky-hunter.com\/fr\/shop\/\"},{\"@type\":\"ListItem\",\"position\":3,\"name\":\"Formes d\u2019oie cendr\u00e9e Floqu\u00e9es &#8211; Final Approach\"}]},{\"@type\":\"WebSite\",\"@id\":\"https:\/\/staging.lucky-hunter.com\/#website\",\"url\":\"https:\/\/staging.lucky-hunter.com\/\",\"name\":\"Lucky-Hunter\",\"description\":\"Gear Up or Give Up\",\"potentialAction\":[{\"@type\":\"SearchAction\",\"target\":{\"@type\":\"EntryPoint\",\"urlTemplate\":\"https:\/\/staging.lucky-hunter.com\/?s={search_term_string}\"},\"query-input\":{\"@type\":\"PropertyValueSpecification\",\"valueRequired\":true,\"valueName\":\"search_term_string\"}}],\"inLanguage\":\"fr-FR\"}]}<\/script>\n<!-- \/ Yoast SEO plugin. -->","yoast_head_json":{"title":"Super prix sur les formes d'oie cendr\u00e9e floqu\u00e9es Final Approach","description":"Final Approach Waterfowl (FA) est le fabricant de ces excellentes formes d'oie cendr\u00e9e \u00e0 corps entier que nous pouvons offrir \u00e0 un prix vraiment comp\u00e9titif.","robots":{"index":"noindex","follow":"follow","max-snippet":"max-snippet:-1","max-image-preview":"max-image-preview:large","max-video-preview":"max-video-preview:-1"},"og_locale":"fr_FR","og_type":"article","og_title":"Super prix sur les formes d'oie cendr\u00e9e floqu\u00e9es Final Approach","og_description":"Final Approach Waterfowl (FA) est le fabricant de ces excellentes formes d'oie cendr\u00e9e \u00e0 corps entier que nous pouvons offrir \u00e0 un prix vraiment comp\u00e9titif.","og_url":"https:\/\/staging.lucky-hunter.com\/fr\/product\/final-approach-greylag-decoys-flocked\/","og_site_name":"Lucky-Hunter","article_modified_time":"2025-06-26T13:34:23+00:00","og_image":[{"width":1000,"height":1000,"url":"https:\/\/staging.lucky-hunter.com\/wp-content\/uploads\/2020\/06\/LF-390.png","type":"image\/png"}],"twitter_card":"summary_large_image","twitter_misc":{"Dur\u00e9e de lecture estim\u00e9e":"1 minute"},"schema":{"@context":"https:\/\/schema.org","@graph":[{"@type":"WebPage","@id":"https:\/\/staging.lucky-hunter.com\/fr\/product\/final-approach-greylag-decoys-flocked\/","url":"https:\/\/staging.lucky-hunter.com\/fr\/product\/final-approach-greylag-decoys-flocked\/","name":"Super prix sur les formes d'oie cendr\u00e9e floqu\u00e9es Final Approach","isPartOf":{"@id":"https:\/\/staging.lucky-hunter.com\/#website"},"primaryImageOfPage":{"@id":"https:\/\/staging.lucky-hunter.com\/fr\/product\/final-approach-greylag-decoys-flocked\/#primaryimage"},"image":{"@id":"https:\/\/staging.lucky-hunter.com\/fr\/product\/final-approach-greylag-decoys-flocked\/#primaryimage"},"thumbnailUrl":"https:\/\/staging.lucky-hunter.com\/wp-content\/uploads\/2020\/06\/LF-390.png","datePublished":"2020-06-08T11:55:49+00:00","dateModified":"2025-06-26T13:34:23+00:00","description":"Final Approach Waterfowl (FA) est le fabricant de ces excellentes formes d'oie cendr\u00e9e \u00e0 corps entier que nous pouvons offrir \u00e0 un prix vraiment comp\u00e9titif.","breadcrumb":{"@id":"https:\/\/staging.lucky-hunter.com\/fr\/product\/final-approach-greylag-decoys-flocked\/#breadcrumb"},"inLanguage":"fr-FR","potentialAction":[{"@type":"ReadAction","target":["https:\/\/staging.lucky-hunter.com\/fr\/product\/final-approach-greylag-decoys-flocked\/"]}]},{"@type":"ImageObject","inLanguage":"fr-FR","@id":"https:\/\/staging.lucky-hunter.com\/fr\/product\/final-approach-greylag-decoys-flocked\/#primaryimage","url":"https:\/\/staging.lucky-hunter.com\/wp-content\/uploads\/2020\/06\/LF-390.png","contentUrl":"https:\/\/staging.lucky-hunter.com\/wp-content\/uploads\/2020\/06\/LF-390.png","width":1000,"height":1000},{"@type":"BreadcrumbList","@id":"https:\/\/staging.lucky-hunter.com\/fr\/product\/final-approach-greylag-decoys-flocked\/#breadcrumb","itemListElement":[{"@type":"ListItem","position":1,"name":"Home","item":"https:\/\/staging.lucky-hunter.com\/fr\/"},{"@type":"ListItem","position":2,"name":"Boutique","item":"https:\/\/staging.lucky-hunter.com\/fr\/shop\/"},{"@type":"ListItem","position":3,"name":"Formes d\u2019oie cendr\u00e9e Floqu\u00e9es &#8211; Final Approach"}]},{"@type":"WebSite","@id":"https:\/\/staging.lucky-hunter.com\/#website","url":"https:\/\/staging.lucky-hunter.com\/","name":"Lucky-Hunter","description":"Gear Up or Give Up","potentialAction":[{"@type":"SearchAction","target":{"@type":"EntryPoint","urlTemplate":"https:\/\/staging.lucky-hunter.com\/?s={search_term_string}"},"query-input":{"@type":"PropertyValueSpecification","valueRequired":true,"valueName":"search_term_string"}}],"inLanguage":"fr-FR"}]}},"_links":{"self":[{"href":"https:\/\/staging.lucky-hunter.com\/fr\/wp-json\/wp\/v2\/product\/31147"}],"collection":[{"href":"https:\/\/staging.lucky-hunter.com\/fr\/wp-json\/wp\/v2\/product"}],"about":[{"href":"https:\/\/staging.lucky-hunter.com\/fr\/wp-json\/wp\/v2\/types\/product"}],"wp:featuredmedia":[{"embeddable":true,"href":"https:\/\/staging.lucky-hunter.com\/fr\/wp-json\/wp\/v2\/media\/30085"}],"wp:attachment":[{"href":"https:\/\/staging.lucky-hunter.com\/fr\/wp-json\/wp\/v2\/media?parent=31147"}],"wp:term":[{"taxonomy":"product_brand","embeddable":true,"href":"https:\/\/staging.lucky-hunter.com\/fr\/wp-json\/wp\/v2\/product_brand?post=31147"},{"taxonomy":"product_cat","embeddable":true,"href":"https:\/\/staging.lucky-hunter.com\/fr\/wp-json\/wp\/v2\/product_cat?post=31147"},{"taxonomy":"product_tag","embeddable":true,"href":"https:\/\/staging.lucky-hunter.com\/fr\/wp-json\/wp\/v2\/product_tag?post=31147"}],"curies":[{"name":"wp","href":"https:\/\/api.w.org\/{rel}","templated":true}]}}