{"id":31146,"date":"2019-06-13T13:20:13","date_gmt":"2019-06-13T11:20:13","guid":{"rendered":"https:\/\/staging.lucky-hunter.com\/product\/big-als-silhouette-greylag-decoys-2\/"},"modified":"2024-09-12T11:03:08","modified_gmt":"2024-09-12T09:03:08","slug":"big-als-silhouette-greylag-decoys","status":"publish","type":"product","link":"https:\/\/staging.lucky-hunter.com\/fr\/product\/big-als-silhouette-greylag-decoys\/","title":{"rendered":"Formes silhouette d\u2019oie cendr\u00e9e de Big Al &#8211; pack de 12"},"content":{"rendered":"<p><iframe title=\"Big Al\u2019s Silhouette Greylag Decoys\" width=\"1020\" height=\"574\" src=\"https:\/\/www.youtube.com\/embed\/Eh5Sdpu3xZw?wmode=transparent&amp;rel=0&amp;feature=oembed&#038;enablejsapi=1&#038;origin=https:\/\/staging.lucky-hunter.com\" frameborder=\"0\" allow=\"accelerometer; autoplay; clipboard-write; encrypted-media; gyroscope; picture-in-picture\" allowfullscreen><\/iframe><\/p>\n<h1><b>Formes silhouette oie rieuse de Big Al &#8211; Le moyen id\u00e9al pour \u00e9tendre votre d\u00e9ploiement<\/b><\/h1>\n<p><span style=\"font-weight: 400;\">Big Al&#8217;s Decoys USA est l&#8217;un des fabricants leaders de l\u2019industrie de formes pour la chasse au canard et \u00e0 l&#8217;oie.<\/span><\/p>\n<p><span style=\"font-weight: 400;\">Le gros avantage des formes de type Silhouette, \u00e0 l\u2019instar des Sillosocks, c\u2019est que vous pouvez recr\u00e9er une grande troupe d&#8217;oies en train de se nourrir et de se reposer sans pour autant avoir \u00e0 transporter de nombreux sacs remplis de formes int\u00e9graux.<\/span><\/p>\n<p><span style=\"font-weight: 400;\">Les Sillosocks ajoutent du mouvement \u00e0 l\u2019int\u00e9rieur de la troupe, mais le vent oriente les formes dans la m\u00eame direction, ce qui n&#8217;est pas naturel. Disposez les silhouettes Big Al selon un ordre vari\u00e9 en ajoutant des formes pleines, des coquilles et des Sillosocks. C&#8217;est une technique tr\u00e8s efficace pour augmenter la discr\u00e9tion de votre aff\u00fbt couch\u00e9, car les oies seront focalis\u00e9es sur le nombre de leurs cong\u00e9n\u00e8res qui se sont pos\u00e9es pour se nourrir.<\/span><\/p>\n<p><span style=\"font-weight: 400;\">Assurez-vous de varier l&#8217;angle des silhouettes pour qu\u2019elles soient vues par les oies venant de toutes les directions.<\/span><\/p>\n<p><strong style=\"color: #555555; font-size: 14.4px;\">Contenu\u00a0:<\/strong><\/p>\n<ul>\n<li>8 oies cendr\u00e9es mangeuses<\/li>\n<li>4 oies cendr\u00e9es sentinelles<\/li>\n<li>12 piquets de montage.<\/li>\n<\/ul>\n<p><span style=\"font-weight: 400;\">Bien qu\u2019elle soient fabriqu\u00e9es dans un mat\u00e9riau tr\u00e8s r\u00e9sistant, les silhouettes peuvent se froisser ou se tordre si elles ne sont pas manipul\u00e9es correctement. Nous vous conseillons de les transporter et de les ranger dans un sac de transport.<\/span><\/p>\n<p><b>\u00c0 propos du fabricant\u00a0:<\/b><\/p>\n<p><span style=\"font-weight: 400;\">Big Al a grandi dans l&#8217;Ohio, au sein d\u2019une famille passionn\u00e9e de chasse au gibier d\u2019eau. Depuis le d\u00e9but des ann\u00e9es 1970, il chasse et \u00e9tudie ces magnifiques oiseaux et, peu \u00e0 peu, la cr\u00e9ation de blettes r\u00e9alistes est devenue sa grande passion. Depuis lors, sous le nom de soci\u00e9t\u00e9 Big Al&#8217;s Decoys, il est devenu un grand nom des formes aux \u00c9tats-Unis, o\u00f9 ses formes silhouettes sont connus pour leur tr\u00e8s grande qualit\u00e9 en termes de mat\u00e9riaux, de d\u00e9tails, de couleurs et d\u2019impressions.<\/span><\/p>\n<p><span style=\"font-weight: 400;\">Aujourd\u2019hui, Big Al continue d\u2019\u00eatre le protagoniste central du processus de conception et d&#8217;impression.<\/span><\/p>\n<p><iframe title=\"Unboxing Big Al Decoys\" width=\"1020\" height=\"574\" src=\"https:\/\/www.youtube.com\/embed\/xNw2oXHrJi8?wmode=transparent&amp;rel=0&amp;list=PLj1J9kRlYtiyo4Q2DfPzi3V9I4WJriDVQ\" frameborder=\"0\" allow=\"accelerometer; autoplay; clipboard-write; encrypted-media; gyroscope; picture-in-picture\" allowfullscreen><\/iframe><\/p>\n","protected":false},"excerpt":{"rendered":"<p><span style=\"font-weight: 400;\">Big Al&#8217;s Decoys USA est l&#8217;un des fabricants leaders de l\u2019industrie de formes pour la chasse au canard et \u00e0 l&#8217;oie. Vous pouvez recr\u00e9er un large groupe d&#8217;oies qui se nourrissent et se reposent.<\/span><\/p>\n","protected":false},"featured_media":53371,"template":"","meta":[],"product_brand":[8135],"product_cat":[8175],"product_tag":[9446],"yoast_head":"<!-- This site is optimized with the Yoast SEO plugin v24.3 - https:\/\/yoast.com\/wordpress\/plugins\/seo\/ -->\n<title>Formes Silhouette d&#039;oie cendr\u00e9e Big Al&#039;s - La solution id\u00e9ale pour \u00e9tendre votre \u00e9talement | Lucky Hunter<\/title>\n<meta name=\"description\" content=\"Big Al&#039;s Decoys USA est l&#039;un des principaux producteurs de formes pour la chasse aux canards et aux oies. 12 pi\u00e8ces par paquet.\" \/>\n<meta name=\"robots\" content=\"noindex, follow, max-snippet:-1, max-image-preview:large, max-video-preview:-1\" \/>\n<meta property=\"og:locale\" content=\"fr_FR\" \/>\n<meta property=\"og:type\" content=\"article\" \/>\n<meta property=\"og:title\" content=\"Big Al&#039;s Silhouette Greylag Decoys - BIG News for 2019 Wildfowl Season | Lucky Hunter\" \/>\n<meta property=\"og:description\" content=\"Les formes Silhouette d&#039;oie cendr\u00e9e Big Al&#039;s arrivent pour la saison de gibier d&#039;eau 2019 ! Les formes Silhouette de Big Al&#039;s sont id\u00e9ales pour toutes les situations de chasse au gibier d&#039;eau.\" \/>\n<meta property=\"og:url\" content=\"https:\/\/staging.lucky-hunter.com\/fr\/product\/big-als-silhouette-greylag-decoys\/\" \/>\n<meta property=\"og:site_name\" content=\"Lucky-Hunter\" \/>\n<meta property=\"article:modified_time\" content=\"2024-09-12T09:03:08+00:00\" \/>\n<meta property=\"og:image\" content=\"https:\/\/staging.lucky-hunter.com\/wp-content\/uploads\/2019\/06\/LF-620.png\" \/>\n\t<meta property=\"og:image:width\" content=\"1000\" \/>\n\t<meta property=\"og:image:height\" content=\"1000\" \/>\n\t<meta property=\"og:image:type\" content=\"image\/png\" \/>\n<meta name=\"twitter:card\" content=\"summary_large_image\" \/>\n<meta name=\"twitter:title\" content=\"Formes Silhouette d&#039;oie cendr\u00e9e Big Al&#039;s - Grande nouvelle pour la saison de gibier d&#039;eau 2019 | Lucky Hunter\" \/>\n<meta name=\"twitter:description\" content=\"Les formes Silhouette d&#039;oie cendr\u00e9e Big Al&#039;s arrivent pour la saison de gibier d&#039;eau 2019 ! Les formes Silhouette de Big Al&#039;s sont id\u00e9ales pour toutes les situations de chasse au gibier d&#039;eau.\" \/>\n<meta name=\"twitter:label1\" content=\"Dur\u00e9e de lecture estim\u00e9e\" \/>\n\t<meta name=\"twitter:data1\" content=\"2 minutes\" \/>\n<script type=\"application\/ld+json\" class=\"yoast-schema-graph\">{\"@context\":\"https:\/\/schema.org\",\"@graph\":[{\"@type\":\"WebPage\",\"@id\":\"https:\/\/staging.lucky-hunter.com\/fr\/product\/big-als-silhouette-greylag-decoys\/\",\"url\":\"https:\/\/staging.lucky-hunter.com\/fr\/product\/big-als-silhouette-greylag-decoys\/\",\"name\":\"Formes Silhouette d'oie cendr\u00e9e Big Al's - La solution id\u00e9ale pour \u00e9tendre votre \u00e9talement | Lucky Hunter\",\"isPartOf\":{\"@id\":\"https:\/\/staging.lucky-hunter.com\/#website\"},\"primaryImageOfPage\":{\"@id\":\"https:\/\/staging.lucky-hunter.com\/fr\/product\/big-als-silhouette-greylag-decoys\/#primaryimage\"},\"image\":{\"@id\":\"https:\/\/staging.lucky-hunter.com\/fr\/product\/big-als-silhouette-greylag-decoys\/#primaryimage\"},\"thumbnailUrl\":\"https:\/\/staging.lucky-hunter.com\/wp-content\/uploads\/2019\/06\/LF-620.png\",\"datePublished\":\"2019-06-13T11:20:13+00:00\",\"dateModified\":\"2024-09-12T09:03:08+00:00\",\"description\":\"Big Al's Decoys USA est l'un des principaux producteurs de formes pour la chasse aux canards et aux oies. 12 pi\u00e8ces par paquet.\",\"breadcrumb\":{\"@id\":\"https:\/\/staging.lucky-hunter.com\/fr\/product\/big-als-silhouette-greylag-decoys\/#breadcrumb\"},\"inLanguage\":\"fr-FR\",\"potentialAction\":[{\"@type\":\"ReadAction\",\"target\":[\"https:\/\/staging.lucky-hunter.com\/fr\/product\/big-als-silhouette-greylag-decoys\/\"]}]},{\"@type\":\"ImageObject\",\"inLanguage\":\"fr-FR\",\"@id\":\"https:\/\/staging.lucky-hunter.com\/fr\/product\/big-als-silhouette-greylag-decoys\/#primaryimage\",\"url\":\"https:\/\/staging.lucky-hunter.com\/wp-content\/uploads\/2019\/06\/LF-620.png\",\"contentUrl\":\"https:\/\/staging.lucky-hunter.com\/wp-content\/uploads\/2019\/06\/LF-620.png\",\"width\":1000,\"height\":1000},{\"@type\":\"BreadcrumbList\",\"@id\":\"https:\/\/staging.lucky-hunter.com\/fr\/product\/big-als-silhouette-greylag-decoys\/#breadcrumb\",\"itemListElement\":[{\"@type\":\"ListItem\",\"position\":1,\"name\":\"Home\",\"item\":\"https:\/\/staging.lucky-hunter.com\/fr\/\"},{\"@type\":\"ListItem\",\"position\":2,\"name\":\"Boutique\",\"item\":\"https:\/\/staging.lucky-hunter.com\/fr\/shop\/\"},{\"@type\":\"ListItem\",\"position\":3,\"name\":\"Formes silhouette d\u2019oie cendr\u00e9e de Big Al &#8211; pack de 12\"}]},{\"@type\":\"WebSite\",\"@id\":\"https:\/\/staging.lucky-hunter.com\/#website\",\"url\":\"https:\/\/staging.lucky-hunter.com\/\",\"name\":\"Lucky-Hunter\",\"description\":\"Gear Up or Give Up\",\"potentialAction\":[{\"@type\":\"SearchAction\",\"target\":{\"@type\":\"EntryPoint\",\"urlTemplate\":\"https:\/\/staging.lucky-hunter.com\/?s={search_term_string}\"},\"query-input\":{\"@type\":\"PropertyValueSpecification\",\"valueRequired\":true,\"valueName\":\"search_term_string\"}}],\"inLanguage\":\"fr-FR\"}]}<\/script>\n<!-- \/ Yoast SEO plugin. -->","yoast_head_json":{"title":"Formes Silhouette d'oie cendr\u00e9e Big Al's - La solution id\u00e9ale pour \u00e9tendre votre \u00e9talement | Lucky Hunter","description":"Big Al's Decoys USA est l'un des principaux producteurs de formes pour la chasse aux canards et aux oies. 12 pi\u00e8ces par paquet.","robots":{"index":"noindex","follow":"follow","max-snippet":"max-snippet:-1","max-image-preview":"max-image-preview:large","max-video-preview":"max-video-preview:-1"},"og_locale":"fr_FR","og_type":"article","og_title":"Big Al's Silhouette Greylag Decoys - BIG News for 2019 Wildfowl Season | Lucky Hunter","og_description":"Les formes Silhouette d'oie cendr\u00e9e Big Al's arrivent pour la saison de gibier d'eau 2019 ! Les formes Silhouette de Big Al's sont id\u00e9ales pour toutes les situations de chasse au gibier d'eau.","og_url":"https:\/\/staging.lucky-hunter.com\/fr\/product\/big-als-silhouette-greylag-decoys\/","og_site_name":"Lucky-Hunter","article_modified_time":"2024-09-12T09:03:08+00:00","og_image":[{"width":1000,"height":1000,"url":"https:\/\/staging.lucky-hunter.com\/wp-content\/uploads\/2019\/06\/LF-620.png","type":"image\/png"}],"twitter_card":"summary_large_image","twitter_title":"Formes Silhouette d'oie cendr\u00e9e Big Al's - Grande nouvelle pour la saison de gibier d'eau 2019 | Lucky Hunter","twitter_description":"Les formes Silhouette d'oie cendr\u00e9e Big Al's arrivent pour la saison de gibier d'eau 2019 ! Les formes Silhouette de Big Al's sont id\u00e9ales pour toutes les situations de chasse au gibier d'eau.","twitter_misc":{"Dur\u00e9e de lecture estim\u00e9e":"2 minutes"},"schema":{"@context":"https:\/\/schema.org","@graph":[{"@type":"WebPage","@id":"https:\/\/staging.lucky-hunter.com\/fr\/product\/big-als-silhouette-greylag-decoys\/","url":"https:\/\/staging.lucky-hunter.com\/fr\/product\/big-als-silhouette-greylag-decoys\/","name":"Formes Silhouette d'oie cendr\u00e9e Big Al's - La solution id\u00e9ale pour \u00e9tendre votre \u00e9talement | Lucky Hunter","isPartOf":{"@id":"https:\/\/staging.lucky-hunter.com\/#website"},"primaryImageOfPage":{"@id":"https:\/\/staging.lucky-hunter.com\/fr\/product\/big-als-silhouette-greylag-decoys\/#primaryimage"},"image":{"@id":"https:\/\/staging.lucky-hunter.com\/fr\/product\/big-als-silhouette-greylag-decoys\/#primaryimage"},"thumbnailUrl":"https:\/\/staging.lucky-hunter.com\/wp-content\/uploads\/2019\/06\/LF-620.png","datePublished":"2019-06-13T11:20:13+00:00","dateModified":"2024-09-12T09:03:08+00:00","description":"Big Al's Decoys USA est l'un des principaux producteurs de formes pour la chasse aux canards et aux oies. 12 pi\u00e8ces par paquet.","breadcrumb":{"@id":"https:\/\/staging.lucky-hunter.com\/fr\/product\/big-als-silhouette-greylag-decoys\/#breadcrumb"},"inLanguage":"fr-FR","potentialAction":[{"@type":"ReadAction","target":["https:\/\/staging.lucky-hunter.com\/fr\/product\/big-als-silhouette-greylag-decoys\/"]}]},{"@type":"ImageObject","inLanguage":"fr-FR","@id":"https:\/\/staging.lucky-hunter.com\/fr\/product\/big-als-silhouette-greylag-decoys\/#primaryimage","url":"https:\/\/staging.lucky-hunter.com\/wp-content\/uploads\/2019\/06\/LF-620.png","contentUrl":"https:\/\/staging.lucky-hunter.com\/wp-content\/uploads\/2019\/06\/LF-620.png","width":1000,"height":1000},{"@type":"BreadcrumbList","@id":"https:\/\/staging.lucky-hunter.com\/fr\/product\/big-als-silhouette-greylag-decoys\/#breadcrumb","itemListElement":[{"@type":"ListItem","position":1,"name":"Home","item":"https:\/\/staging.lucky-hunter.com\/fr\/"},{"@type":"ListItem","position":2,"name":"Boutique","item":"https:\/\/staging.lucky-hunter.com\/fr\/shop\/"},{"@type":"ListItem","position":3,"name":"Formes silhouette d\u2019oie cendr\u00e9e de Big Al &#8211; pack de 12"}]},{"@type":"WebSite","@id":"https:\/\/staging.lucky-hunter.com\/#website","url":"https:\/\/staging.lucky-hunter.com\/","name":"Lucky-Hunter","description":"Gear Up or Give Up","potentialAction":[{"@type":"SearchAction","target":{"@type":"EntryPoint","urlTemplate":"https:\/\/staging.lucky-hunter.com\/?s={search_term_string}"},"query-input":{"@type":"PropertyValueSpecification","valueRequired":true,"valueName":"search_term_string"}}],"inLanguage":"fr-FR"}]}},"_links":{"self":[{"href":"https:\/\/staging.lucky-hunter.com\/fr\/wp-json\/wp\/v2\/product\/31146"}],"collection":[{"href":"https:\/\/staging.lucky-hunter.com\/fr\/wp-json\/wp\/v2\/product"}],"about":[{"href":"https:\/\/staging.lucky-hunter.com\/fr\/wp-json\/wp\/v2\/types\/product"}],"wp:featuredmedia":[{"embeddable":true,"href":"https:\/\/staging.lucky-hunter.com\/fr\/wp-json\/wp\/v2\/media\/53371"}],"wp:attachment":[{"href":"https:\/\/staging.lucky-hunter.com\/fr\/wp-json\/wp\/v2\/media?parent=31146"}],"wp:term":[{"taxonomy":"product_brand","embeddable":true,"href":"https:\/\/staging.lucky-hunter.com\/fr\/wp-json\/wp\/v2\/product_brand?post=31146"},{"taxonomy":"product_cat","embeddable":true,"href":"https:\/\/staging.lucky-hunter.com\/fr\/wp-json\/wp\/v2\/product_cat?post=31146"},{"taxonomy":"product_tag","embeddable":true,"href":"https:\/\/staging.lucky-hunter.com\/fr\/wp-json\/wp\/v2\/product_tag?post=31146"}],"curies":[{"name":"wp","href":"https:\/\/api.w.org\/{rel}","templated":true}]}}