{"id":31145,"date":"2017-03-13T14:20:19","date_gmt":"2017-03-13T13:20:19","guid":{"rendered":"https:\/\/staging.lucky-hunter.com\/product\/avian-x-full-body-greylags-2\/"},"modified":"2024-05-01T08:38:59","modified_gmt":"2024-05-01T06:38:59","slug":"avian-x-full-body-greylags","status":"publish","type":"product","link":"https:\/\/staging.lucky-hunter.com\/fr\/product\/avian-x-full-body-greylags\/","title":{"rendered":"Oies cendr\u00e9es \u00e0 corps entier Avian-X &#8211; Fusion Pack"},"content":{"rendered":"<p><iframe title=\"Avian-X Full Body Greylags | Decoys for goose hunting\" width=\"1020\" height=\"574\" src=\"https:\/\/www.youtube.com\/embed\/Vql8KOq-WGM?wmode=transparent&amp;rel=0&amp;feature=oembed&#038;enablejsapi=1&#038;origin=https:\/\/staging.lucky-hunter.com\" frameborder=\"0\" allow=\"accelerometer; autoplay; clipboard-write; encrypted-media; gyroscope; picture-in-picture\" allowfullscreen><\/iframe><\/p>\n<h2><strong><span style=\"vertical-align: inherit;\"><span style=\"vertical-align: inherit;\">Corps entier oie cendr\u00e9e Avian-X &#8211; L&#8217;excellence est dans les d\u00e9tails\u00a0<\/span><\/span><\/strong><\/h2>\n<p>Avian-X se concentre sur l&#8217;innovation et le d\u00e9veloppement continu pour cr\u00e9er les leurres de la meilleure qualit\u00e9 et les plus naturels au monde.<\/p>\n<p>Contrairement \u00e0 d&#8217;autres fournisseurs, Avian-X ne choisit pas la solution de facilit\u00e9 consistant \u00e0 utiliser le m\u00eame mod\u00e8le pour tous les leurres, les couleurs \u00e9tant la seule variation.<\/p>\n<p>Avian-X a investi des centaines d&#8217;heures pour concevoir et peindre chaque type d&#8217;oiseau &#8211; dans ce cas &#8211; l&#8217;oie cendr\u00e9e, et il en r\u00e9sulte des leurres avec des d\u00e9tails extr\u00eames, \u00e0 la fois dans l&#8217;anatomie, les positions de la t\u00eate et les postures du corps. Ce proc\u00e9d\u00e9 unique permet de faire des leurres une copie exacte de la r\u00e9alit\u00e9.<\/p>\n<p><strong>Vendues par pack de 6 avec diff\u00e9rentes positions de t\u00eate\u00a0:<\/strong><\/p>\n<ul>\n<li>1 Oie Sentinelle<\/li>\n<li>2 Oies en train de marcher<\/li>\n<li>3 Oies en train de se nourrir<\/li>\n<li>6 Piquets de montage robustes et de qualit\u00e9, afin que les oies soient stables m\u00eame par vent fort<\/li>\n<li>1 \u00e9tui de transport avec 6 compartiments.<\/li>\n<\/ul>\n<p>Les leurres sont fabriqu\u00e9s dans un plastique souple et flexible et l&#8217;avantage est, entre autres, que les leurres peuvent \u00eatre utilis\u00e9s sans risque de fissure, m\u00eame \u00e0 des temp\u00e9ratures glaciales. Vous pouvez facilement enlever la glace et la neige des leurres avec une l\u00e9g\u00e8re pouss\u00e9e ou pression.<\/p>\n<p>Les oies cendr\u00e9es Avian-X sont peintes avec la m\u00eame peinture r\u00e9volutionnaire mate et ultra adh\u00e9rente que celle des leurres de malard Avian-X. Les oies ne brillent pas avec la lumi\u00e8re UV et la peinture ne s&#8217;\u00e9caille pas. Contrairement aux formes bon march\u00e9 avec lesquelles ces probl\u00e8mes sont r\u00e9currents.<\/p>\n<p>Certains chasseurs d&#8217;oies seront sceptiques et conserveront les leurres traditionnels avec flocage, mais Avian-X est synonyme d&#8217;innovation et de d\u00e9veloppement continu pour cr\u00e9er les leurres les plus naturels et de la meilleure qualit\u00e9 au monde.<\/p>\n","protected":false},"excerpt":{"rendered":"<p>Avian-X se concentre sur l&#8217;innovation et le d\u00e9veloppement continu pour cr\u00e9er les leurres de la meilleure qualit\u00e9 et les plus naturels au monde.\u00a0Vendues par pack de 6 avec diff\u00e9rentes positions de t\u00eate.<\/p>\n","protected":false},"featured_media":29479,"template":"","meta":[],"product_brand":[8132],"product_cat":[8538],"product_tag":[],"yoast_head":"<!-- This site is optimized with the Yoast SEO plugin v24.3 - https:\/\/yoast.com\/wordpress\/plugins\/seo\/ -->\n<title>Avian-X Full Body Greylags - Nordic goose series from Avian-X | Lucky Hunter<\/title>\n<meta name=\"description\" content=\"Avian-X Full Body Greylags are hyper-realistic, as well as super high quality. Avian-X designs top of the line decoys, every single time.\" \/>\n<meta name=\"robots\" content=\"noindex, follow, max-snippet:-1, max-image-preview:large, max-video-preview:-1\" \/>\n<meta property=\"og:locale\" content=\"fr_FR\" \/>\n<meta property=\"og:type\" content=\"article\" \/>\n<meta property=\"og:title\" content=\"Avian-X Greylag - NEW Nordic goose series from Avian-X | Lucky Hunter\" \/>\n<meta property=\"og:description\" content=\"Avian-X Greylag is hyper realistic, as well as super high quality. Avian-X designs top of the line decoys, every single time.\" \/>\n<meta property=\"og:url\" content=\"https:\/\/staging.lucky-hunter.com\/fr\/product\/avian-x-full-body-greylags\/\" \/>\n<meta property=\"og:site_name\" content=\"Lucky-Hunter\" \/>\n<meta property=\"article:modified_time\" content=\"2024-05-01T06:38:59+00:00\" \/>\n<meta property=\"og:image\" content=\"https:\/\/staging.lucky-hunter.com\/wp-content\/uploads\/2017\/03\/LF-324.png\" \/>\n\t<meta property=\"og:image:width\" content=\"1000\" \/>\n\t<meta property=\"og:image:height\" content=\"1000\" \/>\n\t<meta property=\"og:image:type\" content=\"image\/png\" \/>\n<meta name=\"twitter:card\" content=\"summary_large_image\" \/>\n<meta name=\"twitter:title\" content=\"Avian-X Greylag - NEW Nordic goose series from Avian-X | Lucky Hunter\" \/>\n<meta name=\"twitter:description\" content=\"Avian-X Greylag is hyper realistic, as well as super high quality. Avian-X designs top of the line decoys, every single time.\" \/>\n<meta name=\"twitter:label1\" content=\"Dur\u00e9e de lecture estim\u00e9e\" \/>\n\t<meta name=\"twitter:data1\" content=\"2 minutes\" \/>\n<script type=\"application\/ld+json\" class=\"yoast-schema-graph\">{\"@context\":\"https:\/\/schema.org\",\"@graph\":[{\"@type\":\"WebPage\",\"@id\":\"https:\/\/staging.lucky-hunter.com\/fr\/product\/avian-x-full-body-greylags\/\",\"url\":\"https:\/\/staging.lucky-hunter.com\/fr\/product\/avian-x-full-body-greylags\/\",\"name\":\"Avian-X Full Body Greylags - Nordic goose series from Avian-X | Lucky Hunter\",\"isPartOf\":{\"@id\":\"https:\/\/staging.lucky-hunter.com\/#website\"},\"primaryImageOfPage\":{\"@id\":\"https:\/\/staging.lucky-hunter.com\/fr\/product\/avian-x-full-body-greylags\/#primaryimage\"},\"image\":{\"@id\":\"https:\/\/staging.lucky-hunter.com\/fr\/product\/avian-x-full-body-greylags\/#primaryimage\"},\"thumbnailUrl\":\"https:\/\/staging.lucky-hunter.com\/wp-content\/uploads\/2017\/03\/LF-324.png\",\"datePublished\":\"2017-03-13T13:20:19+00:00\",\"dateModified\":\"2024-05-01T06:38:59+00:00\",\"description\":\"Avian-X Full Body Greylags are hyper-realistic, as well as super high quality. Avian-X designs top of the line decoys, every single time.\",\"breadcrumb\":{\"@id\":\"https:\/\/staging.lucky-hunter.com\/fr\/product\/avian-x-full-body-greylags\/#breadcrumb\"},\"inLanguage\":\"fr-FR\",\"potentialAction\":[{\"@type\":\"ReadAction\",\"target\":[\"https:\/\/staging.lucky-hunter.com\/fr\/product\/avian-x-full-body-greylags\/\"]}]},{\"@type\":\"ImageObject\",\"inLanguage\":\"fr-FR\",\"@id\":\"https:\/\/staging.lucky-hunter.com\/fr\/product\/avian-x-full-body-greylags\/#primaryimage\",\"url\":\"https:\/\/staging.lucky-hunter.com\/wp-content\/uploads\/2017\/03\/LF-324.png\",\"contentUrl\":\"https:\/\/staging.lucky-hunter.com\/wp-content\/uploads\/2017\/03\/LF-324.png\",\"width\":1000,\"height\":1000,\"caption\":\"Avian-X Full Body Greylags - Fusion Pack - a mixture of Pinkfoot goose decoys for your next wildfowling trip\"},{\"@type\":\"BreadcrumbList\",\"@id\":\"https:\/\/staging.lucky-hunter.com\/fr\/product\/avian-x-full-body-greylags\/#breadcrumb\",\"itemListElement\":[{\"@type\":\"ListItem\",\"position\":1,\"name\":\"Home\",\"item\":\"https:\/\/staging.lucky-hunter.com\/fr\/\"},{\"@type\":\"ListItem\",\"position\":2,\"name\":\"Boutique\",\"item\":\"https:\/\/staging.lucky-hunter.com\/fr\/shop\/\"},{\"@type\":\"ListItem\",\"position\":3,\"name\":\"Oies cendr\u00e9es \u00e0 corps entier Avian-X &#8211; Fusion Pack\"}]},{\"@type\":\"WebSite\",\"@id\":\"https:\/\/staging.lucky-hunter.com\/#website\",\"url\":\"https:\/\/staging.lucky-hunter.com\/\",\"name\":\"Lucky-Hunter\",\"description\":\"Gear Up or Give Up\",\"potentialAction\":[{\"@type\":\"SearchAction\",\"target\":{\"@type\":\"EntryPoint\",\"urlTemplate\":\"https:\/\/staging.lucky-hunter.com\/?s={search_term_string}\"},\"query-input\":{\"@type\":\"PropertyValueSpecification\",\"valueRequired\":true,\"valueName\":\"search_term_string\"}}],\"inLanguage\":\"fr-FR\"}]}<\/script>\n<!-- \/ Yoast SEO plugin. -->","yoast_head_json":{"title":"Avian-X Full Body Greylags - Nordic goose series from Avian-X | Lucky Hunter","description":"Avian-X Full Body Greylags are hyper-realistic, as well as super high quality. Avian-X designs top of the line decoys, every single time.","robots":{"index":"noindex","follow":"follow","max-snippet":"max-snippet:-1","max-image-preview":"max-image-preview:large","max-video-preview":"max-video-preview:-1"},"og_locale":"fr_FR","og_type":"article","og_title":"Avian-X Greylag - NEW Nordic goose series from Avian-X | Lucky Hunter","og_description":"Avian-X Greylag is hyper realistic, as well as super high quality. Avian-X designs top of the line decoys, every single time.","og_url":"https:\/\/staging.lucky-hunter.com\/fr\/product\/avian-x-full-body-greylags\/","og_site_name":"Lucky-Hunter","article_modified_time":"2024-05-01T06:38:59+00:00","og_image":[{"width":1000,"height":1000,"url":"https:\/\/staging.lucky-hunter.com\/wp-content\/uploads\/2017\/03\/LF-324.png","type":"image\/png"}],"twitter_card":"summary_large_image","twitter_title":"Avian-X Greylag - NEW Nordic goose series from Avian-X | Lucky Hunter","twitter_description":"Avian-X Greylag is hyper realistic, as well as super high quality. Avian-X designs top of the line decoys, every single time.","twitter_misc":{"Dur\u00e9e de lecture estim\u00e9e":"2 minutes"},"schema":{"@context":"https:\/\/schema.org","@graph":[{"@type":"WebPage","@id":"https:\/\/staging.lucky-hunter.com\/fr\/product\/avian-x-full-body-greylags\/","url":"https:\/\/staging.lucky-hunter.com\/fr\/product\/avian-x-full-body-greylags\/","name":"Avian-X Full Body Greylags - Nordic goose series from Avian-X | Lucky Hunter","isPartOf":{"@id":"https:\/\/staging.lucky-hunter.com\/#website"},"primaryImageOfPage":{"@id":"https:\/\/staging.lucky-hunter.com\/fr\/product\/avian-x-full-body-greylags\/#primaryimage"},"image":{"@id":"https:\/\/staging.lucky-hunter.com\/fr\/product\/avian-x-full-body-greylags\/#primaryimage"},"thumbnailUrl":"https:\/\/staging.lucky-hunter.com\/wp-content\/uploads\/2017\/03\/LF-324.png","datePublished":"2017-03-13T13:20:19+00:00","dateModified":"2024-05-01T06:38:59+00:00","description":"Avian-X Full Body Greylags are hyper-realistic, as well as super high quality. Avian-X designs top of the line decoys, every single time.","breadcrumb":{"@id":"https:\/\/staging.lucky-hunter.com\/fr\/product\/avian-x-full-body-greylags\/#breadcrumb"},"inLanguage":"fr-FR","potentialAction":[{"@type":"ReadAction","target":["https:\/\/staging.lucky-hunter.com\/fr\/product\/avian-x-full-body-greylags\/"]}]},{"@type":"ImageObject","inLanguage":"fr-FR","@id":"https:\/\/staging.lucky-hunter.com\/fr\/product\/avian-x-full-body-greylags\/#primaryimage","url":"https:\/\/staging.lucky-hunter.com\/wp-content\/uploads\/2017\/03\/LF-324.png","contentUrl":"https:\/\/staging.lucky-hunter.com\/wp-content\/uploads\/2017\/03\/LF-324.png","width":1000,"height":1000,"caption":"Avian-X Full Body Greylags - Fusion Pack - a mixture of Pinkfoot goose decoys for your next wildfowling trip"},{"@type":"BreadcrumbList","@id":"https:\/\/staging.lucky-hunter.com\/fr\/product\/avian-x-full-body-greylags\/#breadcrumb","itemListElement":[{"@type":"ListItem","position":1,"name":"Home","item":"https:\/\/staging.lucky-hunter.com\/fr\/"},{"@type":"ListItem","position":2,"name":"Boutique","item":"https:\/\/staging.lucky-hunter.com\/fr\/shop\/"},{"@type":"ListItem","position":3,"name":"Oies cendr\u00e9es \u00e0 corps entier Avian-X &#8211; Fusion Pack"}]},{"@type":"WebSite","@id":"https:\/\/staging.lucky-hunter.com\/#website","url":"https:\/\/staging.lucky-hunter.com\/","name":"Lucky-Hunter","description":"Gear Up or Give Up","potentialAction":[{"@type":"SearchAction","target":{"@type":"EntryPoint","urlTemplate":"https:\/\/staging.lucky-hunter.com\/?s={search_term_string}"},"query-input":{"@type":"PropertyValueSpecification","valueRequired":true,"valueName":"search_term_string"}}],"inLanguage":"fr-FR"}]}},"_links":{"self":[{"href":"https:\/\/staging.lucky-hunter.com\/fr\/wp-json\/wp\/v2\/product\/31145"}],"collection":[{"href":"https:\/\/staging.lucky-hunter.com\/fr\/wp-json\/wp\/v2\/product"}],"about":[{"href":"https:\/\/staging.lucky-hunter.com\/fr\/wp-json\/wp\/v2\/types\/product"}],"wp:featuredmedia":[{"embeddable":true,"href":"https:\/\/staging.lucky-hunter.com\/fr\/wp-json\/wp\/v2\/media\/29479"}],"wp:attachment":[{"href":"https:\/\/staging.lucky-hunter.com\/fr\/wp-json\/wp\/v2\/media?parent=31145"}],"wp:term":[{"taxonomy":"product_brand","embeddable":true,"href":"https:\/\/staging.lucky-hunter.com\/fr\/wp-json\/wp\/v2\/product_brand?post=31145"},{"taxonomy":"product_cat","embeddable":true,"href":"https:\/\/staging.lucky-hunter.com\/fr\/wp-json\/wp\/v2\/product_cat?post=31145"},{"taxonomy":"product_tag","embeddable":true,"href":"https:\/\/staging.lucky-hunter.com\/fr\/wp-json\/wp\/v2\/product_tag?post=31145"}],"curies":[{"name":"wp","href":"https:\/\/api.w.org\/{rel}","templated":true}]}}