{"id":31143,"date":"2016-11-07T16:10:58","date_gmt":"2016-11-07T15:10:58","guid":{"rendered":"https:\/\/staging.lucky-hunter.com\/product\/goose-call-acrylic-2\/"},"modified":"2025-03-13T01:45:33","modified_gmt":"2025-03-13T00:45:33","slug":"goose-call-acrylic","status":"publish","type":"product","link":"https:\/\/staging.lucky-hunter.com\/fr\/product\/goose-call-acrylic\/","title":{"rendered":"Appeau \u00e0 oie cendr\u00e9e en acrylique"},"content":{"rendered":"<div class=\"video video-fit mb\" style=\"padding-top:56.25%;\"><p><iframe width=\"1020\" height=\"574\" src=\"https:\/\/www.youtube.com\/embed\/SXftIdb8e4s?wmode=transparent&amp;rel=0&amp;feature=oembed\" frameborder=\"0\" gesture=\"media\" allowfullscreen><\/iframe><\/p>\n<\/div>\n<h2><strong>Appeau \u00e0 oie cendr\u00e9e en acrylique &#8211; parfait pour les novices et les chasseurs chevronn\u00e9s<\/strong><\/h2>\n<p>Cet appeau \u00e0 oie convient parfaitement aux d\u00e9butants dans le grand art de l&#8217;appel du gibier ou au chasseur d&#8217;oies qui n&#8217;est pas un champion de la technique de contre-pression. De ce fait, n&#8217;importe qui peut s\u2019y mettre et commencer \u00e0 pratiquer, sans avoir l&#8217;impression que c&#8217;est trop compliqu\u00e9.<\/p>\n<p>L&#8217;appeau \u00e0 oie est en acrylique l\u00e9ger et imite un son d\u2019oie cendr\u00e9e tr\u00e8s r\u00e9aliste. Cela augmentera sans aucun doute vos chances de r\u00e9ussir votre chasse \u00e0 l&#8217;oie. Comme il est l\u00e9ger, il est facile \u00e0 transporter, pr\u00eat pour la chasse.<\/p>\n","protected":false},"excerpt":{"rendered":"<p>Cet appeau pour oie est parfaitement adapt\u00e9 aux d\u00e9butants dans l&#8217;art de l&#8217;appel du gibier, ou \u00e0 ceux qui ne ma\u00eetrisent pas la technique de pression arri\u00e8re comme un champion.<\/p>\n","protected":false},"featured_media":29506,"template":"","meta":[],"product_brand":[8121],"product_cat":[8168],"product_tag":[9446],"yoast_head":"<!-- This site is optimized with the Yoast SEO plugin v24.3 - https:\/\/yoast.com\/wordpress\/plugins\/seo\/ -->\n<title>Goose Call Acrylic - Realistic Greylag Sound | Lucky Hunter<\/title>\n<meta name=\"description\" content=\"Perfect for beginners. The Greylag Goose Call Acrylic is the perfect call for those who are new to using game calls as part of their hunting arsenal.\" \/>\n<meta name=\"robots\" content=\"noindex, follow, max-snippet:-1, max-image-preview:large, max-video-preview:-1\" \/>\n<meta property=\"og:locale\" content=\"fr_FR\" \/>\n<meta property=\"og:type\" content=\"article\" \/>\n<meta property=\"og:title\" content=\"Goose Call Acrylic - Realistic Greylag Sound | Lucky Hunter\" \/>\n<meta property=\"og:description\" content=\"Perfect for beginners. The Goose Call Acrylic is the perfect call for those who are new to using game calls as part of their hunting arsenal.\" \/>\n<meta property=\"og:url\" content=\"https:\/\/staging.lucky-hunter.com\/product\/goose-call-acrylic\/\" \/>\n<meta property=\"og:site_name\" content=\"Lucky-Hunter\" \/>\n<meta property=\"article:modified_time\" content=\"2025-03-13T00:45:33+00:00\" \/>\n<meta property=\"og:image\" content=\"https:\/\/staging.lucky-hunter.com\/wp-content\/uploads\/2016\/11\/510536.png\" \/>\n\t<meta property=\"og:image:width\" content=\"1000\" \/>\n\t<meta property=\"og:image:height\" content=\"1000\" \/>\n\t<meta property=\"og:image:type\" content=\"image\/png\" \/>\n<meta name=\"twitter:card\" content=\"summary_large_image\" \/>\n<meta name=\"twitter:title\" content=\"Goose Call Acrylic - Realistic Greylag Sound | Lucky Hunter\" \/>\n<meta name=\"twitter:description\" content=\"Perfect for beginners. The Goose Call Acrylic is the perfect call for those who are new to using game calls as part of their hunting arsenal.\" \/>\n<meta name=\"twitter:label1\" content=\"Dur\u00e9e de lecture estim\u00e9e\" \/>\n\t<meta name=\"twitter:data1\" content=\"1 minute\" \/>\n<script type=\"application\/ld+json\" class=\"yoast-schema-graph\">{\"@context\":\"https:\/\/schema.org\",\"@graph\":[{\"@type\":\"WebPage\",\"@id\":\"https:\/\/staging.lucky-hunter.com\/product\/goose-call-acrylic\/\",\"url\":\"https:\/\/staging.lucky-hunter.com\/product\/goose-call-acrylic\/\",\"name\":\"Goose Call Acrylic - Realistic Greylag Sound | Lucky Hunter\",\"isPartOf\":{\"@id\":\"https:\/\/staging.lucky-hunter.com\/#website\"},\"primaryImageOfPage\":{\"@id\":\"https:\/\/staging.lucky-hunter.com\/product\/goose-call-acrylic\/#primaryimage\"},\"image\":{\"@id\":\"https:\/\/staging.lucky-hunter.com\/product\/goose-call-acrylic\/#primaryimage\"},\"thumbnailUrl\":\"https:\/\/staging.lucky-hunter.com\/wp-content\/uploads\/2016\/11\/510536.png\",\"datePublished\":\"2016-11-07T15:10:58+00:00\",\"dateModified\":\"2025-03-13T00:45:33+00:00\",\"description\":\"Perfect for beginners. The Greylag Goose Call Acrylic is the perfect call for those who are new to using game calls as part of their hunting arsenal.\",\"breadcrumb\":{\"@id\":\"https:\/\/staging.lucky-hunter.com\/product\/goose-call-acrylic\/#breadcrumb\"},\"inLanguage\":\"fr-FR\",\"potentialAction\":[{\"@type\":\"ReadAction\",\"target\":[\"https:\/\/staging.lucky-hunter.com\/product\/goose-call-acrylic\/\"]}]},{\"@type\":\"ImageObject\",\"inLanguage\":\"fr-FR\",\"@id\":\"https:\/\/staging.lucky-hunter.com\/product\/goose-call-acrylic\/#primaryimage\",\"url\":\"https:\/\/staging.lucky-hunter.com\/wp-content\/uploads\/2016\/11\/510536.png\",\"contentUrl\":\"https:\/\/staging.lucky-hunter.com\/wp-content\/uploads\/2016\/11\/510536.png\",\"width\":1000,\"height\":1000},{\"@type\":\"BreadcrumbList\",\"@id\":\"https:\/\/staging.lucky-hunter.com\/product\/goose-call-acrylic\/#breadcrumb\",\"itemListElement\":[{\"@type\":\"ListItem\",\"position\":1,\"name\":\"Home\",\"item\":\"https:\/\/staging.lucky-hunter.com\/fr\/\"},{\"@type\":\"ListItem\",\"position\":2,\"name\":\"Boutique\",\"item\":\"https:\/\/staging.lucky-hunter.com\/fr\/shop\/\"},{\"@type\":\"ListItem\",\"position\":3,\"name\":\"Appeau \u00e0 oie cendr\u00e9e en acrylique\"}]},{\"@type\":\"WebSite\",\"@id\":\"https:\/\/staging.lucky-hunter.com\/#website\",\"url\":\"https:\/\/staging.lucky-hunter.com\/\",\"name\":\"Lucky-Hunter\",\"description\":\"Gear Up or Give Up\",\"potentialAction\":[{\"@type\":\"SearchAction\",\"target\":{\"@type\":\"EntryPoint\",\"urlTemplate\":\"https:\/\/staging.lucky-hunter.com\/?s={search_term_string}\"},\"query-input\":{\"@type\":\"PropertyValueSpecification\",\"valueRequired\":true,\"valueName\":\"search_term_string\"}}],\"inLanguage\":\"fr-FR\"}]}<\/script>\n<!-- \/ Yoast SEO plugin. -->","yoast_head_json":{"title":"Goose Call Acrylic - Realistic Greylag Sound | Lucky Hunter","description":"Perfect for beginners. The Greylag Goose Call Acrylic is the perfect call for those who are new to using game calls as part of their hunting arsenal.","robots":{"index":"noindex","follow":"follow","max-snippet":"max-snippet:-1","max-image-preview":"max-image-preview:large","max-video-preview":"max-video-preview:-1"},"og_locale":"fr_FR","og_type":"article","og_title":"Goose Call Acrylic - Realistic Greylag Sound | Lucky Hunter","og_description":"Perfect for beginners. The Goose Call Acrylic is the perfect call for those who are new to using game calls as part of their hunting arsenal.","og_url":"https:\/\/staging.lucky-hunter.com\/product\/goose-call-acrylic\/","og_site_name":"Lucky-Hunter","article_modified_time":"2025-03-13T00:45:33+00:00","og_image":[{"width":1000,"height":1000,"url":"https:\/\/staging.lucky-hunter.com\/wp-content\/uploads\/2016\/11\/510536.png","type":"image\/png"}],"twitter_card":"summary_large_image","twitter_title":"Goose Call Acrylic - Realistic Greylag Sound | Lucky Hunter","twitter_description":"Perfect for beginners. The Goose Call Acrylic is the perfect call for those who are new to using game calls as part of their hunting arsenal.","twitter_misc":{"Dur\u00e9e de lecture estim\u00e9e":"1 minute"},"schema":{"@context":"https:\/\/schema.org","@graph":[{"@type":"WebPage","@id":"https:\/\/staging.lucky-hunter.com\/product\/goose-call-acrylic\/","url":"https:\/\/staging.lucky-hunter.com\/product\/goose-call-acrylic\/","name":"Goose Call Acrylic - Realistic Greylag Sound | Lucky Hunter","isPartOf":{"@id":"https:\/\/staging.lucky-hunter.com\/#website"},"primaryImageOfPage":{"@id":"https:\/\/staging.lucky-hunter.com\/product\/goose-call-acrylic\/#primaryimage"},"image":{"@id":"https:\/\/staging.lucky-hunter.com\/product\/goose-call-acrylic\/#primaryimage"},"thumbnailUrl":"https:\/\/staging.lucky-hunter.com\/wp-content\/uploads\/2016\/11\/510536.png","datePublished":"2016-11-07T15:10:58+00:00","dateModified":"2025-03-13T00:45:33+00:00","description":"Perfect for beginners. The Greylag Goose Call Acrylic is the perfect call for those who are new to using game calls as part of their hunting arsenal.","breadcrumb":{"@id":"https:\/\/staging.lucky-hunter.com\/product\/goose-call-acrylic\/#breadcrumb"},"inLanguage":"fr-FR","potentialAction":[{"@type":"ReadAction","target":["https:\/\/staging.lucky-hunter.com\/product\/goose-call-acrylic\/"]}]},{"@type":"ImageObject","inLanguage":"fr-FR","@id":"https:\/\/staging.lucky-hunter.com\/product\/goose-call-acrylic\/#primaryimage","url":"https:\/\/staging.lucky-hunter.com\/wp-content\/uploads\/2016\/11\/510536.png","contentUrl":"https:\/\/staging.lucky-hunter.com\/wp-content\/uploads\/2016\/11\/510536.png","width":1000,"height":1000},{"@type":"BreadcrumbList","@id":"https:\/\/staging.lucky-hunter.com\/product\/goose-call-acrylic\/#breadcrumb","itemListElement":[{"@type":"ListItem","position":1,"name":"Home","item":"https:\/\/staging.lucky-hunter.com\/fr\/"},{"@type":"ListItem","position":2,"name":"Boutique","item":"https:\/\/staging.lucky-hunter.com\/fr\/shop\/"},{"@type":"ListItem","position":3,"name":"Appeau \u00e0 oie cendr\u00e9e en acrylique"}]},{"@type":"WebSite","@id":"https:\/\/staging.lucky-hunter.com\/#website","url":"https:\/\/staging.lucky-hunter.com\/","name":"Lucky-Hunter","description":"Gear Up or Give Up","potentialAction":[{"@type":"SearchAction","target":{"@type":"EntryPoint","urlTemplate":"https:\/\/staging.lucky-hunter.com\/?s={search_term_string}"},"query-input":{"@type":"PropertyValueSpecification","valueRequired":true,"valueName":"search_term_string"}}],"inLanguage":"fr-FR"}]}},"_links":{"self":[{"href":"https:\/\/staging.lucky-hunter.com\/fr\/wp-json\/wp\/v2\/product\/31143"}],"collection":[{"href":"https:\/\/staging.lucky-hunter.com\/fr\/wp-json\/wp\/v2\/product"}],"about":[{"href":"https:\/\/staging.lucky-hunter.com\/fr\/wp-json\/wp\/v2\/types\/product"}],"wp:featuredmedia":[{"embeddable":true,"href":"https:\/\/staging.lucky-hunter.com\/fr\/wp-json\/wp\/v2\/media\/29506"}],"wp:attachment":[{"href":"https:\/\/staging.lucky-hunter.com\/fr\/wp-json\/wp\/v2\/media?parent=31143"}],"wp:term":[{"taxonomy":"product_brand","embeddable":true,"href":"https:\/\/staging.lucky-hunter.com\/fr\/wp-json\/wp\/v2\/product_brand?post=31143"},{"taxonomy":"product_cat","embeddable":true,"href":"https:\/\/staging.lucky-hunter.com\/fr\/wp-json\/wp\/v2\/product_cat?post=31143"},{"taxonomy":"product_tag","embeddable":true,"href":"https:\/\/staging.lucky-hunter.com\/fr\/wp-json\/wp\/v2\/product_tag?post=31143"}],"curies":[{"name":"wp","href":"https:\/\/api.w.org\/{rel}","templated":true}]}}