{"id":31142,"date":"2020-05-27T13:08:06","date_gmt":"2020-05-27T11:08:06","guid":{"rendered":"https:\/\/staging.lucky-hunter.com\/product\/ghg-greylag-decoys-lifesize-floaters-2\/"},"modified":"2024-09-12T10:51:55","modified_gmt":"2024-09-12T08:51:55","slug":"ghg-greylag-decoys-lifesize-floaters","status":"publish","type":"product","link":"https:\/\/staging.lucky-hunter.com\/fr\/product\/ghg-greylag-decoys-lifesize-floaters\/","title":{"rendered":"Formes d&#8217;oie cendr\u00e9e GHG &#8211; Flotteurs grandeur nature"},"content":{"rendered":"<p><iframe title=\"GHG Greylag Decoys \u2013 Lifesize Floaters\" width=\"1020\" height=\"574\" src=\"https:\/\/www.youtube.com\/embed\/7Kt2EjPVbYM?wmode=transparent&amp;rel=0&amp;feature=oembed&#038;enablejsapi=1&#038;origin=https:\/\/staging.lucky-hunter.com\" frameborder=\"0\" allow=\"accelerometer; autoplay; clipboard-write; encrypted-media; gyroscope; picture-in-picture\" allowfullscreen><\/iframe><\/p>\n<h2><strong>Leurres oie cendr\u00e9e GHG<\/strong><\/h2>\n<p>Magnifiques leurres flottants oie cendr\u00e9e de l\u2019am\u00e9ricain GHG &#8211; l&#8217;un des fabricants de leurres les plus respect\u00e9s du march\u00e9.<\/p>\n<p>Les leurres sont fabriqu\u00e9s grandeur nature pour une visibilit\u00e9 suppl\u00e9mentaire sur l&#8217;eau et bien s\u00fbr avec une peinture neutre aux UV, mate et durable. Les leurres sont ainsi beaucoup plus r\u00e9alistes lorsqu&#8217;ils flottent sur l&#8217;eau.<\/p>\n<p>Les d\u00e9tails dans les couleurs et les plumes ont \u00e9t\u00e9 soigneusement recr\u00e9\u00e9s pour imiter de vraies oies cendr\u00e9es en train de nager. Ces leurres de haute qualit\u00e9 sont donc parfaits pour attirer les oies.<\/p>\n<p>Taille\u00a0: Environ. 62 cm du bec au bout de la queue. Largeur environ 27 cm. Hauteur du niveau de l&#8217;eau \u00e0 l&#8217;arri\u00e8re env. 19 cm.<\/p>\n<p>Poids d&#8217;un leurre\u00a0: env. 1,3 kg.<\/p>\n<p>Contenu de l\u2019emballage\u00a0: 4 leurres.<\/p>\n","protected":false},"excerpt":{"rendered":"<p>Belles formes flottantes d&#8217;oie cendr\u00e9e de GHG, l&#8217;un des fabricants de formes les plus respect\u00e9s du march\u00e9. Ces formes sont de taille r\u00e9elle pour une meilleure visibilit\u00e9 sur l&#8217;eau.<\/p>\n","protected":false},"featured_media":30444,"template":"","meta":[],"product_brand":[8125],"product_cat":[8175],"product_tag":[9446],"yoast_head":"<!-- This site is optimized with the Yoast SEO plugin v24.3 - https:\/\/yoast.com\/wordpress\/plugins\/seo\/ -->\n<title>Formes d&#039;oie cendr\u00e9e GHG - Flottantes taille r\u00e9elle. Soigneusement recr\u00e9\u00e9es pour imiter de vraies oies cendr\u00e9es nageant | Lucky Hunter<\/title>\n<meta name=\"description\" content=\"Formes d&#039;oie cendr\u00e9e GHG - flottantes taille r\u00e9elle recr\u00e9\u00e9es pour imiter de vraies oies cendr\u00e9es nageant. Elles sont de taille r\u00e9elle pour offrir une meilleure visibilit\u00e9 sur l&#039;eau.\" \/>\n<meta name=\"robots\" content=\"noindex, follow, max-snippet:-1, max-image-preview:large, max-video-preview:-1\" \/>\n<meta property=\"og:locale\" content=\"fr_FR\" \/>\n<meta property=\"og:type\" content=\"article\" \/>\n<meta property=\"og:title\" content=\"Formes d&#039;oie cendr\u00e9e GHG - Flottantes taille r\u00e9elle. Soigneusement recr\u00e9\u00e9es pour imiter de vraies oies cendr\u00e9es nageant | Lucky Hunter\" \/>\n<meta property=\"og:description\" content=\"Formes d&#039;oie cendr\u00e9e GHG - flottantes taille r\u00e9elle recr\u00e9\u00e9es pour imiter de vraies oies cendr\u00e9es nageant. Elles sont de taille r\u00e9elle pour offrir une meilleure visibilit\u00e9 sur l&#039;eau.\" \/>\n<meta property=\"og:url\" content=\"https:\/\/staging.lucky-hunter.com\/fr\/product\/ghg-greylag-decoys-lifesize-floaters\/\" \/>\n<meta property=\"og:site_name\" content=\"Lucky-Hunter\" \/>\n<meta property=\"article:modified_time\" content=\"2024-09-12T08:51:55+00:00\" \/>\n<meta property=\"og:image\" content=\"https:\/\/staging.lucky-hunter.com\/wp-content\/uploads\/2020\/05\/lf-104_diferenttogether.png.webp\" \/>\n\t<meta property=\"og:image:width\" content=\"1000\" \/>\n\t<meta property=\"og:image:height\" content=\"1000\" \/>\n\t<meta property=\"og:image:type\" content=\"image\/webp\" \/>\n<meta name=\"twitter:card\" content=\"summary_large_image\" \/>\n<meta name=\"twitter:label1\" content=\"Dur\u00e9e de lecture estim\u00e9e\" \/>\n\t<meta name=\"twitter:data1\" content=\"1 minute\" \/>\n<script type=\"application\/ld+json\" class=\"yoast-schema-graph\">{\"@context\":\"https:\/\/schema.org\",\"@graph\":[{\"@type\":\"WebPage\",\"@id\":\"https:\/\/staging.lucky-hunter.com\/fr\/product\/ghg-greylag-decoys-lifesize-floaters\/\",\"url\":\"https:\/\/staging.lucky-hunter.com\/fr\/product\/ghg-greylag-decoys-lifesize-floaters\/\",\"name\":\"Formes d'oie cendr\u00e9e GHG - Flottantes taille r\u00e9elle. Soigneusement recr\u00e9\u00e9es pour imiter de vraies oies cendr\u00e9es nageant | Lucky Hunter\",\"isPartOf\":{\"@id\":\"https:\/\/staging.lucky-hunter.com\/#website\"},\"primaryImageOfPage\":{\"@id\":\"https:\/\/staging.lucky-hunter.com\/fr\/product\/ghg-greylag-decoys-lifesize-floaters\/#primaryimage\"},\"image\":{\"@id\":\"https:\/\/staging.lucky-hunter.com\/fr\/product\/ghg-greylag-decoys-lifesize-floaters\/#primaryimage\"},\"thumbnailUrl\":\"https:\/\/staging.lucky-hunter.com\/wp-content\/uploads\/2020\/05\/lf-104_diferenttogether.png.webp\",\"datePublished\":\"2020-05-27T11:08:06+00:00\",\"dateModified\":\"2024-09-12T08:51:55+00:00\",\"description\":\"Formes d'oie cendr\u00e9e GHG - flottantes taille r\u00e9elle recr\u00e9\u00e9es pour imiter de vraies oies cendr\u00e9es nageant. Elles sont de taille r\u00e9elle pour offrir une meilleure visibilit\u00e9 sur l'eau.\",\"breadcrumb\":{\"@id\":\"https:\/\/staging.lucky-hunter.com\/fr\/product\/ghg-greylag-decoys-lifesize-floaters\/#breadcrumb\"},\"inLanguage\":\"fr-FR\",\"potentialAction\":[{\"@type\":\"ReadAction\",\"target\":[\"https:\/\/staging.lucky-hunter.com\/fr\/product\/ghg-greylag-decoys-lifesize-floaters\/\"]}]},{\"@type\":\"ImageObject\",\"inLanguage\":\"fr-FR\",\"@id\":\"https:\/\/staging.lucky-hunter.com\/fr\/product\/ghg-greylag-decoys-lifesize-floaters\/#primaryimage\",\"url\":\"https:\/\/staging.lucky-hunter.com\/wp-content\/uploads\/2020\/05\/lf-104_diferenttogether.png.webp\",\"contentUrl\":\"https:\/\/staging.lucky-hunter.com\/wp-content\/uploads\/2020\/05\/lf-104_diferenttogether.png.webp\",\"width\":1000,\"height\":1000},{\"@type\":\"BreadcrumbList\",\"@id\":\"https:\/\/staging.lucky-hunter.com\/fr\/product\/ghg-greylag-decoys-lifesize-floaters\/#breadcrumb\",\"itemListElement\":[{\"@type\":\"ListItem\",\"position\":1,\"name\":\"Home\",\"item\":\"https:\/\/staging.lucky-hunter.com\/fr\/\"},{\"@type\":\"ListItem\",\"position\":2,\"name\":\"Boutique\",\"item\":\"https:\/\/staging.lucky-hunter.com\/fr\/shop\/\"},{\"@type\":\"ListItem\",\"position\":3,\"name\":\"Formes d&#8217;oie cendr\u00e9e GHG &#8211; Flotteurs grandeur nature\"}]},{\"@type\":\"WebSite\",\"@id\":\"https:\/\/staging.lucky-hunter.com\/#website\",\"url\":\"https:\/\/staging.lucky-hunter.com\/\",\"name\":\"Lucky-Hunter\",\"description\":\"Gear Up or Give Up\",\"potentialAction\":[{\"@type\":\"SearchAction\",\"target\":{\"@type\":\"EntryPoint\",\"urlTemplate\":\"https:\/\/staging.lucky-hunter.com\/?s={search_term_string}\"},\"query-input\":{\"@type\":\"PropertyValueSpecification\",\"valueRequired\":true,\"valueName\":\"search_term_string\"}}],\"inLanguage\":\"fr-FR\"}]}<\/script>\n<!-- \/ Yoast SEO plugin. -->","yoast_head_json":{"title":"Formes d'oie cendr\u00e9e GHG - Flottantes taille r\u00e9elle. Soigneusement recr\u00e9\u00e9es pour imiter de vraies oies cendr\u00e9es nageant | Lucky Hunter","description":"Formes d'oie cendr\u00e9e GHG - flottantes taille r\u00e9elle recr\u00e9\u00e9es pour imiter de vraies oies cendr\u00e9es nageant. Elles sont de taille r\u00e9elle pour offrir une meilleure visibilit\u00e9 sur l'eau.","robots":{"index":"noindex","follow":"follow","max-snippet":"max-snippet:-1","max-image-preview":"max-image-preview:large","max-video-preview":"max-video-preview:-1"},"og_locale":"fr_FR","og_type":"article","og_title":"Formes d'oie cendr\u00e9e GHG - Flottantes taille r\u00e9elle. Soigneusement recr\u00e9\u00e9es pour imiter de vraies oies cendr\u00e9es nageant | Lucky Hunter","og_description":"Formes d'oie cendr\u00e9e GHG - flottantes taille r\u00e9elle recr\u00e9\u00e9es pour imiter de vraies oies cendr\u00e9es nageant. Elles sont de taille r\u00e9elle pour offrir une meilleure visibilit\u00e9 sur l'eau.","og_url":"https:\/\/staging.lucky-hunter.com\/fr\/product\/ghg-greylag-decoys-lifesize-floaters\/","og_site_name":"Lucky-Hunter","article_modified_time":"2024-09-12T08:51:55+00:00","og_image":[{"width":1000,"height":1000,"url":"https:\/\/staging.lucky-hunter.com\/wp-content\/uploads\/2020\/05\/lf-104_diferenttogether.png.webp","type":"image\/webp"}],"twitter_card":"summary_large_image","twitter_misc":{"Dur\u00e9e de lecture estim\u00e9e":"1 minute"},"schema":{"@context":"https:\/\/schema.org","@graph":[{"@type":"WebPage","@id":"https:\/\/staging.lucky-hunter.com\/fr\/product\/ghg-greylag-decoys-lifesize-floaters\/","url":"https:\/\/staging.lucky-hunter.com\/fr\/product\/ghg-greylag-decoys-lifesize-floaters\/","name":"Formes d'oie cendr\u00e9e GHG - Flottantes taille r\u00e9elle. Soigneusement recr\u00e9\u00e9es pour imiter de vraies oies cendr\u00e9es nageant | Lucky Hunter","isPartOf":{"@id":"https:\/\/staging.lucky-hunter.com\/#website"},"primaryImageOfPage":{"@id":"https:\/\/staging.lucky-hunter.com\/fr\/product\/ghg-greylag-decoys-lifesize-floaters\/#primaryimage"},"image":{"@id":"https:\/\/staging.lucky-hunter.com\/fr\/product\/ghg-greylag-decoys-lifesize-floaters\/#primaryimage"},"thumbnailUrl":"https:\/\/staging.lucky-hunter.com\/wp-content\/uploads\/2020\/05\/lf-104_diferenttogether.png.webp","datePublished":"2020-05-27T11:08:06+00:00","dateModified":"2024-09-12T08:51:55+00:00","description":"Formes d'oie cendr\u00e9e GHG - flottantes taille r\u00e9elle recr\u00e9\u00e9es pour imiter de vraies oies cendr\u00e9es nageant. Elles sont de taille r\u00e9elle pour offrir une meilleure visibilit\u00e9 sur l'eau.","breadcrumb":{"@id":"https:\/\/staging.lucky-hunter.com\/fr\/product\/ghg-greylag-decoys-lifesize-floaters\/#breadcrumb"},"inLanguage":"fr-FR","potentialAction":[{"@type":"ReadAction","target":["https:\/\/staging.lucky-hunter.com\/fr\/product\/ghg-greylag-decoys-lifesize-floaters\/"]}]},{"@type":"ImageObject","inLanguage":"fr-FR","@id":"https:\/\/staging.lucky-hunter.com\/fr\/product\/ghg-greylag-decoys-lifesize-floaters\/#primaryimage","url":"https:\/\/staging.lucky-hunter.com\/wp-content\/uploads\/2020\/05\/lf-104_diferenttogether.png.webp","contentUrl":"https:\/\/staging.lucky-hunter.com\/wp-content\/uploads\/2020\/05\/lf-104_diferenttogether.png.webp","width":1000,"height":1000},{"@type":"BreadcrumbList","@id":"https:\/\/staging.lucky-hunter.com\/fr\/product\/ghg-greylag-decoys-lifesize-floaters\/#breadcrumb","itemListElement":[{"@type":"ListItem","position":1,"name":"Home","item":"https:\/\/staging.lucky-hunter.com\/fr\/"},{"@type":"ListItem","position":2,"name":"Boutique","item":"https:\/\/staging.lucky-hunter.com\/fr\/shop\/"},{"@type":"ListItem","position":3,"name":"Formes d&#8217;oie cendr\u00e9e GHG &#8211; Flotteurs grandeur nature"}]},{"@type":"WebSite","@id":"https:\/\/staging.lucky-hunter.com\/#website","url":"https:\/\/staging.lucky-hunter.com\/","name":"Lucky-Hunter","description":"Gear Up or Give Up","potentialAction":[{"@type":"SearchAction","target":{"@type":"EntryPoint","urlTemplate":"https:\/\/staging.lucky-hunter.com\/?s={search_term_string}"},"query-input":{"@type":"PropertyValueSpecification","valueRequired":true,"valueName":"search_term_string"}}],"inLanguage":"fr-FR"}]}},"_links":{"self":[{"href":"https:\/\/staging.lucky-hunter.com\/fr\/wp-json\/wp\/v2\/product\/31142"}],"collection":[{"href":"https:\/\/staging.lucky-hunter.com\/fr\/wp-json\/wp\/v2\/product"}],"about":[{"href":"https:\/\/staging.lucky-hunter.com\/fr\/wp-json\/wp\/v2\/types\/product"}],"wp:featuredmedia":[{"embeddable":true,"href":"https:\/\/staging.lucky-hunter.com\/fr\/wp-json\/wp\/v2\/media\/30444"}],"wp:attachment":[{"href":"https:\/\/staging.lucky-hunter.com\/fr\/wp-json\/wp\/v2\/media?parent=31142"}],"wp:term":[{"taxonomy":"product_brand","embeddable":true,"href":"https:\/\/staging.lucky-hunter.com\/fr\/wp-json\/wp\/v2\/product_brand?post=31142"},{"taxonomy":"product_cat","embeddable":true,"href":"https:\/\/staging.lucky-hunter.com\/fr\/wp-json\/wp\/v2\/product_cat?post=31142"},{"taxonomy":"product_tag","embeddable":true,"href":"https:\/\/staging.lucky-hunter.com\/fr\/wp-json\/wp\/v2\/product_tag?post=31142"}],"curies":[{"name":"wp","href":"https:\/\/api.w.org\/{rel}","templated":true}]}}