{"id":31141,"date":"2016-11-07T16:17:48","date_gmt":"2016-11-07T15:17:48","guid":{"rendered":"https:\/\/staging.lucky-hunter.com\/product\/dangate-greylag-windsocks-2\/"},"modified":"2024-09-12T11:15:37","modified_gmt":"2024-09-12T09:15:37","slug":"dangate-greylag-windsocks","status":"publish","type":"product","link":"https:\/\/staging.lucky-hunter.com\/fr\/product\/dangate-greylag-windsocks\/","title":{"rendered":"Formes manche \u00e0 air oie cendr\u00e9e"},"content":{"rendered":"<p><iframe title=\"Greylag Windsock Decoys | Moving decoys for goose hunting\" width=\"1020\" height=\"574\" src=\"https:\/\/www.youtube.com\/embed\/8hhAtSeKDao?wmode=transparent&amp;rel=0&amp;feature=oembed&#038;enablejsapi=1&#038;origin=https:\/\/staging.lucky-hunter.com\" frameborder=\"0\" allow=\"accelerometer; autoplay; clipboard-write; encrypted-media; gyroscope; picture-in-picture\" allowfullscreen><\/iframe><\/p>\n<h1><strong>Formes manche \u00e0 air oie cendr\u00e9e &#8211; excellente qualit\u00e9<\/strong><\/h1>\n<p>Les chasseurs d&#8217;oies ont vraiment pris conscience des effets des manches \u00e0 air et de l&#8217;incroyable mouvement r\u00e9aliste qu&#8217;ils ajoutent au d\u00e9ploiement des formes.<\/p>\n<p>Ces chaussettes coupe-vent Greylag sont vendues dans la meilleure qualit\u00e9 possible.<\/p>\n<p>Les manches \u00e0 air sont en tyvek, une sorte de plastique, connu, entre autres, pour les rev\u00eatements de protection pour la construction de maisons. Il est incroyablement durable et l\u00e9ger afin que que les formes puissent se d\u00e9placer dans le vent et attirer l&#8217;attention des oies. Il est \u00e9galement r\u00e9sistant \u00e0 la p\u00e9n\u00e9tration de l&#8217;eau et offre une grande r\u00e9sistance \u00e0 la p\u00e9n\u00e9tration de l&#8217;air.<\/p>\n<p>Cette manche \u00e0 air est livr\u00e9e sans t\u00eate &#8211; les oies ne le remarqueront pas si vous les m\u00e9langez avec les autres formes d&#8217;oie courants. Vous avez maintenant la possibilit\u00e9 de rendre vos formes beaucoup plus efficaces.<\/p>\n<p>Si vous n&#8217;utilisez que des manches \u00e0 air, nous vous recommandons d&#8217;acheter des t\u00eates. Il y aura toujours des sentinelles dans un vrai troupeau d&#8217;oies.<\/p>\n<p>Vous obtenez de toutes nouvelles opportunit\u00e9s de vaincre les oies cendr\u00e9es, m\u00eame les plus prudentes.<\/p>\n<p>La manche \u00e0 air d\u2019oie peut \u00eatre pli\u00e9e dans un espace minimal pendant le transport. Par cons\u00e9quent, vous pouvez rapidement augmenter la quantit\u00e9 de formes sur votre sc\u00e8ne de chasse. Compl\u00e9tez vos formes et corps entiers avec ces formes \u00e9oliens pour ajouter du mouvement.<\/p>\n<p>Vendus \u00e0 l\u2019unit\u00e9.<\/p>\n","protected":false},"excerpt":{"rendered":"<p>Ces chaussettes \u00e0 vent pour oie cendr\u00e9e sont vendues dans la plus haute qualit\u00e9. Incroyablement durables et l\u00e9g\u00e8res, elles permettent aux formes de bouger dans le vent et d&#8217;attirer l&#8217;attention des oies<\/p>\n","protected":false},"featured_media":28925,"template":"","meta":[],"product_brand":[8121],"product_cat":[8175],"product_tag":[],"yoast_head":"<!-- This site is optimized with the Yoast SEO plugin v24.3 - https:\/\/yoast.com\/wordpress\/plugins\/seo\/ -->\n<title>Chaussettes \u00e0 vent pour oie cendr\u00e9e - Ajoutent le mouvement n\u00e9cessaire | Lucky Hunter<\/title>\n<meta name=\"description\" content=\"Les chaussettes \u00e0 vent pour oie cendr\u00e9e sont parfaites pour ajouter le mouvement n\u00e9cessaire \u00e0 votre \u00e9talement. De haute qualit\u00e9 et id\u00e9ales pour se fondre avec des formes traditionnelles.\" \/>\n<meta name=\"robots\" content=\"noindex, follow, max-snippet:-1, max-image-preview:large, max-video-preview:-1\" \/>\n<meta property=\"og:locale\" content=\"fr_FR\" \/>\n<meta property=\"og:type\" content=\"article\" \/>\n<meta property=\"og:title\" content=\"Chaussettes \u00e0 vent pour oie cendr\u00e9e - Ajoutent le mouvement n\u00e9cessaire | Lucky Hunter\" \/>\n<meta property=\"og:description\" content=\"Les chaussettes \u00e0 vent pour oie cendr\u00e9e sont parfaites pour ajouter le mouvement n\u00e9cessaire \u00e0 votre \u00e9talement. De haute qualit\u00e9 et id\u00e9ales pour se fondre avec des formes traditionnelles.\" \/>\n<meta property=\"og:url\" content=\"https:\/\/staging.lucky-hunter.com\/product\/dangate-greylag-windsocks\/\" \/>\n<meta property=\"og:site_name\" content=\"Lucky-Hunter\" \/>\n<meta property=\"article:modified_time\" content=\"2024-09-12T09:15:37+00:00\" \/>\n<meta property=\"og:image\" content=\"https:\/\/staging.lucky-hunter.com\/wp-content\/uploads\/2017\/06\/LF-170.png\" \/>\n\t<meta property=\"og:image:width\" content=\"1000\" \/>\n\t<meta property=\"og:image:height\" content=\"1000\" \/>\n\t<meta property=\"og:image:type\" content=\"image\/png\" \/>\n<meta name=\"twitter:card\" content=\"summary_large_image\" \/>\n<meta name=\"twitter:label1\" content=\"Dur\u00e9e de lecture estim\u00e9e\" \/>\n\t<meta name=\"twitter:data1\" content=\"2 minutes\" \/>\n<script type=\"application\/ld+json\" class=\"yoast-schema-graph\">{\"@context\":\"https:\/\/schema.org\",\"@graph\":[{\"@type\":\"WebPage\",\"@id\":\"https:\/\/staging.lucky-hunter.com\/product\/dangate-greylag-windsocks\/\",\"url\":\"https:\/\/staging.lucky-hunter.com\/product\/dangate-greylag-windsocks\/\",\"name\":\"Chaussettes \u00e0 vent pour oie cendr\u00e9e - Ajoutent le mouvement n\u00e9cessaire | Lucky Hunter\",\"isPartOf\":{\"@id\":\"https:\/\/staging.lucky-hunter.com\/#website\"},\"primaryImageOfPage\":{\"@id\":\"https:\/\/staging.lucky-hunter.com\/product\/dangate-greylag-windsocks\/#primaryimage\"},\"image\":{\"@id\":\"https:\/\/staging.lucky-hunter.com\/product\/dangate-greylag-windsocks\/#primaryimage\"},\"thumbnailUrl\":\"https:\/\/staging.lucky-hunter.com\/wp-content\/uploads\/2017\/06\/LF-170.png\",\"datePublished\":\"2016-11-07T15:17:48+00:00\",\"dateModified\":\"2024-09-12T09:15:37+00:00\",\"description\":\"Les chaussettes \u00e0 vent pour oie cendr\u00e9e sont parfaites pour ajouter le mouvement n\u00e9cessaire \u00e0 votre \u00e9talement. De haute qualit\u00e9 et id\u00e9ales pour se fondre avec des formes traditionnelles.\",\"breadcrumb\":{\"@id\":\"https:\/\/staging.lucky-hunter.com\/product\/dangate-greylag-windsocks\/#breadcrumb\"},\"inLanguage\":\"fr-FR\",\"potentialAction\":[{\"@type\":\"ReadAction\",\"target\":[\"https:\/\/staging.lucky-hunter.com\/product\/dangate-greylag-windsocks\/\"]}]},{\"@type\":\"ImageObject\",\"inLanguage\":\"fr-FR\",\"@id\":\"https:\/\/staging.lucky-hunter.com\/product\/dangate-greylag-windsocks\/#primaryimage\",\"url\":\"https:\/\/staging.lucky-hunter.com\/wp-content\/uploads\/2017\/06\/LF-170.png\",\"contentUrl\":\"https:\/\/staging.lucky-hunter.com\/wp-content\/uploads\/2017\/06\/LF-170.png\",\"width\":1000,\"height\":1000},{\"@type\":\"BreadcrumbList\",\"@id\":\"https:\/\/staging.lucky-hunter.com\/product\/dangate-greylag-windsocks\/#breadcrumb\",\"itemListElement\":[{\"@type\":\"ListItem\",\"position\":1,\"name\":\"Home\",\"item\":\"https:\/\/staging.lucky-hunter.com\/fr\/\"},{\"@type\":\"ListItem\",\"position\":2,\"name\":\"Boutique\",\"item\":\"https:\/\/staging.lucky-hunter.com\/fr\/shop\/\"},{\"@type\":\"ListItem\",\"position\":3,\"name\":\"Formes manche \u00e0 air oie cendr\u00e9e\"}]},{\"@type\":\"WebSite\",\"@id\":\"https:\/\/staging.lucky-hunter.com\/#website\",\"url\":\"https:\/\/staging.lucky-hunter.com\/\",\"name\":\"Lucky-Hunter\",\"description\":\"Gear Up or Give Up\",\"potentialAction\":[{\"@type\":\"SearchAction\",\"target\":{\"@type\":\"EntryPoint\",\"urlTemplate\":\"https:\/\/staging.lucky-hunter.com\/?s={search_term_string}\"},\"query-input\":{\"@type\":\"PropertyValueSpecification\",\"valueRequired\":true,\"valueName\":\"search_term_string\"}}],\"inLanguage\":\"fr-FR\"}]}<\/script>\n<!-- \/ Yoast SEO plugin. -->","yoast_head_json":{"title":"Chaussettes \u00e0 vent pour oie cendr\u00e9e - Ajoutent le mouvement n\u00e9cessaire | Lucky Hunter","description":"Les chaussettes \u00e0 vent pour oie cendr\u00e9e sont parfaites pour ajouter le mouvement n\u00e9cessaire \u00e0 votre \u00e9talement. De haute qualit\u00e9 et id\u00e9ales pour se fondre avec des formes traditionnelles.","robots":{"index":"noindex","follow":"follow","max-snippet":"max-snippet:-1","max-image-preview":"max-image-preview:large","max-video-preview":"max-video-preview:-1"},"og_locale":"fr_FR","og_type":"article","og_title":"Chaussettes \u00e0 vent pour oie cendr\u00e9e - Ajoutent le mouvement n\u00e9cessaire | Lucky Hunter","og_description":"Les chaussettes \u00e0 vent pour oie cendr\u00e9e sont parfaites pour ajouter le mouvement n\u00e9cessaire \u00e0 votre \u00e9talement. De haute qualit\u00e9 et id\u00e9ales pour se fondre avec des formes traditionnelles.","og_url":"https:\/\/staging.lucky-hunter.com\/product\/dangate-greylag-windsocks\/","og_site_name":"Lucky-Hunter","article_modified_time":"2024-09-12T09:15:37+00:00","og_image":[{"width":1000,"height":1000,"url":"https:\/\/staging.lucky-hunter.com\/wp-content\/uploads\/2017\/06\/LF-170.png","type":"image\/png"}],"twitter_card":"summary_large_image","twitter_misc":{"Dur\u00e9e de lecture estim\u00e9e":"2 minutes"},"schema":{"@context":"https:\/\/schema.org","@graph":[{"@type":"WebPage","@id":"https:\/\/staging.lucky-hunter.com\/product\/dangate-greylag-windsocks\/","url":"https:\/\/staging.lucky-hunter.com\/product\/dangate-greylag-windsocks\/","name":"Chaussettes \u00e0 vent pour oie cendr\u00e9e - Ajoutent le mouvement n\u00e9cessaire | Lucky Hunter","isPartOf":{"@id":"https:\/\/staging.lucky-hunter.com\/#website"},"primaryImageOfPage":{"@id":"https:\/\/staging.lucky-hunter.com\/product\/dangate-greylag-windsocks\/#primaryimage"},"image":{"@id":"https:\/\/staging.lucky-hunter.com\/product\/dangate-greylag-windsocks\/#primaryimage"},"thumbnailUrl":"https:\/\/staging.lucky-hunter.com\/wp-content\/uploads\/2017\/06\/LF-170.png","datePublished":"2016-11-07T15:17:48+00:00","dateModified":"2024-09-12T09:15:37+00:00","description":"Les chaussettes \u00e0 vent pour oie cendr\u00e9e sont parfaites pour ajouter le mouvement n\u00e9cessaire \u00e0 votre \u00e9talement. De haute qualit\u00e9 et id\u00e9ales pour se fondre avec des formes traditionnelles.","breadcrumb":{"@id":"https:\/\/staging.lucky-hunter.com\/product\/dangate-greylag-windsocks\/#breadcrumb"},"inLanguage":"fr-FR","potentialAction":[{"@type":"ReadAction","target":["https:\/\/staging.lucky-hunter.com\/product\/dangate-greylag-windsocks\/"]}]},{"@type":"ImageObject","inLanguage":"fr-FR","@id":"https:\/\/staging.lucky-hunter.com\/product\/dangate-greylag-windsocks\/#primaryimage","url":"https:\/\/staging.lucky-hunter.com\/wp-content\/uploads\/2017\/06\/LF-170.png","contentUrl":"https:\/\/staging.lucky-hunter.com\/wp-content\/uploads\/2017\/06\/LF-170.png","width":1000,"height":1000},{"@type":"BreadcrumbList","@id":"https:\/\/staging.lucky-hunter.com\/product\/dangate-greylag-windsocks\/#breadcrumb","itemListElement":[{"@type":"ListItem","position":1,"name":"Home","item":"https:\/\/staging.lucky-hunter.com\/fr\/"},{"@type":"ListItem","position":2,"name":"Boutique","item":"https:\/\/staging.lucky-hunter.com\/fr\/shop\/"},{"@type":"ListItem","position":3,"name":"Formes manche \u00e0 air oie cendr\u00e9e"}]},{"@type":"WebSite","@id":"https:\/\/staging.lucky-hunter.com\/#website","url":"https:\/\/staging.lucky-hunter.com\/","name":"Lucky-Hunter","description":"Gear Up or Give Up","potentialAction":[{"@type":"SearchAction","target":{"@type":"EntryPoint","urlTemplate":"https:\/\/staging.lucky-hunter.com\/?s={search_term_string}"},"query-input":{"@type":"PropertyValueSpecification","valueRequired":true,"valueName":"search_term_string"}}],"inLanguage":"fr-FR"}]}},"_links":{"self":[{"href":"https:\/\/staging.lucky-hunter.com\/fr\/wp-json\/wp\/v2\/product\/31141"}],"collection":[{"href":"https:\/\/staging.lucky-hunter.com\/fr\/wp-json\/wp\/v2\/product"}],"about":[{"href":"https:\/\/staging.lucky-hunter.com\/fr\/wp-json\/wp\/v2\/types\/product"}],"wp:featuredmedia":[{"embeddable":true,"href":"https:\/\/staging.lucky-hunter.com\/fr\/wp-json\/wp\/v2\/media\/28925"}],"wp:attachment":[{"href":"https:\/\/staging.lucky-hunter.com\/fr\/wp-json\/wp\/v2\/media?parent=31141"}],"wp:term":[{"taxonomy":"product_brand","embeddable":true,"href":"https:\/\/staging.lucky-hunter.com\/fr\/wp-json\/wp\/v2\/product_brand?post=31141"},{"taxonomy":"product_cat","embeddable":true,"href":"https:\/\/staging.lucky-hunter.com\/fr\/wp-json\/wp\/v2\/product_cat?post=31141"},{"taxonomy":"product_tag","embeddable":true,"href":"https:\/\/staging.lucky-hunter.com\/fr\/wp-json\/wp\/v2\/product_tag?post=31141"}],"curies":[{"name":"wp","href":"https:\/\/api.w.org\/{rel}","templated":true}]}}