{"id":31034,"date":"2021-05-10T15:52:53","date_gmt":"2021-05-10T13:52:53","guid":{"rendered":"https:\/\/staging.lucky-hunter.com\/product\/final-approach-last-pass-mallards-8-hens-4-drakes-2\/"},"modified":"2024-06-04T13:12:04","modified_gmt":"2024-06-04T11:12:04","slug":"final-approach-last-pass-mallards-8-hens-4-drakes","status":"publish","type":"product","link":"https:\/\/staging.lucky-hunter.com\/fr\/product\/final-approach-last-pass-mallards-8-hens-4-drakes\/","title":{"rendered":"Final Approach Last Pass Mallards &#8211; 8 poules et 4 malards"},"content":{"rendered":"<p><iframe title=\"FINAL APPROACH LAST PASS MALLARDS\" width=\"1020\" height=\"574\" src=\"https:\/\/www.youtube.com\/embed\/obhE5eGTFGM?wmode=transparent&amp;rel=0&amp;feature=oembed&#038;enablejsapi=1&#038;origin=https:\/\/staging.lucky-hunter.com\" frameborder=\"0\" allow=\"accelerometer; autoplay; clipboard-write; encrypted-media; gyroscope; picture-in-picture; web-share\" referrerpolicy=\"strict-origin-when-cross-origin\" allowfullscreen><\/iframe><\/p>\n<h1><strong>Leurres Final Approach de bonne qualit\u00e9 \u00e0 petit prix<\/strong><\/h1>\n<p>La soci\u00e9t\u00e9 am\u00e9ricaine Final Approach propose le set parfait pour le nouveau chasseur avec 12 leurres de canard \u00e0 un tr\u00e8s bon rapport qualit\u00e9-prix.<\/p>\n<p>Les leurres Last Pass Mallard sont con\u00e7us par le 17 fois champion du monde en sculpture de leurres canadien Pat Godin (https:\/\/godinart.com\/index.php\/about-2\/)<\/p>\n<p>Dans ce set, vous trouverez 4 malards et 8 poules avec de superbes d\u00e9tails peints et une quille lest\u00e9e.<\/p>\n<p>Les leurres sont r\u00e9duits \u00e0 80\u00a0% de leur taille r\u00e9elle, vous pouvez donc en avoir le plus possible dans votre sac de chasse.<\/p>\n<p>Surtout en d\u00e9but de saison, lorsque la magnifique t\u00eate verte des malards n&#8217;est pas enti\u00e8rement color\u00e9e, avoir principalement des femelles dans votre troupeau peut \u00eatre un avantage.<\/p>\n","protected":false},"excerpt":{"rendered":"<p>La soci\u00e9t\u00e9 am\u00e9ricaine Final Approach propose le set parfait pour le nouveau chasseur avec 12 leurres de canard \u00e0 un tr\u00e8s bon rapport qualit\u00e9-prix.<\/p>\n","protected":false},"featured_media":30124,"template":"","meta":[],"product_brand":[8136],"product_cat":[8180],"product_tag":[9235],"yoast_head":"<!-- This site is optimized with the Yoast SEO plugin v24.3 - https:\/\/yoast.com\/wordpress\/plugins\/seo\/ -->\n<title>Final Approach Last Pass Mallards - 12 pcs. Lucky-Hunter.com<\/title>\n<meta name=\"description\" content=\"American Final Approach delivers the perfect set for the new hunter with 12 decoy ducks in a really nice quality for the price.\" \/>\n<meta name=\"robots\" content=\"noindex, follow, max-snippet:-1, max-image-preview:large, max-video-preview:-1\" \/>\n<meta property=\"og:locale\" content=\"fr_FR\" \/>\n<meta property=\"og:type\" content=\"article\" \/>\n<meta property=\"og:title\" content=\"Final Approach Last Pass Mallards - 12 pcs. Lucky-Hunter.com\" \/>\n<meta property=\"og:description\" content=\"American Final Approach delivers the perfect set for the new hunter with 12 decoy ducks in a really nice quality for the price.\" \/>\n<meta property=\"og:url\" content=\"https:\/\/staging.lucky-hunter.com\/fr\/product\/final-approach-last-pass-mallards-8-hens-4-drakes\/\" \/>\n<meta property=\"og:site_name\" content=\"Lucky-Hunter\" \/>\n<meta property=\"article:modified_time\" content=\"2024-06-04T11:12:04+00:00\" \/>\n<meta property=\"og:image\" content=\"https:\/\/staging.lucky-hunter.com\/wp-content\/uploads\/2021\/03\/LF-392-Drake.png\" \/>\n\t<meta property=\"og:image:width\" content=\"1000\" \/>\n\t<meta property=\"og:image:height\" content=\"1000\" \/>\n\t<meta property=\"og:image:type\" content=\"image\/png\" \/>\n<meta name=\"twitter:card\" content=\"summary_large_image\" \/>\n<meta name=\"twitter:label1\" content=\"Dur\u00e9e de lecture estim\u00e9e\" \/>\n\t<meta name=\"twitter:data1\" content=\"1 minute\" \/>\n<script type=\"application\/ld+json\" class=\"yoast-schema-graph\">{\"@context\":\"https:\/\/schema.org\",\"@graph\":[{\"@type\":\"WebPage\",\"@id\":\"https:\/\/staging.lucky-hunter.com\/fr\/product\/final-approach-last-pass-mallards-8-hens-4-drakes\/\",\"url\":\"https:\/\/staging.lucky-hunter.com\/fr\/product\/final-approach-last-pass-mallards-8-hens-4-drakes\/\",\"name\":\"Final Approach Last Pass Mallards - 12 pcs. Lucky-Hunter.com\",\"isPartOf\":{\"@id\":\"https:\/\/staging.lucky-hunter.com\/#website\"},\"primaryImageOfPage\":{\"@id\":\"https:\/\/staging.lucky-hunter.com\/fr\/product\/final-approach-last-pass-mallards-8-hens-4-drakes\/#primaryimage\"},\"image\":{\"@id\":\"https:\/\/staging.lucky-hunter.com\/fr\/product\/final-approach-last-pass-mallards-8-hens-4-drakes\/#primaryimage\"},\"thumbnailUrl\":\"https:\/\/staging.lucky-hunter.com\/wp-content\/uploads\/2021\/03\/LF-392-Drake.png\",\"datePublished\":\"2021-05-10T13:52:53+00:00\",\"dateModified\":\"2024-06-04T11:12:04+00:00\",\"description\":\"American Final Approach delivers the perfect set for the new hunter with 12 decoy ducks in a really nice quality for the price.\",\"breadcrumb\":{\"@id\":\"https:\/\/staging.lucky-hunter.com\/fr\/product\/final-approach-last-pass-mallards-8-hens-4-drakes\/#breadcrumb\"},\"inLanguage\":\"fr-FR\",\"potentialAction\":[{\"@type\":\"ReadAction\",\"target\":[\"https:\/\/staging.lucky-hunter.com\/fr\/product\/final-approach-last-pass-mallards-8-hens-4-drakes\/\"]}]},{\"@type\":\"ImageObject\",\"inLanguage\":\"fr-FR\",\"@id\":\"https:\/\/staging.lucky-hunter.com\/fr\/product\/final-approach-last-pass-mallards-8-hens-4-drakes\/#primaryimage\",\"url\":\"https:\/\/staging.lucky-hunter.com\/wp-content\/uploads\/2021\/03\/LF-392-Drake.png\",\"contentUrl\":\"https:\/\/staging.lucky-hunter.com\/wp-content\/uploads\/2021\/03\/LF-392-Drake.png\",\"width\":1000,\"height\":1000},{\"@type\":\"BreadcrumbList\",\"@id\":\"https:\/\/staging.lucky-hunter.com\/fr\/product\/final-approach-last-pass-mallards-8-hens-4-drakes\/#breadcrumb\",\"itemListElement\":[{\"@type\":\"ListItem\",\"position\":1,\"name\":\"Home\",\"item\":\"https:\/\/staging.lucky-hunter.com\/fr\/\"},{\"@type\":\"ListItem\",\"position\":2,\"name\":\"Boutique\",\"item\":\"https:\/\/staging.lucky-hunter.com\/fr\/shop\/\"},{\"@type\":\"ListItem\",\"position\":3,\"name\":\"Final Approach Last Pass Mallards &#8211; 8 poules et 4 malards\"}]},{\"@type\":\"WebSite\",\"@id\":\"https:\/\/staging.lucky-hunter.com\/#website\",\"url\":\"https:\/\/staging.lucky-hunter.com\/\",\"name\":\"Lucky-Hunter\",\"description\":\"Gear Up or Give Up\",\"potentialAction\":[{\"@type\":\"SearchAction\",\"target\":{\"@type\":\"EntryPoint\",\"urlTemplate\":\"https:\/\/staging.lucky-hunter.com\/?s={search_term_string}\"},\"query-input\":{\"@type\":\"PropertyValueSpecification\",\"valueRequired\":true,\"valueName\":\"search_term_string\"}}],\"inLanguage\":\"fr-FR\"}]}<\/script>\n<!-- \/ Yoast SEO plugin. -->","yoast_head_json":{"title":"Final Approach Last Pass Mallards - 12 pcs. Lucky-Hunter.com","description":"American Final Approach delivers the perfect set for the new hunter with 12 decoy ducks in a really nice quality for the price.","robots":{"index":"noindex","follow":"follow","max-snippet":"max-snippet:-1","max-image-preview":"max-image-preview:large","max-video-preview":"max-video-preview:-1"},"og_locale":"fr_FR","og_type":"article","og_title":"Final Approach Last Pass Mallards - 12 pcs. Lucky-Hunter.com","og_description":"American Final Approach delivers the perfect set for the new hunter with 12 decoy ducks in a really nice quality for the price.","og_url":"https:\/\/staging.lucky-hunter.com\/fr\/product\/final-approach-last-pass-mallards-8-hens-4-drakes\/","og_site_name":"Lucky-Hunter","article_modified_time":"2024-06-04T11:12:04+00:00","og_image":[{"width":1000,"height":1000,"url":"https:\/\/staging.lucky-hunter.com\/wp-content\/uploads\/2021\/03\/LF-392-Drake.png","type":"image\/png"}],"twitter_card":"summary_large_image","twitter_misc":{"Dur\u00e9e de lecture estim\u00e9e":"1 minute"},"schema":{"@context":"https:\/\/schema.org","@graph":[{"@type":"WebPage","@id":"https:\/\/staging.lucky-hunter.com\/fr\/product\/final-approach-last-pass-mallards-8-hens-4-drakes\/","url":"https:\/\/staging.lucky-hunter.com\/fr\/product\/final-approach-last-pass-mallards-8-hens-4-drakes\/","name":"Final Approach Last Pass Mallards - 12 pcs. Lucky-Hunter.com","isPartOf":{"@id":"https:\/\/staging.lucky-hunter.com\/#website"},"primaryImageOfPage":{"@id":"https:\/\/staging.lucky-hunter.com\/fr\/product\/final-approach-last-pass-mallards-8-hens-4-drakes\/#primaryimage"},"image":{"@id":"https:\/\/staging.lucky-hunter.com\/fr\/product\/final-approach-last-pass-mallards-8-hens-4-drakes\/#primaryimage"},"thumbnailUrl":"https:\/\/staging.lucky-hunter.com\/wp-content\/uploads\/2021\/03\/LF-392-Drake.png","datePublished":"2021-05-10T13:52:53+00:00","dateModified":"2024-06-04T11:12:04+00:00","description":"American Final Approach delivers the perfect set for the new hunter with 12 decoy ducks in a really nice quality for the price.","breadcrumb":{"@id":"https:\/\/staging.lucky-hunter.com\/fr\/product\/final-approach-last-pass-mallards-8-hens-4-drakes\/#breadcrumb"},"inLanguage":"fr-FR","potentialAction":[{"@type":"ReadAction","target":["https:\/\/staging.lucky-hunter.com\/fr\/product\/final-approach-last-pass-mallards-8-hens-4-drakes\/"]}]},{"@type":"ImageObject","inLanguage":"fr-FR","@id":"https:\/\/staging.lucky-hunter.com\/fr\/product\/final-approach-last-pass-mallards-8-hens-4-drakes\/#primaryimage","url":"https:\/\/staging.lucky-hunter.com\/wp-content\/uploads\/2021\/03\/LF-392-Drake.png","contentUrl":"https:\/\/staging.lucky-hunter.com\/wp-content\/uploads\/2021\/03\/LF-392-Drake.png","width":1000,"height":1000},{"@type":"BreadcrumbList","@id":"https:\/\/staging.lucky-hunter.com\/fr\/product\/final-approach-last-pass-mallards-8-hens-4-drakes\/#breadcrumb","itemListElement":[{"@type":"ListItem","position":1,"name":"Home","item":"https:\/\/staging.lucky-hunter.com\/fr\/"},{"@type":"ListItem","position":2,"name":"Boutique","item":"https:\/\/staging.lucky-hunter.com\/fr\/shop\/"},{"@type":"ListItem","position":3,"name":"Final Approach Last Pass Mallards &#8211; 8 poules et 4 malards"}]},{"@type":"WebSite","@id":"https:\/\/staging.lucky-hunter.com\/#website","url":"https:\/\/staging.lucky-hunter.com\/","name":"Lucky-Hunter","description":"Gear Up or Give Up","potentialAction":[{"@type":"SearchAction","target":{"@type":"EntryPoint","urlTemplate":"https:\/\/staging.lucky-hunter.com\/?s={search_term_string}"},"query-input":{"@type":"PropertyValueSpecification","valueRequired":true,"valueName":"search_term_string"}}],"inLanguage":"fr-FR"}]}},"_links":{"self":[{"href":"https:\/\/staging.lucky-hunter.com\/fr\/wp-json\/wp\/v2\/product\/31034"}],"collection":[{"href":"https:\/\/staging.lucky-hunter.com\/fr\/wp-json\/wp\/v2\/product"}],"about":[{"href":"https:\/\/staging.lucky-hunter.com\/fr\/wp-json\/wp\/v2\/types\/product"}],"wp:featuredmedia":[{"embeddable":true,"href":"https:\/\/staging.lucky-hunter.com\/fr\/wp-json\/wp\/v2\/media\/30124"}],"wp:attachment":[{"href":"https:\/\/staging.lucky-hunter.com\/fr\/wp-json\/wp\/v2\/media?parent=31034"}],"wp:term":[{"taxonomy":"product_brand","embeddable":true,"href":"https:\/\/staging.lucky-hunter.com\/fr\/wp-json\/wp\/v2\/product_brand?post=31034"},{"taxonomy":"product_cat","embeddable":true,"href":"https:\/\/staging.lucky-hunter.com\/fr\/wp-json\/wp\/v2\/product_cat?post=31034"},{"taxonomy":"product_tag","embeddable":true,"href":"https:\/\/staging.lucky-hunter.com\/fr\/wp-json\/wp\/v2\/product_tag?post=31034"}],"curies":[{"name":"wp","href":"https:\/\/api.w.org\/{rel}","templated":true}]}}