{"id":31033,"date":"2021-08-11T10:45:36","date_gmt":"2021-08-11T08:45:36","guid":{"rendered":"https:\/\/staging.lucky-hunter.com\/product\/carbon-speck-2\/"},"modified":"2022-11-25T11:02:40","modified_gmt":"2022-11-25T10:02:40","slug":"carbon-speck","status":"publish","type":"product","link":"https:\/\/staging.lucky-hunter.com\/fr\/product\/carbon-speck\/","title":{"rendered":"Haydel\u00b4s Carbon Speck | Appeau d\u2019oie rieuse | CS-10"},"content":{"rendered":"<h2><strong>Appeau d\u2019oie rieuse de Haydel\u00b4s Game Calls<\/strong><\/h2>\n<p>L\u2019appeau Carbon Speck Goose de Haydel est sp\u00e9cialement accord\u00e9 sur le \u00ab\u00a0c\u00f4t\u00e9 aigu\u00a0\u00bb pour des notes qui ressortent vraiment\u00a0! Avec cet appeau, vous pouvez augmenter les tons dans la gamme de vos yodels \u00e0 2 notes. S\u2019accroche facilement pour les travaux de proximit\u00e9 et comprend des joints toriques doubles.<\/p>\n<p>Cet appeau n\u00e9cessite une technique de contre-pression pour obtenir ce son parfait.<\/p>\n<p><strong>Instruction d&#8217;appel\u00a0:<\/strong><\/p>\n<ul>\n<li>Placez l&#8217;appeau entre le pouce et l&#8217;index en formant un poing l\u00e2che.<\/li>\n<li>Soufflez rapidement 2 notes dans l&#8217;appeau pour obtenir un effet yodel.<\/li>\n<li>Ne bougez pas vos mains lorsque vous soufflez dans l&#8217;appeau.<\/li>\n<li>Si vous n\u2019arrivez pas \u00e0 le transformer en yodel, rel\u00e2chez un peu votre main et r\u00e9essayez.<\/li>\n<li>Continuez ainsi jusqu&#8217;\u00e0 ce que vous fassiez une pause dans le yodel.<\/li>\n<li>Peu importe ce que disent les oies, essayez de les appeler jusqu&#8217;au bout avec les 2 notes.<\/li>\n<\/ul>\n<p><strong>Caract\u00e9ristiques\u00a0:<\/strong><\/p>\n<ul>\n<li>Reproduit le son d&#8217;une oie rieuse<\/li>\n<li>Peut \u00eatre utilis\u00e9 en milieu humide<\/li>\n<li>Couleur\u00a0: Noir carbone<\/li>\n<li>Mod\u00e8le CS-10<\/li>\n<li>Poids\u00a0: environ 45 grammes.<\/li>\n<\/ul>\n<p><iframe title=\"Haydel&#039;s Game Calls Carbon Specklebelly Call for whitefront geese CS-10\" width=\"1020\" height=\"574\" src=\"https:\/\/www.youtube.com\/embed\/Ns1-RMjFBAA?wmode=transparent&amp;rel=0&amp;feature=oembed&#038;enablejsapi=1&#038;origin=https:\/\/staging.lucky-hunter.com\" frameborder=\"0\" allow=\"accelerometer; autoplay; clipboard-write; encrypted-media; gyroscope; picture-in-picture\" allowfullscreen><\/iframe><\/p>\n","protected":false},"excerpt":{"rendered":"<p>L&#8217;appeau Haydel\u2019s Wide Bore Speck est dot\u00e9 d\u2019un design hybride unique. Il combine la tonalit\u00e9 d\u2019un gros tube en acrylique avec un canal d&#8217;air \u00e9troit qui cr\u00e9e un volume tr\u00e8s \u00e9lev\u00e9.<\/p>\n","protected":false},"featured_media":30261,"template":"","meta":[],"product_brand":[8139],"product_cat":[8168],"product_tag":[9235],"yoast_head":"<!-- This site is optimized with the Yoast SEO plugin v24.3 - https:\/\/yoast.com\/wordpress\/plugins\/seo\/ -->\n<title>Haydel\u00b4s Carbon Speck Call | CS-10 | Now on Lucky-Hunter.com<\/title>\n<meta name=\"description\" content=\"Haydel\u00b4s Carbon Speck Goose Call is special tuned on &quot;the high side&quot; for notes that really pop!\" \/>\n<meta name=\"robots\" content=\"noindex, follow, max-snippet:-1, max-image-preview:large, max-video-preview:-1\" \/>\n<meta property=\"og:locale\" content=\"fr_FR\" \/>\n<meta property=\"og:type\" content=\"article\" \/>\n<meta property=\"og:title\" content=\"Haydel\u00b4s Carbon Speck Call | CS-10 | Now on Lucky-Hunter.com\" \/>\n<meta property=\"og:description\" content=\"Haydel\u00b4s Carbon Speck Goose Call is special tuned on &quot;the high side&quot; for notes that really pop!\" \/>\n<meta property=\"og:url\" content=\"https:\/\/staging.lucky-hunter.com\/fr\/product\/carbon-speck\/\" \/>\n<meta property=\"og:site_name\" content=\"Lucky-Hunter\" \/>\n<meta property=\"article:modified_time\" content=\"2022-11-25T10:02:40+00:00\" \/>\n<meta property=\"og:image\" content=\"https:\/\/staging.lucky-hunter.com\/wp-content\/uploads\/2021\/08\/cs-10.png\" \/>\n\t<meta property=\"og:image:width\" content=\"1000\" \/>\n\t<meta property=\"og:image:height\" content=\"1000\" \/>\n\t<meta property=\"og:image:type\" content=\"image\/png\" \/>\n<meta name=\"twitter:card\" content=\"summary_large_image\" \/>\n<meta name=\"twitter:label1\" content=\"Dur\u00e9e de lecture estim\u00e9e\" \/>\n\t<meta name=\"twitter:data1\" content=\"1 minute\" \/>\n<script type=\"application\/ld+json\" class=\"yoast-schema-graph\">{\"@context\":\"https:\/\/schema.org\",\"@graph\":[{\"@type\":\"WebPage\",\"@id\":\"https:\/\/staging.lucky-hunter.com\/fr\/product\/carbon-speck\/\",\"url\":\"https:\/\/staging.lucky-hunter.com\/fr\/product\/carbon-speck\/\",\"name\":\"Haydel\u00b4s Carbon Speck Call | CS-10 | Now on Lucky-Hunter.com\",\"isPartOf\":{\"@id\":\"https:\/\/staging.lucky-hunter.com\/#website\"},\"primaryImageOfPage\":{\"@id\":\"https:\/\/staging.lucky-hunter.com\/fr\/product\/carbon-speck\/#primaryimage\"},\"image\":{\"@id\":\"https:\/\/staging.lucky-hunter.com\/fr\/product\/carbon-speck\/#primaryimage\"},\"thumbnailUrl\":\"https:\/\/staging.lucky-hunter.com\/wp-content\/uploads\/2021\/08\/cs-10.png\",\"datePublished\":\"2021-08-11T08:45:36+00:00\",\"dateModified\":\"2022-11-25T10:02:40+00:00\",\"description\":\"Haydel\u00b4s Carbon Speck Goose Call is special tuned on \\\"the high side\\\" for notes that really pop!\",\"breadcrumb\":{\"@id\":\"https:\/\/staging.lucky-hunter.com\/fr\/product\/carbon-speck\/#breadcrumb\"},\"inLanguage\":\"fr-FR\",\"potentialAction\":[{\"@type\":\"ReadAction\",\"target\":[\"https:\/\/staging.lucky-hunter.com\/fr\/product\/carbon-speck\/\"]}]},{\"@type\":\"ImageObject\",\"inLanguage\":\"fr-FR\",\"@id\":\"https:\/\/staging.lucky-hunter.com\/fr\/product\/carbon-speck\/#primaryimage\",\"url\":\"https:\/\/staging.lucky-hunter.com\/wp-content\/uploads\/2021\/08\/cs-10.png\",\"contentUrl\":\"https:\/\/staging.lucky-hunter.com\/wp-content\/uploads\/2021\/08\/cs-10.png\",\"width\":1000,\"height\":1000},{\"@type\":\"BreadcrumbList\",\"@id\":\"https:\/\/staging.lucky-hunter.com\/fr\/product\/carbon-speck\/#breadcrumb\",\"itemListElement\":[{\"@type\":\"ListItem\",\"position\":1,\"name\":\"Home\",\"item\":\"https:\/\/staging.lucky-hunter.com\/fr\/\"},{\"@type\":\"ListItem\",\"position\":2,\"name\":\"Boutique\",\"item\":\"https:\/\/staging.lucky-hunter.com\/fr\/shop\/\"},{\"@type\":\"ListItem\",\"position\":3,\"name\":\"Haydel\u00b4s Carbon Speck | Appeau d\u2019oie rieuse | CS-10\"}]},{\"@type\":\"WebSite\",\"@id\":\"https:\/\/staging.lucky-hunter.com\/#website\",\"url\":\"https:\/\/staging.lucky-hunter.com\/\",\"name\":\"Lucky-Hunter\",\"description\":\"Gear Up or Give Up\",\"potentialAction\":[{\"@type\":\"SearchAction\",\"target\":{\"@type\":\"EntryPoint\",\"urlTemplate\":\"https:\/\/staging.lucky-hunter.com\/?s={search_term_string}\"},\"query-input\":{\"@type\":\"PropertyValueSpecification\",\"valueRequired\":true,\"valueName\":\"search_term_string\"}}],\"inLanguage\":\"fr-FR\"}]}<\/script>\n<!-- \/ Yoast SEO plugin. -->","yoast_head_json":{"title":"Haydel\u00b4s Carbon Speck Call | CS-10 | Now on Lucky-Hunter.com","description":"Haydel\u00b4s Carbon Speck Goose Call is special tuned on \"the high side\" for notes that really pop!","robots":{"index":"noindex","follow":"follow","max-snippet":"max-snippet:-1","max-image-preview":"max-image-preview:large","max-video-preview":"max-video-preview:-1"},"og_locale":"fr_FR","og_type":"article","og_title":"Haydel\u00b4s Carbon Speck Call | CS-10 | Now on Lucky-Hunter.com","og_description":"Haydel\u00b4s Carbon Speck Goose Call is special tuned on \"the high side\" for notes that really pop!","og_url":"https:\/\/staging.lucky-hunter.com\/fr\/product\/carbon-speck\/","og_site_name":"Lucky-Hunter","article_modified_time":"2022-11-25T10:02:40+00:00","og_image":[{"width":1000,"height":1000,"url":"https:\/\/staging.lucky-hunter.com\/wp-content\/uploads\/2021\/08\/cs-10.png","type":"image\/png"}],"twitter_card":"summary_large_image","twitter_misc":{"Dur\u00e9e de lecture estim\u00e9e":"1 minute"},"schema":{"@context":"https:\/\/schema.org","@graph":[{"@type":"WebPage","@id":"https:\/\/staging.lucky-hunter.com\/fr\/product\/carbon-speck\/","url":"https:\/\/staging.lucky-hunter.com\/fr\/product\/carbon-speck\/","name":"Haydel\u00b4s Carbon Speck Call | CS-10 | Now on Lucky-Hunter.com","isPartOf":{"@id":"https:\/\/staging.lucky-hunter.com\/#website"},"primaryImageOfPage":{"@id":"https:\/\/staging.lucky-hunter.com\/fr\/product\/carbon-speck\/#primaryimage"},"image":{"@id":"https:\/\/staging.lucky-hunter.com\/fr\/product\/carbon-speck\/#primaryimage"},"thumbnailUrl":"https:\/\/staging.lucky-hunter.com\/wp-content\/uploads\/2021\/08\/cs-10.png","datePublished":"2021-08-11T08:45:36+00:00","dateModified":"2022-11-25T10:02:40+00:00","description":"Haydel\u00b4s Carbon Speck Goose Call is special tuned on \"the high side\" for notes that really pop!","breadcrumb":{"@id":"https:\/\/staging.lucky-hunter.com\/fr\/product\/carbon-speck\/#breadcrumb"},"inLanguage":"fr-FR","potentialAction":[{"@type":"ReadAction","target":["https:\/\/staging.lucky-hunter.com\/fr\/product\/carbon-speck\/"]}]},{"@type":"ImageObject","inLanguage":"fr-FR","@id":"https:\/\/staging.lucky-hunter.com\/fr\/product\/carbon-speck\/#primaryimage","url":"https:\/\/staging.lucky-hunter.com\/wp-content\/uploads\/2021\/08\/cs-10.png","contentUrl":"https:\/\/staging.lucky-hunter.com\/wp-content\/uploads\/2021\/08\/cs-10.png","width":1000,"height":1000},{"@type":"BreadcrumbList","@id":"https:\/\/staging.lucky-hunter.com\/fr\/product\/carbon-speck\/#breadcrumb","itemListElement":[{"@type":"ListItem","position":1,"name":"Home","item":"https:\/\/staging.lucky-hunter.com\/fr\/"},{"@type":"ListItem","position":2,"name":"Boutique","item":"https:\/\/staging.lucky-hunter.com\/fr\/shop\/"},{"@type":"ListItem","position":3,"name":"Haydel\u00b4s Carbon Speck | Appeau d\u2019oie rieuse | CS-10"}]},{"@type":"WebSite","@id":"https:\/\/staging.lucky-hunter.com\/#website","url":"https:\/\/staging.lucky-hunter.com\/","name":"Lucky-Hunter","description":"Gear Up or Give Up","potentialAction":[{"@type":"SearchAction","target":{"@type":"EntryPoint","urlTemplate":"https:\/\/staging.lucky-hunter.com\/?s={search_term_string}"},"query-input":{"@type":"PropertyValueSpecification","valueRequired":true,"valueName":"search_term_string"}}],"inLanguage":"fr-FR"}]}},"_links":{"self":[{"href":"https:\/\/staging.lucky-hunter.com\/fr\/wp-json\/wp\/v2\/product\/31033"}],"collection":[{"href":"https:\/\/staging.lucky-hunter.com\/fr\/wp-json\/wp\/v2\/product"}],"about":[{"href":"https:\/\/staging.lucky-hunter.com\/fr\/wp-json\/wp\/v2\/types\/product"}],"wp:featuredmedia":[{"embeddable":true,"href":"https:\/\/staging.lucky-hunter.com\/fr\/wp-json\/wp\/v2\/media\/30261"}],"wp:attachment":[{"href":"https:\/\/staging.lucky-hunter.com\/fr\/wp-json\/wp\/v2\/media?parent=31033"}],"wp:term":[{"taxonomy":"product_brand","embeddable":true,"href":"https:\/\/staging.lucky-hunter.com\/fr\/wp-json\/wp\/v2\/product_brand?post=31033"},{"taxonomy":"product_cat","embeddable":true,"href":"https:\/\/staging.lucky-hunter.com\/fr\/wp-json\/wp\/v2\/product_cat?post=31033"},{"taxonomy":"product_tag","embeddable":true,"href":"https:\/\/staging.lucky-hunter.com\/fr\/wp-json\/wp\/v2\/product_tag?post=31033"}],"curies":[{"name":"wp","href":"https:\/\/api.w.org\/{rel}","templated":true}]}}