{"id":31032,"date":"2016-11-07T16:17:06","date_gmt":"2016-11-07T15:17:06","guid":{"rendered":"https:\/\/staging.lucky-hunter.com\/product\/sillosocks-specklebelly-sentry-2\/"},"modified":"2024-11-14T11:26:23","modified_gmt":"2024-11-14T10:26:23","slug":"sillosocks-specklebelly-sentry","status":"publish","type":"product","link":"https:\/\/staging.lucky-hunter.com\/fr\/product\/sillosocks-specklebelly-sentry\/","title":{"rendered":"Sillosocks Oie Rieuse Sentinelle &#8211; 6 pcs"},"content":{"rendered":"<p><iframe title=\"Sillosocks Specklebelly\/greylag decoys\" width=\"1020\" height=\"574\" src=\"https:\/\/www.youtube.com\/embed\/e3wBy7kb--4?wmode=transparent&amp;rel=0&amp;feature=oembed&#038;enablejsapi=1&#038;origin=https:\/\/staging.lucky-hunter.com\" frameborder=\"0\" allow=\"accelerometer; autoplay; clipboard-write; encrypted-media; gyroscope; picture-in-picture; web-share\" allowfullscreen><\/iframe><\/p>\n<h2><strong>Sillosocks  Oie Rieuse Sentry &#8211; leurres l\u00e9gers et \u00e9oliens<\/strong><\/h2>\n<p>Tout comme les autres leurres de Sillosocks, les oies rieuses sentinelles sont incroyablement r\u00e9alistes dans leurs mouvements au sein de votre troupeau de leurres. Par cons\u00e9quent, vous en attirerez beaucoup plus, et de plus loin.<\/p>\n<p>Les t\u00eates floqu\u00e9es leur conf\u00e8rent un rev\u00eatement doux. Ceci est principalement destin\u00e9 \u00e0 \u00e9viter l&#8217;\u00e9blouissement et \u00e0 donner aux leurres un aspect r\u00e9aliste. Pour cette raison, davantage d\u2019oiseaux sont susceptibles de venir dans la zone.<\/p>\n<p>Vous obtenez de toutes nouvelles opportunit\u00e9s de d\u00e9jouer m\u00eame les oies rieuses et cendr\u00e9es tr\u00e8s vigilantes.<\/p>\n<p>Nous vous recommandons de m\u00e9langer ces sentinelles Sillosocks avec des mangeuses Sillosocks pour cr\u00e9er une installation de leurres tr\u00e8s proche d&#8217;un troupeau d&#8217;oies sauvages.<\/p>\n<p>Vendu \u00e0 l\u2019unit\u00e9.<\/p>\n","protected":false},"excerpt":{"rendered":"<p>Tout comme les autres leurres \u00e0 vent Sillosocks, ces oies Specklebelly sentinelles donnent un mouvement incroyable et r\u00e9aliste dans le troupeau de leurres.<\/p>\n","protected":false},"featured_media":29246,"template":"","meta":[],"product_brand":[8126],"product_cat":[8177,9736],"product_tag":[9446],"yoast_head":"<!-- This site is optimized with the Yoast SEO plugin v24.3 - https:\/\/yoast.com\/wordpress\/plugins\/seo\/ -->\n<title>Sillosocks Oie Rieuse Sentry - leurres l\u00e9gers et \u00e9oliens<\/title>\n<meta name=\"description\" content=\"Mouvement \u00e9olien. Le l\u00e9ger Sillosocks Oie Rieuse Sentry ajoute un mouvement indispensable \u00e0 votre d\u00e9ploiement de leurres, en dessinant \u00e0 des kilom\u00e8tres \u00e0 la ronde.\" \/>\n<meta name=\"robots\" content=\"noindex, follow, max-snippet:-1, max-image-preview:large, max-video-preview:-1\" \/>\n<meta property=\"og:locale\" content=\"fr_FR\" \/>\n<meta property=\"og:type\" content=\"article\" \/>\n<meta property=\"og:title\" content=\"{1&gt;Sillosocks Specklebelly Sentry - leurres l\u00e9gers et \u00e9oliens&lt;1}\" \/>\n<meta property=\"og:description\" content=\"Mouvement \u00e9olien. Le l\u00e9ger Sillosocks Oie Rieuse Sentry ajoute un mouvement indispensable \u00e0 votre d\u00e9ploiement de leurres, en dessinant \u00e0 des kilom\u00e8tres \u00e0 la ronde.\" \/>\n<meta property=\"og:url\" content=\"https:\/\/staging.lucky-hunter.com\/product\/sillosocks-specklebelly-sentry\/\" \/>\n<meta property=\"og:site_name\" content=\"Lucky-Hunter\" \/>\n<meta property=\"article:modified_time\" content=\"2024-11-14T10:26:23+00:00\" \/>\n<meta property=\"og:image\" content=\"https:\/\/staging.lucky-hunter.com\/wp-content\/uploads\/2016\/11\/LF-119.png\" \/>\n\t<meta property=\"og:image:width\" content=\"1000\" \/>\n\t<meta property=\"og:image:height\" content=\"1000\" \/>\n\t<meta property=\"og:image:type\" content=\"image\/png\" \/>\n<meta name=\"twitter:card\" content=\"summary_large_image\" \/>\n<meta name=\"twitter:title\" content=\"{1&gt;Sillosocks Specklebelly Sentry - leurres l\u00e9gers et \u00e9oliens\" \/>\n<meta name=\"twitter:description\" content=\"Mouvement \u00e9olien. Le l\u00e9ger Sillosocks Oie Rieuse Sentry ajoute un mouvement indispensable \u00e0 votre d\u00e9ploiement de leurres, en dessinant \u00e0 des kilom\u00e8tres \u00e0 la ronde.\" \/>\n<meta name=\"twitter:label1\" content=\"Dur\u00e9e de lecture estim\u00e9e\" \/>\n\t<meta name=\"twitter:data1\" content=\"1 minute\" \/>\n<script type=\"application\/ld+json\" class=\"yoast-schema-graph\">{\"@context\":\"https:\/\/schema.org\",\"@graph\":[{\"@type\":\"WebPage\",\"@id\":\"https:\/\/staging.lucky-hunter.com\/product\/sillosocks-specklebelly-sentry\/\",\"url\":\"https:\/\/staging.lucky-hunter.com\/product\/sillosocks-specklebelly-sentry\/\",\"name\":\"Sillosocks Oie Rieuse Sentry - leurres l\u00e9gers et \u00e9oliens\",\"isPartOf\":{\"@id\":\"https:\/\/staging.lucky-hunter.com\/#website\"},\"primaryImageOfPage\":{\"@id\":\"https:\/\/staging.lucky-hunter.com\/product\/sillosocks-specklebelly-sentry\/#primaryimage\"},\"image\":{\"@id\":\"https:\/\/staging.lucky-hunter.com\/product\/sillosocks-specklebelly-sentry\/#primaryimage\"},\"thumbnailUrl\":\"https:\/\/staging.lucky-hunter.com\/wp-content\/uploads\/2016\/11\/LF-119.png\",\"datePublished\":\"2016-11-07T15:17:06+00:00\",\"dateModified\":\"2024-11-14T10:26:23+00:00\",\"description\":\"Mouvement \u00e9olien. Le l\u00e9ger Sillosocks Oie Rieuse Sentry ajoute un mouvement indispensable \u00e0 votre d\u00e9ploiement de leurres, en dessinant \u00e0 des kilom\u00e8tres \u00e0 la ronde.\",\"breadcrumb\":{\"@id\":\"https:\/\/staging.lucky-hunter.com\/product\/sillosocks-specklebelly-sentry\/#breadcrumb\"},\"inLanguage\":\"fr-FR\",\"potentialAction\":[{\"@type\":\"ReadAction\",\"target\":[\"https:\/\/staging.lucky-hunter.com\/product\/sillosocks-specklebelly-sentry\/\"]}]},{\"@type\":\"ImageObject\",\"inLanguage\":\"fr-FR\",\"@id\":\"https:\/\/staging.lucky-hunter.com\/product\/sillosocks-specklebelly-sentry\/#primaryimage\",\"url\":\"https:\/\/staging.lucky-hunter.com\/wp-content\/uploads\/2016\/11\/LF-119.png\",\"contentUrl\":\"https:\/\/staging.lucky-hunter.com\/wp-content\/uploads\/2016\/11\/LF-119.png\",\"width\":1000,\"height\":1000},{\"@type\":\"BreadcrumbList\",\"@id\":\"https:\/\/staging.lucky-hunter.com\/product\/sillosocks-specklebelly-sentry\/#breadcrumb\",\"itemListElement\":[{\"@type\":\"ListItem\",\"position\":1,\"name\":\"Home\",\"item\":\"https:\/\/staging.lucky-hunter.com\/fr\/\"},{\"@type\":\"ListItem\",\"position\":2,\"name\":\"Boutique\",\"item\":\"https:\/\/staging.lucky-hunter.com\/fr\/shop\/\"},{\"@type\":\"ListItem\",\"position\":3,\"name\":\"Sillosocks Oie Rieuse Sentinelle &#8211; 6 pcs\"}]},{\"@type\":\"WebSite\",\"@id\":\"https:\/\/staging.lucky-hunter.com\/#website\",\"url\":\"https:\/\/staging.lucky-hunter.com\/\",\"name\":\"Lucky-Hunter\",\"description\":\"Gear Up or Give Up\",\"potentialAction\":[{\"@type\":\"SearchAction\",\"target\":{\"@type\":\"EntryPoint\",\"urlTemplate\":\"https:\/\/staging.lucky-hunter.com\/?s={search_term_string}\"},\"query-input\":{\"@type\":\"PropertyValueSpecification\",\"valueRequired\":true,\"valueName\":\"search_term_string\"}}],\"inLanguage\":\"fr-FR\"}]}<\/script>\n<!-- \/ Yoast SEO plugin. -->","yoast_head_json":{"title":"Sillosocks Oie Rieuse Sentry - leurres l\u00e9gers et \u00e9oliens","description":"Mouvement \u00e9olien. Le l\u00e9ger Sillosocks Oie Rieuse Sentry ajoute un mouvement indispensable \u00e0 votre d\u00e9ploiement de leurres, en dessinant \u00e0 des kilom\u00e8tres \u00e0 la ronde.","robots":{"index":"noindex","follow":"follow","max-snippet":"max-snippet:-1","max-image-preview":"max-image-preview:large","max-video-preview":"max-video-preview:-1"},"og_locale":"fr_FR","og_type":"article","og_title":"{1>Sillosocks Specklebelly Sentry - leurres l\u00e9gers et \u00e9oliens&lt;1}","og_description":"Mouvement \u00e9olien. Le l\u00e9ger Sillosocks Oie Rieuse Sentry ajoute un mouvement indispensable \u00e0 votre d\u00e9ploiement de leurres, en dessinant \u00e0 des kilom\u00e8tres \u00e0 la ronde.","og_url":"https:\/\/staging.lucky-hunter.com\/product\/sillosocks-specklebelly-sentry\/","og_site_name":"Lucky-Hunter","article_modified_time":"2024-11-14T10:26:23+00:00","og_image":[{"width":1000,"height":1000,"url":"https:\/\/staging.lucky-hunter.com\/wp-content\/uploads\/2016\/11\/LF-119.png","type":"image\/png"}],"twitter_card":"summary_large_image","twitter_title":"{1>Sillosocks Specklebelly Sentry - leurres l\u00e9gers et \u00e9oliens","twitter_description":"Mouvement \u00e9olien. Le l\u00e9ger Sillosocks Oie Rieuse Sentry ajoute un mouvement indispensable \u00e0 votre d\u00e9ploiement de leurres, en dessinant \u00e0 des kilom\u00e8tres \u00e0 la ronde.","twitter_misc":{"Dur\u00e9e de lecture estim\u00e9e":"1 minute"},"schema":{"@context":"https:\/\/schema.org","@graph":[{"@type":"WebPage","@id":"https:\/\/staging.lucky-hunter.com\/product\/sillosocks-specklebelly-sentry\/","url":"https:\/\/staging.lucky-hunter.com\/product\/sillosocks-specklebelly-sentry\/","name":"Sillosocks Oie Rieuse Sentry - leurres l\u00e9gers et \u00e9oliens","isPartOf":{"@id":"https:\/\/staging.lucky-hunter.com\/#website"},"primaryImageOfPage":{"@id":"https:\/\/staging.lucky-hunter.com\/product\/sillosocks-specklebelly-sentry\/#primaryimage"},"image":{"@id":"https:\/\/staging.lucky-hunter.com\/product\/sillosocks-specklebelly-sentry\/#primaryimage"},"thumbnailUrl":"https:\/\/staging.lucky-hunter.com\/wp-content\/uploads\/2016\/11\/LF-119.png","datePublished":"2016-11-07T15:17:06+00:00","dateModified":"2024-11-14T10:26:23+00:00","description":"Mouvement \u00e9olien. Le l\u00e9ger Sillosocks Oie Rieuse Sentry ajoute un mouvement indispensable \u00e0 votre d\u00e9ploiement de leurres, en dessinant \u00e0 des kilom\u00e8tres \u00e0 la ronde.","breadcrumb":{"@id":"https:\/\/staging.lucky-hunter.com\/product\/sillosocks-specklebelly-sentry\/#breadcrumb"},"inLanguage":"fr-FR","potentialAction":[{"@type":"ReadAction","target":["https:\/\/staging.lucky-hunter.com\/product\/sillosocks-specklebelly-sentry\/"]}]},{"@type":"ImageObject","inLanguage":"fr-FR","@id":"https:\/\/staging.lucky-hunter.com\/product\/sillosocks-specklebelly-sentry\/#primaryimage","url":"https:\/\/staging.lucky-hunter.com\/wp-content\/uploads\/2016\/11\/LF-119.png","contentUrl":"https:\/\/staging.lucky-hunter.com\/wp-content\/uploads\/2016\/11\/LF-119.png","width":1000,"height":1000},{"@type":"BreadcrumbList","@id":"https:\/\/staging.lucky-hunter.com\/product\/sillosocks-specklebelly-sentry\/#breadcrumb","itemListElement":[{"@type":"ListItem","position":1,"name":"Home","item":"https:\/\/staging.lucky-hunter.com\/fr\/"},{"@type":"ListItem","position":2,"name":"Boutique","item":"https:\/\/staging.lucky-hunter.com\/fr\/shop\/"},{"@type":"ListItem","position":3,"name":"Sillosocks Oie Rieuse Sentinelle &#8211; 6 pcs"}]},{"@type":"WebSite","@id":"https:\/\/staging.lucky-hunter.com\/#website","url":"https:\/\/staging.lucky-hunter.com\/","name":"Lucky-Hunter","description":"Gear Up or Give Up","potentialAction":[{"@type":"SearchAction","target":{"@type":"EntryPoint","urlTemplate":"https:\/\/staging.lucky-hunter.com\/?s={search_term_string}"},"query-input":{"@type":"PropertyValueSpecification","valueRequired":true,"valueName":"search_term_string"}}],"inLanguage":"fr-FR"}]}},"_links":{"self":[{"href":"https:\/\/staging.lucky-hunter.com\/fr\/wp-json\/wp\/v2\/product\/31032"}],"collection":[{"href":"https:\/\/staging.lucky-hunter.com\/fr\/wp-json\/wp\/v2\/product"}],"about":[{"href":"https:\/\/staging.lucky-hunter.com\/fr\/wp-json\/wp\/v2\/types\/product"}],"wp:featuredmedia":[{"embeddable":true,"href":"https:\/\/staging.lucky-hunter.com\/fr\/wp-json\/wp\/v2\/media\/29246"}],"wp:attachment":[{"href":"https:\/\/staging.lucky-hunter.com\/fr\/wp-json\/wp\/v2\/media?parent=31032"}],"wp:term":[{"taxonomy":"product_brand","embeddable":true,"href":"https:\/\/staging.lucky-hunter.com\/fr\/wp-json\/wp\/v2\/product_brand?post=31032"},{"taxonomy":"product_cat","embeddable":true,"href":"https:\/\/staging.lucky-hunter.com\/fr\/wp-json\/wp\/v2\/product_cat?post=31032"},{"taxonomy":"product_tag","embeddable":true,"href":"https:\/\/staging.lucky-hunter.com\/fr\/wp-json\/wp\/v2\/product_tag?post=31032"}],"curies":[{"name":"wp","href":"https:\/\/api.w.org\/{rel}","templated":true}]}}