{"id":31031,"date":"2016-11-07T16:14:48","date_gmt":"2016-11-07T15:14:48","guid":{"rendered":"https:\/\/staging.lucky-hunter.com\/product\/sillosocks-specklebelly-flapper-2\/"},"modified":"2022-11-16T11:37:06","modified_gmt":"2022-11-16T10:37:06","slug":"sillosocks-specklebelly-flapper","status":"publish","type":"product","link":"https:\/\/staging.lucky-hunter.com\/fr\/product\/sillosocks-specklebelly-flapper\/","title":{"rendered":"Sillosocks Specklebelly Flapper"},"content":{"rendered":"<h2><strong>Sillosocks Specklebelly Flapper &#8211; leurre l\u00e9ger et \u00e9olien<\/strong><\/h2>\n<p>Le mouvement de battement aliment\u00e9 par le vent imite l\u2019atterrissage d\u2019une oie cendr\u00e9e ou d\u2019une oie rieuse et il a un effet d&#8217;attraction irr\u00e9sistible sur les oies et les canards \u00e0 des kilom\u00e8tres \u00e0 la ronde.<\/p>\n<p>Placez les Sillosocks Speck Goose Flappers contre le vent parmi vos leurres habituels et d\u00e9couvrez \u00e0 quel point ils sont r\u00e9alistes.<\/p>\n<p>Installez le leurre \u00e0 environ 1 m\u00e8tre du sol pour que les ailes puissent flotter au vent.<\/p>\n<p>Comprend un b\u00e2ton en 2 parties.<\/p>\n<p>Les Sillosocks sont l\u00e9gers et prennent peu de place lorsqu&#8217;ils sont emball\u00e9s ensemble, ils sont donc tr\u00e8s faciles \u00e0 transporter en grand nombre dans votre sac \u00e0 leurres.<\/p>\n<p>Vendus \u00e0 l\u2019unit\u00e9.<\/p>\n","protected":false},"excerpt":{"rendered":"<p>Le mouvement de battement aliment\u00e9 par le vent imite l\u2019atterrissage d\u2019une oie cendr\u00e9e ou d\u2019une oie rieuse et il a un effet d&#8217;attraction irr\u00e9sistible sur les oies et les canards \u00e0 des kilom\u00e8tres \u00e0 la ronde.<\/p>\n","protected":false},"featured_media":29317,"template":"","meta":[],"product_brand":[8126],"product_cat":[8176,9736],"product_tag":[9446],"yoast_head":"<!-- This site is optimized with the Yoast SEO plugin v24.3 - https:\/\/yoast.com\/wordpress\/plugins\/seo\/ -->\n<title>Sillosocks Specklebelly Flapper - Lightweight Decoys | Lucky Hunter<\/title>\n<meta name=\"description\" content=\"Wind-powered and lightweight. Sillosocks Specklebelly Flapper is perfect for lightweight, wind-powered additions to your decoy flock.\" \/>\n<meta name=\"robots\" content=\"noindex, follow, max-snippet:-1, max-image-preview:large, max-video-preview:-1\" \/>\n<meta property=\"og:locale\" content=\"fr_FR\" \/>\n<meta property=\"og:type\" content=\"article\" \/>\n<meta property=\"og:title\" content=\"Sillosocks Specklebelly Flapper - Lightweight Decoys | Lucky Hunter\" \/>\n<meta property=\"og:description\" content=\"Wind-powered and lightweight. Sillosocks Specklebelly Flapper is perfect for lightweight, wind-powered additions to your decoy flock.\" \/>\n<meta property=\"og:url\" content=\"https:\/\/staging.lucky-hunter.com\/product\/sillosocks-specklebelly-flapper\/\" \/>\n<meta property=\"og:site_name\" content=\"Lucky-Hunter\" \/>\n<meta property=\"article:modified_time\" content=\"2022-11-16T10:37:06+00:00\" \/>\n<meta property=\"og:image\" content=\"https:\/\/staging.lucky-hunter.com\/wp-content\/uploads\/2016\/11\/LF_116_116-Copy-1-1280x848.jpg\" \/>\n\t<meta property=\"og:image:width\" content=\"1280\" \/>\n\t<meta property=\"og:image:height\" content=\"848\" \/>\n\t<meta property=\"og:image:type\" content=\"image\/jpeg\" \/>\n<meta name=\"twitter:card\" content=\"summary_large_image\" \/>\n<meta name=\"twitter:title\" content=\"Sillosocks Specklebelly Flapper - Lightweight Decoys | Lucky Hunter\" \/>\n<meta name=\"twitter:description\" content=\"Wind-powered and lightweight. Sillosocks Specklebelly Flapper is perfect for lightweight, wind-powered additions to your decoy flock.\" \/>\n<meta name=\"twitter:label1\" content=\"Dur\u00e9e de lecture estim\u00e9e\" \/>\n\t<meta name=\"twitter:data1\" content=\"1 minute\" \/>\n<script type=\"application\/ld+json\" class=\"yoast-schema-graph\">{\"@context\":\"https:\/\/schema.org\",\"@graph\":[{\"@type\":\"WebPage\",\"@id\":\"https:\/\/staging.lucky-hunter.com\/product\/sillosocks-specklebelly-flapper\/\",\"url\":\"https:\/\/staging.lucky-hunter.com\/product\/sillosocks-specklebelly-flapper\/\",\"name\":\"Sillosocks Specklebelly Flapper - Lightweight Decoys | Lucky Hunter\",\"isPartOf\":{\"@id\":\"https:\/\/staging.lucky-hunter.com\/#website\"},\"primaryImageOfPage\":{\"@id\":\"https:\/\/staging.lucky-hunter.com\/product\/sillosocks-specklebelly-flapper\/#primaryimage\"},\"image\":{\"@id\":\"https:\/\/staging.lucky-hunter.com\/product\/sillosocks-specklebelly-flapper\/#primaryimage\"},\"thumbnailUrl\":\"https:\/\/staging.lucky-hunter.com\/wp-content\/uploads\/2016\/11\/LF_116_116-Copy-1-1280x848.jpg\",\"datePublished\":\"2016-11-07T15:14:48+00:00\",\"dateModified\":\"2022-11-16T10:37:06+00:00\",\"description\":\"Wind-powered and lightweight. Sillosocks Specklebelly Flapper is perfect for lightweight, wind-powered additions to your decoy flock.\",\"breadcrumb\":{\"@id\":\"https:\/\/staging.lucky-hunter.com\/product\/sillosocks-specklebelly-flapper\/#breadcrumb\"},\"inLanguage\":\"fr-FR\",\"potentialAction\":[{\"@type\":\"ReadAction\",\"target\":[\"https:\/\/staging.lucky-hunter.com\/product\/sillosocks-specklebelly-flapper\/\"]}]},{\"@type\":\"ImageObject\",\"inLanguage\":\"fr-FR\",\"@id\":\"https:\/\/staging.lucky-hunter.com\/product\/sillosocks-specklebelly-flapper\/#primaryimage\",\"url\":\"https:\/\/staging.lucky-hunter.com\/wp-content\/uploads\/2016\/11\/LF_116_116-Copy-1-1280x848.jpg\",\"contentUrl\":\"https:\/\/staging.lucky-hunter.com\/wp-content\/uploads\/2016\/11\/LF_116_116-Copy-1-1280x848.jpg\",\"width\":1280,\"height\":848},{\"@type\":\"BreadcrumbList\",\"@id\":\"https:\/\/staging.lucky-hunter.com\/product\/sillosocks-specklebelly-flapper\/#breadcrumb\",\"itemListElement\":[{\"@type\":\"ListItem\",\"position\":1,\"name\":\"Home\",\"item\":\"https:\/\/staging.lucky-hunter.com\/fr\/\"},{\"@type\":\"ListItem\",\"position\":2,\"name\":\"Boutique\",\"item\":\"https:\/\/staging.lucky-hunter.com\/fr\/shop\/\"},{\"@type\":\"ListItem\",\"position\":3,\"name\":\"Sillosocks Specklebelly Flapper\"}]},{\"@type\":\"WebSite\",\"@id\":\"https:\/\/staging.lucky-hunter.com\/#website\",\"url\":\"https:\/\/staging.lucky-hunter.com\/\",\"name\":\"Lucky-Hunter\",\"description\":\"Gear Up or Give Up\",\"potentialAction\":[{\"@type\":\"SearchAction\",\"target\":{\"@type\":\"EntryPoint\",\"urlTemplate\":\"https:\/\/staging.lucky-hunter.com\/?s={search_term_string}\"},\"query-input\":{\"@type\":\"PropertyValueSpecification\",\"valueRequired\":true,\"valueName\":\"search_term_string\"}}],\"inLanguage\":\"fr-FR\"}]}<\/script>\n<!-- \/ Yoast SEO plugin. -->","yoast_head_json":{"title":"Sillosocks Specklebelly Flapper - Lightweight Decoys | Lucky Hunter","description":"Wind-powered and lightweight. Sillosocks Specklebelly Flapper is perfect for lightweight, wind-powered additions to your decoy flock.","robots":{"index":"noindex","follow":"follow","max-snippet":"max-snippet:-1","max-image-preview":"max-image-preview:large","max-video-preview":"max-video-preview:-1"},"og_locale":"fr_FR","og_type":"article","og_title":"Sillosocks Specklebelly Flapper - Lightweight Decoys | Lucky Hunter","og_description":"Wind-powered and lightweight. Sillosocks Specklebelly Flapper is perfect for lightweight, wind-powered additions to your decoy flock.","og_url":"https:\/\/staging.lucky-hunter.com\/product\/sillosocks-specklebelly-flapper\/","og_site_name":"Lucky-Hunter","article_modified_time":"2022-11-16T10:37:06+00:00","og_image":[{"width":1280,"height":848,"url":"https:\/\/staging.lucky-hunter.com\/wp-content\/uploads\/2016\/11\/LF_116_116-Copy-1-1280x848.jpg","type":"image\/jpeg"}],"twitter_card":"summary_large_image","twitter_title":"Sillosocks Specklebelly Flapper - Lightweight Decoys | Lucky Hunter","twitter_description":"Wind-powered and lightweight. Sillosocks Specklebelly Flapper is perfect for lightweight, wind-powered additions to your decoy flock.","twitter_misc":{"Dur\u00e9e de lecture estim\u00e9e":"1 minute"},"schema":{"@context":"https:\/\/schema.org","@graph":[{"@type":"WebPage","@id":"https:\/\/staging.lucky-hunter.com\/product\/sillosocks-specklebelly-flapper\/","url":"https:\/\/staging.lucky-hunter.com\/product\/sillosocks-specklebelly-flapper\/","name":"Sillosocks Specklebelly Flapper - Lightweight Decoys | Lucky Hunter","isPartOf":{"@id":"https:\/\/staging.lucky-hunter.com\/#website"},"primaryImageOfPage":{"@id":"https:\/\/staging.lucky-hunter.com\/product\/sillosocks-specklebelly-flapper\/#primaryimage"},"image":{"@id":"https:\/\/staging.lucky-hunter.com\/product\/sillosocks-specklebelly-flapper\/#primaryimage"},"thumbnailUrl":"https:\/\/staging.lucky-hunter.com\/wp-content\/uploads\/2016\/11\/LF_116_116-Copy-1-1280x848.jpg","datePublished":"2016-11-07T15:14:48+00:00","dateModified":"2022-11-16T10:37:06+00:00","description":"Wind-powered and lightweight. Sillosocks Specklebelly Flapper is perfect for lightweight, wind-powered additions to your decoy flock.","breadcrumb":{"@id":"https:\/\/staging.lucky-hunter.com\/product\/sillosocks-specklebelly-flapper\/#breadcrumb"},"inLanguage":"fr-FR","potentialAction":[{"@type":"ReadAction","target":["https:\/\/staging.lucky-hunter.com\/product\/sillosocks-specklebelly-flapper\/"]}]},{"@type":"ImageObject","inLanguage":"fr-FR","@id":"https:\/\/staging.lucky-hunter.com\/product\/sillosocks-specklebelly-flapper\/#primaryimage","url":"https:\/\/staging.lucky-hunter.com\/wp-content\/uploads\/2016\/11\/LF_116_116-Copy-1-1280x848.jpg","contentUrl":"https:\/\/staging.lucky-hunter.com\/wp-content\/uploads\/2016\/11\/LF_116_116-Copy-1-1280x848.jpg","width":1280,"height":848},{"@type":"BreadcrumbList","@id":"https:\/\/staging.lucky-hunter.com\/product\/sillosocks-specklebelly-flapper\/#breadcrumb","itemListElement":[{"@type":"ListItem","position":1,"name":"Home","item":"https:\/\/staging.lucky-hunter.com\/fr\/"},{"@type":"ListItem","position":2,"name":"Boutique","item":"https:\/\/staging.lucky-hunter.com\/fr\/shop\/"},{"@type":"ListItem","position":3,"name":"Sillosocks Specklebelly Flapper"}]},{"@type":"WebSite","@id":"https:\/\/staging.lucky-hunter.com\/#website","url":"https:\/\/staging.lucky-hunter.com\/","name":"Lucky-Hunter","description":"Gear Up or Give Up","potentialAction":[{"@type":"SearchAction","target":{"@type":"EntryPoint","urlTemplate":"https:\/\/staging.lucky-hunter.com\/?s={search_term_string}"},"query-input":{"@type":"PropertyValueSpecification","valueRequired":true,"valueName":"search_term_string"}}],"inLanguage":"fr-FR"}]}},"_links":{"self":[{"href":"https:\/\/staging.lucky-hunter.com\/fr\/wp-json\/wp\/v2\/product\/31031"}],"collection":[{"href":"https:\/\/staging.lucky-hunter.com\/fr\/wp-json\/wp\/v2\/product"}],"about":[{"href":"https:\/\/staging.lucky-hunter.com\/fr\/wp-json\/wp\/v2\/types\/product"}],"wp:featuredmedia":[{"embeddable":true,"href":"https:\/\/staging.lucky-hunter.com\/fr\/wp-json\/wp\/v2\/media\/29317"}],"wp:attachment":[{"href":"https:\/\/staging.lucky-hunter.com\/fr\/wp-json\/wp\/v2\/media?parent=31031"}],"wp:term":[{"taxonomy":"product_brand","embeddable":true,"href":"https:\/\/staging.lucky-hunter.com\/fr\/wp-json\/wp\/v2\/product_brand?post=31031"},{"taxonomy":"product_cat","embeddable":true,"href":"https:\/\/staging.lucky-hunter.com\/fr\/wp-json\/wp\/v2\/product_cat?post=31031"},{"taxonomy":"product_tag","embeddable":true,"href":"https:\/\/staging.lucky-hunter.com\/fr\/wp-json\/wp\/v2\/product_tag?post=31031"}],"curies":[{"name":"wp","href":"https:\/\/api.w.org\/{rel}","templated":true}]}}