{"id":31025,"date":"2018-05-28T15:39:32","date_gmt":"2018-05-28T13:39:32","guid":{"rendered":"https:\/\/staging.lucky-hunter.com\/product\/teal-female-duck-call-2\/"},"modified":"2024-09-19T10:41:39","modified_gmt":"2024-09-19T08:41:39","slug":"teal-female-duck-call","status":"publish","type":"product","link":"https:\/\/staging.lucky-hunter.com\/fr\/product\/teal-female-duck-call\/","title":{"rendered":"Appeau de sarcelle femelle"},"content":{"rendered":"<h2>Appeau de sarcelle femelle &#8211; Appeaux de gibier de haute qualit\u00e9<\/h2>\n<p>Appeau en acrylique de haute qualit\u00e9 du fabricant fran\u00e7ais Helen Baud. Avec ce appeau, vous pouvez facilement reproduire le cri rapide et r\u00e9p\u00e9titif de la femelle sarcelle.<\/p>\n<p>Les femelles sarcelles \u00e0 ailes vertes \u00e9mettent un couac aigu et r\u00e9p\u00e9t\u00e9. On l\u2019entend g\u00e9n\u00e9ralement sur les lieux d&#8217;hivernage, pendant la parade nuptiale et pour distraire les pr\u00e9dateurs potentiels lors de la couvaison.<\/p>\n<p>Elles \u00e9mettent \u00e9galement 5 \u00e0 15 couacs solides et persistants, environ 2 par seconde, lorsqu\u2019elles recherchent des sites de nidification, peut-\u00eatre pour attirer les pr\u00e9dateurs potentiels et \u00e9valuer la s\u00e9curit\u00e9 d&#8217;un site.<\/p>\n<p>Cet appeau de sarcelle femelle est agr\u00e9able et facile \u00e0 ma\u00eetriser. Vous aurez ainsi plus de chances de r\u00e9ussir votre chasse une fois que vous aurez ma\u00eetris\u00e9 cet appeau pratique.<\/p>\n","protected":false},"excerpt":{"rendered":"<p>Avec cet appeau en acrylique de haute qualit\u00e9 du fabricant fran\u00e7ais Helen Baud, vous pouvez tr\u00e8s facilement reproduire le \u00ab krehk-krehk \u00bb rapide et r\u00e9p\u00e9titif des femelles sarcelles.<\/p>\n","protected":false},"featured_media":30552,"template":"","meta":[],"product_brand":[],"product_cat":[8636],"product_tag":[],"yoast_head":"<!-- This site is optimized with the Yoast SEO plugin v24.3 - https:\/\/yoast.com\/wordpress\/plugins\/seo\/ -->\n<title>Appeau pour canard sarcelle femelle - Appeaux de haute qualit\u00e9 | Lucky Hunter<\/title>\n<meta name=\"description\" content=\"Appeaux de haute qualit\u00e9. L&#039;appeau pour canard sarcelle femelle, fabriqu\u00e9 par le fabricant fran\u00e7ais Helen Baud, est le compagnon parfait pour votre prochaine chasse \u00e0 la sarcelle.\" \/>\n<meta name=\"robots\" content=\"noindex, follow, max-snippet:-1, max-image-preview:large, max-video-preview:-1\" \/>\n<meta property=\"og:locale\" content=\"fr_FR\" \/>\n<meta property=\"og:type\" content=\"article\" \/>\n<meta property=\"og:title\" content=\"Teal Female Duck Call - High Quality Game Calls | Lucky Hunter\" \/>\n<meta property=\"og:description\" content=\"Appeaux de haute qualit\u00e9. L&#039;appeau pour canard sarcelle femelle, fabriqu\u00e9 par le fabricant fran\u00e7ais Helen Baud, est le compagnon id\u00e9al pour votre prochaine chasse \u00e0 la sarcelle.\" \/>\n<meta property=\"og:url\" content=\"https:\/\/staging.lucky-hunter.com\/product\/teal-female-duck-call\/\" \/>\n<meta property=\"og:site_name\" content=\"Lucky-Hunter\" \/>\n<meta property=\"article:modified_time\" content=\"2024-09-19T08:41:39+00:00\" \/>\n<meta property=\"og:image\" content=\"https:\/\/staging.lucky-hunter.com\/wp-content\/uploads\/2018\/05\/LK-315.png.webp\" \/>\n\t<meta property=\"og:image:width\" content=\"1000\" \/>\n\t<meta property=\"og:image:height\" content=\"1000\" \/>\n\t<meta property=\"og:image:type\" content=\"image\/webp\" \/>\n<meta name=\"twitter:card\" content=\"summary_large_image\" \/>\n<meta name=\"twitter:title\" content=\"Appeau pour canard sarcelle femelle - Appeaux de haute qualit\u00e9 | Lucky Hunter\" \/>\n<meta name=\"twitter:description\" content=\"Appeaux de haute qualit\u00e9. L&#039;appeau pour canard sarcelle femelle, fabriqu\u00e9 par le fabricant fran\u00e7ais Helen Baud, est le compagnon id\u00e9al pour votre prochaine chasse \u00e0 la sarcelle.\" \/>\n<meta name=\"twitter:label1\" content=\"Dur\u00e9e de lecture estim\u00e9e\" \/>\n\t<meta name=\"twitter:data1\" content=\"1 minute\" \/>\n<script type=\"application\/ld+json\" class=\"yoast-schema-graph\">{\"@context\":\"https:\/\/schema.org\",\"@graph\":[{\"@type\":\"WebPage\",\"@id\":\"https:\/\/staging.lucky-hunter.com\/product\/teal-female-duck-call\/\",\"url\":\"https:\/\/staging.lucky-hunter.com\/product\/teal-female-duck-call\/\",\"name\":\"Appeau pour canard sarcelle femelle - Appeaux de haute qualit\u00e9 | Lucky Hunter\",\"isPartOf\":{\"@id\":\"https:\/\/staging.lucky-hunter.com\/#website\"},\"primaryImageOfPage\":{\"@id\":\"https:\/\/staging.lucky-hunter.com\/product\/teal-female-duck-call\/#primaryimage\"},\"image\":{\"@id\":\"https:\/\/staging.lucky-hunter.com\/product\/teal-female-duck-call\/#primaryimage\"},\"thumbnailUrl\":\"https:\/\/staging.lucky-hunter.com\/wp-content\/uploads\/2018\/05\/LK-315.png.webp\",\"datePublished\":\"2018-05-28T13:39:32+00:00\",\"dateModified\":\"2024-09-19T08:41:39+00:00\",\"description\":\"Appeaux de haute qualit\u00e9. L'appeau pour canard sarcelle femelle, fabriqu\u00e9 par le fabricant fran\u00e7ais Helen Baud, est le compagnon parfait pour votre prochaine chasse \u00e0 la sarcelle.\",\"breadcrumb\":{\"@id\":\"https:\/\/staging.lucky-hunter.com\/product\/teal-female-duck-call\/#breadcrumb\"},\"inLanguage\":\"fr-FR\",\"potentialAction\":[{\"@type\":\"ReadAction\",\"target\":[\"https:\/\/staging.lucky-hunter.com\/product\/teal-female-duck-call\/\"]}]},{\"@type\":\"ImageObject\",\"inLanguage\":\"fr-FR\",\"@id\":\"https:\/\/staging.lucky-hunter.com\/product\/teal-female-duck-call\/#primaryimage\",\"url\":\"https:\/\/staging.lucky-hunter.com\/wp-content\/uploads\/2018\/05\/LK-315.png.webp\",\"contentUrl\":\"https:\/\/staging.lucky-hunter.com\/wp-content\/uploads\/2018\/05\/LK-315.png.webp\",\"width\":1000,\"height\":1000},{\"@type\":\"BreadcrumbList\",\"@id\":\"https:\/\/staging.lucky-hunter.com\/product\/teal-female-duck-call\/#breadcrumb\",\"itemListElement\":[{\"@type\":\"ListItem\",\"position\":1,\"name\":\"Home\",\"item\":\"https:\/\/staging.lucky-hunter.com\/fr\/\"},{\"@type\":\"ListItem\",\"position\":2,\"name\":\"Boutique\",\"item\":\"https:\/\/staging.lucky-hunter.com\/fr\/shop\/\"},{\"@type\":\"ListItem\",\"position\":3,\"name\":\"Appeau de sarcelle femelle\"}]},{\"@type\":\"WebSite\",\"@id\":\"https:\/\/staging.lucky-hunter.com\/#website\",\"url\":\"https:\/\/staging.lucky-hunter.com\/\",\"name\":\"Lucky-Hunter\",\"description\":\"Gear Up or Give Up\",\"potentialAction\":[{\"@type\":\"SearchAction\",\"target\":{\"@type\":\"EntryPoint\",\"urlTemplate\":\"https:\/\/staging.lucky-hunter.com\/?s={search_term_string}\"},\"query-input\":{\"@type\":\"PropertyValueSpecification\",\"valueRequired\":true,\"valueName\":\"search_term_string\"}}],\"inLanguage\":\"fr-FR\"}]}<\/script>\n<!-- \/ Yoast SEO plugin. -->","yoast_head_json":{"title":"Appeau pour canard sarcelle femelle - Appeaux de haute qualit\u00e9 | Lucky Hunter","description":"Appeaux de haute qualit\u00e9. L'appeau pour canard sarcelle femelle, fabriqu\u00e9 par le fabricant fran\u00e7ais Helen Baud, est le compagnon parfait pour votre prochaine chasse \u00e0 la sarcelle.","robots":{"index":"noindex","follow":"follow","max-snippet":"max-snippet:-1","max-image-preview":"max-image-preview:large","max-video-preview":"max-video-preview:-1"},"og_locale":"fr_FR","og_type":"article","og_title":"Teal Female Duck Call - High Quality Game Calls | Lucky Hunter","og_description":"Appeaux de haute qualit\u00e9. L'appeau pour canard sarcelle femelle, fabriqu\u00e9 par le fabricant fran\u00e7ais Helen Baud, est le compagnon id\u00e9al pour votre prochaine chasse \u00e0 la sarcelle.","og_url":"https:\/\/staging.lucky-hunter.com\/product\/teal-female-duck-call\/","og_site_name":"Lucky-Hunter","article_modified_time":"2024-09-19T08:41:39+00:00","og_image":[{"width":1000,"height":1000,"url":"https:\/\/staging.lucky-hunter.com\/wp-content\/uploads\/2018\/05\/LK-315.png.webp","type":"image\/webp"}],"twitter_card":"summary_large_image","twitter_title":"Appeau pour canard sarcelle femelle - Appeaux de haute qualit\u00e9 | Lucky Hunter","twitter_description":"Appeaux de haute qualit\u00e9. L'appeau pour canard sarcelle femelle, fabriqu\u00e9 par le fabricant fran\u00e7ais Helen Baud, est le compagnon id\u00e9al pour votre prochaine chasse \u00e0 la sarcelle.","twitter_misc":{"Dur\u00e9e de lecture estim\u00e9e":"1 minute"},"schema":{"@context":"https:\/\/schema.org","@graph":[{"@type":"WebPage","@id":"https:\/\/staging.lucky-hunter.com\/product\/teal-female-duck-call\/","url":"https:\/\/staging.lucky-hunter.com\/product\/teal-female-duck-call\/","name":"Appeau pour canard sarcelle femelle - Appeaux de haute qualit\u00e9 | Lucky Hunter","isPartOf":{"@id":"https:\/\/staging.lucky-hunter.com\/#website"},"primaryImageOfPage":{"@id":"https:\/\/staging.lucky-hunter.com\/product\/teal-female-duck-call\/#primaryimage"},"image":{"@id":"https:\/\/staging.lucky-hunter.com\/product\/teal-female-duck-call\/#primaryimage"},"thumbnailUrl":"https:\/\/staging.lucky-hunter.com\/wp-content\/uploads\/2018\/05\/LK-315.png.webp","datePublished":"2018-05-28T13:39:32+00:00","dateModified":"2024-09-19T08:41:39+00:00","description":"Appeaux de haute qualit\u00e9. L'appeau pour canard sarcelle femelle, fabriqu\u00e9 par le fabricant fran\u00e7ais Helen Baud, est le compagnon parfait pour votre prochaine chasse \u00e0 la sarcelle.","breadcrumb":{"@id":"https:\/\/staging.lucky-hunter.com\/product\/teal-female-duck-call\/#breadcrumb"},"inLanguage":"fr-FR","potentialAction":[{"@type":"ReadAction","target":["https:\/\/staging.lucky-hunter.com\/product\/teal-female-duck-call\/"]}]},{"@type":"ImageObject","inLanguage":"fr-FR","@id":"https:\/\/staging.lucky-hunter.com\/product\/teal-female-duck-call\/#primaryimage","url":"https:\/\/staging.lucky-hunter.com\/wp-content\/uploads\/2018\/05\/LK-315.png.webp","contentUrl":"https:\/\/staging.lucky-hunter.com\/wp-content\/uploads\/2018\/05\/LK-315.png.webp","width":1000,"height":1000},{"@type":"BreadcrumbList","@id":"https:\/\/staging.lucky-hunter.com\/product\/teal-female-duck-call\/#breadcrumb","itemListElement":[{"@type":"ListItem","position":1,"name":"Home","item":"https:\/\/staging.lucky-hunter.com\/fr\/"},{"@type":"ListItem","position":2,"name":"Boutique","item":"https:\/\/staging.lucky-hunter.com\/fr\/shop\/"},{"@type":"ListItem","position":3,"name":"Appeau de sarcelle femelle"}]},{"@type":"WebSite","@id":"https:\/\/staging.lucky-hunter.com\/#website","url":"https:\/\/staging.lucky-hunter.com\/","name":"Lucky-Hunter","description":"Gear Up or Give Up","potentialAction":[{"@type":"SearchAction","target":{"@type":"EntryPoint","urlTemplate":"https:\/\/staging.lucky-hunter.com\/?s={search_term_string}"},"query-input":{"@type":"PropertyValueSpecification","valueRequired":true,"valueName":"search_term_string"}}],"inLanguage":"fr-FR"}]}},"_links":{"self":[{"href":"https:\/\/staging.lucky-hunter.com\/fr\/wp-json\/wp\/v2\/product\/31025"}],"collection":[{"href":"https:\/\/staging.lucky-hunter.com\/fr\/wp-json\/wp\/v2\/product"}],"about":[{"href":"https:\/\/staging.lucky-hunter.com\/fr\/wp-json\/wp\/v2\/types\/product"}],"wp:featuredmedia":[{"embeddable":true,"href":"https:\/\/staging.lucky-hunter.com\/fr\/wp-json\/wp\/v2\/media\/30552"}],"wp:attachment":[{"href":"https:\/\/staging.lucky-hunter.com\/fr\/wp-json\/wp\/v2\/media?parent=31025"}],"wp:term":[{"taxonomy":"product_brand","embeddable":true,"href":"https:\/\/staging.lucky-hunter.com\/fr\/wp-json\/wp\/v2\/product_brand?post=31025"},{"taxonomy":"product_cat","embeddable":true,"href":"https:\/\/staging.lucky-hunter.com\/fr\/wp-json\/wp\/v2\/product_cat?post=31025"},{"taxonomy":"product_tag","embeddable":true,"href":"https:\/\/staging.lucky-hunter.com\/fr\/wp-json\/wp\/v2\/product_tag?post=31025"}],"curies":[{"name":"wp","href":"https:\/\/api.w.org\/{rel}","templated":true}]}}