{"id":31022,"date":"2016-11-07T16:03:52","date_gmt":"2016-11-07T15:03:52","guid":{"rendered":"https:\/\/staging.lucky-hunter.com\/product\/mojo-teal-3\/"},"modified":"2024-10-09T08:46:48","modified_gmt":"2024-10-09T06:46:48","slug":"mojo-teal","status":"publish","type":"product","link":"https:\/\/staging.lucky-hunter.com\/fr\/product\/mojo-teal\/","title":{"rendered":"Sarcelle MOJO Elite"},"content":{"rendered":"<p><iframe title=\"MOJO Elite Teal | Spinning wings decoy\" width=\"1020\" height=\"574\" src=\"https:\/\/www.youtube.com\/embed\/4iRD3BY79Ao?wmode=transparent&amp;rel=0&amp;feature=oembed&#038;enablejsapi=1&#038;origin=https:\/\/staging.lucky-hunter.com\" frameborder=\"0\" allow=\"accelerometer; autoplay; clipboard-write; encrypted-media; gyroscope; picture-in-picture\" allowfullscreen><\/iframe><\/p>\n<h2><strong>Les Sarcelles sont petites et ultra rapides<\/strong><\/h2>\n<p>Cette forme MOJO imite parfaitement le mouvement rapide des ailes des sarcelles, jusqu&#8217;\u00e0 2 fois plus rapide que celui des autres canards.<\/p>\n<p>Cette forme fait partie de la nouvelle s\u00e9rie Elite de MOJO et poss\u00e8de des d\u00e9tails tr\u00e8s soign\u00e9s, un corps en plastique plus souple et des ailes magn\u00e9tiques qui assurent une rotation rapide et silencieuse.<\/p>\n<p>La forme MOJO Elite sarcelle a des pieds en un nouveau mat\u00e9riau plastique souple et ils peuvent \u00eatre facilement retir\u00e9s lorsque la forme doit \u00eatre stock\u00e9e et transport\u00e9e.<\/p>\n<p>En tant que nouveaut\u00e9, les m\u00e9canismes de la forme et le corps lui-m\u00eame sont s\u00e9par\u00e9s &#8211; l&#8217;avantage de cela est qu&#8217;il est plus silencieux et \u00e9met moins de vibrations.<\/p>\n<p>La forme est aliment\u00e9e par 4 piles AA (non incluses) de bonne qualit\u00e9. Nous vous recommandons de retirer les piles lorsque l&#8217;appareil n&#8217;est pas utilis\u00e9.<\/p>\n<p>La dur\u00e9e de vie des piles d\u00e9pend de plusieurs facteurs, y compris les conditions de vent et la temp\u00e9rature. Lorsque les ailes perdent de l&#8217;\u00e9lan, il est temps de changer les piles.<\/p>\n<p>Une tige de montage en 3 pi\u00e8ces est incluse.<\/p>\n<p>Cette forme est un aimant \u00e0 canards qui attirera \u00e9galement d&#8217;autres oiseaux aquatiques.<\/p>\n<p>Les pales imitent un atterrissage de sarcelle avec le mouvement rotatif des ailes arri\u00e8re qui capture efficacement l&#8217;attention des canards.<\/p>\n<p>La sarcelle est le plus petit oiseau parmi nos canards nageurs et plongeurs. Elle a, malgr\u00e9 un poids de seulement 250 \u00e0 400 grammes, une envergure d&#8217;environ 60 cm. Une envergure que ce petit canard barboteur sait mieux utiliser que tout autre canard &#8211; et \u00e0 la fois craindre et r\u00e9jouir les chasseurs de canards.<\/p>\n<div class=\"video video-fit mb\" style=\"padding-top:56.25%;\"><p><iframe width=\"1020\" height=\"765\" src=\"https:\/\/www.youtube.com\/embed\/QGtqIfFammI?wmode=transparent&amp;rel=0&amp;feature=oembed\" frameborder=\"0\" allowfullscreen><\/iframe><\/p>\n<\/div>\n","protected":false},"excerpt":{"rendered":"<p>Cette forme MOJO Elite imite parfaitement le mouvement rapide des ailes des sarcelles, jusqu&#8217;\u00e0 2 fois plus rapide que celui des autres canards. Un aimant \u00e0 canards qui attirera \u00e9galement d&#8217;autres oiseaux aquatiques.<\/p>\n","protected":false},"featured_media":64295,"template":"","meta":[],"product_brand":[8122],"product_cat":[9737,8181],"product_tag":[9235],"yoast_head":"<!-- This site is optimized with the Yoast SEO plugin v24.3 - https:\/\/yoast.com\/wordpress\/plugins\/seo\/ -->\n<title>Forme MOJO Elite Sarcelle - Un aimant \u00e0 canards qui attirera \u00e9galement d&#039;autres oiseaux aquatiques<\/title>\n<meta name=\"description\" content=\"Cette forme MOJO imite parfaitement le mouvement rapide des ailes des sarcelles, jusqu&#039;\u00e0 2 fois plus rapide que celui des autres canards. Les Sarcelles sont petites et ultra rapides.\" \/>\n<meta name=\"robots\" content=\"noindex, follow, max-snippet:-1, max-image-preview:large, max-video-preview:-1\" \/>\n<meta property=\"og:locale\" content=\"fr_FR\" \/>\n<meta property=\"og:type\" content=\"article\" \/>\n<meta property=\"og:title\" content=\"Forme MOJO Elite Sarcelle - Un aimant \u00e0 canards qui attirera \u00e9galement d&#039;autres oiseaux aquatiques\" \/>\n<meta property=\"og:description\" content=\"Cette forme MOJO imite parfaitement le mouvement rapide des ailes des sarcelles, jusqu&#039;\u00e0 2 fois plus rapide que celui des autres canards. Les Sarcelles sont petites et ultra rapides.\" \/>\n<meta property=\"og:url\" content=\"https:\/\/staging.lucky-hunter.com\/fr\/product\/mojo-teal\/\" \/>\n<meta property=\"og:site_name\" content=\"Lucky-Hunter\" \/>\n<meta property=\"article:modified_time\" content=\"2024-10-09T06:46:48+00:00\" \/>\n<meta property=\"og:image\" content=\"https:\/\/staging.lucky-hunter.com\/wp-content\/uploads\/2016\/11\/510411.png\" \/>\n\t<meta property=\"og:image:width\" content=\"1000\" \/>\n\t<meta property=\"og:image:height\" content=\"1000\" \/>\n\t<meta property=\"og:image:type\" content=\"image\/png\" \/>\n<meta name=\"twitter:card\" content=\"summary_large_image\" \/>\n<meta name=\"twitter:label1\" content=\"Dur\u00e9e de lecture estim\u00e9e\" \/>\n\t<meta name=\"twitter:data1\" content=\"2 minutes\" \/>\n<script type=\"application\/ld+json\" class=\"yoast-schema-graph\">{\"@context\":\"https:\/\/schema.org\",\"@graph\":[{\"@type\":\"WebPage\",\"@id\":\"https:\/\/staging.lucky-hunter.com\/fr\/product\/mojo-teal\/\",\"url\":\"https:\/\/staging.lucky-hunter.com\/fr\/product\/mojo-teal\/\",\"name\":\"Forme MOJO Elite Sarcelle - Un aimant \u00e0 canards qui attirera \u00e9galement d'autres oiseaux aquatiques\",\"isPartOf\":{\"@id\":\"https:\/\/staging.lucky-hunter.com\/#website\"},\"primaryImageOfPage\":{\"@id\":\"https:\/\/staging.lucky-hunter.com\/fr\/product\/mojo-teal\/#primaryimage\"},\"image\":{\"@id\":\"https:\/\/staging.lucky-hunter.com\/fr\/product\/mojo-teal\/#primaryimage\"},\"thumbnailUrl\":\"https:\/\/staging.lucky-hunter.com\/wp-content\/uploads\/2016\/11\/510411.png\",\"datePublished\":\"2016-11-07T15:03:52+00:00\",\"dateModified\":\"2024-10-09T06:46:48+00:00\",\"description\":\"Cette forme MOJO imite parfaitement le mouvement rapide des ailes des sarcelles, jusqu'\u00e0 2 fois plus rapide que celui des autres canards. Les Sarcelles sont petites et ultra rapides.\",\"breadcrumb\":{\"@id\":\"https:\/\/staging.lucky-hunter.com\/fr\/product\/mojo-teal\/#breadcrumb\"},\"inLanguage\":\"fr-FR\",\"potentialAction\":[{\"@type\":\"ReadAction\",\"target\":[\"https:\/\/staging.lucky-hunter.com\/fr\/product\/mojo-teal\/\"]}]},{\"@type\":\"ImageObject\",\"inLanguage\":\"fr-FR\",\"@id\":\"https:\/\/staging.lucky-hunter.com\/fr\/product\/mojo-teal\/#primaryimage\",\"url\":\"https:\/\/staging.lucky-hunter.com\/wp-content\/uploads\/2016\/11\/510411.png\",\"contentUrl\":\"https:\/\/staging.lucky-hunter.com\/wp-content\/uploads\/2016\/11\/510411.png\",\"width\":1000,\"height\":1000},{\"@type\":\"BreadcrumbList\",\"@id\":\"https:\/\/staging.lucky-hunter.com\/fr\/product\/mojo-teal\/#breadcrumb\",\"itemListElement\":[{\"@type\":\"ListItem\",\"position\":1,\"name\":\"Home\",\"item\":\"https:\/\/staging.lucky-hunter.com\/fr\/\"},{\"@type\":\"ListItem\",\"position\":2,\"name\":\"Boutique\",\"item\":\"https:\/\/staging.lucky-hunter.com\/fr\/shop\/\"},{\"@type\":\"ListItem\",\"position\":3,\"name\":\"Sarcelle MOJO Elite\"}]},{\"@type\":\"WebSite\",\"@id\":\"https:\/\/staging.lucky-hunter.com\/#website\",\"url\":\"https:\/\/staging.lucky-hunter.com\/\",\"name\":\"Lucky-Hunter\",\"description\":\"Gear Up or Give Up\",\"potentialAction\":[{\"@type\":\"SearchAction\",\"target\":{\"@type\":\"EntryPoint\",\"urlTemplate\":\"https:\/\/staging.lucky-hunter.com\/?s={search_term_string}\"},\"query-input\":{\"@type\":\"PropertyValueSpecification\",\"valueRequired\":true,\"valueName\":\"search_term_string\"}}],\"inLanguage\":\"fr-FR\"}]}<\/script>\n<!-- \/ Yoast SEO plugin. -->","yoast_head_json":{"title":"Forme MOJO Elite Sarcelle - Un aimant \u00e0 canards qui attirera \u00e9galement d'autres oiseaux aquatiques","description":"Cette forme MOJO imite parfaitement le mouvement rapide des ailes des sarcelles, jusqu'\u00e0 2 fois plus rapide que celui des autres canards. Les Sarcelles sont petites et ultra rapides.","robots":{"index":"noindex","follow":"follow","max-snippet":"max-snippet:-1","max-image-preview":"max-image-preview:large","max-video-preview":"max-video-preview:-1"},"og_locale":"fr_FR","og_type":"article","og_title":"Forme MOJO Elite Sarcelle - Un aimant \u00e0 canards qui attirera \u00e9galement d'autres oiseaux aquatiques","og_description":"Cette forme MOJO imite parfaitement le mouvement rapide des ailes des sarcelles, jusqu'\u00e0 2 fois plus rapide que celui des autres canards. Les Sarcelles sont petites et ultra rapides.","og_url":"https:\/\/staging.lucky-hunter.com\/fr\/product\/mojo-teal\/","og_site_name":"Lucky-Hunter","article_modified_time":"2024-10-09T06:46:48+00:00","og_image":[{"width":1000,"height":1000,"url":"https:\/\/staging.lucky-hunter.com\/wp-content\/uploads\/2016\/11\/510411.png","type":"image\/png"}],"twitter_card":"summary_large_image","twitter_misc":{"Dur\u00e9e de lecture estim\u00e9e":"2 minutes"},"schema":{"@context":"https:\/\/schema.org","@graph":[{"@type":"WebPage","@id":"https:\/\/staging.lucky-hunter.com\/fr\/product\/mojo-teal\/","url":"https:\/\/staging.lucky-hunter.com\/fr\/product\/mojo-teal\/","name":"Forme MOJO Elite Sarcelle - Un aimant \u00e0 canards qui attirera \u00e9galement d'autres oiseaux aquatiques","isPartOf":{"@id":"https:\/\/staging.lucky-hunter.com\/#website"},"primaryImageOfPage":{"@id":"https:\/\/staging.lucky-hunter.com\/fr\/product\/mojo-teal\/#primaryimage"},"image":{"@id":"https:\/\/staging.lucky-hunter.com\/fr\/product\/mojo-teal\/#primaryimage"},"thumbnailUrl":"https:\/\/staging.lucky-hunter.com\/wp-content\/uploads\/2016\/11\/510411.png","datePublished":"2016-11-07T15:03:52+00:00","dateModified":"2024-10-09T06:46:48+00:00","description":"Cette forme MOJO imite parfaitement le mouvement rapide des ailes des sarcelles, jusqu'\u00e0 2 fois plus rapide que celui des autres canards. Les Sarcelles sont petites et ultra rapides.","breadcrumb":{"@id":"https:\/\/staging.lucky-hunter.com\/fr\/product\/mojo-teal\/#breadcrumb"},"inLanguage":"fr-FR","potentialAction":[{"@type":"ReadAction","target":["https:\/\/staging.lucky-hunter.com\/fr\/product\/mojo-teal\/"]}]},{"@type":"ImageObject","inLanguage":"fr-FR","@id":"https:\/\/staging.lucky-hunter.com\/fr\/product\/mojo-teal\/#primaryimage","url":"https:\/\/staging.lucky-hunter.com\/wp-content\/uploads\/2016\/11\/510411.png","contentUrl":"https:\/\/staging.lucky-hunter.com\/wp-content\/uploads\/2016\/11\/510411.png","width":1000,"height":1000},{"@type":"BreadcrumbList","@id":"https:\/\/staging.lucky-hunter.com\/fr\/product\/mojo-teal\/#breadcrumb","itemListElement":[{"@type":"ListItem","position":1,"name":"Home","item":"https:\/\/staging.lucky-hunter.com\/fr\/"},{"@type":"ListItem","position":2,"name":"Boutique","item":"https:\/\/staging.lucky-hunter.com\/fr\/shop\/"},{"@type":"ListItem","position":3,"name":"Sarcelle MOJO Elite"}]},{"@type":"WebSite","@id":"https:\/\/staging.lucky-hunter.com\/#website","url":"https:\/\/staging.lucky-hunter.com\/","name":"Lucky-Hunter","description":"Gear Up or Give Up","potentialAction":[{"@type":"SearchAction","target":{"@type":"EntryPoint","urlTemplate":"https:\/\/staging.lucky-hunter.com\/?s={search_term_string}"},"query-input":{"@type":"PropertyValueSpecification","valueRequired":true,"valueName":"search_term_string"}}],"inLanguage":"fr-FR"}]}},"_links":{"self":[{"href":"https:\/\/staging.lucky-hunter.com\/fr\/wp-json\/wp\/v2\/product\/31022"}],"collection":[{"href":"https:\/\/staging.lucky-hunter.com\/fr\/wp-json\/wp\/v2\/product"}],"about":[{"href":"https:\/\/staging.lucky-hunter.com\/fr\/wp-json\/wp\/v2\/types\/product"}],"wp:featuredmedia":[{"embeddable":true,"href":"https:\/\/staging.lucky-hunter.com\/fr\/wp-json\/wp\/v2\/media\/64295"}],"wp:attachment":[{"href":"https:\/\/staging.lucky-hunter.com\/fr\/wp-json\/wp\/v2\/media?parent=31022"}],"wp:term":[{"taxonomy":"product_brand","embeddable":true,"href":"https:\/\/staging.lucky-hunter.com\/fr\/wp-json\/wp\/v2\/product_brand?post=31022"},{"taxonomy":"product_cat","embeddable":true,"href":"https:\/\/staging.lucky-hunter.com\/fr\/wp-json\/wp\/v2\/product_cat?post=31022"},{"taxonomy":"product_tag","embeddable":true,"href":"https:\/\/staging.lucky-hunter.com\/fr\/wp-json\/wp\/v2\/product_tag?post=31022"}],"curies":[{"name":"wp","href":"https:\/\/api.w.org\/{rel}","templated":true}]}}