{"id":31021,"date":"2021-11-25T15:40:27","date_gmt":"2021-11-25T14:40:27","guid":{"rendered":"https:\/\/staging.lucky-hunter.com\/product\/mojo-teal-2-2\/"},"modified":"2022-11-15T15:15:01","modified_gmt":"2022-11-15T14:15:01","slug":"mojo-teal-2","status":"publish","type":"product","link":"https:\/\/staging.lucky-hunter.com\/fr\/product\/mojo-teal-2\/","title":{"rendered":"Sarcelle MOJO"},"content":{"rendered":"<p><iframe title=\"MOJO &quot;spinning wings&quot; Teal | Decoy for duck hunting\" width=\"1020\" height=\"574\" src=\"https:\/\/www.youtube.com\/embed\/nr5CmnxJ578?wmode=transparent&amp;rel=0&amp;feature=oembed&#038;enablejsapi=1&#038;origin=https:\/\/staging.lucky-hunter.com\" frameborder=\"0\" allow=\"accelerometer; autoplay; clipboard-write; encrypted-media; gyroscope; picture-in-picture\" allowfullscreen><\/iframe><\/p>\n<h2><strong>La sarcelle est petite et ultra rapide<\/strong><\/h2>\n<p>Ce leurre MOJO imite parfaitement le mouvement rapide des ailes des sarcelles qui est jusqu&#8217;\u00e0 2 fois plus rapide que les autres canards.<\/p>\n<p>Le leurre de sarcelle est aliment\u00e9 par 4 piles AA (non incluses) de bonne qualit\u00e9. Nous vous recommandons de retirer les piles lorsque l&#8217;appareil n&#8217;est pas utilis\u00e9.<\/p>\n<p>La dur\u00e9e de vie de la batterie d\u00e9pend de plusieurs facteurs, notamment des conditions de vent et de la temp\u00e9rature. Lorsque les ailes perdent leur \u00e9lan, il est temps de changer les piles.<\/p>\n<p>Un axe de montage en 3 parties est inclus<\/p>\n<p>Ce leurre est un aimant \u00e0 canard qui attirera \u00e9galement d&#8217;autres oiseaux aquatiques.<\/p>\n<p>Les pales imitent l\u2019atterrissage d\u2019une sarcelle gr\u00e2ce au mouvement de rotation des ailes vers l\u2019arri\u00e8re qui capte efficacement l&#8217;attention des canards.<\/p>\n<p>La sarcelle est le plus petit oiseau parmi nos canards nageurs et plongeurs. Il a, malgr\u00e9 un poids de seulement 250 \u00e0 400 grammes, une envergure d&#8217;environ 60 cm. Ce petit canard sait user de son envergure mieux qu&#8217;aucun autre &#8211; pour la crainte et le plaisir des chasseurs de canards.<\/p>\n","protected":false},"excerpt":{"rendered":"<p>The MOJO Teal decoy mimics perfectly the teals rapid wing movement that is up to 2 times faster than other ducks.<\/p>\n<p>&nbsp;<\/p>\n","protected":false},"featured_media":28592,"template":"","meta":[],"product_brand":[8122],"product_cat":[9683,8181],"product_tag":[9235],"yoast_head":"<!-- This site is optimized with the Yoast SEO plugin v24.3 - https:\/\/yoast.com\/wordpress\/plugins\/seo\/ -->\n<title>MOJO Teal Decoy - A duck magnet that will attract other waterfowls as well<\/title>\n<meta name=\"description\" content=\"The MOJO Teal decoy mimics perfectly the teals\u00a0rapid wing movement that is up to 2 times faster than other\u00a0ducks.\" \/>\n<meta name=\"robots\" content=\"noindex, follow, max-snippet:-1, max-image-preview:large, max-video-preview:-1\" \/>\n<meta property=\"og:locale\" content=\"fr_FR\" \/>\n<meta property=\"og:type\" content=\"article\" \/>\n<meta property=\"og:title\" content=\"MOJO Teal Decoy - A duck magnet that will attract other waterfowls as well\" \/>\n<meta property=\"og:description\" content=\"The MOJO Teal decoy mimics perfectly the teals\u00a0rapid wing movement that is up to 2 times faster than other\u00a0ducks.\" \/>\n<meta property=\"og:url\" content=\"https:\/\/staging.lucky-hunter.com\/product\/mojo-teal-2\/\" \/>\n<meta property=\"og:site_name\" content=\"Lucky-Hunter\" \/>\n<meta property=\"article:modified_time\" content=\"2022-11-15T14:15:01+00:00\" \/>\n<meta property=\"og:image\" content=\"https:\/\/staging.lucky-hunter.com\/wp-content\/uploads\/2017\/06\/510317-Krikand.png\" \/>\n\t<meta property=\"og:image:width\" content=\"1000\" \/>\n\t<meta property=\"og:image:height\" content=\"1000\" \/>\n\t<meta property=\"og:image:type\" content=\"image\/png\" \/>\n<meta name=\"twitter:card\" content=\"summary_large_image\" \/>\n<meta name=\"twitter:label1\" content=\"Dur\u00e9e de lecture estim\u00e9e\" \/>\n\t<meta name=\"twitter:data1\" content=\"1 minute\" \/>\n<script type=\"application\/ld+json\" class=\"yoast-schema-graph\">{\"@context\":\"https:\/\/schema.org\",\"@graph\":[{\"@type\":\"WebPage\",\"@id\":\"https:\/\/staging.lucky-hunter.com\/product\/mojo-teal-2\/\",\"url\":\"https:\/\/staging.lucky-hunter.com\/product\/mojo-teal-2\/\",\"name\":\"MOJO Teal Decoy - A duck magnet that will attract other waterfowls as well\",\"isPartOf\":{\"@id\":\"https:\/\/staging.lucky-hunter.com\/#website\"},\"primaryImageOfPage\":{\"@id\":\"https:\/\/staging.lucky-hunter.com\/product\/mojo-teal-2\/#primaryimage\"},\"image\":{\"@id\":\"https:\/\/staging.lucky-hunter.com\/product\/mojo-teal-2\/#primaryimage\"},\"thumbnailUrl\":\"https:\/\/staging.lucky-hunter.com\/wp-content\/uploads\/2017\/06\/510317-Krikand.png\",\"datePublished\":\"2021-11-25T14:40:27+00:00\",\"dateModified\":\"2022-11-15T14:15:01+00:00\",\"description\":\"The MOJO Teal decoy mimics perfectly the teals\u00a0rapid wing movement that is up to 2 times faster than other\u00a0ducks.\",\"breadcrumb\":{\"@id\":\"https:\/\/staging.lucky-hunter.com\/product\/mojo-teal-2\/#breadcrumb\"},\"inLanguage\":\"fr-FR\",\"potentialAction\":[{\"@type\":\"ReadAction\",\"target\":[\"https:\/\/staging.lucky-hunter.com\/product\/mojo-teal-2\/\"]}]},{\"@type\":\"ImageObject\",\"inLanguage\":\"fr-FR\",\"@id\":\"https:\/\/staging.lucky-hunter.com\/product\/mojo-teal-2\/#primaryimage\",\"url\":\"https:\/\/staging.lucky-hunter.com\/wp-content\/uploads\/2017\/06\/510317-Krikand.png\",\"contentUrl\":\"https:\/\/staging.lucky-hunter.com\/wp-content\/uploads\/2017\/06\/510317-Krikand.png\",\"width\":1000,\"height\":1000},{\"@type\":\"BreadcrumbList\",\"@id\":\"https:\/\/staging.lucky-hunter.com\/product\/mojo-teal-2\/#breadcrumb\",\"itemListElement\":[{\"@type\":\"ListItem\",\"position\":1,\"name\":\"Home\",\"item\":\"https:\/\/staging.lucky-hunter.com\/fr\/\"},{\"@type\":\"ListItem\",\"position\":2,\"name\":\"Boutique\",\"item\":\"https:\/\/staging.lucky-hunter.com\/fr\/shop\/\"},{\"@type\":\"ListItem\",\"position\":3,\"name\":\"Sarcelle MOJO\"}]},{\"@type\":\"WebSite\",\"@id\":\"https:\/\/staging.lucky-hunter.com\/#website\",\"url\":\"https:\/\/staging.lucky-hunter.com\/\",\"name\":\"Lucky-Hunter\",\"description\":\"Gear Up or Give Up\",\"potentialAction\":[{\"@type\":\"SearchAction\",\"target\":{\"@type\":\"EntryPoint\",\"urlTemplate\":\"https:\/\/staging.lucky-hunter.com\/?s={search_term_string}\"},\"query-input\":{\"@type\":\"PropertyValueSpecification\",\"valueRequired\":true,\"valueName\":\"search_term_string\"}}],\"inLanguage\":\"fr-FR\"}]}<\/script>\n<!-- \/ Yoast SEO plugin. -->","yoast_head_json":{"title":"MOJO Teal Decoy - A duck magnet that will attract other waterfowls as well","description":"The MOJO Teal decoy mimics perfectly the teals\u00a0rapid wing movement that is up to 2 times faster than other\u00a0ducks.","robots":{"index":"noindex","follow":"follow","max-snippet":"max-snippet:-1","max-image-preview":"max-image-preview:large","max-video-preview":"max-video-preview:-1"},"og_locale":"fr_FR","og_type":"article","og_title":"MOJO Teal Decoy - A duck magnet that will attract other waterfowls as well","og_description":"The MOJO Teal decoy mimics perfectly the teals\u00a0rapid wing movement that is up to 2 times faster than other\u00a0ducks.","og_url":"https:\/\/staging.lucky-hunter.com\/product\/mojo-teal-2\/","og_site_name":"Lucky-Hunter","article_modified_time":"2022-11-15T14:15:01+00:00","og_image":[{"width":1000,"height":1000,"url":"https:\/\/staging.lucky-hunter.com\/wp-content\/uploads\/2017\/06\/510317-Krikand.png","type":"image\/png"}],"twitter_card":"summary_large_image","twitter_misc":{"Dur\u00e9e de lecture estim\u00e9e":"1 minute"},"schema":{"@context":"https:\/\/schema.org","@graph":[{"@type":"WebPage","@id":"https:\/\/staging.lucky-hunter.com\/product\/mojo-teal-2\/","url":"https:\/\/staging.lucky-hunter.com\/product\/mojo-teal-2\/","name":"MOJO Teal Decoy - A duck magnet that will attract other waterfowls as well","isPartOf":{"@id":"https:\/\/staging.lucky-hunter.com\/#website"},"primaryImageOfPage":{"@id":"https:\/\/staging.lucky-hunter.com\/product\/mojo-teal-2\/#primaryimage"},"image":{"@id":"https:\/\/staging.lucky-hunter.com\/product\/mojo-teal-2\/#primaryimage"},"thumbnailUrl":"https:\/\/staging.lucky-hunter.com\/wp-content\/uploads\/2017\/06\/510317-Krikand.png","datePublished":"2021-11-25T14:40:27+00:00","dateModified":"2022-11-15T14:15:01+00:00","description":"The MOJO Teal decoy mimics perfectly the teals\u00a0rapid wing movement that is up to 2 times faster than other\u00a0ducks.","breadcrumb":{"@id":"https:\/\/staging.lucky-hunter.com\/product\/mojo-teal-2\/#breadcrumb"},"inLanguage":"fr-FR","potentialAction":[{"@type":"ReadAction","target":["https:\/\/staging.lucky-hunter.com\/product\/mojo-teal-2\/"]}]},{"@type":"ImageObject","inLanguage":"fr-FR","@id":"https:\/\/staging.lucky-hunter.com\/product\/mojo-teal-2\/#primaryimage","url":"https:\/\/staging.lucky-hunter.com\/wp-content\/uploads\/2017\/06\/510317-Krikand.png","contentUrl":"https:\/\/staging.lucky-hunter.com\/wp-content\/uploads\/2017\/06\/510317-Krikand.png","width":1000,"height":1000},{"@type":"BreadcrumbList","@id":"https:\/\/staging.lucky-hunter.com\/product\/mojo-teal-2\/#breadcrumb","itemListElement":[{"@type":"ListItem","position":1,"name":"Home","item":"https:\/\/staging.lucky-hunter.com\/fr\/"},{"@type":"ListItem","position":2,"name":"Boutique","item":"https:\/\/staging.lucky-hunter.com\/fr\/shop\/"},{"@type":"ListItem","position":3,"name":"Sarcelle MOJO"}]},{"@type":"WebSite","@id":"https:\/\/staging.lucky-hunter.com\/#website","url":"https:\/\/staging.lucky-hunter.com\/","name":"Lucky-Hunter","description":"Gear Up or Give Up","potentialAction":[{"@type":"SearchAction","target":{"@type":"EntryPoint","urlTemplate":"https:\/\/staging.lucky-hunter.com\/?s={search_term_string}"},"query-input":{"@type":"PropertyValueSpecification","valueRequired":true,"valueName":"search_term_string"}}],"inLanguage":"fr-FR"}]}},"_links":{"self":[{"href":"https:\/\/staging.lucky-hunter.com\/fr\/wp-json\/wp\/v2\/product\/31021"}],"collection":[{"href":"https:\/\/staging.lucky-hunter.com\/fr\/wp-json\/wp\/v2\/product"}],"about":[{"href":"https:\/\/staging.lucky-hunter.com\/fr\/wp-json\/wp\/v2\/types\/product"}],"wp:featuredmedia":[{"embeddable":true,"href":"https:\/\/staging.lucky-hunter.com\/fr\/wp-json\/wp\/v2\/media\/28592"}],"wp:attachment":[{"href":"https:\/\/staging.lucky-hunter.com\/fr\/wp-json\/wp\/v2\/media?parent=31021"}],"wp:term":[{"taxonomy":"product_brand","embeddable":true,"href":"https:\/\/staging.lucky-hunter.com\/fr\/wp-json\/wp\/v2\/product_brand?post=31021"},{"taxonomy":"product_cat","embeddable":true,"href":"https:\/\/staging.lucky-hunter.com\/fr\/wp-json\/wp\/v2\/product_cat?post=31021"},{"taxonomy":"product_tag","embeddable":true,"href":"https:\/\/staging.lucky-hunter.com\/fr\/wp-json\/wp\/v2\/product_tag?post=31021"}],"curies":[{"name":"wp","href":"https:\/\/api.w.org\/{rel}","templated":true}]}}