{"id":31019,"date":"2018-05-01T13:25:41","date_gmt":"2018-05-01T11:25:41","guid":{"rendered":"https:\/\/staging.lucky-hunter.com\/product\/avian-x-early-season-teal-decoys-2\/"},"modified":"2024-07-24T15:42:50","modified_gmt":"2024-07-24T13:42:50","slug":"avian-x-early-season-teal-decoys","status":"publish","type":"product","link":"https:\/\/staging.lucky-hunter.com\/fr\/product\/avian-x-early-season-teal-decoys\/","title":{"rendered":"Formes de sarcelle Avian-X &#8211; D\u00e9but de saison"},"content":{"rendered":"<p><iframe title=\"Avian-X Teal Decoys | Early Season\" width=\"1020\" height=\"574\" src=\"https:\/\/www.youtube.com\/embed\/cxRVaAP-sEs?wmode=transparent&amp;rel=0&amp;feature=oembed&#038;enablejsapi=1&#038;origin=https:\/\/staging.lucky-hunter.com\" frameborder=\"0\" allow=\"accelerometer; autoplay; clipboard-write; encrypted-media; gyroscope; picture-in-picture\" allowfullscreen><\/iframe><\/p>\n<h2><strong>Formes de sarcelle d\u00e9but de saison Avian-X<\/strong><\/h2>\n<p>Id\u00e9al pour les chasses \u00e0 la sarcelle en d\u00e9but de saison, le pack Avian-X Early Season Teal est parfait pour d\u00e9marrer en beaut\u00e9.<\/p>\n<p>Ils sont sp\u00e9cialement con\u00e7us avec le plumage de d\u00e9but de saison que nous avons l&#8217;habitude de voir.<\/p>\n<p>Ce pack comprend des poules sarcelles \u00e0 ailes vertes et \u00e0 ailes bleues. Faites de cette saison votre saison gagnante.<\/p>\n<p>La majorit\u00e9 des positions de t\u00eate choisies sont des mangeuses, afin de refl\u00e9ter un v\u00e9ritable troupeau d\u00e9tendu qui se nourrit pour le d\u00e9but de la saison.<\/p>\n<p>Comme d&#8217;habitude pour les formes Avian-X, les d\u00e9tails et le produit fini sont ultra r\u00e9alistes, ce qui vous permet de prendre l&#8217;avantage lorsque vous partez \u00e0 la chasse.<\/p>\n<p>Vendus par pack de 6.<\/p>\n","protected":false},"excerpt":{"rendered":"<p>Le pack Avian-X Early Season Teal est parfait pour les chasses \u00e0 la sarcelle en d\u00e9but de saison et pour les chasseurs passionn\u00e9s de sarcelle qui veulent un r\u00e9alisme ultime. Nous avons s\u00e9lectionn\u00e9 des mangeuses pour la majorit\u00e9 des positions de t\u00eate afin de refl\u00e9ter un v\u00e9ritable troupeau de sarcelles en d\u00e9but de saison.<\/p>\n","protected":false},"featured_media":30415,"template":"","meta":[],"product_brand":[8132],"product_cat":[8181],"product_tag":[9235],"yoast_head":"<!-- This site is optimized with the Yoast SEO plugin v24.3 - https:\/\/yoast.com\/wordpress\/plugins\/seo\/ -->\n<title>Formes de sarcelle d\u00e9but de saison Avian-X | Lucky Hunter<\/title>\n<meta name=\"description\" content=\"Commencez votre chasse en beaut\u00e9. Les formes de sarcelle d\u00e9but de saison Avian-X sont parfaites pour le chasseur d\u00e9butant comme pour le chasseur exp\u00e9riment\u00e9. Une grande qualit\u00e9, \u00e0 chaque fois.\" \/>\n<meta name=\"robots\" content=\"noindex, follow, max-snippet:-1, max-image-preview:large, max-video-preview:-1\" \/>\n<meta property=\"og:locale\" content=\"fr_FR\" \/>\n<meta property=\"og:type\" content=\"article\" \/>\n<meta property=\"og:title\" content=\"NEW 2018 Avian-X Early Season Teal Decoys | Lucky Hunter\" \/>\n<meta property=\"og:description\" content=\"Start your hunt with a bang. The Avian-X Early Season Teal Decoys are perfect for the beginner and seasoned hunter. Great quality, every time.\" \/>\n<meta property=\"og:url\" content=\"https:\/\/staging.lucky-hunter.com\/fr\/product\/avian-x-early-season-teal-decoys\/\" \/>\n<meta property=\"og:site_name\" content=\"Lucky-Hunter\" \/>\n<meta property=\"article:modified_time\" content=\"2024-07-24T13:42:50+00:00\" \/>\n<meta property=\"og:image\" content=\"https:\/\/staging.lucky-hunter.com\/wp-content\/uploads\/2018\/05\/lf-311.png\" \/>\n\t<meta property=\"og:image:width\" content=\"1000\" \/>\n\t<meta property=\"og:image:height\" content=\"1000\" \/>\n\t<meta property=\"og:image:type\" content=\"image\/png\" \/>\n<meta name=\"twitter:card\" content=\"summary_large_image\" \/>\n<meta name=\"twitter:title\" content=\"NEW 2018 Avian-X Early Season Teal Decoys | Lucky Hunter\" \/>\n<meta name=\"twitter:description\" content=\"Start your hunt with a bang. The Avian-X Early Season Teal Decoys are perfect for the beginner and seasoned hunter. Great quality, every time.\" \/>\n<meta name=\"twitter:label1\" content=\"Dur\u00e9e de lecture estim\u00e9e\" \/>\n\t<meta name=\"twitter:data1\" content=\"1 minute\" \/>\n<script type=\"application\/ld+json\" class=\"yoast-schema-graph\">{\"@context\":\"https:\/\/schema.org\",\"@graph\":[{\"@type\":\"WebPage\",\"@id\":\"https:\/\/staging.lucky-hunter.com\/fr\/product\/avian-x-early-season-teal-decoys\/\",\"url\":\"https:\/\/staging.lucky-hunter.com\/fr\/product\/avian-x-early-season-teal-decoys\/\",\"name\":\"Formes de sarcelle d\u00e9but de saison Avian-X | Lucky Hunter\",\"isPartOf\":{\"@id\":\"https:\/\/staging.lucky-hunter.com\/#website\"},\"primaryImageOfPage\":{\"@id\":\"https:\/\/staging.lucky-hunter.com\/fr\/product\/avian-x-early-season-teal-decoys\/#primaryimage\"},\"image\":{\"@id\":\"https:\/\/staging.lucky-hunter.com\/fr\/product\/avian-x-early-season-teal-decoys\/#primaryimage\"},\"thumbnailUrl\":\"https:\/\/staging.lucky-hunter.com\/wp-content\/uploads\/2018\/05\/lf-311.png\",\"datePublished\":\"2018-05-01T11:25:41+00:00\",\"dateModified\":\"2024-07-24T13:42:50+00:00\",\"description\":\"Commencez votre chasse en beaut\u00e9. Les formes de sarcelle d\u00e9but de saison Avian-X sont parfaites pour le chasseur d\u00e9butant comme pour le chasseur exp\u00e9riment\u00e9. Une grande qualit\u00e9, \u00e0 chaque fois.\",\"breadcrumb\":{\"@id\":\"https:\/\/staging.lucky-hunter.com\/fr\/product\/avian-x-early-season-teal-decoys\/#breadcrumb\"},\"inLanguage\":\"fr-FR\",\"potentialAction\":[{\"@type\":\"ReadAction\",\"target\":[\"https:\/\/staging.lucky-hunter.com\/fr\/product\/avian-x-early-season-teal-decoys\/\"]}]},{\"@type\":\"ImageObject\",\"inLanguage\":\"fr-FR\",\"@id\":\"https:\/\/staging.lucky-hunter.com\/fr\/product\/avian-x-early-season-teal-decoys\/#primaryimage\",\"url\":\"https:\/\/staging.lucky-hunter.com\/wp-content\/uploads\/2018\/05\/lf-311.png\",\"contentUrl\":\"https:\/\/staging.lucky-hunter.com\/wp-content\/uploads\/2018\/05\/lf-311.png\",\"width\":1000,\"height\":1000},{\"@type\":\"BreadcrumbList\",\"@id\":\"https:\/\/staging.lucky-hunter.com\/fr\/product\/avian-x-early-season-teal-decoys\/#breadcrumb\",\"itemListElement\":[{\"@type\":\"ListItem\",\"position\":1,\"name\":\"Home\",\"item\":\"https:\/\/staging.lucky-hunter.com\/fr\/\"},{\"@type\":\"ListItem\",\"position\":2,\"name\":\"Boutique\",\"item\":\"https:\/\/staging.lucky-hunter.com\/fr\/shop\/\"},{\"@type\":\"ListItem\",\"position\":3,\"name\":\"Formes de sarcelle Avian-X &#8211; D\u00e9but de saison\"}]},{\"@type\":\"WebSite\",\"@id\":\"https:\/\/staging.lucky-hunter.com\/#website\",\"url\":\"https:\/\/staging.lucky-hunter.com\/\",\"name\":\"Lucky-Hunter\",\"description\":\"Gear Up or Give Up\",\"potentialAction\":[{\"@type\":\"SearchAction\",\"target\":{\"@type\":\"EntryPoint\",\"urlTemplate\":\"https:\/\/staging.lucky-hunter.com\/?s={search_term_string}\"},\"query-input\":{\"@type\":\"PropertyValueSpecification\",\"valueRequired\":true,\"valueName\":\"search_term_string\"}}],\"inLanguage\":\"fr-FR\"}]}<\/script>\n<!-- \/ Yoast SEO plugin. -->","yoast_head_json":{"title":"Formes de sarcelle d\u00e9but de saison Avian-X | Lucky Hunter","description":"Commencez votre chasse en beaut\u00e9. Les formes de sarcelle d\u00e9but de saison Avian-X sont parfaites pour le chasseur d\u00e9butant comme pour le chasseur exp\u00e9riment\u00e9. Une grande qualit\u00e9, \u00e0 chaque fois.","robots":{"index":"noindex","follow":"follow","max-snippet":"max-snippet:-1","max-image-preview":"max-image-preview:large","max-video-preview":"max-video-preview:-1"},"og_locale":"fr_FR","og_type":"article","og_title":"NEW 2018 Avian-X Early Season Teal Decoys | Lucky Hunter","og_description":"Start your hunt with a bang. The Avian-X Early Season Teal Decoys are perfect for the beginner and seasoned hunter. Great quality, every time.","og_url":"https:\/\/staging.lucky-hunter.com\/fr\/product\/avian-x-early-season-teal-decoys\/","og_site_name":"Lucky-Hunter","article_modified_time":"2024-07-24T13:42:50+00:00","og_image":[{"width":1000,"height":1000,"url":"https:\/\/staging.lucky-hunter.com\/wp-content\/uploads\/2018\/05\/lf-311.png","type":"image\/png"}],"twitter_card":"summary_large_image","twitter_title":"NEW 2018 Avian-X Early Season Teal Decoys | Lucky Hunter","twitter_description":"Start your hunt with a bang. The Avian-X Early Season Teal Decoys are perfect for the beginner and seasoned hunter. Great quality, every time.","twitter_misc":{"Dur\u00e9e de lecture estim\u00e9e":"1 minute"},"schema":{"@context":"https:\/\/schema.org","@graph":[{"@type":"WebPage","@id":"https:\/\/staging.lucky-hunter.com\/fr\/product\/avian-x-early-season-teal-decoys\/","url":"https:\/\/staging.lucky-hunter.com\/fr\/product\/avian-x-early-season-teal-decoys\/","name":"Formes de sarcelle d\u00e9but de saison Avian-X | Lucky Hunter","isPartOf":{"@id":"https:\/\/staging.lucky-hunter.com\/#website"},"primaryImageOfPage":{"@id":"https:\/\/staging.lucky-hunter.com\/fr\/product\/avian-x-early-season-teal-decoys\/#primaryimage"},"image":{"@id":"https:\/\/staging.lucky-hunter.com\/fr\/product\/avian-x-early-season-teal-decoys\/#primaryimage"},"thumbnailUrl":"https:\/\/staging.lucky-hunter.com\/wp-content\/uploads\/2018\/05\/lf-311.png","datePublished":"2018-05-01T11:25:41+00:00","dateModified":"2024-07-24T13:42:50+00:00","description":"Commencez votre chasse en beaut\u00e9. Les formes de sarcelle d\u00e9but de saison Avian-X sont parfaites pour le chasseur d\u00e9butant comme pour le chasseur exp\u00e9riment\u00e9. Une grande qualit\u00e9, \u00e0 chaque fois.","breadcrumb":{"@id":"https:\/\/staging.lucky-hunter.com\/fr\/product\/avian-x-early-season-teal-decoys\/#breadcrumb"},"inLanguage":"fr-FR","potentialAction":[{"@type":"ReadAction","target":["https:\/\/staging.lucky-hunter.com\/fr\/product\/avian-x-early-season-teal-decoys\/"]}]},{"@type":"ImageObject","inLanguage":"fr-FR","@id":"https:\/\/staging.lucky-hunter.com\/fr\/product\/avian-x-early-season-teal-decoys\/#primaryimage","url":"https:\/\/staging.lucky-hunter.com\/wp-content\/uploads\/2018\/05\/lf-311.png","contentUrl":"https:\/\/staging.lucky-hunter.com\/wp-content\/uploads\/2018\/05\/lf-311.png","width":1000,"height":1000},{"@type":"BreadcrumbList","@id":"https:\/\/staging.lucky-hunter.com\/fr\/product\/avian-x-early-season-teal-decoys\/#breadcrumb","itemListElement":[{"@type":"ListItem","position":1,"name":"Home","item":"https:\/\/staging.lucky-hunter.com\/fr\/"},{"@type":"ListItem","position":2,"name":"Boutique","item":"https:\/\/staging.lucky-hunter.com\/fr\/shop\/"},{"@type":"ListItem","position":3,"name":"Formes de sarcelle Avian-X &#8211; D\u00e9but de saison"}]},{"@type":"WebSite","@id":"https:\/\/staging.lucky-hunter.com\/#website","url":"https:\/\/staging.lucky-hunter.com\/","name":"Lucky-Hunter","description":"Gear Up or Give Up","potentialAction":[{"@type":"SearchAction","target":{"@type":"EntryPoint","urlTemplate":"https:\/\/staging.lucky-hunter.com\/?s={search_term_string}"},"query-input":{"@type":"PropertyValueSpecification","valueRequired":true,"valueName":"search_term_string"}}],"inLanguage":"fr-FR"}]}},"_links":{"self":[{"href":"https:\/\/staging.lucky-hunter.com\/fr\/wp-json\/wp\/v2\/product\/31019"}],"collection":[{"href":"https:\/\/staging.lucky-hunter.com\/fr\/wp-json\/wp\/v2\/product"}],"about":[{"href":"https:\/\/staging.lucky-hunter.com\/fr\/wp-json\/wp\/v2\/types\/product"}],"wp:featuredmedia":[{"embeddable":true,"href":"https:\/\/staging.lucky-hunter.com\/fr\/wp-json\/wp\/v2\/media\/30415"}],"wp:attachment":[{"href":"https:\/\/staging.lucky-hunter.com\/fr\/wp-json\/wp\/v2\/media?parent=31019"}],"wp:term":[{"taxonomy":"product_brand","embeddable":true,"href":"https:\/\/staging.lucky-hunter.com\/fr\/wp-json\/wp\/v2\/product_brand?post=31019"},{"taxonomy":"product_cat","embeddable":true,"href":"https:\/\/staging.lucky-hunter.com\/fr\/wp-json\/wp\/v2\/product_cat?post=31019"},{"taxonomy":"product_tag","embeddable":true,"href":"https:\/\/staging.lucky-hunter.com\/fr\/wp-json\/wp\/v2\/product_tag?post=31019"}],"curies":[{"name":"wp","href":"https:\/\/api.w.org\/{rel}","templated":true}]}}