{"id":31018,"date":"2017-08-23T09:15:25","date_gmt":"2017-08-23T07:15:25","guid":{"rendered":"https:\/\/staging.lucky-hunter.com\/product\/ghg-teal-duck-decoys-2\/"},"modified":"2024-07-24T15:35:05","modified_gmt":"2024-07-24T13:35:05","slug":"ghg-teal-duck-decoys","status":"publish","type":"product","link":"https:\/\/staging.lucky-hunter.com\/fr\/product\/ghg-teal-duck-decoys\/","title":{"rendered":"Formes de canard sarcelle GHG"},"content":{"rendered":"<h2><strong>Formes de canard sarcelle de Greenhead Gear\u00a0<\/strong><\/h2>\n<p>Formes de canard sarcelle de haute qualit\u00e9 et de belle fabrication par la fantastique soci\u00e9t\u00e9 Greenhead Gear. Greenhead Gear (GHG) fait partie des meilleurs fabricants de formes sur le march\u00e9. Parfait pour ajouter \u00e0 votre troupeau de formes actuel ou pour commencer votre nouvelle collection.<\/p>\n<p>Toutes les formes de sarcelle sont conditionn\u00e9es par 6, ce qui vous permet de constituer votre collection rapidement. Les formes sont \u00e9galement vari\u00e9es, elles n&#8217;auront donc pas toutes la m\u00eame pose ou position.<\/p>\n<p><strong>Les formes de sarcelle sont livr\u00e9es en bo\u00eete de 6\u00a0:<\/strong><\/p>\n<ul>\n<li>4 canards m\u00e2les<\/li>\n<li>2 canards femelle<\/li>\n<\/ul>\n<p>Il s&#8217;agit d&#8217;un excellent pack de formes de sarcelle, pour augmenter l\u2019effectif de votre d\u00e9ploiement. Forme du corps ultra r\u00e9aliste et plumes d\u00e9taill\u00e9es.<\/p>\n","protected":false},"excerpt":{"rendered":"<p>Formes de sarcelles de Greenhead Gear\u00a0d\u2019excellente facture. Ces formes de sarcelle sont livr\u00e9es en pack de 6 pi\u00e8ces.<\/p>\n","protected":false},"featured_media":29548,"template":"","meta":[],"product_brand":[8125],"product_cat":[8181],"product_tag":[9235],"yoast_head":"<!-- This site is optimized with the Yoast SEO plugin v24.3 - https:\/\/yoast.com\/wordpress\/plugins\/seo\/ -->\n<title>Formes de canard sarcelle GHG - Qualit\u00e9 fantastique | Lucky Hunter<\/title>\n<meta name=\"description\" content=\"Ces formes de haute qualit\u00e9 de GHG sont l&#039;ajout parfait \u00e0 votre troupeau de formes de sarcelle.\" \/>\n<meta name=\"robots\" content=\"noindex, follow, max-snippet:-1, max-image-preview:large, max-video-preview:-1\" \/>\n<meta property=\"og:locale\" content=\"fr_FR\" \/>\n<meta property=\"og:type\" content=\"article\" \/>\n<meta property=\"og:title\" content=\"GHG Teal Duck Decoys - Fantastic Quality | Lucky Hunter\" \/>\n<meta property=\"og:description\" content=\"Ces formes de haute qualit\u00e9 de GHG sont l&#039;ajout parfait \u00e0 votre troupeau de formes de sarcelle.\" \/>\n<meta property=\"og:url\" content=\"https:\/\/staging.lucky-hunter.com\/fr\/product\/ghg-teal-duck-decoys\/\" \/>\n<meta property=\"og:site_name\" content=\"Lucky-Hunter\" \/>\n<meta property=\"article:modified_time\" content=\"2024-07-24T13:35:05+00:00\" \/>\n<meta property=\"og:image\" content=\"https:\/\/staging.lucky-hunter.com\/wp-content\/uploads\/2017\/11\/lf-88-3.png\" \/>\n\t<meta property=\"og:image:width\" content=\"1000\" \/>\n\t<meta property=\"og:image:height\" content=\"1000\" \/>\n\t<meta property=\"og:image:type\" content=\"image\/png\" \/>\n<meta name=\"twitter:card\" content=\"summary_large_image\" \/>\n<meta name=\"twitter:label1\" content=\"Dur\u00e9e de lecture estim\u00e9e\" \/>\n\t<meta name=\"twitter:data1\" content=\"1 minute\" \/>\n<script type=\"application\/ld+json\" class=\"yoast-schema-graph\">{\"@context\":\"https:\/\/schema.org\",\"@graph\":[{\"@type\":\"WebPage\",\"@id\":\"https:\/\/staging.lucky-hunter.com\/fr\/product\/ghg-teal-duck-decoys\/\",\"url\":\"https:\/\/staging.lucky-hunter.com\/fr\/product\/ghg-teal-duck-decoys\/\",\"name\":\"Formes de canard sarcelle GHG - Qualit\u00e9 fantastique | Lucky Hunter\",\"isPartOf\":{\"@id\":\"https:\/\/staging.lucky-hunter.com\/#website\"},\"primaryImageOfPage\":{\"@id\":\"https:\/\/staging.lucky-hunter.com\/fr\/product\/ghg-teal-duck-decoys\/#primaryimage\"},\"image\":{\"@id\":\"https:\/\/staging.lucky-hunter.com\/fr\/product\/ghg-teal-duck-decoys\/#primaryimage\"},\"thumbnailUrl\":\"https:\/\/staging.lucky-hunter.com\/wp-content\/uploads\/2017\/11\/lf-88-3.png\",\"datePublished\":\"2017-08-23T07:15:25+00:00\",\"dateModified\":\"2024-07-24T13:35:05+00:00\",\"description\":\"Ces formes de haute qualit\u00e9 de GHG sont l'ajout parfait \u00e0 votre troupeau de formes de sarcelle.\",\"breadcrumb\":{\"@id\":\"https:\/\/staging.lucky-hunter.com\/fr\/product\/ghg-teal-duck-decoys\/#breadcrumb\"},\"inLanguage\":\"fr-FR\",\"potentialAction\":[{\"@type\":\"ReadAction\",\"target\":[\"https:\/\/staging.lucky-hunter.com\/fr\/product\/ghg-teal-duck-decoys\/\"]}]},{\"@type\":\"ImageObject\",\"inLanguage\":\"fr-FR\",\"@id\":\"https:\/\/staging.lucky-hunter.com\/fr\/product\/ghg-teal-duck-decoys\/#primaryimage\",\"url\":\"https:\/\/staging.lucky-hunter.com\/wp-content\/uploads\/2017\/11\/lf-88-3.png\",\"contentUrl\":\"https:\/\/staging.lucky-hunter.com\/wp-content\/uploads\/2017\/11\/lf-88-3.png\",\"width\":1000,\"height\":1000},{\"@type\":\"BreadcrumbList\",\"@id\":\"https:\/\/staging.lucky-hunter.com\/fr\/product\/ghg-teal-duck-decoys\/#breadcrumb\",\"itemListElement\":[{\"@type\":\"ListItem\",\"position\":1,\"name\":\"Home\",\"item\":\"https:\/\/staging.lucky-hunter.com\/fr\/\"},{\"@type\":\"ListItem\",\"position\":2,\"name\":\"Boutique\",\"item\":\"https:\/\/staging.lucky-hunter.com\/fr\/shop\/\"},{\"@type\":\"ListItem\",\"position\":3,\"name\":\"Formes de canard sarcelle GHG\"}]},{\"@type\":\"WebSite\",\"@id\":\"https:\/\/staging.lucky-hunter.com\/#website\",\"url\":\"https:\/\/staging.lucky-hunter.com\/\",\"name\":\"Lucky-Hunter\",\"description\":\"Gear Up or Give Up\",\"potentialAction\":[{\"@type\":\"SearchAction\",\"target\":{\"@type\":\"EntryPoint\",\"urlTemplate\":\"https:\/\/staging.lucky-hunter.com\/?s={search_term_string}\"},\"query-input\":{\"@type\":\"PropertyValueSpecification\",\"valueRequired\":true,\"valueName\":\"search_term_string\"}}],\"inLanguage\":\"fr-FR\"}]}<\/script>\n<!-- \/ Yoast SEO plugin. -->","yoast_head_json":{"title":"Formes de canard sarcelle GHG - Qualit\u00e9 fantastique | Lucky Hunter","description":"Ces formes de haute qualit\u00e9 de GHG sont l'ajout parfait \u00e0 votre troupeau de formes de sarcelle.","robots":{"index":"noindex","follow":"follow","max-snippet":"max-snippet:-1","max-image-preview":"max-image-preview:large","max-video-preview":"max-video-preview:-1"},"og_locale":"fr_FR","og_type":"article","og_title":"GHG Teal Duck Decoys - Fantastic Quality | Lucky Hunter","og_description":"Ces formes de haute qualit\u00e9 de GHG sont l'ajout parfait \u00e0 votre troupeau de formes de sarcelle.","og_url":"https:\/\/staging.lucky-hunter.com\/fr\/product\/ghg-teal-duck-decoys\/","og_site_name":"Lucky-Hunter","article_modified_time":"2024-07-24T13:35:05+00:00","og_image":[{"width":1000,"height":1000,"url":"https:\/\/staging.lucky-hunter.com\/wp-content\/uploads\/2017\/11\/lf-88-3.png","type":"image\/png"}],"twitter_card":"summary_large_image","twitter_misc":{"Dur\u00e9e de lecture estim\u00e9e":"1 minute"},"schema":{"@context":"https:\/\/schema.org","@graph":[{"@type":"WebPage","@id":"https:\/\/staging.lucky-hunter.com\/fr\/product\/ghg-teal-duck-decoys\/","url":"https:\/\/staging.lucky-hunter.com\/fr\/product\/ghg-teal-duck-decoys\/","name":"Formes de canard sarcelle GHG - Qualit\u00e9 fantastique | Lucky Hunter","isPartOf":{"@id":"https:\/\/staging.lucky-hunter.com\/#website"},"primaryImageOfPage":{"@id":"https:\/\/staging.lucky-hunter.com\/fr\/product\/ghg-teal-duck-decoys\/#primaryimage"},"image":{"@id":"https:\/\/staging.lucky-hunter.com\/fr\/product\/ghg-teal-duck-decoys\/#primaryimage"},"thumbnailUrl":"https:\/\/staging.lucky-hunter.com\/wp-content\/uploads\/2017\/11\/lf-88-3.png","datePublished":"2017-08-23T07:15:25+00:00","dateModified":"2024-07-24T13:35:05+00:00","description":"Ces formes de haute qualit\u00e9 de GHG sont l'ajout parfait \u00e0 votre troupeau de formes de sarcelle.","breadcrumb":{"@id":"https:\/\/staging.lucky-hunter.com\/fr\/product\/ghg-teal-duck-decoys\/#breadcrumb"},"inLanguage":"fr-FR","potentialAction":[{"@type":"ReadAction","target":["https:\/\/staging.lucky-hunter.com\/fr\/product\/ghg-teal-duck-decoys\/"]}]},{"@type":"ImageObject","inLanguage":"fr-FR","@id":"https:\/\/staging.lucky-hunter.com\/fr\/product\/ghg-teal-duck-decoys\/#primaryimage","url":"https:\/\/staging.lucky-hunter.com\/wp-content\/uploads\/2017\/11\/lf-88-3.png","contentUrl":"https:\/\/staging.lucky-hunter.com\/wp-content\/uploads\/2017\/11\/lf-88-3.png","width":1000,"height":1000},{"@type":"BreadcrumbList","@id":"https:\/\/staging.lucky-hunter.com\/fr\/product\/ghg-teal-duck-decoys\/#breadcrumb","itemListElement":[{"@type":"ListItem","position":1,"name":"Home","item":"https:\/\/staging.lucky-hunter.com\/fr\/"},{"@type":"ListItem","position":2,"name":"Boutique","item":"https:\/\/staging.lucky-hunter.com\/fr\/shop\/"},{"@type":"ListItem","position":3,"name":"Formes de canard sarcelle GHG"}]},{"@type":"WebSite","@id":"https:\/\/staging.lucky-hunter.com\/#website","url":"https:\/\/staging.lucky-hunter.com\/","name":"Lucky-Hunter","description":"Gear Up or Give Up","potentialAction":[{"@type":"SearchAction","target":{"@type":"EntryPoint","urlTemplate":"https:\/\/staging.lucky-hunter.com\/?s={search_term_string}"},"query-input":{"@type":"PropertyValueSpecification","valueRequired":true,"valueName":"search_term_string"}}],"inLanguage":"fr-FR"}]}},"_links":{"self":[{"href":"https:\/\/staging.lucky-hunter.com\/fr\/wp-json\/wp\/v2\/product\/31018"}],"collection":[{"href":"https:\/\/staging.lucky-hunter.com\/fr\/wp-json\/wp\/v2\/product"}],"about":[{"href":"https:\/\/staging.lucky-hunter.com\/fr\/wp-json\/wp\/v2\/types\/product"}],"wp:featuredmedia":[{"embeddable":true,"href":"https:\/\/staging.lucky-hunter.com\/fr\/wp-json\/wp\/v2\/media\/29548"}],"wp:attachment":[{"href":"https:\/\/staging.lucky-hunter.com\/fr\/wp-json\/wp\/v2\/media?parent=31018"}],"wp:term":[{"taxonomy":"product_brand","embeddable":true,"href":"https:\/\/staging.lucky-hunter.com\/fr\/wp-json\/wp\/v2\/product_brand?post=31018"},{"taxonomy":"product_cat","embeddable":true,"href":"https:\/\/staging.lucky-hunter.com\/fr\/wp-json\/wp\/v2\/product_cat?post=31018"},{"taxonomy":"product_tag","embeddable":true,"href":"https:\/\/staging.lucky-hunter.com\/fr\/wp-json\/wp\/v2\/product_tag?post=31018"}],"curies":[{"name":"wp","href":"https:\/\/api.w.org\/{rel}","templated":true}]}}