{"id":31017,"date":"2017-08-08T17:04:31","date_gmt":"2017-08-08T15:04:31","guid":{"rendered":"https:\/\/staging.lucky-hunter.com\/product\/ghg-green-winged-teals-hen-pack-2\/"},"modified":"2022-11-16T10:41:57","modified_gmt":"2022-11-16T09:41:57","slug":"ghg-green-winged-teals-hen-pack","status":"publish","type":"product","link":"https:\/\/staging.lucky-hunter.com\/fr\/product\/ghg-green-winged-teals-hen-pack\/","title":{"rendered":"Sarcelles \u00e0 ailes vertes GHG &#8211; Lot de poules"},"content":{"rendered":"<p><iframe title=\"GHG Green-Winged Teals \u2013 Hen Pack\" width=\"1020\" height=\"574\" src=\"https:\/\/www.youtube.com\/embed\/4eag7TnyWjE?wmode=transparent&amp;rel=0&amp;feature=oembed&#038;enablejsapi=1&#038;origin=https:\/\/staging.lucky-hunter.com\" frameborder=\"0\" allow=\"accelerometer; autoplay; clipboard-write; encrypted-media; gyroscope; picture-in-picture\" allowfullscreen><\/iframe><\/p>\n<h2><strong>Sarcelles \u00e0 ailes vertes de GHG\u00a0: de magnifiques leurres de la gamme Pro Grade<\/strong><\/h2>\n<p>La soci\u00e9t\u00e9 am\u00e9ricaine Greenhead Gear fournit des leurres haut de gamme et ces sarcelles \u00e0 ailes vertes de qualit\u00e9 professionnelle sont con\u00e7ues avec des postures corporelles r\u00e9alistes et des d\u00e9tails de plumes tr\u00e8s vifs. C&#8217;est pourquoi ils constituent un compl\u00e9ment id\u00e9al \u00e0 tout nouveau troupeau de leurres ou \u00e0 tout troupeau en expansion.<\/p>\n<p>Le mat\u00e9riau est un plastique poly\u00e9thyl\u00e8ne durable avec une peinture ultra-adh\u00e9rente.<\/p>\n<p>La quille dure 60\/40 assure un d\u00e9placement tr\u00e8s naturel des leurres sur l&#8217;eau. Un mouvement plus r\u00e9aliste est plus susceptible d&#8217;attirer les oiseaux r\u00e9els dans la zone. Avec des mouvements plus r\u00e9alistes, vous avez plus de chances d&#8217;avoir plus d&#8217;oiseaux \u00e0 votre actif.<\/p>\n<p>Cr\u00e9\u00e9 dans la gamme Pro Grade, ce qui signifie que leur qualit\u00e9 est exceptionnelle. La gamme Pro Grade est le leurre haut de gamme de GHG. Elle pr\u00e9sente des d\u00e9tails de plumes de qualit\u00e9 sup\u00e9rieure, des motifs de peinture fantastiques et une grande durabilit\u00e9.<\/p>\n<p><strong>Vendus par bo\u00eetes de 6\u00a0:<\/strong><\/p>\n<ul>\n<li>2 poules au repos<\/li>\n<li>2 poules mangeuses<\/li>\n<li>2 poules actives.<\/li>\n<\/ul>\n","protected":false},"excerpt":{"rendered":"<p>American Greenhead Gear supplies some of the\u00a0decoys\u00a0in the market and these Green-winged Teals\u00a0are designed with realistic body postures and very vivid feather\u00a0details.<\/p>\n","protected":false},"featured_media":29395,"template":"","meta":[],"product_brand":[8125],"product_cat":[8181],"product_tag":[9235],"yoast_head":"<!-- This site is optimized with the Yoast SEO plugin v24.3 - https:\/\/yoast.com\/wordpress\/plugins\/seo\/ -->\n<title>Green-Winged Teals from GHG - Hen Pack | Lucky Hunter<\/title>\n<meta name=\"description\" content=\"Green-Winged Teals decoys from GHG. These are the perfect addition to your flock. Pack of 6 Hen decoys for early season duck hunting.\" \/>\n<meta name=\"robots\" content=\"noindex, follow, max-snippet:-1, max-image-preview:large, max-video-preview:-1\" \/>\n<meta property=\"og:locale\" content=\"fr_FR\" \/>\n<meta property=\"og:type\" content=\"article\" \/>\n<meta property=\"og:title\" content=\"Green-Winged Teals from GHG - Early Season | Lucky Hunter\" \/>\n<meta property=\"og:description\" content=\"Green-Winged Teals decoys from GHG. These are the perfect addition to your flock. These come in a pack of 6 to grow your collection of decoys.\" \/>\n<meta property=\"og:url\" content=\"https:\/\/staging.lucky-hunter.com\/fr\/product\/ghg-green-winged-teals-hen-pack\/\" \/>\n<meta property=\"og:site_name\" content=\"Lucky-Hunter\" \/>\n<meta property=\"article:modified_time\" content=\"2022-11-16T09:41:57+00:00\" \/>\n<meta property=\"og:image\" content=\"https:\/\/staging.lucky-hunter.com\/wp-content\/uploads\/2017\/08\/LF-94-GHG-PG-TEAL.png\" \/>\n\t<meta property=\"og:image:width\" content=\"1000\" \/>\n\t<meta property=\"og:image:height\" content=\"1000\" \/>\n\t<meta property=\"og:image:type\" content=\"image\/png\" \/>\n<meta name=\"twitter:card\" content=\"summary_large_image\" \/>\n<meta name=\"twitter:title\" content=\"Green-Winged Teals from GHG - Early Season | Lucky Hunter\" \/>\n<meta name=\"twitter:description\" content=\"Green-Winged Teals decoys from GHG. These are the perfect addition to your flock. These come in a pack of 6 to grow your collection of decoys.\" \/>\n<meta name=\"twitter:label1\" content=\"Dur\u00e9e de lecture estim\u00e9e\" \/>\n\t<meta name=\"twitter:data1\" content=\"1 minute\" \/>\n<script type=\"application\/ld+json\" class=\"yoast-schema-graph\">{\"@context\":\"https:\/\/schema.org\",\"@graph\":[{\"@type\":\"WebPage\",\"@id\":\"https:\/\/staging.lucky-hunter.com\/fr\/product\/ghg-green-winged-teals-hen-pack\/\",\"url\":\"https:\/\/staging.lucky-hunter.com\/fr\/product\/ghg-green-winged-teals-hen-pack\/\",\"name\":\"Green-Winged Teals from GHG - Hen Pack | Lucky Hunter\",\"isPartOf\":{\"@id\":\"https:\/\/staging.lucky-hunter.com\/#website\"},\"primaryImageOfPage\":{\"@id\":\"https:\/\/staging.lucky-hunter.com\/fr\/product\/ghg-green-winged-teals-hen-pack\/#primaryimage\"},\"image\":{\"@id\":\"https:\/\/staging.lucky-hunter.com\/fr\/product\/ghg-green-winged-teals-hen-pack\/#primaryimage\"},\"thumbnailUrl\":\"https:\/\/staging.lucky-hunter.com\/wp-content\/uploads\/2017\/08\/LF-94-GHG-PG-TEAL.png\",\"datePublished\":\"2017-08-08T15:04:31+00:00\",\"dateModified\":\"2022-11-16T09:41:57+00:00\",\"description\":\"Green-Winged Teals decoys from GHG. These are the perfect addition to your flock. Pack of 6 Hen decoys for early season duck hunting.\",\"breadcrumb\":{\"@id\":\"https:\/\/staging.lucky-hunter.com\/fr\/product\/ghg-green-winged-teals-hen-pack\/#breadcrumb\"},\"inLanguage\":\"fr-FR\",\"potentialAction\":[{\"@type\":\"ReadAction\",\"target\":[\"https:\/\/staging.lucky-hunter.com\/fr\/product\/ghg-green-winged-teals-hen-pack\/\"]}]},{\"@type\":\"ImageObject\",\"inLanguage\":\"fr-FR\",\"@id\":\"https:\/\/staging.lucky-hunter.com\/fr\/product\/ghg-green-winged-teals-hen-pack\/#primaryimage\",\"url\":\"https:\/\/staging.lucky-hunter.com\/wp-content\/uploads\/2017\/08\/LF-94-GHG-PG-TEAL.png\",\"contentUrl\":\"https:\/\/staging.lucky-hunter.com\/wp-content\/uploads\/2017\/08\/LF-94-GHG-PG-TEAL.png\",\"width\":1000,\"height\":1000},{\"@type\":\"BreadcrumbList\",\"@id\":\"https:\/\/staging.lucky-hunter.com\/fr\/product\/ghg-green-winged-teals-hen-pack\/#breadcrumb\",\"itemListElement\":[{\"@type\":\"ListItem\",\"position\":1,\"name\":\"Home\",\"item\":\"https:\/\/staging.lucky-hunter.com\/fr\/\"},{\"@type\":\"ListItem\",\"position\":2,\"name\":\"Boutique\",\"item\":\"https:\/\/staging.lucky-hunter.com\/fr\/shop\/\"},{\"@type\":\"ListItem\",\"position\":3,\"name\":\"Sarcelles \u00e0 ailes vertes GHG &#8211; Lot de poules\"}]},{\"@type\":\"WebSite\",\"@id\":\"https:\/\/staging.lucky-hunter.com\/#website\",\"url\":\"https:\/\/staging.lucky-hunter.com\/\",\"name\":\"Lucky-Hunter\",\"description\":\"Gear Up or Give Up\",\"potentialAction\":[{\"@type\":\"SearchAction\",\"target\":{\"@type\":\"EntryPoint\",\"urlTemplate\":\"https:\/\/staging.lucky-hunter.com\/?s={search_term_string}\"},\"query-input\":{\"@type\":\"PropertyValueSpecification\",\"valueRequired\":true,\"valueName\":\"search_term_string\"}}],\"inLanguage\":\"fr-FR\"}]}<\/script>\n<!-- \/ Yoast SEO plugin. -->","yoast_head_json":{"title":"Green-Winged Teals from GHG - Hen Pack | Lucky Hunter","description":"Green-Winged Teals decoys from GHG. These are the perfect addition to your flock. Pack of 6 Hen decoys for early season duck hunting.","robots":{"index":"noindex","follow":"follow","max-snippet":"max-snippet:-1","max-image-preview":"max-image-preview:large","max-video-preview":"max-video-preview:-1"},"og_locale":"fr_FR","og_type":"article","og_title":"Green-Winged Teals from GHG - Early Season | Lucky Hunter","og_description":"Green-Winged Teals decoys from GHG. These are the perfect addition to your flock. These come in a pack of 6 to grow your collection of decoys.","og_url":"https:\/\/staging.lucky-hunter.com\/fr\/product\/ghg-green-winged-teals-hen-pack\/","og_site_name":"Lucky-Hunter","article_modified_time":"2022-11-16T09:41:57+00:00","og_image":[{"width":1000,"height":1000,"url":"https:\/\/staging.lucky-hunter.com\/wp-content\/uploads\/2017\/08\/LF-94-GHG-PG-TEAL.png","type":"image\/png"}],"twitter_card":"summary_large_image","twitter_title":"Green-Winged Teals from GHG - Early Season | Lucky Hunter","twitter_description":"Green-Winged Teals decoys from GHG. These are the perfect addition to your flock. These come in a pack of 6 to grow your collection of decoys.","twitter_misc":{"Dur\u00e9e de lecture estim\u00e9e":"1 minute"},"schema":{"@context":"https:\/\/schema.org","@graph":[{"@type":"WebPage","@id":"https:\/\/staging.lucky-hunter.com\/fr\/product\/ghg-green-winged-teals-hen-pack\/","url":"https:\/\/staging.lucky-hunter.com\/fr\/product\/ghg-green-winged-teals-hen-pack\/","name":"Green-Winged Teals from GHG - Hen Pack | Lucky Hunter","isPartOf":{"@id":"https:\/\/staging.lucky-hunter.com\/#website"},"primaryImageOfPage":{"@id":"https:\/\/staging.lucky-hunter.com\/fr\/product\/ghg-green-winged-teals-hen-pack\/#primaryimage"},"image":{"@id":"https:\/\/staging.lucky-hunter.com\/fr\/product\/ghg-green-winged-teals-hen-pack\/#primaryimage"},"thumbnailUrl":"https:\/\/staging.lucky-hunter.com\/wp-content\/uploads\/2017\/08\/LF-94-GHG-PG-TEAL.png","datePublished":"2017-08-08T15:04:31+00:00","dateModified":"2022-11-16T09:41:57+00:00","description":"Green-Winged Teals decoys from GHG. These are the perfect addition to your flock. Pack of 6 Hen decoys for early season duck hunting.","breadcrumb":{"@id":"https:\/\/staging.lucky-hunter.com\/fr\/product\/ghg-green-winged-teals-hen-pack\/#breadcrumb"},"inLanguage":"fr-FR","potentialAction":[{"@type":"ReadAction","target":["https:\/\/staging.lucky-hunter.com\/fr\/product\/ghg-green-winged-teals-hen-pack\/"]}]},{"@type":"ImageObject","inLanguage":"fr-FR","@id":"https:\/\/staging.lucky-hunter.com\/fr\/product\/ghg-green-winged-teals-hen-pack\/#primaryimage","url":"https:\/\/staging.lucky-hunter.com\/wp-content\/uploads\/2017\/08\/LF-94-GHG-PG-TEAL.png","contentUrl":"https:\/\/staging.lucky-hunter.com\/wp-content\/uploads\/2017\/08\/LF-94-GHG-PG-TEAL.png","width":1000,"height":1000},{"@type":"BreadcrumbList","@id":"https:\/\/staging.lucky-hunter.com\/fr\/product\/ghg-green-winged-teals-hen-pack\/#breadcrumb","itemListElement":[{"@type":"ListItem","position":1,"name":"Home","item":"https:\/\/staging.lucky-hunter.com\/fr\/"},{"@type":"ListItem","position":2,"name":"Boutique","item":"https:\/\/staging.lucky-hunter.com\/fr\/shop\/"},{"@type":"ListItem","position":3,"name":"Sarcelles \u00e0 ailes vertes GHG &#8211; Lot de poules"}]},{"@type":"WebSite","@id":"https:\/\/staging.lucky-hunter.com\/#website","url":"https:\/\/staging.lucky-hunter.com\/","name":"Lucky-Hunter","description":"Gear Up or Give Up","potentialAction":[{"@type":"SearchAction","target":{"@type":"EntryPoint","urlTemplate":"https:\/\/staging.lucky-hunter.com\/?s={search_term_string}"},"query-input":{"@type":"PropertyValueSpecification","valueRequired":true,"valueName":"search_term_string"}}],"inLanguage":"fr-FR"}]}},"_links":{"self":[{"href":"https:\/\/staging.lucky-hunter.com\/fr\/wp-json\/wp\/v2\/product\/31017"}],"collection":[{"href":"https:\/\/staging.lucky-hunter.com\/fr\/wp-json\/wp\/v2\/product"}],"about":[{"href":"https:\/\/staging.lucky-hunter.com\/fr\/wp-json\/wp\/v2\/types\/product"}],"wp:featuredmedia":[{"embeddable":true,"href":"https:\/\/staging.lucky-hunter.com\/fr\/wp-json\/wp\/v2\/media\/29395"}],"wp:attachment":[{"href":"https:\/\/staging.lucky-hunter.com\/fr\/wp-json\/wp\/v2\/media?parent=31017"}],"wp:term":[{"taxonomy":"product_brand","embeddable":true,"href":"https:\/\/staging.lucky-hunter.com\/fr\/wp-json\/wp\/v2\/product_brand?post=31017"},{"taxonomy":"product_cat","embeddable":true,"href":"https:\/\/staging.lucky-hunter.com\/fr\/wp-json\/wp\/v2\/product_cat?post=31017"},{"taxonomy":"product_tag","embeddable":true,"href":"https:\/\/staging.lucky-hunter.com\/fr\/wp-json\/wp\/v2\/product_tag?post=31017"}],"curies":[{"name":"wp","href":"https:\/\/api.w.org\/{rel}","templated":true}]}}