{"id":31016,"date":"2016-11-07T16:11:04","date_gmt":"2016-11-07T15:11:04","guid":{"rendered":"https:\/\/staging.lucky-hunter.com\/product\/ghg-green-winged-teal-2\/"},"modified":"2022-11-16T11:40:42","modified_gmt":"2022-11-16T10:40:42","slug":"ghg-green-winged-teal","status":"publish","type":"product","link":"https:\/\/staging.lucky-hunter.com\/fr\/product\/ghg-green-winged-teal\/","title":{"rendered":"Sarcelle Pro Grade GHG"},"content":{"rendered":"<p><iframe title=\"GHG Green-Winged Teal | Pro grade series\" width=\"1020\" height=\"574\" src=\"https:\/\/www.youtube.com\/embed\/-Mc1cOWb3kE?wmode=transparent&amp;rel=0&amp;feature=oembed&#038;enablejsapi=1&#038;origin=https:\/\/staging.lucky-hunter.com\" frameborder=\"0\" allow=\"accelerometer; autoplay; clipboard-write; encrypted-media; gyroscope; picture-in-picture\" allowfullscreen><\/iframe><\/p>\n<h2><strong>Sarcelle \u00e0 ailes vertes GHG\u00a0: Leurres incroyablement r\u00e9alistes de la gamme Pro Grade<\/strong><\/h2>\n<p>Nous vous proposons les merveilleux et vifs leurres de sarcelles de Greenhead Gear qui offre parmi les meilleurs leurres du march\u00e9.<\/p>\n<p><strong>Vendus en pack de 6\u00a0:<\/strong><\/p>\n<ul>\n<li>1 malard skimmer<\/li>\n<li>1 poule skimmer<\/li>\n<li>2 malards au repos<\/li>\n<li>1 poule au repos<\/li>\n<li>1 malard t\u00eate haute.<\/li>\n<\/ul>\n<p>Ces leurres sont fabriqu\u00e9s avec des postures et des d\u00e9tails de plumes exceptionnellement r\u00e9alistes.<\/p>\n","protected":false},"excerpt":{"rendered":"<p>Nous vous proposons les merveilleux et vifs leurres de sarcelles de Greenhead Gear qui offre parmi les meilleurs leurres du march\u00e9.<\/p>\n","protected":false},"featured_media":57019,"template":"","meta":[],"product_brand":[8125],"product_cat":[8181],"product_tag":[9235],"yoast_head":"<!-- This site is optimized with the Yoast SEO plugin v24.3 - https:\/\/yoast.com\/wordpress\/plugins\/seo\/ -->\n<title>GHG Green-Winged Teal - Lifelike Decoys | Lucky Hunter<\/title>\n<meta name=\"description\" content=\"Vivid and realistic decoys. GHG Green-Winged Teal decoys are the perfect ducks to have in your decoy spread. Realistic, vivid colours and long lasting.\" \/>\n<meta name=\"robots\" content=\"noindex, follow, max-snippet:-1, max-image-preview:large, max-video-preview:-1\" \/>\n<meta property=\"og:locale\" content=\"fr_FR\" \/>\n<meta property=\"og:type\" content=\"article\" \/>\n<meta property=\"og:title\" content=\"GHG Green-Winged Teal - Lifelike Decoys | Lucky Hunter\" \/>\n<meta property=\"og:description\" content=\"Vivid and realistic decoys. GHG Green-Winged Teal decoys are the perfect ducks to have in your decoy spread. Realistic, vivid colours and long lasting.\" \/>\n<meta property=\"og:url\" content=\"https:\/\/staging.lucky-hunter.com\/fr\/product\/ghg-green-winged-teal\/\" \/>\n<meta property=\"og:site_name\" content=\"Lucky-Hunter\" \/>\n<meta property=\"article:modified_time\" content=\"2022-11-16T10:40:42+00:00\" \/>\n<meta property=\"og:image\" content=\"https:\/\/staging.lucky-hunter.com\/wp-content\/uploads\/2016\/11\/LF-85-1.png\" \/>\n\t<meta property=\"og:image:width\" content=\"1000\" \/>\n\t<meta property=\"og:image:height\" content=\"1000\" \/>\n\t<meta property=\"og:image:type\" content=\"image\/png\" \/>\n<meta name=\"twitter:card\" content=\"summary_large_image\" \/>\n<meta name=\"twitter:title\" content=\"GHG Green-Winged Teal - Lifelike Decoys | Lucky Hunter\" \/>\n<meta name=\"twitter:description\" content=\"Vivid and realistic decoys. GHG Green-Winged Teal decoys are the perfect ducks to have in your decoy spread. Realistic, vivid colours and long lasting.\" \/>\n<meta name=\"twitter:label1\" content=\"Dur\u00e9e de lecture estim\u00e9e\" \/>\n\t<meta name=\"twitter:data1\" content=\"1 minute\" \/>\n<script type=\"application\/ld+json\" class=\"yoast-schema-graph\">{\"@context\":\"https:\/\/schema.org\",\"@graph\":[{\"@type\":\"WebPage\",\"@id\":\"https:\/\/staging.lucky-hunter.com\/fr\/product\/ghg-green-winged-teal\/\",\"url\":\"https:\/\/staging.lucky-hunter.com\/fr\/product\/ghg-green-winged-teal\/\",\"name\":\"GHG Green-Winged Teal - Lifelike Decoys | Lucky Hunter\",\"isPartOf\":{\"@id\":\"https:\/\/staging.lucky-hunter.com\/#website\"},\"primaryImageOfPage\":{\"@id\":\"https:\/\/staging.lucky-hunter.com\/fr\/product\/ghg-green-winged-teal\/#primaryimage\"},\"image\":{\"@id\":\"https:\/\/staging.lucky-hunter.com\/fr\/product\/ghg-green-winged-teal\/#primaryimage\"},\"thumbnailUrl\":\"https:\/\/staging.lucky-hunter.com\/wp-content\/uploads\/2016\/11\/LF-85-1.png\",\"datePublished\":\"2016-11-07T15:11:04+00:00\",\"dateModified\":\"2022-11-16T10:40:42+00:00\",\"description\":\"Vivid and realistic decoys. GHG Green-Winged Teal decoys are the perfect ducks to have in your decoy spread. Realistic, vivid colours and long lasting.\",\"breadcrumb\":{\"@id\":\"https:\/\/staging.lucky-hunter.com\/fr\/product\/ghg-green-winged-teal\/#breadcrumb\"},\"inLanguage\":\"fr-FR\",\"potentialAction\":[{\"@type\":\"ReadAction\",\"target\":[\"https:\/\/staging.lucky-hunter.com\/fr\/product\/ghg-green-winged-teal\/\"]}]},{\"@type\":\"ImageObject\",\"inLanguage\":\"fr-FR\",\"@id\":\"https:\/\/staging.lucky-hunter.com\/fr\/product\/ghg-green-winged-teal\/#primaryimage\",\"url\":\"https:\/\/staging.lucky-hunter.com\/wp-content\/uploads\/2016\/11\/LF-85-1.png\",\"contentUrl\":\"https:\/\/staging.lucky-hunter.com\/wp-content\/uploads\/2016\/11\/LF-85-1.png\",\"width\":1000,\"height\":1000},{\"@type\":\"BreadcrumbList\",\"@id\":\"https:\/\/staging.lucky-hunter.com\/fr\/product\/ghg-green-winged-teal\/#breadcrumb\",\"itemListElement\":[{\"@type\":\"ListItem\",\"position\":1,\"name\":\"Home\",\"item\":\"https:\/\/staging.lucky-hunter.com\/fr\/\"},{\"@type\":\"ListItem\",\"position\":2,\"name\":\"Boutique\",\"item\":\"https:\/\/staging.lucky-hunter.com\/fr\/shop\/\"},{\"@type\":\"ListItem\",\"position\":3,\"name\":\"Sarcelle Pro Grade GHG\"}]},{\"@type\":\"WebSite\",\"@id\":\"https:\/\/staging.lucky-hunter.com\/#website\",\"url\":\"https:\/\/staging.lucky-hunter.com\/\",\"name\":\"Lucky-Hunter\",\"description\":\"Gear Up or Give Up\",\"potentialAction\":[{\"@type\":\"SearchAction\",\"target\":{\"@type\":\"EntryPoint\",\"urlTemplate\":\"https:\/\/staging.lucky-hunter.com\/?s={search_term_string}\"},\"query-input\":{\"@type\":\"PropertyValueSpecification\",\"valueRequired\":true,\"valueName\":\"search_term_string\"}}],\"inLanguage\":\"fr-FR\"}]}<\/script>\n<!-- \/ Yoast SEO plugin. -->","yoast_head_json":{"title":"GHG Green-Winged Teal - Lifelike Decoys | Lucky Hunter","description":"Vivid and realistic decoys. GHG Green-Winged Teal decoys are the perfect ducks to have in your decoy spread. Realistic, vivid colours and long lasting.","robots":{"index":"noindex","follow":"follow","max-snippet":"max-snippet:-1","max-image-preview":"max-image-preview:large","max-video-preview":"max-video-preview:-1"},"og_locale":"fr_FR","og_type":"article","og_title":"GHG Green-Winged Teal - Lifelike Decoys | Lucky Hunter","og_description":"Vivid and realistic decoys. GHG Green-Winged Teal decoys are the perfect ducks to have in your decoy spread. Realistic, vivid colours and long lasting.","og_url":"https:\/\/staging.lucky-hunter.com\/fr\/product\/ghg-green-winged-teal\/","og_site_name":"Lucky-Hunter","article_modified_time":"2022-11-16T10:40:42+00:00","og_image":[{"width":1000,"height":1000,"url":"https:\/\/staging.lucky-hunter.com\/wp-content\/uploads\/2016\/11\/LF-85-1.png","type":"image\/png"}],"twitter_card":"summary_large_image","twitter_title":"GHG Green-Winged Teal - Lifelike Decoys | Lucky Hunter","twitter_description":"Vivid and realistic decoys. GHG Green-Winged Teal decoys are the perfect ducks to have in your decoy spread. Realistic, vivid colours and long lasting.","twitter_misc":{"Dur\u00e9e de lecture estim\u00e9e":"1 minute"},"schema":{"@context":"https:\/\/schema.org","@graph":[{"@type":"WebPage","@id":"https:\/\/staging.lucky-hunter.com\/fr\/product\/ghg-green-winged-teal\/","url":"https:\/\/staging.lucky-hunter.com\/fr\/product\/ghg-green-winged-teal\/","name":"GHG Green-Winged Teal - Lifelike Decoys | Lucky Hunter","isPartOf":{"@id":"https:\/\/staging.lucky-hunter.com\/#website"},"primaryImageOfPage":{"@id":"https:\/\/staging.lucky-hunter.com\/fr\/product\/ghg-green-winged-teal\/#primaryimage"},"image":{"@id":"https:\/\/staging.lucky-hunter.com\/fr\/product\/ghg-green-winged-teal\/#primaryimage"},"thumbnailUrl":"https:\/\/staging.lucky-hunter.com\/wp-content\/uploads\/2016\/11\/LF-85-1.png","datePublished":"2016-11-07T15:11:04+00:00","dateModified":"2022-11-16T10:40:42+00:00","description":"Vivid and realistic decoys. GHG Green-Winged Teal decoys are the perfect ducks to have in your decoy spread. Realistic, vivid colours and long lasting.","breadcrumb":{"@id":"https:\/\/staging.lucky-hunter.com\/fr\/product\/ghg-green-winged-teal\/#breadcrumb"},"inLanguage":"fr-FR","potentialAction":[{"@type":"ReadAction","target":["https:\/\/staging.lucky-hunter.com\/fr\/product\/ghg-green-winged-teal\/"]}]},{"@type":"ImageObject","inLanguage":"fr-FR","@id":"https:\/\/staging.lucky-hunter.com\/fr\/product\/ghg-green-winged-teal\/#primaryimage","url":"https:\/\/staging.lucky-hunter.com\/wp-content\/uploads\/2016\/11\/LF-85-1.png","contentUrl":"https:\/\/staging.lucky-hunter.com\/wp-content\/uploads\/2016\/11\/LF-85-1.png","width":1000,"height":1000},{"@type":"BreadcrumbList","@id":"https:\/\/staging.lucky-hunter.com\/fr\/product\/ghg-green-winged-teal\/#breadcrumb","itemListElement":[{"@type":"ListItem","position":1,"name":"Home","item":"https:\/\/staging.lucky-hunter.com\/fr\/"},{"@type":"ListItem","position":2,"name":"Boutique","item":"https:\/\/staging.lucky-hunter.com\/fr\/shop\/"},{"@type":"ListItem","position":3,"name":"Sarcelle Pro Grade GHG"}]},{"@type":"WebSite","@id":"https:\/\/staging.lucky-hunter.com\/#website","url":"https:\/\/staging.lucky-hunter.com\/","name":"Lucky-Hunter","description":"Gear Up or Give Up","potentialAction":[{"@type":"SearchAction","target":{"@type":"EntryPoint","urlTemplate":"https:\/\/staging.lucky-hunter.com\/?s={search_term_string}"},"query-input":{"@type":"PropertyValueSpecification","valueRequired":true,"valueName":"search_term_string"}}],"inLanguage":"fr-FR"}]}},"_links":{"self":[{"href":"https:\/\/staging.lucky-hunter.com\/fr\/wp-json\/wp\/v2\/product\/31016"}],"collection":[{"href":"https:\/\/staging.lucky-hunter.com\/fr\/wp-json\/wp\/v2\/product"}],"about":[{"href":"https:\/\/staging.lucky-hunter.com\/fr\/wp-json\/wp\/v2\/types\/product"}],"wp:featuredmedia":[{"embeddable":true,"href":"https:\/\/staging.lucky-hunter.com\/fr\/wp-json\/wp\/v2\/media\/57019"}],"wp:attachment":[{"href":"https:\/\/staging.lucky-hunter.com\/fr\/wp-json\/wp\/v2\/media?parent=31016"}],"wp:term":[{"taxonomy":"product_brand","embeddable":true,"href":"https:\/\/staging.lucky-hunter.com\/fr\/wp-json\/wp\/v2\/product_brand?post=31016"},{"taxonomy":"product_cat","embeddable":true,"href":"https:\/\/staging.lucky-hunter.com\/fr\/wp-json\/wp\/v2\/product_cat?post=31016"},{"taxonomy":"product_tag","embeddable":true,"href":"https:\/\/staging.lucky-hunter.com\/fr\/wp-json\/wp\/v2\/product_tag?post=31016"}],"curies":[{"name":"wp","href":"https:\/\/api.w.org\/{rel}","templated":true}]}}