{"id":31015,"date":"2017-04-07T10:09:16","date_gmt":"2017-04-07T08:09:16","guid":{"rendered":"https:\/\/staging.lucky-hunter.com\/product\/lucky-duck-teal-hd-2\/"},"modified":"2022-11-16T11:00:14","modified_gmt":"2022-11-16T10:00:14","slug":"lucky-duck-teal-hd","status":"publish","type":"product","link":"https:\/\/staging.lucky-hunter.com\/fr\/product\/lucky-duck-teal-hd\/","title":{"rendered":"Lucky Duck Lucky Teal HD"},"content":{"rendered":"<p><iframe title=\"Lucky Duck Teal HD | Spinning wings decoy\" width=\"1020\" height=\"574\" src=\"https:\/\/www.youtube.com\/embed\/XcehIC03bpI?wmode=transparent&amp;rel=0&amp;feature=oembed&#038;enablejsapi=1&#038;origin=https:\/\/staging.lucky-hunter.com\" frameborder=\"0\" allow=\"accelerometer; autoplay; clipboard-write; encrypted-media; gyroscope; picture-in-picture\" allowfullscreen><\/iframe><\/p>\n<h2><strong>Lucky Duck Lucky Teal HD &#8211; Recommand\u00e9 par les chefs des canards<\/strong><\/h2>\n<p>L&#8217;un des leurres les plus r\u00e9alistes du march\u00e9 pour la chasse au canard. Dispose de la technologie de la prochaine g\u00e9n\u00e9ration de leurres \u00e0 ailes tournantes.<\/p>\n<p>Les couleurs et les d\u00e9tails de la sarcelle \u00e0 ailes vertes ressortent magnifiquement sur ces leurres. Les ailes tournantes avec des impressions 3D r\u00e9alistes ajoutent du mouvement \u00e0 votre d\u00e9ploiement de leurres.<\/p>\n<p>Le leurre pr\u00e9sente toutes les couleurs de la sarcelle.<\/p>\n<p>Lucky Duck Teal HD est aliment\u00e9 par 4 piles AA (non incluses). Nous recommandons des piles de bonne qualit\u00e9 pour vous assurer d&#8217;obtenir le meilleur de votre leurre.<\/p>\n<p>Piquet en 3 parties de 42 pouces inclus (environ 1 m de long)<\/p>\n<p>Ce leurre fonctionne jusqu&#8217;\u00e0 12-14 heures et est compatible avec la t\u00e9l\u00e9commande HD (non incluse).<\/p>\n","protected":false},"excerpt":{"rendered":"<p>L&#8217;un des leurres les plus r\u00e9alistes du march\u00e9 pour la chasse au canard. Les couleurs et les d\u00e9tails de la sarcelle ressortent magnifiquement sur ces leurres.\u00a0<span style=\"font-size: 14.4px;\">Autonomie de 12 \u00e0 14 heures et utilisable avec une t\u00e9l\u00e9commande HD.<\/span><\/p>\n","protected":false},"featured_media":30422,"template":"","meta":[],"product_brand":[8124],"product_cat":[8181,9737],"product_tag":[9235],"yoast_head":"<!-- This site is optimized with the Yoast SEO plugin v24.3 - https:\/\/yoast.com\/wordpress\/plugins\/seo\/ -->\n<title>Lucky Duck Lucky Teal HD - Recommended by Duck Commanders | Lucky Hunter<\/title>\n<meta name=\"description\" content=\"Lucky Duck Lucky Teal HD recommended by the legendary Duck Commanders. Features true to life colours and adds great movement to your spread.\" \/>\n<meta name=\"robots\" content=\"noindex, follow, max-snippet:-1, max-image-preview:large, max-video-preview:-1\" \/>\n<meta property=\"og:locale\" content=\"fr_FR\" \/>\n<meta property=\"og:type\" content=\"article\" \/>\n<meta property=\"og:title\" content=\"Lucky Duck Lucky Teal HD - Recommended by Duck Commanders | Lucky Hunter\" \/>\n<meta property=\"og:description\" content=\"Lucky Duck Lucky Teal HD recommended by the legendary Duck Commanders. Features true to life colours and adds great movement to your spread.\" \/>\n<meta property=\"og:url\" content=\"https:\/\/staging.lucky-hunter.com\/product\/lucky-duck-teal-hd\/\" \/>\n<meta property=\"og:site_name\" content=\"Lucky-Hunter\" \/>\n<meta property=\"article:modified_time\" content=\"2022-11-16T10:00:14+00:00\" \/>\n<meta property=\"og:image\" content=\"https:\/\/staging.lucky-hunter.com\/wp-content\/uploads\/2017\/04\/LF-265.png\" \/>\n\t<meta property=\"og:image:width\" content=\"1000\" \/>\n\t<meta property=\"og:image:height\" content=\"1000\" \/>\n\t<meta property=\"og:image:type\" content=\"image\/png\" \/>\n<meta name=\"twitter:card\" content=\"summary_large_image\" \/>\n<meta name=\"twitter:title\" content=\"Lucky Duck Lucky Teal HD - Recommended by Duck Commanders | Lucky Hunter\" \/>\n<meta name=\"twitter:description\" content=\"Lucky Duck Lucky Teal HD recommended by the legendary Duck Commanders. Features true to life colours and adds great movement to your spread.\" \/>\n<meta name=\"twitter:label1\" content=\"Dur\u00e9e de lecture estim\u00e9e\" \/>\n\t<meta name=\"twitter:data1\" content=\"1 minute\" \/>\n<script type=\"application\/ld+json\" class=\"yoast-schema-graph\">{\"@context\":\"https:\/\/schema.org\",\"@graph\":[{\"@type\":\"WebPage\",\"@id\":\"https:\/\/staging.lucky-hunter.com\/product\/lucky-duck-teal-hd\/\",\"url\":\"https:\/\/staging.lucky-hunter.com\/product\/lucky-duck-teal-hd\/\",\"name\":\"Lucky Duck Lucky Teal HD - Recommended by Duck Commanders | Lucky Hunter\",\"isPartOf\":{\"@id\":\"https:\/\/staging.lucky-hunter.com\/#website\"},\"primaryImageOfPage\":{\"@id\":\"https:\/\/staging.lucky-hunter.com\/product\/lucky-duck-teal-hd\/#primaryimage\"},\"image\":{\"@id\":\"https:\/\/staging.lucky-hunter.com\/product\/lucky-duck-teal-hd\/#primaryimage\"},\"thumbnailUrl\":\"https:\/\/staging.lucky-hunter.com\/wp-content\/uploads\/2017\/04\/LF-265.png\",\"datePublished\":\"2017-04-07T08:09:16+00:00\",\"dateModified\":\"2022-11-16T10:00:14+00:00\",\"description\":\"Lucky Duck Lucky Teal HD recommended by the legendary Duck Commanders. Features true to life colours and adds great movement to your spread.\",\"breadcrumb\":{\"@id\":\"https:\/\/staging.lucky-hunter.com\/product\/lucky-duck-teal-hd\/#breadcrumb\"},\"inLanguage\":\"fr-FR\",\"potentialAction\":[{\"@type\":\"ReadAction\",\"target\":[\"https:\/\/staging.lucky-hunter.com\/product\/lucky-duck-teal-hd\/\"]}]},{\"@type\":\"ImageObject\",\"inLanguage\":\"fr-FR\",\"@id\":\"https:\/\/staging.lucky-hunter.com\/product\/lucky-duck-teal-hd\/#primaryimage\",\"url\":\"https:\/\/staging.lucky-hunter.com\/wp-content\/uploads\/2017\/04\/LF-265.png\",\"contentUrl\":\"https:\/\/staging.lucky-hunter.com\/wp-content\/uploads\/2017\/04\/LF-265.png\",\"width\":1000,\"height\":1000},{\"@type\":\"BreadcrumbList\",\"@id\":\"https:\/\/staging.lucky-hunter.com\/product\/lucky-duck-teal-hd\/#breadcrumb\",\"itemListElement\":[{\"@type\":\"ListItem\",\"position\":1,\"name\":\"Home\",\"item\":\"https:\/\/staging.lucky-hunter.com\/fr\/\"},{\"@type\":\"ListItem\",\"position\":2,\"name\":\"Boutique\",\"item\":\"https:\/\/staging.lucky-hunter.com\/fr\/shop\/\"},{\"@type\":\"ListItem\",\"position\":3,\"name\":\"Lucky Duck Lucky Teal HD\"}]},{\"@type\":\"WebSite\",\"@id\":\"https:\/\/staging.lucky-hunter.com\/#website\",\"url\":\"https:\/\/staging.lucky-hunter.com\/\",\"name\":\"Lucky-Hunter\",\"description\":\"Gear Up or Give Up\",\"potentialAction\":[{\"@type\":\"SearchAction\",\"target\":{\"@type\":\"EntryPoint\",\"urlTemplate\":\"https:\/\/staging.lucky-hunter.com\/?s={search_term_string}\"},\"query-input\":{\"@type\":\"PropertyValueSpecification\",\"valueRequired\":true,\"valueName\":\"search_term_string\"}}],\"inLanguage\":\"fr-FR\"}]}<\/script>\n<!-- \/ Yoast SEO plugin. -->","yoast_head_json":{"title":"Lucky Duck Lucky Teal HD - Recommended by Duck Commanders | Lucky Hunter","description":"Lucky Duck Lucky Teal HD recommended by the legendary Duck Commanders. Features true to life colours and adds great movement to your spread.","robots":{"index":"noindex","follow":"follow","max-snippet":"max-snippet:-1","max-image-preview":"max-image-preview:large","max-video-preview":"max-video-preview:-1"},"og_locale":"fr_FR","og_type":"article","og_title":"Lucky Duck Lucky Teal HD - Recommended by Duck Commanders | Lucky Hunter","og_description":"Lucky Duck Lucky Teal HD recommended by the legendary Duck Commanders. Features true to life colours and adds great movement to your spread.","og_url":"https:\/\/staging.lucky-hunter.com\/product\/lucky-duck-teal-hd\/","og_site_name":"Lucky-Hunter","article_modified_time":"2022-11-16T10:00:14+00:00","og_image":[{"width":1000,"height":1000,"url":"https:\/\/staging.lucky-hunter.com\/wp-content\/uploads\/2017\/04\/LF-265.png","type":"image\/png"}],"twitter_card":"summary_large_image","twitter_title":"Lucky Duck Lucky Teal HD - Recommended by Duck Commanders | Lucky Hunter","twitter_description":"Lucky Duck Lucky Teal HD recommended by the legendary Duck Commanders. Features true to life colours and adds great movement to your spread.","twitter_misc":{"Dur\u00e9e de lecture estim\u00e9e":"1 minute"},"schema":{"@context":"https:\/\/schema.org","@graph":[{"@type":"WebPage","@id":"https:\/\/staging.lucky-hunter.com\/product\/lucky-duck-teal-hd\/","url":"https:\/\/staging.lucky-hunter.com\/product\/lucky-duck-teal-hd\/","name":"Lucky Duck Lucky Teal HD - Recommended by Duck Commanders | Lucky Hunter","isPartOf":{"@id":"https:\/\/staging.lucky-hunter.com\/#website"},"primaryImageOfPage":{"@id":"https:\/\/staging.lucky-hunter.com\/product\/lucky-duck-teal-hd\/#primaryimage"},"image":{"@id":"https:\/\/staging.lucky-hunter.com\/product\/lucky-duck-teal-hd\/#primaryimage"},"thumbnailUrl":"https:\/\/staging.lucky-hunter.com\/wp-content\/uploads\/2017\/04\/LF-265.png","datePublished":"2017-04-07T08:09:16+00:00","dateModified":"2022-11-16T10:00:14+00:00","description":"Lucky Duck Lucky Teal HD recommended by the legendary Duck Commanders. Features true to life colours and adds great movement to your spread.","breadcrumb":{"@id":"https:\/\/staging.lucky-hunter.com\/product\/lucky-duck-teal-hd\/#breadcrumb"},"inLanguage":"fr-FR","potentialAction":[{"@type":"ReadAction","target":["https:\/\/staging.lucky-hunter.com\/product\/lucky-duck-teal-hd\/"]}]},{"@type":"ImageObject","inLanguage":"fr-FR","@id":"https:\/\/staging.lucky-hunter.com\/product\/lucky-duck-teal-hd\/#primaryimage","url":"https:\/\/staging.lucky-hunter.com\/wp-content\/uploads\/2017\/04\/LF-265.png","contentUrl":"https:\/\/staging.lucky-hunter.com\/wp-content\/uploads\/2017\/04\/LF-265.png","width":1000,"height":1000},{"@type":"BreadcrumbList","@id":"https:\/\/staging.lucky-hunter.com\/product\/lucky-duck-teal-hd\/#breadcrumb","itemListElement":[{"@type":"ListItem","position":1,"name":"Home","item":"https:\/\/staging.lucky-hunter.com\/fr\/"},{"@type":"ListItem","position":2,"name":"Boutique","item":"https:\/\/staging.lucky-hunter.com\/fr\/shop\/"},{"@type":"ListItem","position":3,"name":"Lucky Duck Lucky Teal HD"}]},{"@type":"WebSite","@id":"https:\/\/staging.lucky-hunter.com\/#website","url":"https:\/\/staging.lucky-hunter.com\/","name":"Lucky-Hunter","description":"Gear Up or Give Up","potentialAction":[{"@type":"SearchAction","target":{"@type":"EntryPoint","urlTemplate":"https:\/\/staging.lucky-hunter.com\/?s={search_term_string}"},"query-input":{"@type":"PropertyValueSpecification","valueRequired":true,"valueName":"search_term_string"}}],"inLanguage":"fr-FR"}]}},"_links":{"self":[{"href":"https:\/\/staging.lucky-hunter.com\/fr\/wp-json\/wp\/v2\/product\/31015"}],"collection":[{"href":"https:\/\/staging.lucky-hunter.com\/fr\/wp-json\/wp\/v2\/product"}],"about":[{"href":"https:\/\/staging.lucky-hunter.com\/fr\/wp-json\/wp\/v2\/types\/product"}],"wp:featuredmedia":[{"embeddable":true,"href":"https:\/\/staging.lucky-hunter.com\/fr\/wp-json\/wp\/v2\/media\/30422"}],"wp:attachment":[{"href":"https:\/\/staging.lucky-hunter.com\/fr\/wp-json\/wp\/v2\/media?parent=31015"}],"wp:term":[{"taxonomy":"product_brand","embeddable":true,"href":"https:\/\/staging.lucky-hunter.com\/fr\/wp-json\/wp\/v2\/product_brand?post=31015"},{"taxonomy":"product_cat","embeddable":true,"href":"https:\/\/staging.lucky-hunter.com\/fr\/wp-json\/wp\/v2\/product_cat?post=31015"},{"taxonomy":"product_tag","embeddable":true,"href":"https:\/\/staging.lucky-hunter.com\/fr\/wp-json\/wp\/v2\/product_tag?post=31015"}],"curies":[{"name":"wp","href":"https:\/\/api.w.org\/{rel}","templated":true}]}}