{"id":31014,"date":"2017-04-06T16:34:57","date_gmt":"2017-04-06T14:34:57","guid":{"rendered":"https:\/\/staging.lucky-hunter.com\/product\/avian-x-green-winged-teal-2\/"},"modified":"2022-11-25T11:00:55","modified_gmt":"2022-11-25T10:00:55","slug":"avian-x-green-winged-teal","status":"publish","type":"product","link":"https:\/\/staging.lucky-hunter.com\/fr\/product\/avian-x-green-winged-teal\/","title":{"rendered":"Sarcelle \u00e0 Ailes Vertes Avian-X Topflight"},"content":{"rendered":"<p><iframe title=\"Avian-X Topflight Green-Winged Teal | Decoys for Duck hunting\" width=\"1020\" height=\"574\" src=\"https:\/\/www.youtube.com\/embed\/OQiPcwGJY-U?wmode=transparent&amp;rel=0&amp;feature=oembed&#038;enablejsapi=1&#038;origin=https:\/\/staging.lucky-hunter.com\" frameborder=\"0\" allow=\"accelerometer; autoplay; clipboard-write; encrypted-media; gyroscope; picture-in-picture\" allowfullscreen><\/iframe><\/p>\n<h2><strong>Sarcelle \u00e0 Ailes Vertes Avian-X Topflight &#8211; les formes les plus r\u00e9alistes sur le march\u00e9<\/strong><\/h2>\n<p>Ces formes sont cr\u00e9\u00e9es pour imiter \u00e0 la perfection le comportement et l&#8217;anatomie d&#8217;une troupe de sarcelles en train de chercher de la nourriture \u00e0 la surface de l&#8217;eau. Gr\u00e2ce \u00e0 cette apparence plus vraie que nature, elles sont plus susceptibles d&#8217;attirer les vrais oiseaux.<\/p>\n<p>Une combinaison parfaite de formes de canards t\u00eates baiss\u00e9es et de formes de canards en train de se nourrir recr\u00e9e exactement le genre de situation recherch\u00e9e par les sarcelles de passage. Et si, en plus, on s\u2019attarde sur le mat\u00e9riau caoutchouteux dernier cri &#8211; utilis\u00e9 pour le moulage &#8211; et sur la peinture qui ne s\u2019\u00e9caille pas, on comprend pourquoi ces formes sont incontestablement les meilleures.<\/p>\n<p>Les formes de sarcelles Avian-X Topflight sont dot\u00e9es d\u2019une quille de nage dont le design innovant mise sur un poids plus important \u00e0 l\u2019avant. Qu\u2019il y ait du courant ou m\u00eame juste une l\u00e9g\u00e8re brise, il suffit de clipser la ligne dans les fentes pour donner aux formes un mouvement naturel. Ainsi, m\u00eame en cas de mauvais temps, ces formes surpasseront les autres blettes non lest\u00e9es.<\/p>\n<p>Les formes sont l\u00e9g\u00e8rement surdimensionn\u00e9es pour une meilleure visibilit\u00e9. De cette mani\u00e8re, les oiseaux qui passent \u00e0 proximit\u00e9 les verront plus facilement.<\/p>\n<p>Les formes Avian-X sont fabriqu\u00e9es dans un mat\u00e9riau plastique souple qui ne se fissure pas, m\u00eame par temps froid. De plus, elles sont recouvertes d\u2019une peinture mate et ultra adh\u00e9rente qui ne s\u2019\u00e9caille pas<\/p>\n<p><strong>Vendues par pack de 6 :<\/strong><\/p>\n<ul>\n<li>2 Canards en train de se nourrir<\/li>\n<li>2 Canards t\u00eate baiss\u00e9e<\/li>\n<li>1 Cane en train de se nourrir<\/li>\n<li>1 Cane t\u00eate baiss\u00e9e<\/li>\n<\/ul>\n","protected":false},"excerpt":{"rendered":"<p>Ces leurres ont \u00e9t\u00e9 cr\u00e9\u00e9s pour capturer la v\u00e9ritable personnalit\u00e9 et l&#8217;anatomie corporelle d&#8217;un groupe de sarcelles en train de se nourrir, alors qu&#8217;elle cherchent de la nourriture \u00e0 la surface de l&#8217;eau.<\/p>\n","protected":false},"featured_media":29515,"template":"","meta":[],"product_brand":[8132],"product_cat":[8181],"product_tag":[9235],"yoast_head":"<!-- This site is optimized with the Yoast SEO plugin v24.3 - https:\/\/yoast.com\/wordpress\/plugins\/seo\/ -->\n<title>Avian-X Topflight Green-Winged Teal High Quality Decoys | Lucky Hunter<\/title>\n<meta name=\"description\" content=\"High quality decoys. Avian-X Green-Winged Teal is the perfect top quality addition to your decoy flock for year after year of use.\" \/>\n<meta name=\"robots\" content=\"noindex, follow, max-snippet:-1, max-image-preview:large, max-video-preview:-1\" \/>\n<meta property=\"og:locale\" content=\"fr_FR\" \/>\n<meta property=\"og:type\" content=\"article\" \/>\n<meta property=\"og:title\" content=\"Avian-X Green-Winged Teal High Quality Decoys | Lucky Hunter\" \/>\n<meta property=\"og:description\" content=\"High quality decoys. Avian-X Green-Winged Teal is the perfect top quality addition to your decoy flock for year after year of use.\" \/>\n<meta property=\"og:url\" content=\"https:\/\/staging.lucky-hunter.com\/product\/avian-x-green-winged-teal\/\" \/>\n<meta property=\"og:site_name\" content=\"Lucky-Hunter\" \/>\n<meta property=\"article:modified_time\" content=\"2022-11-25T10:00:55+00:00\" \/>\n<meta property=\"og:image\" content=\"https:\/\/staging.lucky-hunter.com\/wp-content\/uploads\/2017\/04\/LF-310-3.png\" \/>\n\t<meta property=\"og:image:width\" content=\"1000\" \/>\n\t<meta property=\"og:image:height\" content=\"1000\" \/>\n\t<meta property=\"og:image:type\" content=\"image\/png\" \/>\n<meta name=\"twitter:card\" content=\"summary_large_image\" \/>\n<meta name=\"twitter:title\" content=\"Avian-X Green-Winged Teal High Quality Decoys | Lucky Hunter\" \/>\n<meta name=\"twitter:description\" content=\"High quality decoys. Avian-X Green-Winged Teal is the perfect top quality addition to your decoy flock for year after year of use.\" \/>\n<meta name=\"twitter:label1\" content=\"Dur\u00e9e de lecture estim\u00e9e\" \/>\n\t<meta name=\"twitter:data1\" content=\"2 minutes\" \/>\n<script type=\"application\/ld+json\" class=\"yoast-schema-graph\">{\"@context\":\"https:\/\/schema.org\",\"@graph\":[{\"@type\":\"WebPage\",\"@id\":\"https:\/\/staging.lucky-hunter.com\/product\/avian-x-green-winged-teal\/\",\"url\":\"https:\/\/staging.lucky-hunter.com\/product\/avian-x-green-winged-teal\/\",\"name\":\"Avian-X Topflight Green-Winged Teal High Quality Decoys | Lucky Hunter\",\"isPartOf\":{\"@id\":\"https:\/\/staging.lucky-hunter.com\/#website\"},\"primaryImageOfPage\":{\"@id\":\"https:\/\/staging.lucky-hunter.com\/product\/avian-x-green-winged-teal\/#primaryimage\"},\"image\":{\"@id\":\"https:\/\/staging.lucky-hunter.com\/product\/avian-x-green-winged-teal\/#primaryimage\"},\"thumbnailUrl\":\"https:\/\/staging.lucky-hunter.com\/wp-content\/uploads\/2017\/04\/LF-310-3.png\",\"datePublished\":\"2017-04-06T14:34:57+00:00\",\"dateModified\":\"2022-11-25T10:00:55+00:00\",\"description\":\"High quality decoys. Avian-X Green-Winged Teal is the perfect top quality addition to your decoy flock for year after year of use.\",\"breadcrumb\":{\"@id\":\"https:\/\/staging.lucky-hunter.com\/product\/avian-x-green-winged-teal\/#breadcrumb\"},\"inLanguage\":\"fr-FR\",\"potentialAction\":[{\"@type\":\"ReadAction\",\"target\":[\"https:\/\/staging.lucky-hunter.com\/product\/avian-x-green-winged-teal\/\"]}]},{\"@type\":\"ImageObject\",\"inLanguage\":\"fr-FR\",\"@id\":\"https:\/\/staging.lucky-hunter.com\/product\/avian-x-green-winged-teal\/#primaryimage\",\"url\":\"https:\/\/staging.lucky-hunter.com\/wp-content\/uploads\/2017\/04\/LF-310-3.png\",\"contentUrl\":\"https:\/\/staging.lucky-hunter.com\/wp-content\/uploads\/2017\/04\/LF-310-3.png\",\"width\":1000,\"height\":1000,\"caption\":\"Avian-X Topflight Green-Winged Teal duck decoys\"},{\"@type\":\"BreadcrumbList\",\"@id\":\"https:\/\/staging.lucky-hunter.com\/product\/avian-x-green-winged-teal\/#breadcrumb\",\"itemListElement\":[{\"@type\":\"ListItem\",\"position\":1,\"name\":\"Home\",\"item\":\"https:\/\/staging.lucky-hunter.com\/fr\/\"},{\"@type\":\"ListItem\",\"position\":2,\"name\":\"Boutique\",\"item\":\"https:\/\/staging.lucky-hunter.com\/fr\/shop\/\"},{\"@type\":\"ListItem\",\"position\":3,\"name\":\"Sarcelle \u00e0 Ailes Vertes Avian-X Topflight\"}]},{\"@type\":\"WebSite\",\"@id\":\"https:\/\/staging.lucky-hunter.com\/#website\",\"url\":\"https:\/\/staging.lucky-hunter.com\/\",\"name\":\"Lucky-Hunter\",\"description\":\"Gear Up or Give Up\",\"potentialAction\":[{\"@type\":\"SearchAction\",\"target\":{\"@type\":\"EntryPoint\",\"urlTemplate\":\"https:\/\/staging.lucky-hunter.com\/?s={search_term_string}\"},\"query-input\":{\"@type\":\"PropertyValueSpecification\",\"valueRequired\":true,\"valueName\":\"search_term_string\"}}],\"inLanguage\":\"fr-FR\"}]}<\/script>\n<!-- \/ Yoast SEO plugin. -->","yoast_head_json":{"title":"Avian-X Topflight Green-Winged Teal High Quality Decoys | Lucky Hunter","description":"High quality decoys. Avian-X Green-Winged Teal is the perfect top quality addition to your decoy flock for year after year of use.","robots":{"index":"noindex","follow":"follow","max-snippet":"max-snippet:-1","max-image-preview":"max-image-preview:large","max-video-preview":"max-video-preview:-1"},"og_locale":"fr_FR","og_type":"article","og_title":"Avian-X Green-Winged Teal High Quality Decoys | Lucky Hunter","og_description":"High quality decoys. Avian-X Green-Winged Teal is the perfect top quality addition to your decoy flock for year after year of use.","og_url":"https:\/\/staging.lucky-hunter.com\/product\/avian-x-green-winged-teal\/","og_site_name":"Lucky-Hunter","article_modified_time":"2022-11-25T10:00:55+00:00","og_image":[{"width":1000,"height":1000,"url":"https:\/\/staging.lucky-hunter.com\/wp-content\/uploads\/2017\/04\/LF-310-3.png","type":"image\/png"}],"twitter_card":"summary_large_image","twitter_title":"Avian-X Green-Winged Teal High Quality Decoys | Lucky Hunter","twitter_description":"High quality decoys. Avian-X Green-Winged Teal is the perfect top quality addition to your decoy flock for year after year of use.","twitter_misc":{"Dur\u00e9e de lecture estim\u00e9e":"2 minutes"},"schema":{"@context":"https:\/\/schema.org","@graph":[{"@type":"WebPage","@id":"https:\/\/staging.lucky-hunter.com\/product\/avian-x-green-winged-teal\/","url":"https:\/\/staging.lucky-hunter.com\/product\/avian-x-green-winged-teal\/","name":"Avian-X Topflight Green-Winged Teal High Quality Decoys | Lucky Hunter","isPartOf":{"@id":"https:\/\/staging.lucky-hunter.com\/#website"},"primaryImageOfPage":{"@id":"https:\/\/staging.lucky-hunter.com\/product\/avian-x-green-winged-teal\/#primaryimage"},"image":{"@id":"https:\/\/staging.lucky-hunter.com\/product\/avian-x-green-winged-teal\/#primaryimage"},"thumbnailUrl":"https:\/\/staging.lucky-hunter.com\/wp-content\/uploads\/2017\/04\/LF-310-3.png","datePublished":"2017-04-06T14:34:57+00:00","dateModified":"2022-11-25T10:00:55+00:00","description":"High quality decoys. Avian-X Green-Winged Teal is the perfect top quality addition to your decoy flock for year after year of use.","breadcrumb":{"@id":"https:\/\/staging.lucky-hunter.com\/product\/avian-x-green-winged-teal\/#breadcrumb"},"inLanguage":"fr-FR","potentialAction":[{"@type":"ReadAction","target":["https:\/\/staging.lucky-hunter.com\/product\/avian-x-green-winged-teal\/"]}]},{"@type":"ImageObject","inLanguage":"fr-FR","@id":"https:\/\/staging.lucky-hunter.com\/product\/avian-x-green-winged-teal\/#primaryimage","url":"https:\/\/staging.lucky-hunter.com\/wp-content\/uploads\/2017\/04\/LF-310-3.png","contentUrl":"https:\/\/staging.lucky-hunter.com\/wp-content\/uploads\/2017\/04\/LF-310-3.png","width":1000,"height":1000,"caption":"Avian-X Topflight Green-Winged Teal duck decoys"},{"@type":"BreadcrumbList","@id":"https:\/\/staging.lucky-hunter.com\/product\/avian-x-green-winged-teal\/#breadcrumb","itemListElement":[{"@type":"ListItem","position":1,"name":"Home","item":"https:\/\/staging.lucky-hunter.com\/fr\/"},{"@type":"ListItem","position":2,"name":"Boutique","item":"https:\/\/staging.lucky-hunter.com\/fr\/shop\/"},{"@type":"ListItem","position":3,"name":"Sarcelle \u00e0 Ailes Vertes Avian-X Topflight"}]},{"@type":"WebSite","@id":"https:\/\/staging.lucky-hunter.com\/#website","url":"https:\/\/staging.lucky-hunter.com\/","name":"Lucky-Hunter","description":"Gear Up or Give Up","potentialAction":[{"@type":"SearchAction","target":{"@type":"EntryPoint","urlTemplate":"https:\/\/staging.lucky-hunter.com\/?s={search_term_string}"},"query-input":{"@type":"PropertyValueSpecification","valueRequired":true,"valueName":"search_term_string"}}],"inLanguage":"fr-FR"}]}},"_links":{"self":[{"href":"https:\/\/staging.lucky-hunter.com\/fr\/wp-json\/wp\/v2\/product\/31014"}],"collection":[{"href":"https:\/\/staging.lucky-hunter.com\/fr\/wp-json\/wp\/v2\/product"}],"about":[{"href":"https:\/\/staging.lucky-hunter.com\/fr\/wp-json\/wp\/v2\/types\/product"}],"wp:featuredmedia":[{"embeddable":true,"href":"https:\/\/staging.lucky-hunter.com\/fr\/wp-json\/wp\/v2\/media\/29515"}],"wp:attachment":[{"href":"https:\/\/staging.lucky-hunter.com\/fr\/wp-json\/wp\/v2\/media?parent=31014"}],"wp:term":[{"taxonomy":"product_brand","embeddable":true,"href":"https:\/\/staging.lucky-hunter.com\/fr\/wp-json\/wp\/v2\/product_brand?post=31014"},{"taxonomy":"product_cat","embeddable":true,"href":"https:\/\/staging.lucky-hunter.com\/fr\/wp-json\/wp\/v2\/product_cat?post=31014"},{"taxonomy":"product_tag","embeddable":true,"href":"https:\/\/staging.lucky-hunter.com\/fr\/wp-json\/wp\/v2\/product_tag?post=31014"}],"curies":[{"name":"wp","href":"https:\/\/api.w.org\/{rel}","templated":true}]}}