{"id":31013,"date":"2016-11-07T16:17:09","date_gmt":"2016-11-07T15:17:09","guid":{"rendered":"https:\/\/staging.lucky-hunter.com\/product\/sillosocks-mallard-feeder-2\/"},"modified":"2022-11-22T15:17:11","modified_gmt":"2022-11-22T14:17:11","slug":"sillosocks-mallard-feeder","status":"publish","type":"product","link":"https:\/\/staging.lucky-hunter.com\/fr\/product\/sillosocks-mallard-feeder\/","title":{"rendered":"Colvert Sillosocks mangeur"},"content":{"rendered":"<h2><strong>Sillosocks Mallard Feeder &#8211; leurres l\u00e9gers<\/strong><\/h2>\n<p>Les Windsocks de Sillosocks sont parmi les leurres les plus populaires aux \u00c9tats-Unis et ce n&#8217;est pas sans raison.<\/p>\n<p>Ces leurres \u00e9tonnants sont con\u00e7us pour se d\u00e9placer dans le vent. L&#8217;utilisation de leurres \u00e0 vent avec les leurres traditionnels cr\u00e9e une vivacit\u00e9 incroyable dans la foule et attirera l&#8217;attention des canards migrateurs.<\/p>\n<p>Un avantage majeur est qu&#8217;ils prennent tr\u00e8s peu de place pendant le transport et le stockage. Vous pouvez facilement transporter les leurres dans votre sac, ce qui vous fait gagner beaucoup de temps dans les allers-retours \u00e0 la voiture.<\/p>\n<p>Mettez-les contre le vent et voyez par vous-m\u00eame le rendu super naturel.<\/p>\n<p>Vendu en pack de 1.<\/p>\n<p>Choisissez entre malard et poule.<\/p>\n","protected":false},"excerpt":{"rendered":"<p>These amazing decoys are designed to move in the wind. The use of wind decoys along with the traditional decoys creates an incredible vividness in crowd, and it will catch the attention from migrating ducks.<\/p>\n","protected":false},"featured_media":29450,"template":"","meta":[],"product_brand":[8126],"product_cat":[8180,9737],"product_tag":[9235],"yoast_head":"<!-- This site is optimized with the Yoast SEO plugin v24.3 - https:\/\/yoast.com\/wordpress\/plugins\/seo\/ -->\n<title>Sillosocks Mallard Feeder - Lightweight Decoys | Lucky Hunter<\/title>\n<meta name=\"description\" content=\"Lightweight and portable. Sillosocks Mallard Feeder from brand Sillosocks have the ultimate movement in the wind and perfect for transporting.\" \/>\n<meta name=\"robots\" content=\"noindex, follow, max-snippet:-1, max-image-preview:large, max-video-preview:-1\" \/>\n<meta property=\"og:locale\" content=\"fr_FR\" \/>\n<meta property=\"og:type\" content=\"article\" \/>\n<meta property=\"og:title\" content=\"Sillosocks Mallard Feeder - Lightweight Decoys | Lucky Hunter\" \/>\n<meta property=\"og:description\" content=\"Lightweight and portable. Sillosocks Mallard Feeder from brand Sillosocks have the ultimate movement in the wind and perfect for transporting.\" \/>\n<meta property=\"og:url\" content=\"https:\/\/staging.lucky-hunter.com\/product\/sillosocks-mallard-feeder\/\" \/>\n<meta property=\"og:site_name\" content=\"Lucky-Hunter\" \/>\n<meta property=\"article:modified_time\" content=\"2022-11-22T14:17:11+00:00\" \/>\n<meta property=\"og:image\" content=\"https:\/\/staging.lucky-hunter.com\/wp-content\/uploads\/2016\/11\/LF-126-127-1.png\" \/>\n\t<meta property=\"og:image:width\" content=\"1000\" \/>\n\t<meta property=\"og:image:height\" content=\"1000\" \/>\n\t<meta property=\"og:image:type\" content=\"image\/png\" \/>\n<meta name=\"twitter:card\" content=\"summary_large_image\" \/>\n<meta name=\"twitter:title\" content=\"Sillosocks Mallard Feeder - Lightweight Decoys | Lucky Hunter\" \/>\n<meta name=\"twitter:description\" content=\"Lightweight and portable. Sillosocks Mallard Feeder from brand Sillosocks have the ultimate movement in the wind and perfect for transporting.\" \/>\n<meta name=\"twitter:label1\" content=\"Dur\u00e9e de lecture estim\u00e9e\" \/>\n\t<meta name=\"twitter:data1\" content=\"1 minute\" \/>\n<script type=\"application\/ld+json\" class=\"yoast-schema-graph\">{\"@context\":\"https:\/\/schema.org\",\"@graph\":[{\"@type\":\"WebPage\",\"@id\":\"https:\/\/staging.lucky-hunter.com\/product\/sillosocks-mallard-feeder\/\",\"url\":\"https:\/\/staging.lucky-hunter.com\/product\/sillosocks-mallard-feeder\/\",\"name\":\"Sillosocks Mallard Feeder - Lightweight Decoys | Lucky Hunter\",\"isPartOf\":{\"@id\":\"https:\/\/staging.lucky-hunter.com\/#website\"},\"primaryImageOfPage\":{\"@id\":\"https:\/\/staging.lucky-hunter.com\/product\/sillosocks-mallard-feeder\/#primaryimage\"},\"image\":{\"@id\":\"https:\/\/staging.lucky-hunter.com\/product\/sillosocks-mallard-feeder\/#primaryimage\"},\"thumbnailUrl\":\"https:\/\/staging.lucky-hunter.com\/wp-content\/uploads\/2016\/11\/LF-126-127-1.png\",\"datePublished\":\"2016-11-07T15:17:09+00:00\",\"dateModified\":\"2022-11-22T14:17:11+00:00\",\"description\":\"Lightweight and portable. Sillosocks Mallard Feeder from brand Sillosocks have the ultimate movement in the wind and perfect for transporting.\",\"breadcrumb\":{\"@id\":\"https:\/\/staging.lucky-hunter.com\/product\/sillosocks-mallard-feeder\/#breadcrumb\"},\"inLanguage\":\"fr-FR\",\"potentialAction\":[{\"@type\":\"ReadAction\",\"target\":[\"https:\/\/staging.lucky-hunter.com\/product\/sillosocks-mallard-feeder\/\"]}]},{\"@type\":\"ImageObject\",\"inLanguage\":\"fr-FR\",\"@id\":\"https:\/\/staging.lucky-hunter.com\/product\/sillosocks-mallard-feeder\/#primaryimage\",\"url\":\"https:\/\/staging.lucky-hunter.com\/wp-content\/uploads\/2016\/11\/LF-126-127-1.png\",\"contentUrl\":\"https:\/\/staging.lucky-hunter.com\/wp-content\/uploads\/2016\/11\/LF-126-127-1.png\",\"width\":1000,\"height\":1000},{\"@type\":\"BreadcrumbList\",\"@id\":\"https:\/\/staging.lucky-hunter.com\/product\/sillosocks-mallard-feeder\/#breadcrumb\",\"itemListElement\":[{\"@type\":\"ListItem\",\"position\":1,\"name\":\"Home\",\"item\":\"https:\/\/staging.lucky-hunter.com\/fr\/\"},{\"@type\":\"ListItem\",\"position\":2,\"name\":\"Boutique\",\"item\":\"https:\/\/staging.lucky-hunter.com\/fr\/shop\/\"},{\"@type\":\"ListItem\",\"position\":3,\"name\":\"Colvert Sillosocks mangeur\"}]},{\"@type\":\"WebSite\",\"@id\":\"https:\/\/staging.lucky-hunter.com\/#website\",\"url\":\"https:\/\/staging.lucky-hunter.com\/\",\"name\":\"Lucky-Hunter\",\"description\":\"Gear Up or Give Up\",\"potentialAction\":[{\"@type\":\"SearchAction\",\"target\":{\"@type\":\"EntryPoint\",\"urlTemplate\":\"https:\/\/staging.lucky-hunter.com\/?s={search_term_string}\"},\"query-input\":{\"@type\":\"PropertyValueSpecification\",\"valueRequired\":true,\"valueName\":\"search_term_string\"}}],\"inLanguage\":\"fr-FR\"}]}<\/script>\n<!-- \/ Yoast SEO plugin. -->","yoast_head_json":{"title":"Sillosocks Mallard Feeder - Lightweight Decoys | Lucky Hunter","description":"Lightweight and portable. Sillosocks Mallard Feeder from brand Sillosocks have the ultimate movement in the wind and perfect for transporting.","robots":{"index":"noindex","follow":"follow","max-snippet":"max-snippet:-1","max-image-preview":"max-image-preview:large","max-video-preview":"max-video-preview:-1"},"og_locale":"fr_FR","og_type":"article","og_title":"Sillosocks Mallard Feeder - Lightweight Decoys | Lucky Hunter","og_description":"Lightweight and portable. Sillosocks Mallard Feeder from brand Sillosocks have the ultimate movement in the wind and perfect for transporting.","og_url":"https:\/\/staging.lucky-hunter.com\/product\/sillosocks-mallard-feeder\/","og_site_name":"Lucky-Hunter","article_modified_time":"2022-11-22T14:17:11+00:00","og_image":[{"width":1000,"height":1000,"url":"https:\/\/staging.lucky-hunter.com\/wp-content\/uploads\/2016\/11\/LF-126-127-1.png","type":"image\/png"}],"twitter_card":"summary_large_image","twitter_title":"Sillosocks Mallard Feeder - Lightweight Decoys | Lucky Hunter","twitter_description":"Lightweight and portable. Sillosocks Mallard Feeder from brand Sillosocks have the ultimate movement in the wind and perfect for transporting.","twitter_misc":{"Dur\u00e9e de lecture estim\u00e9e":"1 minute"},"schema":{"@context":"https:\/\/schema.org","@graph":[{"@type":"WebPage","@id":"https:\/\/staging.lucky-hunter.com\/product\/sillosocks-mallard-feeder\/","url":"https:\/\/staging.lucky-hunter.com\/product\/sillosocks-mallard-feeder\/","name":"Sillosocks Mallard Feeder - Lightweight Decoys | Lucky Hunter","isPartOf":{"@id":"https:\/\/staging.lucky-hunter.com\/#website"},"primaryImageOfPage":{"@id":"https:\/\/staging.lucky-hunter.com\/product\/sillosocks-mallard-feeder\/#primaryimage"},"image":{"@id":"https:\/\/staging.lucky-hunter.com\/product\/sillosocks-mallard-feeder\/#primaryimage"},"thumbnailUrl":"https:\/\/staging.lucky-hunter.com\/wp-content\/uploads\/2016\/11\/LF-126-127-1.png","datePublished":"2016-11-07T15:17:09+00:00","dateModified":"2022-11-22T14:17:11+00:00","description":"Lightweight and portable. Sillosocks Mallard Feeder from brand Sillosocks have the ultimate movement in the wind and perfect for transporting.","breadcrumb":{"@id":"https:\/\/staging.lucky-hunter.com\/product\/sillosocks-mallard-feeder\/#breadcrumb"},"inLanguage":"fr-FR","potentialAction":[{"@type":"ReadAction","target":["https:\/\/staging.lucky-hunter.com\/product\/sillosocks-mallard-feeder\/"]}]},{"@type":"ImageObject","inLanguage":"fr-FR","@id":"https:\/\/staging.lucky-hunter.com\/product\/sillosocks-mallard-feeder\/#primaryimage","url":"https:\/\/staging.lucky-hunter.com\/wp-content\/uploads\/2016\/11\/LF-126-127-1.png","contentUrl":"https:\/\/staging.lucky-hunter.com\/wp-content\/uploads\/2016\/11\/LF-126-127-1.png","width":1000,"height":1000},{"@type":"BreadcrumbList","@id":"https:\/\/staging.lucky-hunter.com\/product\/sillosocks-mallard-feeder\/#breadcrumb","itemListElement":[{"@type":"ListItem","position":1,"name":"Home","item":"https:\/\/staging.lucky-hunter.com\/fr\/"},{"@type":"ListItem","position":2,"name":"Boutique","item":"https:\/\/staging.lucky-hunter.com\/fr\/shop\/"},{"@type":"ListItem","position":3,"name":"Colvert Sillosocks mangeur"}]},{"@type":"WebSite","@id":"https:\/\/staging.lucky-hunter.com\/#website","url":"https:\/\/staging.lucky-hunter.com\/","name":"Lucky-Hunter","description":"Gear Up or Give Up","potentialAction":[{"@type":"SearchAction","target":{"@type":"EntryPoint","urlTemplate":"https:\/\/staging.lucky-hunter.com\/?s={search_term_string}"},"query-input":{"@type":"PropertyValueSpecification","valueRequired":true,"valueName":"search_term_string"}}],"inLanguage":"fr-FR"}]}},"_links":{"self":[{"href":"https:\/\/staging.lucky-hunter.com\/fr\/wp-json\/wp\/v2\/product\/31013"}],"collection":[{"href":"https:\/\/staging.lucky-hunter.com\/fr\/wp-json\/wp\/v2\/product"}],"about":[{"href":"https:\/\/staging.lucky-hunter.com\/fr\/wp-json\/wp\/v2\/types\/product"}],"wp:featuredmedia":[{"embeddable":true,"href":"https:\/\/staging.lucky-hunter.com\/fr\/wp-json\/wp\/v2\/media\/29450"}],"wp:attachment":[{"href":"https:\/\/staging.lucky-hunter.com\/fr\/wp-json\/wp\/v2\/media?parent=31013"}],"wp:term":[{"taxonomy":"product_brand","embeddable":true,"href":"https:\/\/staging.lucky-hunter.com\/fr\/wp-json\/wp\/v2\/product_brand?post=31013"},{"taxonomy":"product_cat","embeddable":true,"href":"https:\/\/staging.lucky-hunter.com\/fr\/wp-json\/wp\/v2\/product_cat?post=31013"},{"taxonomy":"product_tag","embeddable":true,"href":"https:\/\/staging.lucky-hunter.com\/fr\/wp-json\/wp\/v2\/product_tag?post=31013"}],"curies":[{"name":"wp","href":"https:\/\/api.w.org\/{rel}","templated":true}]}}