{"id":31012,"date":"2016-11-07T16:15:01","date_gmt":"2016-11-07T15:15:01","guid":{"rendered":"https:\/\/staging.lucky-hunter.com\/product\/zink-power-hen-ph-1-duck-call-2\/"},"modified":"2025-03-13T02:46:46","modified_gmt":"2025-03-13T01:46:46","slug":"zink-power-hen-ph-1-duck-call","status":"publish","type":"product","link":"https:\/\/staging.lucky-hunter.com\/fr\/product\/zink-power-hen-ph-1-duck-call\/","title":{"rendered":"Appeau de colvert Zink Power Hen PH-1"},"content":{"rendered":"<div class=\"video video-fit mb\" style=\"padding-top:56.25%;\"><p><iframe width=\"1020\" height=\"574\" src=\"https:\/\/www.youtube.com\/embed\/-23l6CPSKKw?wmode=transparent&amp;rel=0&amp;feature=oembed\" frameborder=\"0\" allowfullscreen><\/iframe><\/p>\n<\/div>\n<h2>Appeau de colvert Zink Power Hen PH-1<\/h2>\n<p>Le Zink Power Hen PH-1 Duck Call Gun Smoke PH-1 est fabriqu\u00e9 en polycarbonate l\u00e9ger avec un beau design et une durabilit\u00e9 de plusieurs ann\u00e9es.<\/p>\n<p>Cet appeau \u00e0 cane puissant est incroyablement facile \u00e0 utiliser et vous pouvez produire un son de canard ultra r\u00e9aliste en l\u2019utilisant.<\/p>\n<p>Power Hen PH-1 Single Reed est con\u00e7u pour le chasseur de canard qui n\u2019attend rien de moins qu\u2019un son authentique.<\/p>\n<p>Cet appeau est dot\u00e9 d\u2019une membrane et est parfait lorsque vous avez besoin d\u2019appeler d\u2019une plus longue distance par temps venteux. Mais vous pouvez facilement utiliser cet appeau \u00e9galement sur une distance plus courte, si vous maintenez le volume et les tonalit\u00e9s dans les basses fr\u00e9quences.<\/p>\n<p>Le PH-1 a une construction sp\u00e9ciale qui garantit que les membranes ne collent pas lorsque l\u2019humidit\u00e9 de votre respiration est souffl\u00e9e dans l\u2019appel \u2013 un probl\u00e8me bien connu qui peut \u00eatre difficile \u00e0 \u00e9viter.<\/p>\n<p>Les appeaux Zink sont produits aux \u00c9tats-Unis, accord\u00e9s \u00e0 la main et test\u00e9s par l\u2019\u00e9quipe professionnelle de Fred Zink.<\/p>\n","protected":false},"excerpt":{"rendered":"<p>Durable, professionnel et puissant. L&#8217;appeau de colvert Zink Power Hen PH-1 est parfait pour les journ\u00e9es venteuses et les eaux ouvertes. Produisez un son ultra r\u00e9aliste, sans collage m\u00eame par temps froid.<\/p>\n","protected":false},"featured_media":29494,"template":"","meta":[],"product_brand":[8128],"product_cat":[8167],"product_tag":[],"yoast_head":"<!-- This site is optimized with the Yoast SEO plugin v24.3 - https:\/\/yoast.com\/wordpress\/plugins\/seo\/ -->\n<title>Zink Power Hen PH-1 Appeau de colvert | Lucky Hunter<\/title>\n<meta name=\"description\" content=\"Durable, professionnel et puissant. L&#039;appeau de colvert Zink Power Hen PH-1 est parfait pour les journ\u00e9es venteuses et les eaux ouvertes. Produisez un son ultra r\u00e9aliste.\" \/>\n<meta name=\"robots\" content=\"noindex, follow, max-snippet:-1, max-image-preview:large, max-video-preview:-1\" \/>\n<meta property=\"og:locale\" content=\"fr_FR\" \/>\n<meta property=\"og:type\" content=\"article\" \/>\n<meta property=\"og:title\" content=\"Zink Power Hen PH-1 Mallard Duck Call | Lucky Hunter\" \/>\n<meta property=\"og:description\" content=\"Durable, professionnel et puissant. L&#039;appeau de colvert Zink Power Hen PH-1 est parfait pour les journ\u00e9es venteuses et les eaux ouvertes. Produisez un son ultra r\u00e9aliste.\" \/>\n<meta property=\"og:url\" content=\"https:\/\/staging.lucky-hunter.com\/fr\/product\/zink-power-hen-ph-1-duck-call\/\" \/>\n<meta property=\"og:site_name\" content=\"Lucky-Hunter\" \/>\n<meta property=\"article:modified_time\" content=\"2025-03-13T01:46:46+00:00\" \/>\n<meta property=\"og:image\" content=\"https:\/\/staging.lucky-hunter.com\/wp-content\/uploads\/2016\/11\/LK-77.png\" \/>\n\t<meta property=\"og:image:width\" content=\"1000\" \/>\n\t<meta property=\"og:image:height\" content=\"1000\" \/>\n\t<meta property=\"og:image:type\" content=\"image\/png\" \/>\n<meta name=\"twitter:card\" content=\"summary_large_image\" \/>\n<meta name=\"twitter:title\" content=\"Zink Power Hen PH-1 Appeau de colvert | Lucky Hunter\" \/>\n<meta name=\"twitter:description\" content=\"Durable, professionnel et puissant. L&#039;appeau de colvert Zink Power Hen PH-1 est parfait pour les journ\u00e9es venteuses et les eaux ouvertes. Produisez un son ultra r\u00e9aliste.\" \/>\n<meta name=\"twitter:label1\" content=\"Dur\u00e9e de lecture estim\u00e9e\" \/>\n\t<meta name=\"twitter:data1\" content=\"1 minute\" \/>\n<script type=\"application\/ld+json\" class=\"yoast-schema-graph\">{\"@context\":\"https:\/\/schema.org\",\"@graph\":[{\"@type\":\"WebPage\",\"@id\":\"https:\/\/staging.lucky-hunter.com\/fr\/product\/zink-power-hen-ph-1-duck-call\/\",\"url\":\"https:\/\/staging.lucky-hunter.com\/fr\/product\/zink-power-hen-ph-1-duck-call\/\",\"name\":\"Zink Power Hen PH-1 Appeau de colvert | Lucky Hunter\",\"isPartOf\":{\"@id\":\"https:\/\/staging.lucky-hunter.com\/#website\"},\"primaryImageOfPage\":{\"@id\":\"https:\/\/staging.lucky-hunter.com\/fr\/product\/zink-power-hen-ph-1-duck-call\/#primaryimage\"},\"image\":{\"@id\":\"https:\/\/staging.lucky-hunter.com\/fr\/product\/zink-power-hen-ph-1-duck-call\/#primaryimage\"},\"thumbnailUrl\":\"https:\/\/staging.lucky-hunter.com\/wp-content\/uploads\/2016\/11\/LK-77.png\",\"datePublished\":\"2016-11-07T15:15:01+00:00\",\"dateModified\":\"2025-03-13T01:46:46+00:00\",\"description\":\"Durable, professionnel et puissant. L'appeau de colvert Zink Power Hen PH-1 est parfait pour les journ\u00e9es venteuses et les eaux ouvertes. Produisez un son ultra r\u00e9aliste.\",\"breadcrumb\":{\"@id\":\"https:\/\/staging.lucky-hunter.com\/fr\/product\/zink-power-hen-ph-1-duck-call\/#breadcrumb\"},\"inLanguage\":\"fr-FR\",\"potentialAction\":[{\"@type\":\"ReadAction\",\"target\":[\"https:\/\/staging.lucky-hunter.com\/fr\/product\/zink-power-hen-ph-1-duck-call\/\"]}]},{\"@type\":\"ImageObject\",\"inLanguage\":\"fr-FR\",\"@id\":\"https:\/\/staging.lucky-hunter.com\/fr\/product\/zink-power-hen-ph-1-duck-call\/#primaryimage\",\"url\":\"https:\/\/staging.lucky-hunter.com\/wp-content\/uploads\/2016\/11\/LK-77.png\",\"contentUrl\":\"https:\/\/staging.lucky-hunter.com\/wp-content\/uploads\/2016\/11\/LK-77.png\",\"width\":1000,\"height\":1000},{\"@type\":\"BreadcrumbList\",\"@id\":\"https:\/\/staging.lucky-hunter.com\/fr\/product\/zink-power-hen-ph-1-duck-call\/#breadcrumb\",\"itemListElement\":[{\"@type\":\"ListItem\",\"position\":1,\"name\":\"Home\",\"item\":\"https:\/\/staging.lucky-hunter.com\/fr\/\"},{\"@type\":\"ListItem\",\"position\":2,\"name\":\"Boutique\",\"item\":\"https:\/\/staging.lucky-hunter.com\/fr\/shop\/\"},{\"@type\":\"ListItem\",\"position\":3,\"name\":\"Appeau de colvert Zink Power Hen PH-1\"}]},{\"@type\":\"WebSite\",\"@id\":\"https:\/\/staging.lucky-hunter.com\/#website\",\"url\":\"https:\/\/staging.lucky-hunter.com\/\",\"name\":\"Lucky-Hunter\",\"description\":\"Gear Up or Give Up\",\"potentialAction\":[{\"@type\":\"SearchAction\",\"target\":{\"@type\":\"EntryPoint\",\"urlTemplate\":\"https:\/\/staging.lucky-hunter.com\/?s={search_term_string}\"},\"query-input\":{\"@type\":\"PropertyValueSpecification\",\"valueRequired\":true,\"valueName\":\"search_term_string\"}}],\"inLanguage\":\"fr-FR\"}]}<\/script>\n<!-- \/ Yoast SEO plugin. -->","yoast_head_json":{"title":"Zink Power Hen PH-1 Appeau de colvert | Lucky Hunter","description":"Durable, professionnel et puissant. L'appeau de colvert Zink Power Hen PH-1 est parfait pour les journ\u00e9es venteuses et les eaux ouvertes. Produisez un son ultra r\u00e9aliste.","robots":{"index":"noindex","follow":"follow","max-snippet":"max-snippet:-1","max-image-preview":"max-image-preview:large","max-video-preview":"max-video-preview:-1"},"og_locale":"fr_FR","og_type":"article","og_title":"Zink Power Hen PH-1 Mallard Duck Call | Lucky Hunter","og_description":"Durable, professionnel et puissant. L'appeau de colvert Zink Power Hen PH-1 est parfait pour les journ\u00e9es venteuses et les eaux ouvertes. Produisez un son ultra r\u00e9aliste.","og_url":"https:\/\/staging.lucky-hunter.com\/fr\/product\/zink-power-hen-ph-1-duck-call\/","og_site_name":"Lucky-Hunter","article_modified_time":"2025-03-13T01:46:46+00:00","og_image":[{"width":1000,"height":1000,"url":"https:\/\/staging.lucky-hunter.com\/wp-content\/uploads\/2016\/11\/LK-77.png","type":"image\/png"}],"twitter_card":"summary_large_image","twitter_title":"Zink Power Hen PH-1 Appeau de colvert | Lucky Hunter","twitter_description":"Durable, professionnel et puissant. L'appeau de colvert Zink Power Hen PH-1 est parfait pour les journ\u00e9es venteuses et les eaux ouvertes. Produisez un son ultra r\u00e9aliste.","twitter_misc":{"Dur\u00e9e de lecture estim\u00e9e":"1 minute"},"schema":{"@context":"https:\/\/schema.org","@graph":[{"@type":"WebPage","@id":"https:\/\/staging.lucky-hunter.com\/fr\/product\/zink-power-hen-ph-1-duck-call\/","url":"https:\/\/staging.lucky-hunter.com\/fr\/product\/zink-power-hen-ph-1-duck-call\/","name":"Zink Power Hen PH-1 Appeau de colvert | Lucky Hunter","isPartOf":{"@id":"https:\/\/staging.lucky-hunter.com\/#website"},"primaryImageOfPage":{"@id":"https:\/\/staging.lucky-hunter.com\/fr\/product\/zink-power-hen-ph-1-duck-call\/#primaryimage"},"image":{"@id":"https:\/\/staging.lucky-hunter.com\/fr\/product\/zink-power-hen-ph-1-duck-call\/#primaryimage"},"thumbnailUrl":"https:\/\/staging.lucky-hunter.com\/wp-content\/uploads\/2016\/11\/LK-77.png","datePublished":"2016-11-07T15:15:01+00:00","dateModified":"2025-03-13T01:46:46+00:00","description":"Durable, professionnel et puissant. L'appeau de colvert Zink Power Hen PH-1 est parfait pour les journ\u00e9es venteuses et les eaux ouvertes. Produisez un son ultra r\u00e9aliste.","breadcrumb":{"@id":"https:\/\/staging.lucky-hunter.com\/fr\/product\/zink-power-hen-ph-1-duck-call\/#breadcrumb"},"inLanguage":"fr-FR","potentialAction":[{"@type":"ReadAction","target":["https:\/\/staging.lucky-hunter.com\/fr\/product\/zink-power-hen-ph-1-duck-call\/"]}]},{"@type":"ImageObject","inLanguage":"fr-FR","@id":"https:\/\/staging.lucky-hunter.com\/fr\/product\/zink-power-hen-ph-1-duck-call\/#primaryimage","url":"https:\/\/staging.lucky-hunter.com\/wp-content\/uploads\/2016\/11\/LK-77.png","contentUrl":"https:\/\/staging.lucky-hunter.com\/wp-content\/uploads\/2016\/11\/LK-77.png","width":1000,"height":1000},{"@type":"BreadcrumbList","@id":"https:\/\/staging.lucky-hunter.com\/fr\/product\/zink-power-hen-ph-1-duck-call\/#breadcrumb","itemListElement":[{"@type":"ListItem","position":1,"name":"Home","item":"https:\/\/staging.lucky-hunter.com\/fr\/"},{"@type":"ListItem","position":2,"name":"Boutique","item":"https:\/\/staging.lucky-hunter.com\/fr\/shop\/"},{"@type":"ListItem","position":3,"name":"Appeau de colvert Zink Power Hen PH-1"}]},{"@type":"WebSite","@id":"https:\/\/staging.lucky-hunter.com\/#website","url":"https:\/\/staging.lucky-hunter.com\/","name":"Lucky-Hunter","description":"Gear Up or Give Up","potentialAction":[{"@type":"SearchAction","target":{"@type":"EntryPoint","urlTemplate":"https:\/\/staging.lucky-hunter.com\/?s={search_term_string}"},"query-input":{"@type":"PropertyValueSpecification","valueRequired":true,"valueName":"search_term_string"}}],"inLanguage":"fr-FR"}]}},"_links":{"self":[{"href":"https:\/\/staging.lucky-hunter.com\/fr\/wp-json\/wp\/v2\/product\/31012"}],"collection":[{"href":"https:\/\/staging.lucky-hunter.com\/fr\/wp-json\/wp\/v2\/product"}],"about":[{"href":"https:\/\/staging.lucky-hunter.com\/fr\/wp-json\/wp\/v2\/types\/product"}],"wp:featuredmedia":[{"embeddable":true,"href":"https:\/\/staging.lucky-hunter.com\/fr\/wp-json\/wp\/v2\/media\/29494"}],"wp:attachment":[{"href":"https:\/\/staging.lucky-hunter.com\/fr\/wp-json\/wp\/v2\/media?parent=31012"}],"wp:term":[{"taxonomy":"product_brand","embeddable":true,"href":"https:\/\/staging.lucky-hunter.com\/fr\/wp-json\/wp\/v2\/product_brand?post=31012"},{"taxonomy":"product_cat","embeddable":true,"href":"https:\/\/staging.lucky-hunter.com\/fr\/wp-json\/wp\/v2\/product_cat?post=31012"},{"taxonomy":"product_tag","embeddable":true,"href":"https:\/\/staging.lucky-hunter.com\/fr\/wp-json\/wp\/v2\/product_tag?post=31012"}],"curies":[{"name":"wp","href":"https:\/\/api.w.org\/{rel}","templated":true}]}}