{"id":31010,"date":"2017-03-13T17:15:22","date_gmt":"2017-03-13T16:15:22","guid":{"rendered":"https:\/\/staging.lucky-hunter.com\/product\/early-season-avian-x-mallards-2\/"},"modified":"2022-11-16T11:04:27","modified_gmt":"2022-11-16T10:04:27","slug":"early-season-avian-x-mallards","status":"publish","type":"product","link":"https:\/\/staging.lucky-hunter.com\/fr\/product\/early-season-avian-x-mallards\/","title":{"rendered":"Gamme Avian-X Topflight Mallards Early Season"},"content":{"rendered":"<p><iframe title=\"Closer Look: Avian-X Early Season\" width=\"1020\" height=\"574\" src=\"https:\/\/www.youtube.com\/embed\/L7nSyZ_Enno?wmode=transparent&amp;rel=0&amp;feature=oembed&#038;enablejsapi=1&#038;origin=https:\/\/staging.lucky-hunter.com\" frameborder=\"0\" allow=\"accelerometer; autoplay; clipboard-write; encrypted-media; gyroscope; picture-in-picture\" allowfullscreen><\/iframe><\/p>\n<h2><strong>Early Season Avian-X Mallards &#8211; de si bons leurres que vos amis vous envieront\u00a0!<\/strong><\/h2>\n<p>American Avian-X \u00e9tablit de nouvelles normes pour la conception des leurres afin que votre chasse au canard devienne une exp\u00e9rience encore plus incroyable.<\/p>\n<p>De la nouvelle gamme Early Season, il s&#8217;agit d&#8217;un ensemble de 6 colverts flottants o\u00f9 la coloration verte du malard n&#8217;est pas encore compl\u00e8tement d\u00e9velopp\u00e9e.<\/p>\n<p><strong>Vendus par pack de 6\u00a0:<\/strong><\/p>\n<ul>\n<li>Poule mangeuse x1<\/li>\n<li>Malard mangeur x1<\/li>\n<li>Malard nageur x2<\/li>\n<li>Poule nageuse x1<\/li>\n<li>Malard t\u00eate haute x1<\/li>\n<\/ul>\n<p>Les leurres ont une quille lest\u00e9e sp\u00e9cialement con\u00e7ue. M\u00eame en cas de vent faible, elles nageront de mani\u00e8re naturelle gr\u00e2ce au poids de cette technologie sp\u00e9ciale. Elles donneront de bons r\u00e9sultats m\u00eame en cas de vent faible.<\/p>\n<p>Les formes sont surdimensionn\u00e9es pour une meilleure visibilit\u00e9. La mesure de la poitrine \u00e0 la queue est d&#8217;environ 36,83 cm.<\/p>\n<p>Fabriqu\u00e9s dans un mat\u00e9riau plus doux, ces leurres Avian-X sont con\u00e7us pour que la peinture ne se fissure pas et qu&#8217;ils durent des ann\u00e9es. Par cons\u00e9quent, vous pouvez continuer \u00e0 d\u00e9velopper votre troupeau de leurres ann\u00e9e apr\u00e8s ann\u00e9e.<\/p>\n<p>Cr\u00e9\u00e9s par le sculpteur de leurres champion du monde, Rick Johannsen et son \u00e9quipe.<\/p>\n<p>\u00a0<\/p>\n","protected":false},"excerpt":{"rendered":"<p>De la nouvelle s\u00e9rie Avian-X Early Season, voici un ensemble de 6 colverts flottants o\u00f9 la couleur verte des drakes n&#8217;est pas enti\u00e8rement color\u00e9e.<\/p>\n","protected":false},"featured_media":29354,"template":"","meta":[],"product_brand":[9525],"product_cat":[8180],"product_tag":[9235],"yoast_head":"<!-- This site is optimized with the Yoast SEO plugin v24.3 - https:\/\/yoast.com\/wordpress\/plugins\/seo\/ -->\n<title>Canards colverts Avian-X de d\u00e9but de saison - Prenez le dessus | Chasseur chanceux<\/title>\n<meta name=\"description\" content=\"Commencez votre chasse t\u00f4t! Les canards colverts Avian-X de d\u00e9but de saison sont parfaits pour prendre le dessus sur vos amis chasseurs. Leurres de haute qualit\u00e9 et durables.\" \/>\n<meta name=\"robots\" content=\"noindex, follow, max-snippet:-1, max-image-preview:large, max-video-preview:-1\" \/>\n<meta property=\"og:locale\" content=\"fr_FR\" \/>\n<meta property=\"og:type\" content=\"article\" \/>\n<meta property=\"og:title\" content=\"Canards colverts Avian-X de d\u00e9but de saison - Prenez le dessus | Chasseur chanceux\" \/>\n<meta property=\"og:description\" content=\"Commencez votre chasse t\u00f4t! Les canards colverts Avian-X de d\u00e9but de saison sont parfaits pour prendre le dessus sur vos amis chasseurs. Leurres de haute qualit\u00e9 et durables.\" \/>\n<meta property=\"og:url\" content=\"https:\/\/staging.lucky-hunter.com\/product\/early-season-avian-x-mallards\/\" \/>\n<meta property=\"og:site_name\" content=\"Lucky-Hunter\" \/>\n<meta property=\"article:modified_time\" content=\"2022-11-16T10:04:27+00:00\" \/>\n<meta property=\"og:image\" content=\"https:\/\/staging.lucky-hunter.com\/wp-content\/uploads\/2017\/03\/lf-307-1.png\" \/>\n\t<meta property=\"og:image:width\" content=\"1000\" \/>\n\t<meta property=\"og:image:height\" content=\"1000\" \/>\n\t<meta property=\"og:image:type\" content=\"image\/png\" \/>\n<meta name=\"twitter:card\" content=\"summary_large_image\" \/>\n<meta name=\"twitter:title\" content=\"Canards colverts Avian-X de d\u00e9but de saison - Prenez le dessus | Chasseur chanceux\" \/>\n<meta name=\"twitter:description\" content=\"Commencez votre chasse t\u00f4t! Les canards colverts Avian-X de d\u00e9but de saison sont parfaits pour prendre le dessus sur vos amis chasseurs. Leurres de haute qualit\u00e9 et durables.\" \/>\n<meta name=\"twitter:label1\" content=\"Dur\u00e9e de lecture estim\u00e9e\" \/>\n\t<meta name=\"twitter:data1\" content=\"1 minute\" \/>\n<script type=\"application\/ld+json\" class=\"yoast-schema-graph\">{\"@context\":\"https:\/\/schema.org\",\"@graph\":[{\"@type\":\"WebPage\",\"@id\":\"https:\/\/staging.lucky-hunter.com\/product\/early-season-avian-x-mallards\/\",\"url\":\"https:\/\/staging.lucky-hunter.com\/product\/early-season-avian-x-mallards\/\",\"name\":\"Canards colverts Avian-X de d\u00e9but de saison - Prenez le dessus | Chasseur chanceux\",\"isPartOf\":{\"@id\":\"https:\/\/staging.lucky-hunter.com\/#website\"},\"primaryImageOfPage\":{\"@id\":\"https:\/\/staging.lucky-hunter.com\/product\/early-season-avian-x-mallards\/#primaryimage\"},\"image\":{\"@id\":\"https:\/\/staging.lucky-hunter.com\/product\/early-season-avian-x-mallards\/#primaryimage\"},\"thumbnailUrl\":\"https:\/\/staging.lucky-hunter.com\/wp-content\/uploads\/2017\/03\/lf-307-1.png\",\"datePublished\":\"2017-03-13T16:15:22+00:00\",\"dateModified\":\"2022-11-16T10:04:27+00:00\",\"description\":\"Commencez votre chasse t\u00f4t! Les canards colverts Avian-X de d\u00e9but de saison sont parfaits pour prendre le dessus sur vos amis chasseurs. Leurres de haute qualit\u00e9 et durables.\",\"breadcrumb\":{\"@id\":\"https:\/\/staging.lucky-hunter.com\/product\/early-season-avian-x-mallards\/#breadcrumb\"},\"inLanguage\":\"fr-FR\",\"potentialAction\":[{\"@type\":\"ReadAction\",\"target\":[\"https:\/\/staging.lucky-hunter.com\/product\/early-season-avian-x-mallards\/\"]}]},{\"@type\":\"ImageObject\",\"inLanguage\":\"fr-FR\",\"@id\":\"https:\/\/staging.lucky-hunter.com\/product\/early-season-avian-x-mallards\/#primaryimage\",\"url\":\"https:\/\/staging.lucky-hunter.com\/wp-content\/uploads\/2017\/03\/lf-307-1.png\",\"contentUrl\":\"https:\/\/staging.lucky-hunter.com\/wp-content\/uploads\/2017\/03\/lf-307-1.png\",\"width\":1000,\"height\":1000},{\"@type\":\"BreadcrumbList\",\"@id\":\"https:\/\/staging.lucky-hunter.com\/product\/early-season-avian-x-mallards\/#breadcrumb\",\"itemListElement\":[{\"@type\":\"ListItem\",\"position\":1,\"name\":\"Home\",\"item\":\"https:\/\/staging.lucky-hunter.com\/fr\/\"},{\"@type\":\"ListItem\",\"position\":2,\"name\":\"Boutique\",\"item\":\"https:\/\/staging.lucky-hunter.com\/fr\/shop\/\"},{\"@type\":\"ListItem\",\"position\":3,\"name\":\"Gamme Avian-X Topflight Mallards Early Season\"}]},{\"@type\":\"WebSite\",\"@id\":\"https:\/\/staging.lucky-hunter.com\/#website\",\"url\":\"https:\/\/staging.lucky-hunter.com\/\",\"name\":\"Lucky-Hunter\",\"description\":\"Gear Up or Give Up\",\"potentialAction\":[{\"@type\":\"SearchAction\",\"target\":{\"@type\":\"EntryPoint\",\"urlTemplate\":\"https:\/\/staging.lucky-hunter.com\/?s={search_term_string}\"},\"query-input\":{\"@type\":\"PropertyValueSpecification\",\"valueRequired\":true,\"valueName\":\"search_term_string\"}}],\"inLanguage\":\"fr-FR\"}]}<\/script>\n<!-- \/ Yoast SEO plugin. -->","yoast_head_json":{"title":"Canards colverts Avian-X de d\u00e9but de saison - Prenez le dessus | Chasseur chanceux","description":"Commencez votre chasse t\u00f4t! Les canards colverts Avian-X de d\u00e9but de saison sont parfaits pour prendre le dessus sur vos amis chasseurs. Leurres de haute qualit\u00e9 et durables.","robots":{"index":"noindex","follow":"follow","max-snippet":"max-snippet:-1","max-image-preview":"max-image-preview:large","max-video-preview":"max-video-preview:-1"},"og_locale":"fr_FR","og_type":"article","og_title":"Canards colverts Avian-X de d\u00e9but de saison - Prenez le dessus | Chasseur chanceux","og_description":"Commencez votre chasse t\u00f4t! Les canards colverts Avian-X de d\u00e9but de saison sont parfaits pour prendre le dessus sur vos amis chasseurs. Leurres de haute qualit\u00e9 et durables.","og_url":"https:\/\/staging.lucky-hunter.com\/product\/early-season-avian-x-mallards\/","og_site_name":"Lucky-Hunter","article_modified_time":"2022-11-16T10:04:27+00:00","og_image":[{"width":1000,"height":1000,"url":"https:\/\/staging.lucky-hunter.com\/wp-content\/uploads\/2017\/03\/lf-307-1.png","type":"image\/png"}],"twitter_card":"summary_large_image","twitter_title":"Canards colverts Avian-X de d\u00e9but de saison - Prenez le dessus | Chasseur chanceux","twitter_description":"Commencez votre chasse t\u00f4t! Les canards colverts Avian-X de d\u00e9but de saison sont parfaits pour prendre le dessus sur vos amis chasseurs. Leurres de haute qualit\u00e9 et durables.","twitter_misc":{"Dur\u00e9e de lecture estim\u00e9e":"1 minute"},"schema":{"@context":"https:\/\/schema.org","@graph":[{"@type":"WebPage","@id":"https:\/\/staging.lucky-hunter.com\/product\/early-season-avian-x-mallards\/","url":"https:\/\/staging.lucky-hunter.com\/product\/early-season-avian-x-mallards\/","name":"Canards colverts Avian-X de d\u00e9but de saison - Prenez le dessus | Chasseur chanceux","isPartOf":{"@id":"https:\/\/staging.lucky-hunter.com\/#website"},"primaryImageOfPage":{"@id":"https:\/\/staging.lucky-hunter.com\/product\/early-season-avian-x-mallards\/#primaryimage"},"image":{"@id":"https:\/\/staging.lucky-hunter.com\/product\/early-season-avian-x-mallards\/#primaryimage"},"thumbnailUrl":"https:\/\/staging.lucky-hunter.com\/wp-content\/uploads\/2017\/03\/lf-307-1.png","datePublished":"2017-03-13T16:15:22+00:00","dateModified":"2022-11-16T10:04:27+00:00","description":"Commencez votre chasse t\u00f4t! Les canards colverts Avian-X de d\u00e9but de saison sont parfaits pour prendre le dessus sur vos amis chasseurs. Leurres de haute qualit\u00e9 et durables.","breadcrumb":{"@id":"https:\/\/staging.lucky-hunter.com\/product\/early-season-avian-x-mallards\/#breadcrumb"},"inLanguage":"fr-FR","potentialAction":[{"@type":"ReadAction","target":["https:\/\/staging.lucky-hunter.com\/product\/early-season-avian-x-mallards\/"]}]},{"@type":"ImageObject","inLanguage":"fr-FR","@id":"https:\/\/staging.lucky-hunter.com\/product\/early-season-avian-x-mallards\/#primaryimage","url":"https:\/\/staging.lucky-hunter.com\/wp-content\/uploads\/2017\/03\/lf-307-1.png","contentUrl":"https:\/\/staging.lucky-hunter.com\/wp-content\/uploads\/2017\/03\/lf-307-1.png","width":1000,"height":1000},{"@type":"BreadcrumbList","@id":"https:\/\/staging.lucky-hunter.com\/product\/early-season-avian-x-mallards\/#breadcrumb","itemListElement":[{"@type":"ListItem","position":1,"name":"Home","item":"https:\/\/staging.lucky-hunter.com\/fr\/"},{"@type":"ListItem","position":2,"name":"Boutique","item":"https:\/\/staging.lucky-hunter.com\/fr\/shop\/"},{"@type":"ListItem","position":3,"name":"Gamme Avian-X Topflight Mallards Early Season"}]},{"@type":"WebSite","@id":"https:\/\/staging.lucky-hunter.com\/#website","url":"https:\/\/staging.lucky-hunter.com\/","name":"Lucky-Hunter","description":"Gear Up or Give Up","potentialAction":[{"@type":"SearchAction","target":{"@type":"EntryPoint","urlTemplate":"https:\/\/staging.lucky-hunter.com\/?s={search_term_string}"},"query-input":{"@type":"PropertyValueSpecification","valueRequired":true,"valueName":"search_term_string"}}],"inLanguage":"fr-FR"}]}},"_links":{"self":[{"href":"https:\/\/staging.lucky-hunter.com\/fr\/wp-json\/wp\/v2\/product\/31010"}],"collection":[{"href":"https:\/\/staging.lucky-hunter.com\/fr\/wp-json\/wp\/v2\/product"}],"about":[{"href":"https:\/\/staging.lucky-hunter.com\/fr\/wp-json\/wp\/v2\/types\/product"}],"wp:featuredmedia":[{"embeddable":true,"href":"https:\/\/staging.lucky-hunter.com\/fr\/wp-json\/wp\/v2\/media\/29354"}],"wp:attachment":[{"href":"https:\/\/staging.lucky-hunter.com\/fr\/wp-json\/wp\/v2\/media?parent=31010"}],"wp:term":[{"taxonomy":"product_brand","embeddable":true,"href":"https:\/\/staging.lucky-hunter.com\/fr\/wp-json\/wp\/v2\/product_brand?post=31010"},{"taxonomy":"product_cat","embeddable":true,"href":"https:\/\/staging.lucky-hunter.com\/fr\/wp-json\/wp\/v2\/product_cat?post=31010"},{"taxonomy":"product_tag","embeddable":true,"href":"https:\/\/staging.lucky-hunter.com\/fr\/wp-json\/wp\/v2\/product_tag?post=31010"}],"curies":[{"name":"wp","href":"https:\/\/api.w.org\/{rel}","templated":true}]}}