{"id":31007,"date":"2019-08-29T09:29:24","date_gmt":"2019-08-29T07:29:24","guid":{"rendered":"https:\/\/staging.lucky-hunter.com\/product\/mojo-elite-mini-mallard-drake-2\/"},"modified":"2022-11-16T09:56:51","modified_gmt":"2022-11-16T08:56:51","slug":"mojo-elite-mini-mallard-drake","status":"publish","type":"product","link":"https:\/\/staging.lucky-hunter.com\/fr\/product\/mojo-elite-mini-mallard-drake\/","title":{"rendered":"MOJO Elite Mini Colvert Drake"},"content":{"rendered":"<p><iframe title=\"MOJO\u00ae Elite Series\u2122 - Mini Mallard Hen or Drake - Build\/Assembly\" width=\"1020\" height=\"574\" src=\"https:\/\/www.youtube.com\/embed\/UZVi0Um5Wl8?wmode=transparent&amp;rel=0&amp;feature=oembed&#038;enablejsapi=1&#038;origin=https:\/\/staging.lucky-hunter.com\" frameborder=\"0\" allow=\"accelerometer; autoplay; clipboard-write; encrypted-media; gyroscope; picture-in-picture\" allowfullscreen><\/iframe><\/p>\n<h2><strong>MOJO Elite Mini Mallard Drake &#8211; toute l&#8217;efficacit\u00e9 d&#8217;un leurre MOJO Mallard, mais dans une version plus petite<\/strong><\/h2>\n<p>La taille du Mini MOJO\u00ae correspond \u00e0 environ 78\u00a0% de celle du MOJO Mallard.<\/p>\n<p>Ce leurre fait partie de la nouvelle gamme Elite de MOJO. Dot\u00e9 de tr\u00e8s beaux d\u00e9tails, d\u2019un corps en plastique plus souple et d\u2019ailes magn\u00e9tiques qui assurent une rotation rapide et silencieuse.<\/p>\n<p>Les pieds du mini colvert MOJO Elite sont en plastique souple et ils peuvent \u00eatre facilement retir\u00e9s lorsque le leurre doit \u00eatre stock\u00e9 et transport\u00e9.<\/p>\n<p>Une nouvelle caract\u00e9ristique qui fait que la m\u00e9canique et le corps lui-m\u00eame sont s\u00e9par\u00e9s. L&#8217;avantage est un moteur beaucoup plus silencieux et qui \u00e9met moins de vibrations.<\/p>\n<p>Aliment\u00e9 par 4 piles AA de bonne qualit\u00e9 (non incluses). Nous vous recommandons de retirer les piles lorsque l&#8217;appareil n&#8217;est pas utilis\u00e9.<\/p>\n<p>La dur\u00e9e de vie de la batterie d\u00e9pend de plusieurs facteurs, notamment des conditions de vent et de la temp\u00e9rature. Lorsque les ailes perdent leur \u00e9lan, il est temps de changer les piles.<\/p>\n<p>Un axe de montage en trois parties est inclus.<\/p>\n<p>Ce leurre est un aimant \u00e0 canards qui attirera \u00e9galement d&#8217;autres oiseaux aquatiques.<\/p>\n","protected":false},"excerpt":{"rendered":"<p>The Mini MOJO\u00ae is approximately 78% size to scale of the MOJO Mallard. This decoy is from MOJO&#8217;s new Elite series and has super nice details, a softer plastic body and magnetic wings that ensure a fast and quiet rotation.<\/p>\n","protected":false},"featured_media":30407,"template":"","meta":[],"product_brand":[8122],"product_cat":[9737,8180],"product_tag":[9235],"yoast_head":"<!-- This site is optimized with the Yoast SEO plugin v24.3 - https:\/\/yoast.com\/wordpress\/plugins\/seo\/ -->\n<title>MOJO Elite Mini Mallard Drake - Effective Duck Decoy | Lucky Hunter<\/title>\n<meta name=\"description\" content=\"MOJO Elite Mini Mallard Drake is from the new Elite series by MOJO. Great details, a softer plastic body and magnetic wings for better rotation.\" \/>\n<meta name=\"robots\" content=\"noindex, follow, max-snippet:-1, max-image-preview:large, max-video-preview:-1\" \/>\n<meta property=\"og:locale\" content=\"fr_FR\" \/>\n<meta property=\"og:type\" content=\"article\" \/>\n<meta property=\"og:title\" content=\"MOJO Elite Mini Mallard Drake - Effective Duck Decoy | Lucky Hunter\" \/>\n<meta property=\"og:description\" content=\"MOJO Elite Mini Mallard Drake is from the new Elite series by MOJO. Great details, a softer plastic body and magnetic wings for better rotation.\" \/>\n<meta property=\"og:url\" content=\"https:\/\/staging.lucky-hunter.com\/product\/mojo-elite-mini-mallard-drake\/\" \/>\n<meta property=\"og:site_name\" content=\"Lucky-Hunter\" \/>\n<meta property=\"article:modified_time\" content=\"2022-11-16T08:56:51+00:00\" \/>\n<meta property=\"og:image\" content=\"https:\/\/staging.lucky-hunter.com\/wp-content\/uploads\/2019\/08\/510407.front_.png\" \/>\n\t<meta property=\"og:image:width\" content=\"1000\" \/>\n\t<meta property=\"og:image:height\" content=\"1000\" \/>\n\t<meta property=\"og:image:type\" content=\"image\/png\" \/>\n<meta name=\"twitter:card\" content=\"summary_large_image\" \/>\n<meta name=\"twitter:title\" content=\"MOJO Elite Mini Mallard Drake - Effective Duck Decoy | Lucky Hunter\" \/>\n<meta name=\"twitter:description\" content=\"MOJO Elite Mini Mallard Drake is from the new Elite series by MOJO. Great details, a softer plastic body and magnetic wings for better rotation.\" \/>\n<meta name=\"twitter:label1\" content=\"Dur\u00e9e de lecture estim\u00e9e\" \/>\n\t<meta name=\"twitter:data1\" content=\"1 minute\" \/>\n<script type=\"application\/ld+json\" class=\"yoast-schema-graph\">{\"@context\":\"https:\/\/schema.org\",\"@graph\":[{\"@type\":\"WebPage\",\"@id\":\"https:\/\/staging.lucky-hunter.com\/product\/mojo-elite-mini-mallard-drake\/\",\"url\":\"https:\/\/staging.lucky-hunter.com\/product\/mojo-elite-mini-mallard-drake\/\",\"name\":\"MOJO Elite Mini Mallard Drake - Effective Duck Decoy | Lucky Hunter\",\"isPartOf\":{\"@id\":\"https:\/\/staging.lucky-hunter.com\/#website\"},\"primaryImageOfPage\":{\"@id\":\"https:\/\/staging.lucky-hunter.com\/product\/mojo-elite-mini-mallard-drake\/#primaryimage\"},\"image\":{\"@id\":\"https:\/\/staging.lucky-hunter.com\/product\/mojo-elite-mini-mallard-drake\/#primaryimage\"},\"thumbnailUrl\":\"https:\/\/staging.lucky-hunter.com\/wp-content\/uploads\/2019\/08\/510407.front_.png\",\"datePublished\":\"2019-08-29T07:29:24+00:00\",\"dateModified\":\"2022-11-16T08:56:51+00:00\",\"description\":\"MOJO Elite Mini Mallard Drake is from the new Elite series by MOJO. Great details, a softer plastic body and magnetic wings for better rotation.\",\"breadcrumb\":{\"@id\":\"https:\/\/staging.lucky-hunter.com\/product\/mojo-elite-mini-mallard-drake\/#breadcrumb\"},\"inLanguage\":\"fr-FR\",\"potentialAction\":[{\"@type\":\"ReadAction\",\"target\":[\"https:\/\/staging.lucky-hunter.com\/product\/mojo-elite-mini-mallard-drake\/\"]}]},{\"@type\":\"ImageObject\",\"inLanguage\":\"fr-FR\",\"@id\":\"https:\/\/staging.lucky-hunter.com\/product\/mojo-elite-mini-mallard-drake\/#primaryimage\",\"url\":\"https:\/\/staging.lucky-hunter.com\/wp-content\/uploads\/2019\/08\/510407.front_.png\",\"contentUrl\":\"https:\/\/staging.lucky-hunter.com\/wp-content\/uploads\/2019\/08\/510407.front_.png\",\"width\":1000,\"height\":1000},{\"@type\":\"BreadcrumbList\",\"@id\":\"https:\/\/staging.lucky-hunter.com\/product\/mojo-elite-mini-mallard-drake\/#breadcrumb\",\"itemListElement\":[{\"@type\":\"ListItem\",\"position\":1,\"name\":\"Home\",\"item\":\"https:\/\/staging.lucky-hunter.com\/fr\/\"},{\"@type\":\"ListItem\",\"position\":2,\"name\":\"Boutique\",\"item\":\"https:\/\/staging.lucky-hunter.com\/fr\/shop\/\"},{\"@type\":\"ListItem\",\"position\":3,\"name\":\"MOJO Elite Mini Colvert Drake\"}]},{\"@type\":\"WebSite\",\"@id\":\"https:\/\/staging.lucky-hunter.com\/#website\",\"url\":\"https:\/\/staging.lucky-hunter.com\/\",\"name\":\"Lucky-Hunter\",\"description\":\"Gear Up or Give Up\",\"potentialAction\":[{\"@type\":\"SearchAction\",\"target\":{\"@type\":\"EntryPoint\",\"urlTemplate\":\"https:\/\/staging.lucky-hunter.com\/?s={search_term_string}\"},\"query-input\":{\"@type\":\"PropertyValueSpecification\",\"valueRequired\":true,\"valueName\":\"search_term_string\"}}],\"inLanguage\":\"fr-FR\"}]}<\/script>\n<!-- \/ Yoast SEO plugin. -->","yoast_head_json":{"title":"MOJO Elite Mini Mallard Drake - Effective Duck Decoy | Lucky Hunter","description":"MOJO Elite Mini Mallard Drake is from the new Elite series by MOJO. Great details, a softer plastic body and magnetic wings for better rotation.","robots":{"index":"noindex","follow":"follow","max-snippet":"max-snippet:-1","max-image-preview":"max-image-preview:large","max-video-preview":"max-video-preview:-1"},"og_locale":"fr_FR","og_type":"article","og_title":"MOJO Elite Mini Mallard Drake - Effective Duck Decoy | Lucky Hunter","og_description":"MOJO Elite Mini Mallard Drake is from the new Elite series by MOJO. Great details, a softer plastic body and magnetic wings for better rotation.","og_url":"https:\/\/staging.lucky-hunter.com\/product\/mojo-elite-mini-mallard-drake\/","og_site_name":"Lucky-Hunter","article_modified_time":"2022-11-16T08:56:51+00:00","og_image":[{"width":1000,"height":1000,"url":"https:\/\/staging.lucky-hunter.com\/wp-content\/uploads\/2019\/08\/510407.front_.png","type":"image\/png"}],"twitter_card":"summary_large_image","twitter_title":"MOJO Elite Mini Mallard Drake - Effective Duck Decoy | Lucky Hunter","twitter_description":"MOJO Elite Mini Mallard Drake is from the new Elite series by MOJO. Great details, a softer plastic body and magnetic wings for better rotation.","twitter_misc":{"Dur\u00e9e de lecture estim\u00e9e":"1 minute"},"schema":{"@context":"https:\/\/schema.org","@graph":[{"@type":"WebPage","@id":"https:\/\/staging.lucky-hunter.com\/product\/mojo-elite-mini-mallard-drake\/","url":"https:\/\/staging.lucky-hunter.com\/product\/mojo-elite-mini-mallard-drake\/","name":"MOJO Elite Mini Mallard Drake - Effective Duck Decoy | Lucky Hunter","isPartOf":{"@id":"https:\/\/staging.lucky-hunter.com\/#website"},"primaryImageOfPage":{"@id":"https:\/\/staging.lucky-hunter.com\/product\/mojo-elite-mini-mallard-drake\/#primaryimage"},"image":{"@id":"https:\/\/staging.lucky-hunter.com\/product\/mojo-elite-mini-mallard-drake\/#primaryimage"},"thumbnailUrl":"https:\/\/staging.lucky-hunter.com\/wp-content\/uploads\/2019\/08\/510407.front_.png","datePublished":"2019-08-29T07:29:24+00:00","dateModified":"2022-11-16T08:56:51+00:00","description":"MOJO Elite Mini Mallard Drake is from the new Elite series by MOJO. Great details, a softer plastic body and magnetic wings for better rotation.","breadcrumb":{"@id":"https:\/\/staging.lucky-hunter.com\/product\/mojo-elite-mini-mallard-drake\/#breadcrumb"},"inLanguage":"fr-FR","potentialAction":[{"@type":"ReadAction","target":["https:\/\/staging.lucky-hunter.com\/product\/mojo-elite-mini-mallard-drake\/"]}]},{"@type":"ImageObject","inLanguage":"fr-FR","@id":"https:\/\/staging.lucky-hunter.com\/product\/mojo-elite-mini-mallard-drake\/#primaryimage","url":"https:\/\/staging.lucky-hunter.com\/wp-content\/uploads\/2019\/08\/510407.front_.png","contentUrl":"https:\/\/staging.lucky-hunter.com\/wp-content\/uploads\/2019\/08\/510407.front_.png","width":1000,"height":1000},{"@type":"BreadcrumbList","@id":"https:\/\/staging.lucky-hunter.com\/product\/mojo-elite-mini-mallard-drake\/#breadcrumb","itemListElement":[{"@type":"ListItem","position":1,"name":"Home","item":"https:\/\/staging.lucky-hunter.com\/fr\/"},{"@type":"ListItem","position":2,"name":"Boutique","item":"https:\/\/staging.lucky-hunter.com\/fr\/shop\/"},{"@type":"ListItem","position":3,"name":"MOJO Elite Mini Colvert Drake"}]},{"@type":"WebSite","@id":"https:\/\/staging.lucky-hunter.com\/#website","url":"https:\/\/staging.lucky-hunter.com\/","name":"Lucky-Hunter","description":"Gear Up or Give Up","potentialAction":[{"@type":"SearchAction","target":{"@type":"EntryPoint","urlTemplate":"https:\/\/staging.lucky-hunter.com\/?s={search_term_string}"},"query-input":{"@type":"PropertyValueSpecification","valueRequired":true,"valueName":"search_term_string"}}],"inLanguage":"fr-FR"}]}},"_links":{"self":[{"href":"https:\/\/staging.lucky-hunter.com\/fr\/wp-json\/wp\/v2\/product\/31007"}],"collection":[{"href":"https:\/\/staging.lucky-hunter.com\/fr\/wp-json\/wp\/v2\/product"}],"about":[{"href":"https:\/\/staging.lucky-hunter.com\/fr\/wp-json\/wp\/v2\/types\/product"}],"wp:featuredmedia":[{"embeddable":true,"href":"https:\/\/staging.lucky-hunter.com\/fr\/wp-json\/wp\/v2\/media\/30407"}],"wp:attachment":[{"href":"https:\/\/staging.lucky-hunter.com\/fr\/wp-json\/wp\/v2\/media?parent=31007"}],"wp:term":[{"taxonomy":"product_brand","embeddable":true,"href":"https:\/\/staging.lucky-hunter.com\/fr\/wp-json\/wp\/v2\/product_brand?post=31007"},{"taxonomy":"product_cat","embeddable":true,"href":"https:\/\/staging.lucky-hunter.com\/fr\/wp-json\/wp\/v2\/product_cat?post=31007"},{"taxonomy":"product_tag","embeddable":true,"href":"https:\/\/staging.lucky-hunter.com\/fr\/wp-json\/wp\/v2\/product_tag?post=31007"}],"curies":[{"name":"wp","href":"https:\/\/api.w.org\/{rel}","templated":true}]}}