{"id":31006,"date":"2016-11-07T16:23:52","date_gmt":"2016-11-07T15:23:52","guid":{"rendered":"https:\/\/staging.lucky-hunter.com\/product\/avian-x-full-body-mallards-2\/"},"modified":"2022-11-16T11:18:58","modified_gmt":"2022-11-16T10:18:58","slug":"avian-x-full-body-mallards","status":"publish","type":"product","link":"https:\/\/staging.lucky-hunter.com\/fr\/product\/avian-x-full-body-mallards\/","title":{"rendered":"Colverts Avian-X \u00e0 corps entier"},"content":{"rendered":"<p><iframe title=\"Avian-X Full Body Mallards\" width=\"1020\" height=\"574\" src=\"https:\/\/www.youtube.com\/embed\/jbUFkHWpZmw?wmode=transparent&amp;rel=0&amp;feature=oembed&#038;enablejsapi=1&#038;origin=https:\/\/staging.lucky-hunter.com\" frameborder=\"0\" allow=\"accelerometer; autoplay; clipboard-write; encrypted-media; gyroscope; picture-in-picture\" allowfullscreen><\/iframe><\/p>\n<h1><strong>Nouvel ajout pour les chasseurs de canards sur le terrain<\/strong><\/h1>\n<p>Les leurres Avian-X Full Body Mallard sont sans aucun doute le leader de la cat\u00e9gorie.<\/p>\n<p>Des postures plus vraies que nature d&#8217;un troupeau de colverts en train de se nourrir ont \u00e9t\u00e9 cr\u00e9\u00e9es par le champion du monde de sculpture de leurres, Rick Johannsen, et son \u00e9quipe.<\/p>\n<p>Des motifs de peinture ont \u00e9galement \u00e9t\u00e9 cr\u00e9\u00e9s, non seulement pour ressembler au v\u00e9ritable oiseau, mais aussi pour cr\u00e9er un contraste entre les couleurs sombres et claires du canard. Cela permet aux leurres d&#8217;\u00eatre vus \u00e0 une plus grande distance dans diverses conditions de terrain.<\/p>\n<p>Les colverts Avian-X Full Body sont con\u00e7us pour durer, moul\u00e9s \u00e0 partir d&#8217;un mat\u00e9riau de moulage caoutchout\u00e9 avanc\u00e9 et d&#8217;une peinture anti-\u00e9cailles.<\/p>\n<p>Les leurres disposent d&#8217;un syst\u00e8me de mouvement activ\u00e9 par le vent qui repose sur un piquet de terrain robuste.<\/p>\n<p>Le pack comprend un sac \u00e0 leurres Avian-X robuste \u00e0 six emplacements qui gardera vos leurres rang\u00e9s et propres pendant des ann\u00e9es d&#8217;utilisation.<\/p>\n<p>Les leurres Avian-X sont fabriqu\u00e9s dans un mat\u00e9riau plastique souple qui ne se fissure pas par temps froid. De plus, les leurres sont peints avec une peinture mate et ultra adh\u00e9rente qui ne se d\u00e9colle pas.<\/p>\n<p><strong>Vendus par pack de 6\u00a0:<\/strong><\/p>\n<ul>\n<li>1 malard t\u00eate basse<\/li>\n<li>1 malard mangeur \u00e9tir\u00e9<\/li>\n<li>2 malards mangeurs<\/li>\n<li>1 poule t\u00eate relev\u00e9e<\/li>\n<li>1 poules mangeuse \u00e9tir\u00e9e<\/li>\n<li>Sac leurre Avian-X.<\/li>\n<\/ul>\n","protected":false},"excerpt":{"rendered":"<p>Des postures plus vraies que nature d&#8217;un troupeau de colverts en train de se nourrir ont \u00e9t\u00e9 cr\u00e9\u00e9es par le champion du monde de sculpture de leurres, Rick Johannsen, et son \u00e9quipe.<\/p>\n","protected":false},"featured_media":29357,"template":"","meta":[],"product_brand":[8132],"product_cat":[8180],"product_tag":[9235],"yoast_head":"<!-- This site is optimized with the Yoast SEO plugin v24.3 - https:\/\/yoast.com\/wordpress\/plugins\/seo\/ -->\n<title>Avian-X Full Body Mallards - Avian-X Full Body Mallard decoys are without a doubt the leader in the category<\/title>\n<meta name=\"description\" content=\"True-to-life postures of a feeding flock of mallards has been created at the hands of World Champion decoy carver, Rick Johannsen and his team.\" \/>\n<meta name=\"robots\" content=\"noindex, follow, max-snippet:-1, max-image-preview:large, max-video-preview:-1\" \/>\n<meta property=\"og:locale\" content=\"fr_FR\" \/>\n<meta property=\"og:type\" content=\"article\" \/>\n<meta property=\"og:title\" content=\"Avian-X Full Body Mallards - Avian-X Full Body Mallard decoys are without a doubt the leader in the category\" \/>\n<meta property=\"og:description\" content=\"True-to-life postures of a feeding flock of mallards has been created at the hands of World Champion decoy carver, Rick Johannsen and his team.\" \/>\n<meta property=\"og:url\" content=\"https:\/\/staging.lucky-hunter.com\/fr\/product\/avian-x-full-body-mallards\/\" \/>\n<meta property=\"og:site_name\" content=\"Lucky-Hunter\" \/>\n<meta property=\"article:modified_time\" content=\"2022-11-16T10:18:58+00:00\" \/>\n<meta property=\"og:image\" content=\"https:\/\/staging.lucky-hunter.com\/wp-content\/uploads\/2016\/11\/lf-340.png\" \/>\n\t<meta property=\"og:image:width\" content=\"1000\" \/>\n\t<meta property=\"og:image:height\" content=\"1000\" \/>\n\t<meta property=\"og:image:type\" content=\"image\/png\" \/>\n<meta name=\"twitter:card\" content=\"summary_large_image\" \/>\n<meta name=\"twitter:label1\" content=\"Dur\u00e9e de lecture estim\u00e9e\" \/>\n\t<meta name=\"twitter:data1\" content=\"2 minutes\" \/>\n<script type=\"application\/ld+json\" class=\"yoast-schema-graph\">{\"@context\":\"https:\/\/schema.org\",\"@graph\":[{\"@type\":\"WebPage\",\"@id\":\"https:\/\/staging.lucky-hunter.com\/fr\/product\/avian-x-full-body-mallards\/\",\"url\":\"https:\/\/staging.lucky-hunter.com\/fr\/product\/avian-x-full-body-mallards\/\",\"name\":\"Avian-X Full Body Mallards - Avian-X Full Body Mallard decoys are without a doubt the leader in the category\",\"isPartOf\":{\"@id\":\"https:\/\/staging.lucky-hunter.com\/#website\"},\"primaryImageOfPage\":{\"@id\":\"https:\/\/staging.lucky-hunter.com\/fr\/product\/avian-x-full-body-mallards\/#primaryimage\"},\"image\":{\"@id\":\"https:\/\/staging.lucky-hunter.com\/fr\/product\/avian-x-full-body-mallards\/#primaryimage\"},\"thumbnailUrl\":\"https:\/\/staging.lucky-hunter.com\/wp-content\/uploads\/2016\/11\/lf-340.png\",\"datePublished\":\"2016-11-07T15:23:52+00:00\",\"dateModified\":\"2022-11-16T10:18:58+00:00\",\"description\":\"True-to-life postures of a feeding flock of mallards has been created at the hands of World Champion decoy carver, Rick Johannsen and his team.\",\"breadcrumb\":{\"@id\":\"https:\/\/staging.lucky-hunter.com\/fr\/product\/avian-x-full-body-mallards\/#breadcrumb\"},\"inLanguage\":\"fr-FR\",\"potentialAction\":[{\"@type\":\"ReadAction\",\"target\":[\"https:\/\/staging.lucky-hunter.com\/fr\/product\/avian-x-full-body-mallards\/\"]}]},{\"@type\":\"ImageObject\",\"inLanguage\":\"fr-FR\",\"@id\":\"https:\/\/staging.lucky-hunter.com\/fr\/product\/avian-x-full-body-mallards\/#primaryimage\",\"url\":\"https:\/\/staging.lucky-hunter.com\/wp-content\/uploads\/2016\/11\/lf-340.png\",\"contentUrl\":\"https:\/\/staging.lucky-hunter.com\/wp-content\/uploads\/2016\/11\/lf-340.png\",\"width\":1000,\"height\":1000},{\"@type\":\"BreadcrumbList\",\"@id\":\"https:\/\/staging.lucky-hunter.com\/fr\/product\/avian-x-full-body-mallards\/#breadcrumb\",\"itemListElement\":[{\"@type\":\"ListItem\",\"position\":1,\"name\":\"Home\",\"item\":\"https:\/\/staging.lucky-hunter.com\/fr\/\"},{\"@type\":\"ListItem\",\"position\":2,\"name\":\"Boutique\",\"item\":\"https:\/\/staging.lucky-hunter.com\/fr\/shop\/\"},{\"@type\":\"ListItem\",\"position\":3,\"name\":\"Colverts Avian-X \u00e0 corps entier\"}]},{\"@type\":\"WebSite\",\"@id\":\"https:\/\/staging.lucky-hunter.com\/#website\",\"url\":\"https:\/\/staging.lucky-hunter.com\/\",\"name\":\"Lucky-Hunter\",\"description\":\"Gear Up or Give Up\",\"potentialAction\":[{\"@type\":\"SearchAction\",\"target\":{\"@type\":\"EntryPoint\",\"urlTemplate\":\"https:\/\/staging.lucky-hunter.com\/?s={search_term_string}\"},\"query-input\":{\"@type\":\"PropertyValueSpecification\",\"valueRequired\":true,\"valueName\":\"search_term_string\"}}],\"inLanguage\":\"fr-FR\"}]}<\/script>\n<!-- \/ Yoast SEO plugin. -->","yoast_head_json":{"title":"Avian-X Full Body Mallards - Avian-X Full Body Mallard decoys are without a doubt the leader in the category","description":"True-to-life postures of a feeding flock of mallards has been created at the hands of World Champion decoy carver, Rick Johannsen and his team.","robots":{"index":"noindex","follow":"follow","max-snippet":"max-snippet:-1","max-image-preview":"max-image-preview:large","max-video-preview":"max-video-preview:-1"},"og_locale":"fr_FR","og_type":"article","og_title":"Avian-X Full Body Mallards - Avian-X Full Body Mallard decoys are without a doubt the leader in the category","og_description":"True-to-life postures of a feeding flock of mallards has been created at the hands of World Champion decoy carver, Rick Johannsen and his team.","og_url":"https:\/\/staging.lucky-hunter.com\/fr\/product\/avian-x-full-body-mallards\/","og_site_name":"Lucky-Hunter","article_modified_time":"2022-11-16T10:18:58+00:00","og_image":[{"width":1000,"height":1000,"url":"https:\/\/staging.lucky-hunter.com\/wp-content\/uploads\/2016\/11\/lf-340.png","type":"image\/png"}],"twitter_card":"summary_large_image","twitter_misc":{"Dur\u00e9e de lecture estim\u00e9e":"2 minutes"},"schema":{"@context":"https:\/\/schema.org","@graph":[{"@type":"WebPage","@id":"https:\/\/staging.lucky-hunter.com\/fr\/product\/avian-x-full-body-mallards\/","url":"https:\/\/staging.lucky-hunter.com\/fr\/product\/avian-x-full-body-mallards\/","name":"Avian-X Full Body Mallards - Avian-X Full Body Mallard decoys are without a doubt the leader in the category","isPartOf":{"@id":"https:\/\/staging.lucky-hunter.com\/#website"},"primaryImageOfPage":{"@id":"https:\/\/staging.lucky-hunter.com\/fr\/product\/avian-x-full-body-mallards\/#primaryimage"},"image":{"@id":"https:\/\/staging.lucky-hunter.com\/fr\/product\/avian-x-full-body-mallards\/#primaryimage"},"thumbnailUrl":"https:\/\/staging.lucky-hunter.com\/wp-content\/uploads\/2016\/11\/lf-340.png","datePublished":"2016-11-07T15:23:52+00:00","dateModified":"2022-11-16T10:18:58+00:00","description":"True-to-life postures of a feeding flock of mallards has been created at the hands of World Champion decoy carver, Rick Johannsen and his team.","breadcrumb":{"@id":"https:\/\/staging.lucky-hunter.com\/fr\/product\/avian-x-full-body-mallards\/#breadcrumb"},"inLanguage":"fr-FR","potentialAction":[{"@type":"ReadAction","target":["https:\/\/staging.lucky-hunter.com\/fr\/product\/avian-x-full-body-mallards\/"]}]},{"@type":"ImageObject","inLanguage":"fr-FR","@id":"https:\/\/staging.lucky-hunter.com\/fr\/product\/avian-x-full-body-mallards\/#primaryimage","url":"https:\/\/staging.lucky-hunter.com\/wp-content\/uploads\/2016\/11\/lf-340.png","contentUrl":"https:\/\/staging.lucky-hunter.com\/wp-content\/uploads\/2016\/11\/lf-340.png","width":1000,"height":1000},{"@type":"BreadcrumbList","@id":"https:\/\/staging.lucky-hunter.com\/fr\/product\/avian-x-full-body-mallards\/#breadcrumb","itemListElement":[{"@type":"ListItem","position":1,"name":"Home","item":"https:\/\/staging.lucky-hunter.com\/fr\/"},{"@type":"ListItem","position":2,"name":"Boutique","item":"https:\/\/staging.lucky-hunter.com\/fr\/shop\/"},{"@type":"ListItem","position":3,"name":"Colverts Avian-X \u00e0 corps entier"}]},{"@type":"WebSite","@id":"https:\/\/staging.lucky-hunter.com\/#website","url":"https:\/\/staging.lucky-hunter.com\/","name":"Lucky-Hunter","description":"Gear Up or Give Up","potentialAction":[{"@type":"SearchAction","target":{"@type":"EntryPoint","urlTemplate":"https:\/\/staging.lucky-hunter.com\/?s={search_term_string}"},"query-input":{"@type":"PropertyValueSpecification","valueRequired":true,"valueName":"search_term_string"}}],"inLanguage":"fr-FR"}]}},"_links":{"self":[{"href":"https:\/\/staging.lucky-hunter.com\/fr\/wp-json\/wp\/v2\/product\/31006"}],"collection":[{"href":"https:\/\/staging.lucky-hunter.com\/fr\/wp-json\/wp\/v2\/product"}],"about":[{"href":"https:\/\/staging.lucky-hunter.com\/fr\/wp-json\/wp\/v2\/types\/product"}],"wp:featuredmedia":[{"embeddable":true,"href":"https:\/\/staging.lucky-hunter.com\/fr\/wp-json\/wp\/v2\/media\/29357"}],"wp:attachment":[{"href":"https:\/\/staging.lucky-hunter.com\/fr\/wp-json\/wp\/v2\/media?parent=31006"}],"wp:term":[{"taxonomy":"product_brand","embeddable":true,"href":"https:\/\/staging.lucky-hunter.com\/fr\/wp-json\/wp\/v2\/product_brand?post=31006"},{"taxonomy":"product_cat","embeddable":true,"href":"https:\/\/staging.lucky-hunter.com\/fr\/wp-json\/wp\/v2\/product_cat?post=31006"},{"taxonomy":"product_tag","embeddable":true,"href":"https:\/\/staging.lucky-hunter.com\/fr\/wp-json\/wp\/v2\/product_tag?post=31006"}],"curies":[{"name":"wp","href":"https:\/\/api.w.org\/{rel}","templated":true}]}}