{"id":31003,"date":"2016-11-07T16:10:57","date_gmt":"2016-11-07T15:10:57","guid":{"rendered":"https:\/\/staging.lucky-hunter.com\/product\/duck-call-acrylic-2\/"},"modified":"2025-07-08T13:06:04","modified_gmt":"2025-07-08T11:06:04","slug":"appeau-de-canard-colvert-en-acrylique","status":"publish","type":"product","link":"https:\/\/staging.lucky-hunter.com\/fr\/product\/appeau-de-canard-colvert-en-acrylique\/","title":{"rendered":"Appeau de canard colvert en acrylique"},"content":{"rendered":"<p>Appeau \u00e0 canard convient parfaitement aux d\u00e9butants dans le grand art de l&#8217;appel du gibier ou au chasseur de canards qui n&#8217;est pas un champion de la technique de la contre-pression.<\/p>\n<p>L&#8217;appeau \u00e0 canard est fabriqu\u00e9 en acrylique l\u00e9ger et imite le caquetage tr\u00e8s r\u00e9aliste du canard. Cela augmentera sans aucun doute vos chances de r\u00e9ussir votre chasse au canard.<\/p>\n","protected":false},"excerpt":{"rendered":"<p>Appeau \u00e0 canard convient parfaitement aux d\u00e9butants dans le grand art de l&#8217;appel du gibier ou au chasseur de canards qui n&#8217;est pas un champion de la technique de la contre-pression.<\/p>\n","protected":false},"featured_media":28425,"template":"","meta":[],"product_brand":[],"product_cat":[8167],"product_tag":[9235],"yoast_head":"<!-- This site is optimized with the Yoast SEO plugin v24.3 - https:\/\/yoast.com\/wordpress\/plugins\/seo\/ -->\n<title>Appeau de canard colvert en acrylique<\/title>\n<meta name=\"description\" content=\"Appeau \u00e0 canard convient parfaitement aux d\u00e9butants dans le grand art de l&#039;appel du gibier ou au chasseur de canards qui n&#039;est pas un champion de la technique de la contre-pression.\" \/>\n<meta name=\"robots\" content=\"noindex, follow, max-snippet:-1, max-image-preview:large, max-video-preview:-1\" \/>\n<meta property=\"og:locale\" content=\"fr_FR\" \/>\n<meta property=\"og:type\" content=\"article\" \/>\n<meta property=\"og:title\" content=\"Appeau de canard colvert en acrylique\" \/>\n<meta property=\"og:description\" content=\"Appeau \u00e0 canard convient parfaitement aux d\u00e9butants dans le grand art de l&#039;appel du gibier ou au chasseur de canards qui n&#039;est pas un champion de la technique de la contre-pression.\" \/>\n<meta property=\"og:url\" content=\"https:\/\/staging.lucky-hunter.com\/fr\/product\/appeau-de-canard-colvert-en-acrylique\/\" \/>\n<meta property=\"og:site_name\" content=\"Lucky-Hunter\" \/>\n<meta property=\"article:modified_time\" content=\"2025-07-08T11:06:04+00:00\" \/>\n<meta property=\"og:image\" content=\"https:\/\/staging.lucky-hunter.com\/wp-content\/uploads\/2016\/11\/510537-Andekald-fra-Klaus-Weisskirchen.png\" \/>\n\t<meta property=\"og:image:width\" content=\"1000\" \/>\n\t<meta property=\"og:image:height\" content=\"667\" \/>\n\t<meta property=\"og:image:type\" content=\"image\/png\" \/>\n<meta name=\"twitter:card\" content=\"summary_large_image\" \/>\n<meta name=\"twitter:label1\" content=\"Dur\u00e9e de lecture estim\u00e9e\" \/>\n\t<meta name=\"twitter:data1\" content=\"1 minute\" \/>\n<script type=\"application\/ld+json\" class=\"yoast-schema-graph\">{\"@context\":\"https:\/\/schema.org\",\"@graph\":[{\"@type\":\"WebPage\",\"@id\":\"https:\/\/staging.lucky-hunter.com\/fr\/product\/appeau-de-canard-colvert-en-acrylique\/\",\"url\":\"https:\/\/staging.lucky-hunter.com\/fr\/product\/appeau-de-canard-colvert-en-acrylique\/\",\"name\":\"Appeau de canard colvert en acrylique\",\"isPartOf\":{\"@id\":\"https:\/\/staging.lucky-hunter.com\/#website\"},\"primaryImageOfPage\":{\"@id\":\"https:\/\/staging.lucky-hunter.com\/fr\/product\/appeau-de-canard-colvert-en-acrylique\/#primaryimage\"},\"image\":{\"@id\":\"https:\/\/staging.lucky-hunter.com\/fr\/product\/appeau-de-canard-colvert-en-acrylique\/#primaryimage\"},\"thumbnailUrl\":\"https:\/\/staging.lucky-hunter.com\/wp-content\/uploads\/2016\/11\/510537-Andekald-fra-Klaus-Weisskirchen.png\",\"datePublished\":\"2016-11-07T15:10:57+00:00\",\"dateModified\":\"2025-07-08T11:06:04+00:00\",\"description\":\"Appeau \u00e0 canard convient parfaitement aux d\u00e9butants dans le grand art de l'appel du gibier ou au chasseur de canards qui n'est pas un champion de la technique de la contre-pression.\",\"breadcrumb\":{\"@id\":\"https:\/\/staging.lucky-hunter.com\/fr\/product\/appeau-de-canard-colvert-en-acrylique\/#breadcrumb\"},\"inLanguage\":\"fr-FR\",\"potentialAction\":[{\"@type\":\"ReadAction\",\"target\":[\"https:\/\/staging.lucky-hunter.com\/fr\/product\/appeau-de-canard-colvert-en-acrylique\/\"]}]},{\"@type\":\"ImageObject\",\"inLanguage\":\"fr-FR\",\"@id\":\"https:\/\/staging.lucky-hunter.com\/fr\/product\/appeau-de-canard-colvert-en-acrylique\/#primaryimage\",\"url\":\"https:\/\/staging.lucky-hunter.com\/wp-content\/uploads\/2016\/11\/510537-Andekald-fra-Klaus-Weisskirchen.png\",\"contentUrl\":\"https:\/\/staging.lucky-hunter.com\/wp-content\/uploads\/2016\/11\/510537-Andekald-fra-Klaus-Weisskirchen.png\",\"width\":1000,\"height\":667},{\"@type\":\"BreadcrumbList\",\"@id\":\"https:\/\/staging.lucky-hunter.com\/fr\/product\/appeau-de-canard-colvert-en-acrylique\/#breadcrumb\",\"itemListElement\":[{\"@type\":\"ListItem\",\"position\":1,\"name\":\"Home\",\"item\":\"https:\/\/staging.lucky-hunter.com\/fr\/\"},{\"@type\":\"ListItem\",\"position\":2,\"name\":\"Boutique\",\"item\":\"https:\/\/staging.lucky-hunter.com\/fr\/shop\/\"},{\"@type\":\"ListItem\",\"position\":3,\"name\":\"Appeau de canard colvert en acrylique\"}]},{\"@type\":\"WebSite\",\"@id\":\"https:\/\/staging.lucky-hunter.com\/#website\",\"url\":\"https:\/\/staging.lucky-hunter.com\/\",\"name\":\"Lucky-Hunter\",\"description\":\"Gear Up or Give Up\",\"potentialAction\":[{\"@type\":\"SearchAction\",\"target\":{\"@type\":\"EntryPoint\",\"urlTemplate\":\"https:\/\/staging.lucky-hunter.com\/?s={search_term_string}\"},\"query-input\":{\"@type\":\"PropertyValueSpecification\",\"valueRequired\":true,\"valueName\":\"search_term_string\"}}],\"inLanguage\":\"fr-FR\"}]}<\/script>\n<!-- \/ Yoast SEO plugin. -->","yoast_head_json":{"title":"Appeau de canard colvert en acrylique","description":"Appeau \u00e0 canard convient parfaitement aux d\u00e9butants dans le grand art de l'appel du gibier ou au chasseur de canards qui n'est pas un champion de la technique de la contre-pression.","robots":{"index":"noindex","follow":"follow","max-snippet":"max-snippet:-1","max-image-preview":"max-image-preview:large","max-video-preview":"max-video-preview:-1"},"og_locale":"fr_FR","og_type":"article","og_title":"Appeau de canard colvert en acrylique","og_description":"Appeau \u00e0 canard convient parfaitement aux d\u00e9butants dans le grand art de l'appel du gibier ou au chasseur de canards qui n'est pas un champion de la technique de la contre-pression.","og_url":"https:\/\/staging.lucky-hunter.com\/fr\/product\/appeau-de-canard-colvert-en-acrylique\/","og_site_name":"Lucky-Hunter","article_modified_time":"2025-07-08T11:06:04+00:00","og_image":[{"width":1000,"height":667,"url":"https:\/\/staging.lucky-hunter.com\/wp-content\/uploads\/2016\/11\/510537-Andekald-fra-Klaus-Weisskirchen.png","type":"image\/png"}],"twitter_card":"summary_large_image","twitter_misc":{"Dur\u00e9e de lecture estim\u00e9e":"1 minute"},"schema":{"@context":"https:\/\/schema.org","@graph":[{"@type":"WebPage","@id":"https:\/\/staging.lucky-hunter.com\/fr\/product\/appeau-de-canard-colvert-en-acrylique\/","url":"https:\/\/staging.lucky-hunter.com\/fr\/product\/appeau-de-canard-colvert-en-acrylique\/","name":"Appeau de canard colvert en acrylique","isPartOf":{"@id":"https:\/\/staging.lucky-hunter.com\/#website"},"primaryImageOfPage":{"@id":"https:\/\/staging.lucky-hunter.com\/fr\/product\/appeau-de-canard-colvert-en-acrylique\/#primaryimage"},"image":{"@id":"https:\/\/staging.lucky-hunter.com\/fr\/product\/appeau-de-canard-colvert-en-acrylique\/#primaryimage"},"thumbnailUrl":"https:\/\/staging.lucky-hunter.com\/wp-content\/uploads\/2016\/11\/510537-Andekald-fra-Klaus-Weisskirchen.png","datePublished":"2016-11-07T15:10:57+00:00","dateModified":"2025-07-08T11:06:04+00:00","description":"Appeau \u00e0 canard convient parfaitement aux d\u00e9butants dans le grand art de l'appel du gibier ou au chasseur de canards qui n'est pas un champion de la technique de la contre-pression.","breadcrumb":{"@id":"https:\/\/staging.lucky-hunter.com\/fr\/product\/appeau-de-canard-colvert-en-acrylique\/#breadcrumb"},"inLanguage":"fr-FR","potentialAction":[{"@type":"ReadAction","target":["https:\/\/staging.lucky-hunter.com\/fr\/product\/appeau-de-canard-colvert-en-acrylique\/"]}]},{"@type":"ImageObject","inLanguage":"fr-FR","@id":"https:\/\/staging.lucky-hunter.com\/fr\/product\/appeau-de-canard-colvert-en-acrylique\/#primaryimage","url":"https:\/\/staging.lucky-hunter.com\/wp-content\/uploads\/2016\/11\/510537-Andekald-fra-Klaus-Weisskirchen.png","contentUrl":"https:\/\/staging.lucky-hunter.com\/wp-content\/uploads\/2016\/11\/510537-Andekald-fra-Klaus-Weisskirchen.png","width":1000,"height":667},{"@type":"BreadcrumbList","@id":"https:\/\/staging.lucky-hunter.com\/fr\/product\/appeau-de-canard-colvert-en-acrylique\/#breadcrumb","itemListElement":[{"@type":"ListItem","position":1,"name":"Home","item":"https:\/\/staging.lucky-hunter.com\/fr\/"},{"@type":"ListItem","position":2,"name":"Boutique","item":"https:\/\/staging.lucky-hunter.com\/fr\/shop\/"},{"@type":"ListItem","position":3,"name":"Appeau de canard colvert en acrylique"}]},{"@type":"WebSite","@id":"https:\/\/staging.lucky-hunter.com\/#website","url":"https:\/\/staging.lucky-hunter.com\/","name":"Lucky-Hunter","description":"Gear Up or Give Up","potentialAction":[{"@type":"SearchAction","target":{"@type":"EntryPoint","urlTemplate":"https:\/\/staging.lucky-hunter.com\/?s={search_term_string}"},"query-input":{"@type":"PropertyValueSpecification","valueRequired":true,"valueName":"search_term_string"}}],"inLanguage":"fr-FR"}]}},"_links":{"self":[{"href":"https:\/\/staging.lucky-hunter.com\/fr\/wp-json\/wp\/v2\/product\/31003"}],"collection":[{"href":"https:\/\/staging.lucky-hunter.com\/fr\/wp-json\/wp\/v2\/product"}],"about":[{"href":"https:\/\/staging.lucky-hunter.com\/fr\/wp-json\/wp\/v2\/types\/product"}],"wp:featuredmedia":[{"embeddable":true,"href":"https:\/\/staging.lucky-hunter.com\/fr\/wp-json\/wp\/v2\/media\/28425"}],"wp:attachment":[{"href":"https:\/\/staging.lucky-hunter.com\/fr\/wp-json\/wp\/v2\/media?parent=31003"}],"wp:term":[{"taxonomy":"product_brand","embeddable":true,"href":"https:\/\/staging.lucky-hunter.com\/fr\/wp-json\/wp\/v2\/product_brand?post=31003"},{"taxonomy":"product_cat","embeddable":true,"href":"https:\/\/staging.lucky-hunter.com\/fr\/wp-json\/wp\/v2\/product_cat?post=31003"},{"taxonomy":"product_tag","embeddable":true,"href":"https:\/\/staging.lucky-hunter.com\/fr\/wp-json\/wp\/v2\/product_tag?post=31003"}],"curies":[{"name":"wp","href":"https:\/\/api.w.org\/{rel}","templated":true}]}}