{"id":31002,"date":"2018-09-19T09:37:39","date_gmt":"2018-09-19T07:37:39","guid":{"rendered":"https:\/\/staging.lucky-hunter.com\/product\/llucky-hd-hen-mallard-spinner-2\/"},"modified":"2025-09-12T13:35:15","modified_gmt":"2025-09-12T11:35:15","slug":"llucky-hd-hen-mallard-spinner","status":"publish","type":"product","link":"https:\/\/staging.lucky-hunter.com\/fr\/product\/llucky-hd-hen-mallard-spinner\/","title":{"rendered":"Lucky Duck Lucky HD Hen Mallard Spinner"},"content":{"rendered":"<p><iframe title=\"Lucky HD\" width=\"1020\" height=\"574\" src=\"https:\/\/www.youtube.com\/embed\/0nGEHQkPWDk?wmode=transparent&amp;rel=0&amp;feature=oembed&#038;enablejsapi=1&#038;origin=https:\/\/staging.lucky-hunter.com\" frameborder=\"0\" allow=\"accelerometer; autoplay; clipboard-write; encrypted-media; gyroscope; picture-in-picture\" allowfullscreen><\/iframe><\/p>\n<h1><strong>Lucky Duck Lucky HD Hen Mallard Spinner &#8211; Sculpture r\u00e9aliste de poule colvert<\/strong><\/h1>\n<p>Le Lucky HD Hen est la nouvelle g\u00e9n\u00e9ration de leurres \u00e0 ailes tournantes et votre compagnon de voyage pour la chasse au canard.<\/p>\n<p>La poule HD est construite avec un m\u00e9lange sp\u00e9cial de plastique qui peut absorber le ch\u00e2timent des chasseurs les plus coriaces.<\/p>\n<p>Une sculpture r\u00e9aliste et d\u00e9taill\u00e9e avec des ailes magn\u00e9tiques moul\u00e9es par injection et une impression r\u00e9aliste qui terminera en beaut\u00e9 votre d\u00e9ploiement. Le support de poitrine et l&#8217;\u00e9lastique \u00e0 attache rapide facilitent l&#8217;installation.<\/p>\n<p>Complet avec des ailes moul\u00e9es par injection, un port de charge externe, un compartiment de batterie 6 volts et un piquet 3 pi\u00e8ces de 42 pouces.<\/p>\n<p>Ajoutez le Lucky HD Remote Kit et vous aurez le leurre \u00e0 aile tournante le plus polyvalent du march\u00e9\u00a0!<\/p>\n<p>Le plastique EVA absorbe la punition.<\/p>\n<p>Fonctionne pendant plus de 18 heures.<\/p>\n<p>Pr\u00eat pour le kit de t\u00e9l\u00e9commande HD (vendu s\u00e9par\u00e9ment)<\/p>\n<p><strong>Comprend\u00a0:<\/strong><\/p>\n<ul>\n<li>Batterie 6 volts et chargeur intelligent<\/li>\n<li>Piquet de 3 pi\u00e8ces de 42 po.<\/li>\n<\/ul>\n","protected":false},"excerpt":{"rendered":"<p>Lucky Duck Lucky HD Hen Mallard Spinner is the next generation of spinning wing decoys, and your go-to for every duck hunting trip. Lifelike print that will have\u00a0ducks\u00a0finishing right on top of your spread.<\/p>\n","protected":false},"featured_media":29866,"template":"","meta":[],"product_brand":[8124],"product_cat":[9737,8180],"product_tag":[],"yoast_head":"<!-- This site is optimized with the Yoast SEO plugin v24.3 - https:\/\/yoast.com\/wordpress\/plugins\/seo\/ -->\n<title>Lucky Duck Lucky HD Hen Mallard Spinner | Lucky Hunter<\/title>\n<meta name=\"description\" content=\"Lucky Duck Lucky HD Hen Mallard Spinner is the next generation of spinning wing decoys. Draw them in and take them down every time!\" \/>\n<meta name=\"robots\" content=\"noindex, follow, max-snippet:-1, max-image-preview:large, max-video-preview:-1\" \/>\n<meta property=\"og:locale\" content=\"fr_FR\" \/>\n<meta property=\"og:type\" content=\"article\" \/>\n<meta property=\"og:title\" content=\"Lucky Duck Lucky HD Hen Mallard Spinner | Lucky Hunter\" \/>\n<meta property=\"og:description\" content=\"Lucky Duck Lucky HD Hen Mallard Spinner is the next generation of spinning wing decoys. Draw them in and take them down every time!\" \/>\n<meta property=\"og:url\" content=\"https:\/\/staging.lucky-hunter.com\/product\/llucky-hd-hen-mallard-spinner\/\" \/>\n<meta property=\"og:site_name\" content=\"Lucky-Hunter\" \/>\n<meta property=\"article:modified_time\" content=\"2025-09-12T11:35:15+00:00\" \/>\n<meta property=\"og:image\" content=\"https:\/\/staging.lucky-hunter.com\/wp-content\/uploads\/2018\/09\/LF-263-fix.png\" \/>\n\t<meta property=\"og:image:width\" content=\"1000\" \/>\n\t<meta property=\"og:image:height\" content=\"1000\" \/>\n\t<meta property=\"og:image:type\" content=\"image\/png\" \/>\n<meta name=\"twitter:card\" content=\"summary_large_image\" \/>\n<meta name=\"twitter:title\" content=\"Lucky Duck Lucky HD Hen Mallard Spinner | Lucky Hunter\" \/>\n<meta name=\"twitter:description\" content=\"Lucky Duck Lucky HD Hen Mallard Spinner is the next generation of spinning wing decoys. Draw them in and take them down every time!\" \/>\n<meta name=\"twitter:label1\" content=\"Dur\u00e9e de lecture estim\u00e9e\" \/>\n\t<meta name=\"twitter:data1\" content=\"1 minute\" \/>\n<script type=\"application\/ld+json\" class=\"yoast-schema-graph\">{\"@context\":\"https:\/\/schema.org\",\"@graph\":[{\"@type\":\"WebPage\",\"@id\":\"https:\/\/staging.lucky-hunter.com\/product\/llucky-hd-hen-mallard-spinner\/\",\"url\":\"https:\/\/staging.lucky-hunter.com\/product\/llucky-hd-hen-mallard-spinner\/\",\"name\":\"Lucky Duck Lucky HD Hen Mallard Spinner | Lucky Hunter\",\"isPartOf\":{\"@id\":\"https:\/\/staging.lucky-hunter.com\/#website\"},\"primaryImageOfPage\":{\"@id\":\"https:\/\/staging.lucky-hunter.com\/product\/llucky-hd-hen-mallard-spinner\/#primaryimage\"},\"image\":{\"@id\":\"https:\/\/staging.lucky-hunter.com\/product\/llucky-hd-hen-mallard-spinner\/#primaryimage\"},\"thumbnailUrl\":\"https:\/\/staging.lucky-hunter.com\/wp-content\/uploads\/2018\/09\/LF-263-fix.png\",\"datePublished\":\"2018-09-19T07:37:39+00:00\",\"dateModified\":\"2025-09-12T11:35:15+00:00\",\"description\":\"Lucky Duck Lucky HD Hen Mallard Spinner is the next generation of spinning wing decoys. Draw them in and take them down every time!\",\"breadcrumb\":{\"@id\":\"https:\/\/staging.lucky-hunter.com\/product\/llucky-hd-hen-mallard-spinner\/#breadcrumb\"},\"inLanguage\":\"fr-FR\",\"potentialAction\":[{\"@type\":\"ReadAction\",\"target\":[\"https:\/\/staging.lucky-hunter.com\/product\/llucky-hd-hen-mallard-spinner\/\"]}]},{\"@type\":\"ImageObject\",\"inLanguage\":\"fr-FR\",\"@id\":\"https:\/\/staging.lucky-hunter.com\/product\/llucky-hd-hen-mallard-spinner\/#primaryimage\",\"url\":\"https:\/\/staging.lucky-hunter.com\/wp-content\/uploads\/2018\/09\/LF-263-fix.png\",\"contentUrl\":\"https:\/\/staging.lucky-hunter.com\/wp-content\/uploads\/2018\/09\/LF-263-fix.png\",\"width\":1000,\"height\":1000},{\"@type\":\"BreadcrumbList\",\"@id\":\"https:\/\/staging.lucky-hunter.com\/product\/llucky-hd-hen-mallard-spinner\/#breadcrumb\",\"itemListElement\":[{\"@type\":\"ListItem\",\"position\":1,\"name\":\"Home\",\"item\":\"https:\/\/staging.lucky-hunter.com\/fr\/\"},{\"@type\":\"ListItem\",\"position\":2,\"name\":\"Boutique\",\"item\":\"https:\/\/staging.lucky-hunter.com\/fr\/shop\/\"},{\"@type\":\"ListItem\",\"position\":3,\"name\":\"Lucky Duck Lucky HD Hen Mallard Spinner\"}]},{\"@type\":\"WebSite\",\"@id\":\"https:\/\/staging.lucky-hunter.com\/#website\",\"url\":\"https:\/\/staging.lucky-hunter.com\/\",\"name\":\"Lucky-Hunter\",\"description\":\"Gear Up or Give Up\",\"potentialAction\":[{\"@type\":\"SearchAction\",\"target\":{\"@type\":\"EntryPoint\",\"urlTemplate\":\"https:\/\/staging.lucky-hunter.com\/?s={search_term_string}\"},\"query-input\":{\"@type\":\"PropertyValueSpecification\",\"valueRequired\":true,\"valueName\":\"search_term_string\"}}],\"inLanguage\":\"fr-FR\"}]}<\/script>\n<!-- \/ Yoast SEO plugin. -->","yoast_head_json":{"title":"Lucky Duck Lucky HD Hen Mallard Spinner | Lucky Hunter","description":"Lucky Duck Lucky HD Hen Mallard Spinner is the next generation of spinning wing decoys. Draw them in and take them down every time!","robots":{"index":"noindex","follow":"follow","max-snippet":"max-snippet:-1","max-image-preview":"max-image-preview:large","max-video-preview":"max-video-preview:-1"},"og_locale":"fr_FR","og_type":"article","og_title":"Lucky Duck Lucky HD Hen Mallard Spinner | Lucky Hunter","og_description":"Lucky Duck Lucky HD Hen Mallard Spinner is the next generation of spinning wing decoys. Draw them in and take them down every time!","og_url":"https:\/\/staging.lucky-hunter.com\/product\/llucky-hd-hen-mallard-spinner\/","og_site_name":"Lucky-Hunter","article_modified_time":"2025-09-12T11:35:15+00:00","og_image":[{"width":1000,"height":1000,"url":"https:\/\/staging.lucky-hunter.com\/wp-content\/uploads\/2018\/09\/LF-263-fix.png","type":"image\/png"}],"twitter_card":"summary_large_image","twitter_title":"Lucky Duck Lucky HD Hen Mallard Spinner | Lucky Hunter","twitter_description":"Lucky Duck Lucky HD Hen Mallard Spinner is the next generation of spinning wing decoys. Draw them in and take them down every time!","twitter_misc":{"Dur\u00e9e de lecture estim\u00e9e":"1 minute"},"schema":{"@context":"https:\/\/schema.org","@graph":[{"@type":"WebPage","@id":"https:\/\/staging.lucky-hunter.com\/product\/llucky-hd-hen-mallard-spinner\/","url":"https:\/\/staging.lucky-hunter.com\/product\/llucky-hd-hen-mallard-spinner\/","name":"Lucky Duck Lucky HD Hen Mallard Spinner | Lucky Hunter","isPartOf":{"@id":"https:\/\/staging.lucky-hunter.com\/#website"},"primaryImageOfPage":{"@id":"https:\/\/staging.lucky-hunter.com\/product\/llucky-hd-hen-mallard-spinner\/#primaryimage"},"image":{"@id":"https:\/\/staging.lucky-hunter.com\/product\/llucky-hd-hen-mallard-spinner\/#primaryimage"},"thumbnailUrl":"https:\/\/staging.lucky-hunter.com\/wp-content\/uploads\/2018\/09\/LF-263-fix.png","datePublished":"2018-09-19T07:37:39+00:00","dateModified":"2025-09-12T11:35:15+00:00","description":"Lucky Duck Lucky HD Hen Mallard Spinner is the next generation of spinning wing decoys. Draw them in and take them down every time!","breadcrumb":{"@id":"https:\/\/staging.lucky-hunter.com\/product\/llucky-hd-hen-mallard-spinner\/#breadcrumb"},"inLanguage":"fr-FR","potentialAction":[{"@type":"ReadAction","target":["https:\/\/staging.lucky-hunter.com\/product\/llucky-hd-hen-mallard-spinner\/"]}]},{"@type":"ImageObject","inLanguage":"fr-FR","@id":"https:\/\/staging.lucky-hunter.com\/product\/llucky-hd-hen-mallard-spinner\/#primaryimage","url":"https:\/\/staging.lucky-hunter.com\/wp-content\/uploads\/2018\/09\/LF-263-fix.png","contentUrl":"https:\/\/staging.lucky-hunter.com\/wp-content\/uploads\/2018\/09\/LF-263-fix.png","width":1000,"height":1000},{"@type":"BreadcrumbList","@id":"https:\/\/staging.lucky-hunter.com\/product\/llucky-hd-hen-mallard-spinner\/#breadcrumb","itemListElement":[{"@type":"ListItem","position":1,"name":"Home","item":"https:\/\/staging.lucky-hunter.com\/fr\/"},{"@type":"ListItem","position":2,"name":"Boutique","item":"https:\/\/staging.lucky-hunter.com\/fr\/shop\/"},{"@type":"ListItem","position":3,"name":"Lucky Duck Lucky HD Hen Mallard Spinner"}]},{"@type":"WebSite","@id":"https:\/\/staging.lucky-hunter.com\/#website","url":"https:\/\/staging.lucky-hunter.com\/","name":"Lucky-Hunter","description":"Gear Up or Give Up","potentialAction":[{"@type":"SearchAction","target":{"@type":"EntryPoint","urlTemplate":"https:\/\/staging.lucky-hunter.com\/?s={search_term_string}"},"query-input":{"@type":"PropertyValueSpecification","valueRequired":true,"valueName":"search_term_string"}}],"inLanguage":"fr-FR"}]}},"_links":{"self":[{"href":"https:\/\/staging.lucky-hunter.com\/fr\/wp-json\/wp\/v2\/product\/31002"}],"collection":[{"href":"https:\/\/staging.lucky-hunter.com\/fr\/wp-json\/wp\/v2\/product"}],"about":[{"href":"https:\/\/staging.lucky-hunter.com\/fr\/wp-json\/wp\/v2\/types\/product"}],"wp:featuredmedia":[{"embeddable":true,"href":"https:\/\/staging.lucky-hunter.com\/fr\/wp-json\/wp\/v2\/media\/29866"}],"wp:attachment":[{"href":"https:\/\/staging.lucky-hunter.com\/fr\/wp-json\/wp\/v2\/media?parent=31002"}],"wp:term":[{"taxonomy":"product_brand","embeddable":true,"href":"https:\/\/staging.lucky-hunter.com\/fr\/wp-json\/wp\/v2\/product_brand?post=31002"},{"taxonomy":"product_cat","embeddable":true,"href":"https:\/\/staging.lucky-hunter.com\/fr\/wp-json\/wp\/v2\/product_cat?post=31002"},{"taxonomy":"product_tag","embeddable":true,"href":"https:\/\/staging.lucky-hunter.com\/fr\/wp-json\/wp\/v2\/product_tag?post=31002"}],"curies":[{"name":"wp","href":"https:\/\/api.w.org\/{rel}","templated":true}]}}