{"id":31001,"date":"2017-08-11T17:23:23","date_gmt":"2017-08-11T15:23:23","guid":{"rendered":"https:\/\/staging.lucky-hunter.com\/product\/ghg-butt-up-feeder-mallards-2\/"},"modified":"2022-11-16T10:41:32","modified_gmt":"2022-11-16T09:41:32","slug":"ghg-butt-up-feeder-mallards","status":"publish","type":"product","link":"https:\/\/staging.lucky-hunter.com\/fr\/product\/ghg-butt-up-feeder-mallards\/","title":{"rendered":"GHG Butt Up Feeder Mallards"},"content":{"rendered":"<h1><strong>GHG Butt Up Feeder Mallards\u00a0: nouveaut\u00e9s pour les chasseurs s\u00e9rieux<\/strong><\/h1>\n<p>Les nouveaux colverts Butt-Up Feeder de American Greenhead Gear. Ceux-ci ajoutent un aspect plus r\u00e9aliste au d\u00e9ploiement des leurres. L\u00e9g\u00e8rement surdimensionn\u00e9s, ils offrent une meilleure visibilit\u00e9 sur l&#8217;eau.<\/p>\n<p>Dans chaque pack, vous recevrez 1 malard et 1 poule \u00e0 ajouter \u00e0 votre troupeau de leurres.<\/p>\n<p>Les gammes grandeur nature et surdimensionn\u00e9es permettent d\u2019approcher les canards de tr\u00e8s pr\u00e8s. Par cons\u00e9quent, il y a beaucoup plus de chances que le tir soit r\u00e9ussi\u00a0!<\/p>\n<p>Avec des couleurs et des d\u00e9tails parmi les plus naturels, Greenhead Gear est connu dans le monde entier pour ses leurres de qualit\u00e9 sup\u00e9rieure. Pour une utilisation intensive ann\u00e9e apr\u00e8s ann\u00e9e, ils sont con\u00e7us pour r\u00e9sister aux chocs. Par cons\u00e9quent, si vous achetez une meilleure qualit\u00e9, vous risquez moins de devoir les remplacer chaque ann\u00e9e.<\/p>\n<p>Fabriqu\u00e9s en plastique poly\u00e9thyl\u00e8ne lourd et durable, les colverts Butt Up Feeder GHG sont d&#8217;une qualit\u00e9 parfaite. Ils disposent de la quille stable 60\/40 Dura qui assure l&#8217;\u00e9quilibre de l&#8217;eau m\u00eame par vent fort. Cela rend \u00e9galement les leurres r\u00e9alistes, car un vrai canard serait relativement stable par temps de temp\u00eate.<\/p>\n<p>Assurez-vous d&#8217;avoir un m\u00e9lange de leurres dans votre troupeau pour ajouter au r\u00e9alisme. Si vous avez un troupeau plus r\u00e9aliste, les vrais oiseaux sont plus susceptibles d&#8217;entrer dans la zone. Plus de r\u00e9alisme \u00e9quivaut \u00e0 plus de chances de r\u00e9ussir sa chasse. C\u2019est pourquoi vous voulez que votre troupeau garde une apparence fantastique ann\u00e9e apr\u00e8s ann\u00e9e.<\/p>\n","protected":false},"excerpt":{"rendered":"<p>Les nouveaux arri\u00e8res-trains de pilets du fabricant am\u00e9ricain Greenhead Gear ajoutent un aspect plus r\u00e9aliste \u00e0 vos leurres. En outre ils sont l\u00e9g\u00e8rement surdimensionn\u00e9s pour une meilleure visibilit\u00e9 sur l&#8217;eau.<\/p>\n","protected":false},"featured_media":29393,"template":"","meta":[],"product_brand":[8125],"product_cat":[8180],"product_tag":[9235],"yoast_head":"<!-- This site is optimized with the Yoast SEO plugin v24.3 - https:\/\/yoast.com\/wordpress\/plugins\/seo\/ -->\n<title>GHG Butt Up Feeder Colverts Ultra R\u00e9alistes | Chasseur chanceux<\/title>\n<meta name=\"description\" content=\"Ajoutez plus de r\u00e9alisme \u00e0 votre propagation de leurres avec les colverts GHG Butt Up Feeder. Ces leurres ajoutent une touche r\u00e9aliste \u00e0 votre tartinade de canard.\" \/>\n<meta name=\"robots\" content=\"noindex, follow, max-snippet:-1, max-image-preview:large, max-video-preview:-1\" \/>\n<meta property=\"og:locale\" content=\"fr_FR\" \/>\n<meta property=\"og:type\" content=\"article\" \/>\n<meta property=\"og:title\" content=\"GHG Butt Up Feeder Colverts Ultra R\u00e9alistes | Chasseur chanceux\" \/>\n<meta property=\"og:description\" content=\"Ajoutez plus de r\u00e9alisme \u00e0 votre propagation de leurres avec les GHG Butt Up Mallards. Ces leurres ajoutent une touche r\u00e9aliste \u00e0 votre tartinade de canard.\" \/>\n<meta property=\"og:url\" content=\"https:\/\/staging.lucky-hunter.com\/product\/ghg-butt-up-feeder-mallards\/\" \/>\n<meta property=\"og:site_name\" content=\"Lucky-Hunter\" \/>\n<meta property=\"article:modified_time\" content=\"2022-11-16T09:41:32+00:00\" \/>\n<meta property=\"og:image\" content=\"https:\/\/staging.lucky-hunter.com\/wp-content\/uploads\/2017\/08\/LF-97-3.png\" \/>\n\t<meta property=\"og:image:width\" content=\"1000\" \/>\n\t<meta property=\"og:image:height\" content=\"1000\" \/>\n\t<meta property=\"og:image:type\" content=\"image\/png\" \/>\n<meta name=\"twitter:card\" content=\"summary_large_image\" \/>\n<meta name=\"twitter:title\" content=\"GHG Butt Up Feeder Colverts Ultra R\u00e9alistes | Chasseur chanceux\" \/>\n<meta name=\"twitter:description\" content=\"Ajoutez plus de r\u00e9alisme \u00e0 votre propagation de leurres avec les GHG Butt Up Mallards. Ces leurres ajoutent une touche r\u00e9aliste \u00e0 votre tartinade de canard.\" \/>\n<meta name=\"twitter:label1\" content=\"Dur\u00e9e de lecture estim\u00e9e\" \/>\n\t<meta name=\"twitter:data1\" content=\"2 minutes\" \/>\n<script type=\"application\/ld+json\" class=\"yoast-schema-graph\">{\"@context\":\"https:\/\/schema.org\",\"@graph\":[{\"@type\":\"WebPage\",\"@id\":\"https:\/\/staging.lucky-hunter.com\/product\/ghg-butt-up-feeder-mallards\/\",\"url\":\"https:\/\/staging.lucky-hunter.com\/product\/ghg-butt-up-feeder-mallards\/\",\"name\":\"GHG Butt Up Feeder Colverts Ultra R\u00e9alistes | Chasseur chanceux\",\"isPartOf\":{\"@id\":\"https:\/\/staging.lucky-hunter.com\/#website\"},\"primaryImageOfPage\":{\"@id\":\"https:\/\/staging.lucky-hunter.com\/product\/ghg-butt-up-feeder-mallards\/#primaryimage\"},\"image\":{\"@id\":\"https:\/\/staging.lucky-hunter.com\/product\/ghg-butt-up-feeder-mallards\/#primaryimage\"},\"thumbnailUrl\":\"https:\/\/staging.lucky-hunter.com\/wp-content\/uploads\/2017\/08\/LF-97-3.png\",\"datePublished\":\"2017-08-11T15:23:23+00:00\",\"dateModified\":\"2022-11-16T09:41:32+00:00\",\"description\":\"Ajoutez plus de r\u00e9alisme \u00e0 votre propagation de leurres avec les colverts GHG Butt Up Feeder. Ces leurres ajoutent une touche r\u00e9aliste \u00e0 votre tartinade de canard.\",\"breadcrumb\":{\"@id\":\"https:\/\/staging.lucky-hunter.com\/product\/ghg-butt-up-feeder-mallards\/#breadcrumb\"},\"inLanguage\":\"fr-FR\",\"potentialAction\":[{\"@type\":\"ReadAction\",\"target\":[\"https:\/\/staging.lucky-hunter.com\/product\/ghg-butt-up-feeder-mallards\/\"]}]},{\"@type\":\"ImageObject\",\"inLanguage\":\"fr-FR\",\"@id\":\"https:\/\/staging.lucky-hunter.com\/product\/ghg-butt-up-feeder-mallards\/#primaryimage\",\"url\":\"https:\/\/staging.lucky-hunter.com\/wp-content\/uploads\/2017\/08\/LF-97-3.png\",\"contentUrl\":\"https:\/\/staging.lucky-hunter.com\/wp-content\/uploads\/2017\/08\/LF-97-3.png\",\"width\":1000,\"height\":1000},{\"@type\":\"BreadcrumbList\",\"@id\":\"https:\/\/staging.lucky-hunter.com\/product\/ghg-butt-up-feeder-mallards\/#breadcrumb\",\"itemListElement\":[{\"@type\":\"ListItem\",\"position\":1,\"name\":\"Home\",\"item\":\"https:\/\/staging.lucky-hunter.com\/fr\/\"},{\"@type\":\"ListItem\",\"position\":2,\"name\":\"Boutique\",\"item\":\"https:\/\/staging.lucky-hunter.com\/fr\/shop\/\"},{\"@type\":\"ListItem\",\"position\":3,\"name\":\"GHG Butt Up Feeder Mallards\"}]},{\"@type\":\"WebSite\",\"@id\":\"https:\/\/staging.lucky-hunter.com\/#website\",\"url\":\"https:\/\/staging.lucky-hunter.com\/\",\"name\":\"Lucky-Hunter\",\"description\":\"Gear Up or Give Up\",\"potentialAction\":[{\"@type\":\"SearchAction\",\"target\":{\"@type\":\"EntryPoint\",\"urlTemplate\":\"https:\/\/staging.lucky-hunter.com\/?s={search_term_string}\"},\"query-input\":{\"@type\":\"PropertyValueSpecification\",\"valueRequired\":true,\"valueName\":\"search_term_string\"}}],\"inLanguage\":\"fr-FR\"}]}<\/script>\n<!-- \/ Yoast SEO plugin. -->","yoast_head_json":{"title":"GHG Butt Up Feeder Colverts Ultra R\u00e9alistes | Chasseur chanceux","description":"Ajoutez plus de r\u00e9alisme \u00e0 votre propagation de leurres avec les colverts GHG Butt Up Feeder. Ces leurres ajoutent une touche r\u00e9aliste \u00e0 votre tartinade de canard.","robots":{"index":"noindex","follow":"follow","max-snippet":"max-snippet:-1","max-image-preview":"max-image-preview:large","max-video-preview":"max-video-preview:-1"},"og_locale":"fr_FR","og_type":"article","og_title":"GHG Butt Up Feeder Colverts Ultra R\u00e9alistes | Chasseur chanceux","og_description":"Ajoutez plus de r\u00e9alisme \u00e0 votre propagation de leurres avec les GHG Butt Up Mallards. Ces leurres ajoutent une touche r\u00e9aliste \u00e0 votre tartinade de canard.","og_url":"https:\/\/staging.lucky-hunter.com\/product\/ghg-butt-up-feeder-mallards\/","og_site_name":"Lucky-Hunter","article_modified_time":"2022-11-16T09:41:32+00:00","og_image":[{"width":1000,"height":1000,"url":"https:\/\/staging.lucky-hunter.com\/wp-content\/uploads\/2017\/08\/LF-97-3.png","type":"image\/png"}],"twitter_card":"summary_large_image","twitter_title":"GHG Butt Up Feeder Colverts Ultra R\u00e9alistes | Chasseur chanceux","twitter_description":"Ajoutez plus de r\u00e9alisme \u00e0 votre propagation de leurres avec les GHG Butt Up Mallards. Ces leurres ajoutent une touche r\u00e9aliste \u00e0 votre tartinade de canard.","twitter_misc":{"Dur\u00e9e de lecture estim\u00e9e":"2 minutes"},"schema":{"@context":"https:\/\/schema.org","@graph":[{"@type":"WebPage","@id":"https:\/\/staging.lucky-hunter.com\/product\/ghg-butt-up-feeder-mallards\/","url":"https:\/\/staging.lucky-hunter.com\/product\/ghg-butt-up-feeder-mallards\/","name":"GHG Butt Up Feeder Colverts Ultra R\u00e9alistes | Chasseur chanceux","isPartOf":{"@id":"https:\/\/staging.lucky-hunter.com\/#website"},"primaryImageOfPage":{"@id":"https:\/\/staging.lucky-hunter.com\/product\/ghg-butt-up-feeder-mallards\/#primaryimage"},"image":{"@id":"https:\/\/staging.lucky-hunter.com\/product\/ghg-butt-up-feeder-mallards\/#primaryimage"},"thumbnailUrl":"https:\/\/staging.lucky-hunter.com\/wp-content\/uploads\/2017\/08\/LF-97-3.png","datePublished":"2017-08-11T15:23:23+00:00","dateModified":"2022-11-16T09:41:32+00:00","description":"Ajoutez plus de r\u00e9alisme \u00e0 votre propagation de leurres avec les colverts GHG Butt Up Feeder. Ces leurres ajoutent une touche r\u00e9aliste \u00e0 votre tartinade de canard.","breadcrumb":{"@id":"https:\/\/staging.lucky-hunter.com\/product\/ghg-butt-up-feeder-mallards\/#breadcrumb"},"inLanguage":"fr-FR","potentialAction":[{"@type":"ReadAction","target":["https:\/\/staging.lucky-hunter.com\/product\/ghg-butt-up-feeder-mallards\/"]}]},{"@type":"ImageObject","inLanguage":"fr-FR","@id":"https:\/\/staging.lucky-hunter.com\/product\/ghg-butt-up-feeder-mallards\/#primaryimage","url":"https:\/\/staging.lucky-hunter.com\/wp-content\/uploads\/2017\/08\/LF-97-3.png","contentUrl":"https:\/\/staging.lucky-hunter.com\/wp-content\/uploads\/2017\/08\/LF-97-3.png","width":1000,"height":1000},{"@type":"BreadcrumbList","@id":"https:\/\/staging.lucky-hunter.com\/product\/ghg-butt-up-feeder-mallards\/#breadcrumb","itemListElement":[{"@type":"ListItem","position":1,"name":"Home","item":"https:\/\/staging.lucky-hunter.com\/fr\/"},{"@type":"ListItem","position":2,"name":"Boutique","item":"https:\/\/staging.lucky-hunter.com\/fr\/shop\/"},{"@type":"ListItem","position":3,"name":"GHG Butt Up Feeder Mallards"}]},{"@type":"WebSite","@id":"https:\/\/staging.lucky-hunter.com\/#website","url":"https:\/\/staging.lucky-hunter.com\/","name":"Lucky-Hunter","description":"Gear Up or Give Up","potentialAction":[{"@type":"SearchAction","target":{"@type":"EntryPoint","urlTemplate":"https:\/\/staging.lucky-hunter.com\/?s={search_term_string}"},"query-input":{"@type":"PropertyValueSpecification","valueRequired":true,"valueName":"search_term_string"}}],"inLanguage":"fr-FR"}]}},"_links":{"self":[{"href":"https:\/\/staging.lucky-hunter.com\/fr\/wp-json\/wp\/v2\/product\/31001"}],"collection":[{"href":"https:\/\/staging.lucky-hunter.com\/fr\/wp-json\/wp\/v2\/product"}],"about":[{"href":"https:\/\/staging.lucky-hunter.com\/fr\/wp-json\/wp\/v2\/types\/product"}],"wp:featuredmedia":[{"embeddable":true,"href":"https:\/\/staging.lucky-hunter.com\/fr\/wp-json\/wp\/v2\/media\/29393"}],"wp:attachment":[{"href":"https:\/\/staging.lucky-hunter.com\/fr\/wp-json\/wp\/v2\/media?parent=31001"}],"wp:term":[{"taxonomy":"product_brand","embeddable":true,"href":"https:\/\/staging.lucky-hunter.com\/fr\/wp-json\/wp\/v2\/product_brand?post=31001"},{"taxonomy":"product_cat","embeddable":true,"href":"https:\/\/staging.lucky-hunter.com\/fr\/wp-json\/wp\/v2\/product_cat?post=31001"},{"taxonomy":"product_tag","embeddable":true,"href":"https:\/\/staging.lucky-hunter.com\/fr\/wp-json\/wp\/v2\/product_tag?post=31001"}],"curies":[{"name":"wp","href":"https:\/\/api.w.org\/{rel}","templated":true}]}}