{"id":30999,"date":"2017-06-29T13:47:07","date_gmt":"2017-06-29T11:47:07","guid":{"rendered":"https:\/\/staging.lucky-hunter.com\/product\/avian-x-mallard-fusion-pack-2\/"},"modified":"2024-05-01T08:38:59","modified_gmt":"2024-05-01T06:38:59","slug":"avian-x-mallard-fusion-pack","status":"publish","type":"product","link":"https:\/\/staging.lucky-hunter.com\/fr\/product\/avian-x-mallard-fusion-pack\/","title":{"rendered":"Avian-X Mallard Fusion Pack"},"content":{"rendered":"<div class=\"video video-fit mb\" style=\"padding-top:56.25%;\"><p><iframe width=\"1020\" height=\"574\" src=\"https:\/\/www.youtube.com\/embed\/G-XVP63nNdY?wmode=transparent&amp;rel=0&amp;feature=oembed\" frameborder=\"0\" allowfullscreen><\/iframe><\/p>\n<\/div>\n<h2><strong>Avian-X Mallard Fusion Pack &#8211; les leurres les plus naturels du march\u00e9<\/strong><\/h2>\n<p>Le fabricant am\u00e9ricain Avian-X a red\u00e9fini les standards du design et de la production d\u2019appelants artificiels. Pr\u00e9parez-vous \u00e0 vivre une exp\u00e9rience encore plus forte lorsque vous chassez le canard.<\/p>\n<p>Le pack de leurres Avian-X Topflight Mallard Fusion est la combinaison parfaite de t\u00eates verticales et mangeuses qui imitent l&#8217;illusion d&#8217;un troupeau de colverts au repos sur l&#8217;eau.<\/p>\n<p>Les formes poss\u00e8dent une quille de nage au design in\u00e9dit avec deux clips de nage int\u00e9gr\u00e9s. \u00c0 l\u2019aide d\u2019une poign\u00e9e, vous pouvez fixer la ligne de 4 mani\u00e8res diff\u00e9rentes. Vos formes se d\u00e9placeront donc de mani\u00e8re extr\u00eamement vari\u00e9e m\u00eame en cas de vent faible.<\/p>\n<p>Avec la gamme Avian-X Open Water, cr\u00e9ez l\u2019illusion d&#8217;un troupeau de canards colverts incroyablement r\u00e9aliste.<\/p>\n<p>Les leurres sont surdimensionn\u00e9s pour une meilleure visibilit\u00e9. Elles mesurent environ 36,83 cm au niveau du corps.<\/p>\n<p>Les formes Avian-X sont fabriqu\u00e9es dans un mat\u00e9riau plastique souple qui ne se fissure pas, m\u00eame par temps froid. De plus, elles sont recouvertes d\u2019une peinture mate et ultra adh\u00e9rente qui ne s\u2019\u00e9caille pas.<\/p>\n<p><strong>Vendus par pack de 6\u00a0:<\/strong><\/p>\n<ul>\n<li>Poule mangeuse en surface x1<\/li>\n<li>Malard mangeur en surface x1<\/li>\n<li>Poule nageuse x1<\/li>\n<li>Malard \u00e0 t\u00eate basse x1<\/li>\n<li>Poule \u00e0 t\u00eate haute x1<\/li>\n<li>Malard \u00e0 t\u00eate haute x1<\/li>\n<\/ul>\n","protected":false},"excerpt":{"rendered":"<p>Le pack de leurres Avian-X Topflight Mallard Fusion est la combinaison parfaite de t\u00eates verticales et mangeuses qui imitent l&#8217;illusion d&#8217;un troupeau de colverts au repos sur l&#8217;eau.<\/p>\n","protected":false},"featured_media":32506,"template":"","meta":[],"product_brand":[8132],"product_cat":[8180],"product_tag":[9235],"yoast_head":"<!-- This site is optimized with the Yoast SEO plugin v24.3 - https:\/\/yoast.com\/wordpress\/plugins\/seo\/ -->\n<title>Avian-X Mallard Fusion Pack - High Quality | Lucky Hunter<\/title>\n<meta name=\"description\" content=\"Avian-X Mallard Fusion Pack is the perfect combination of upright and feeder heads that mimic the illusion of a resting flock of mallards.\" \/>\n<meta name=\"robots\" content=\"noindex, follow, max-snippet:-1, max-image-preview:large, max-video-preview:-1\" \/>\n<meta property=\"og:locale\" content=\"fr_FR\" \/>\n<meta property=\"og:type\" content=\"article\" \/>\n<meta property=\"og:title\" content=\"Avian-X Mallard Fusion Pack - High Quality | Lucky Hunter\" \/>\n<meta property=\"og:description\" content=\"Avian-X Mallard Fusion Pack is the perfect combination of upright and feeder heads that mimic the illusion of a resting flock of mallards.\" \/>\n<meta property=\"og:url\" content=\"https:\/\/staging.lucky-hunter.com\/product\/avian-x-mallard-fusion-pack\/\" \/>\n<meta property=\"og:site_name\" content=\"Lucky-Hunter\" \/>\n<meta property=\"article:modified_time\" content=\"2024-05-01T06:38:59+00:00\" \/>\n<meta property=\"og:image\" content=\"https:\/\/staging.lucky-hunter.com\/wp-content\/uploads\/2017\/06\/LF-306-2.png\" \/>\n\t<meta property=\"og:image:width\" content=\"1000\" \/>\n\t<meta property=\"og:image:height\" content=\"1000\" \/>\n\t<meta property=\"og:image:type\" content=\"image\/png\" \/>\n<meta name=\"twitter:card\" content=\"summary_large_image\" \/>\n<meta name=\"twitter:title\" content=\"Avian-X Mallard Fusion Pack - High Quality | Lucky Hunter\" \/>\n<meta name=\"twitter:description\" content=\"Avian-X Mallard Fusion Pack is the perfect combination of upright and feeder heads that mimic the illusion of a resting flock of mallards.\" \/>\n<meta name=\"twitter:label1\" content=\"Dur\u00e9e de lecture estim\u00e9e\" \/>\n\t<meta name=\"twitter:data1\" content=\"1 minute\" \/>\n<script type=\"application\/ld+json\" class=\"yoast-schema-graph\">{\"@context\":\"https:\/\/schema.org\",\"@graph\":[{\"@type\":\"WebPage\",\"@id\":\"https:\/\/staging.lucky-hunter.com\/product\/avian-x-mallard-fusion-pack\/\",\"url\":\"https:\/\/staging.lucky-hunter.com\/product\/avian-x-mallard-fusion-pack\/\",\"name\":\"Avian-X Mallard Fusion Pack - High Quality | Lucky Hunter\",\"isPartOf\":{\"@id\":\"https:\/\/staging.lucky-hunter.com\/#website\"},\"primaryImageOfPage\":{\"@id\":\"https:\/\/staging.lucky-hunter.com\/product\/avian-x-mallard-fusion-pack\/#primaryimage\"},\"image\":{\"@id\":\"https:\/\/staging.lucky-hunter.com\/product\/avian-x-mallard-fusion-pack\/#primaryimage\"},\"thumbnailUrl\":\"https:\/\/staging.lucky-hunter.com\/wp-content\/uploads\/2017\/06\/LF-306-2.png\",\"datePublished\":\"2017-06-29T11:47:07+00:00\",\"dateModified\":\"2024-05-01T06:38:59+00:00\",\"description\":\"Avian-X Mallard Fusion Pack is the perfect combination of upright and feeder heads that mimic the illusion of a resting flock of mallards.\",\"breadcrumb\":{\"@id\":\"https:\/\/staging.lucky-hunter.com\/product\/avian-x-mallard-fusion-pack\/#breadcrumb\"},\"inLanguage\":\"fr-FR\",\"potentialAction\":[{\"@type\":\"ReadAction\",\"target\":[\"https:\/\/staging.lucky-hunter.com\/product\/avian-x-mallard-fusion-pack\/\"]}]},{\"@type\":\"ImageObject\",\"inLanguage\":\"fr-FR\",\"@id\":\"https:\/\/staging.lucky-hunter.com\/product\/avian-x-mallard-fusion-pack\/#primaryimage\",\"url\":\"https:\/\/staging.lucky-hunter.com\/wp-content\/uploads\/2017\/06\/LF-306-2.png\",\"contentUrl\":\"https:\/\/staging.lucky-hunter.com\/wp-content\/uploads\/2017\/06\/LF-306-2.png\",\"width\":1000,\"height\":1000},{\"@type\":\"BreadcrumbList\",\"@id\":\"https:\/\/staging.lucky-hunter.com\/product\/avian-x-mallard-fusion-pack\/#breadcrumb\",\"itemListElement\":[{\"@type\":\"ListItem\",\"position\":1,\"name\":\"Home\",\"item\":\"https:\/\/staging.lucky-hunter.com\/fr\/\"},{\"@type\":\"ListItem\",\"position\":2,\"name\":\"Boutique\",\"item\":\"https:\/\/staging.lucky-hunter.com\/fr\/shop\/\"},{\"@type\":\"ListItem\",\"position\":3,\"name\":\"Avian-X Mallard Fusion Pack\"}]},{\"@type\":\"WebSite\",\"@id\":\"https:\/\/staging.lucky-hunter.com\/#website\",\"url\":\"https:\/\/staging.lucky-hunter.com\/\",\"name\":\"Lucky-Hunter\",\"description\":\"Gear Up or Give Up\",\"potentialAction\":[{\"@type\":\"SearchAction\",\"target\":{\"@type\":\"EntryPoint\",\"urlTemplate\":\"https:\/\/staging.lucky-hunter.com\/?s={search_term_string}\"},\"query-input\":{\"@type\":\"PropertyValueSpecification\",\"valueRequired\":true,\"valueName\":\"search_term_string\"}}],\"inLanguage\":\"fr-FR\"}]}<\/script>\n<!-- \/ Yoast SEO plugin. -->","yoast_head_json":{"title":"Avian-X Mallard Fusion Pack - High Quality | Lucky Hunter","description":"Avian-X Mallard Fusion Pack is the perfect combination of upright and feeder heads that mimic the illusion of a resting flock of mallards.","robots":{"index":"noindex","follow":"follow","max-snippet":"max-snippet:-1","max-image-preview":"max-image-preview:large","max-video-preview":"max-video-preview:-1"},"og_locale":"fr_FR","og_type":"article","og_title":"Avian-X Mallard Fusion Pack - High Quality | Lucky Hunter","og_description":"Avian-X Mallard Fusion Pack is the perfect combination of upright and feeder heads that mimic the illusion of a resting flock of mallards.","og_url":"https:\/\/staging.lucky-hunter.com\/product\/avian-x-mallard-fusion-pack\/","og_site_name":"Lucky-Hunter","article_modified_time":"2024-05-01T06:38:59+00:00","og_image":[{"width":1000,"height":1000,"url":"https:\/\/staging.lucky-hunter.com\/wp-content\/uploads\/2017\/06\/LF-306-2.png","type":"image\/png"}],"twitter_card":"summary_large_image","twitter_title":"Avian-X Mallard Fusion Pack - High Quality | Lucky Hunter","twitter_description":"Avian-X Mallard Fusion Pack is the perfect combination of upright and feeder heads that mimic the illusion of a resting flock of mallards.","twitter_misc":{"Dur\u00e9e de lecture estim\u00e9e":"1 minute"},"schema":{"@context":"https:\/\/schema.org","@graph":[{"@type":"WebPage","@id":"https:\/\/staging.lucky-hunter.com\/product\/avian-x-mallard-fusion-pack\/","url":"https:\/\/staging.lucky-hunter.com\/product\/avian-x-mallard-fusion-pack\/","name":"Avian-X Mallard Fusion Pack - High Quality | Lucky Hunter","isPartOf":{"@id":"https:\/\/staging.lucky-hunter.com\/#website"},"primaryImageOfPage":{"@id":"https:\/\/staging.lucky-hunter.com\/product\/avian-x-mallard-fusion-pack\/#primaryimage"},"image":{"@id":"https:\/\/staging.lucky-hunter.com\/product\/avian-x-mallard-fusion-pack\/#primaryimage"},"thumbnailUrl":"https:\/\/staging.lucky-hunter.com\/wp-content\/uploads\/2017\/06\/LF-306-2.png","datePublished":"2017-06-29T11:47:07+00:00","dateModified":"2024-05-01T06:38:59+00:00","description":"Avian-X Mallard Fusion Pack is the perfect combination of upright and feeder heads that mimic the illusion of a resting flock of mallards.","breadcrumb":{"@id":"https:\/\/staging.lucky-hunter.com\/product\/avian-x-mallard-fusion-pack\/#breadcrumb"},"inLanguage":"fr-FR","potentialAction":[{"@type":"ReadAction","target":["https:\/\/staging.lucky-hunter.com\/product\/avian-x-mallard-fusion-pack\/"]}]},{"@type":"ImageObject","inLanguage":"fr-FR","@id":"https:\/\/staging.lucky-hunter.com\/product\/avian-x-mallard-fusion-pack\/#primaryimage","url":"https:\/\/staging.lucky-hunter.com\/wp-content\/uploads\/2017\/06\/LF-306-2.png","contentUrl":"https:\/\/staging.lucky-hunter.com\/wp-content\/uploads\/2017\/06\/LF-306-2.png","width":1000,"height":1000},{"@type":"BreadcrumbList","@id":"https:\/\/staging.lucky-hunter.com\/product\/avian-x-mallard-fusion-pack\/#breadcrumb","itemListElement":[{"@type":"ListItem","position":1,"name":"Home","item":"https:\/\/staging.lucky-hunter.com\/fr\/"},{"@type":"ListItem","position":2,"name":"Boutique","item":"https:\/\/staging.lucky-hunter.com\/fr\/shop\/"},{"@type":"ListItem","position":3,"name":"Avian-X Mallard Fusion Pack"}]},{"@type":"WebSite","@id":"https:\/\/staging.lucky-hunter.com\/#website","url":"https:\/\/staging.lucky-hunter.com\/","name":"Lucky-Hunter","description":"Gear Up or Give Up","potentialAction":[{"@type":"SearchAction","target":{"@type":"EntryPoint","urlTemplate":"https:\/\/staging.lucky-hunter.com\/?s={search_term_string}"},"query-input":{"@type":"PropertyValueSpecification","valueRequired":true,"valueName":"search_term_string"}}],"inLanguage":"fr-FR"}]}},"_links":{"self":[{"href":"https:\/\/staging.lucky-hunter.com\/fr\/wp-json\/wp\/v2\/product\/30999"}],"collection":[{"href":"https:\/\/staging.lucky-hunter.com\/fr\/wp-json\/wp\/v2\/product"}],"about":[{"href":"https:\/\/staging.lucky-hunter.com\/fr\/wp-json\/wp\/v2\/types\/product"}],"wp:featuredmedia":[{"embeddable":true,"href":"https:\/\/staging.lucky-hunter.com\/fr\/wp-json\/wp\/v2\/media\/32506"}],"wp:attachment":[{"href":"https:\/\/staging.lucky-hunter.com\/fr\/wp-json\/wp\/v2\/media?parent=30999"}],"wp:term":[{"taxonomy":"product_brand","embeddable":true,"href":"https:\/\/staging.lucky-hunter.com\/fr\/wp-json\/wp\/v2\/product_brand?post=30999"},{"taxonomy":"product_cat","embeddable":true,"href":"https:\/\/staging.lucky-hunter.com\/fr\/wp-json\/wp\/v2\/product_cat?post=30999"},{"taxonomy":"product_tag","embeddable":true,"href":"https:\/\/staging.lucky-hunter.com\/fr\/wp-json\/wp\/v2\/product_tag?post=30999"}],"curies":[{"name":"wp","href":"https:\/\/api.w.org\/{rel}","templated":true}]}}