{"id":30998,"date":"2016-11-07T16:18:40","date_gmt":"2016-11-07T15:18:40","guid":{"rendered":"https:\/\/staging.lucky-hunter.com\/product\/avian-x-mallards-back-water-2\/"},"modified":"2024-07-02T13:36:53","modified_gmt":"2024-07-02T11:36:53","slug":"avian-x-mallards-back-water","status":"publish","type":"product","link":"https:\/\/staging.lucky-hunter.com\/fr\/product\/avian-x-mallards-back-water\/","title":{"rendered":"Canards Colverts Avian-X &#8211; Back Water"},"content":{"rendered":"<div class=\"video video-fit mb\" style=\"padding-top:56.25%;\"><p><iframe width=\"1020\" height=\"574\" src=\"https:\/\/www.youtube.com\/embed\/G-XVP63nNdY?wmode=transparent&amp;rel=0&amp;feature=oembed\" frameborder=\"0\" allowfullscreen><\/iframe><\/p>\n<\/div>\n<h2><strong>Les leurres les plus naturels du march\u00e9<\/strong><\/h2>\n<p>L\u2019entreprise am\u00e9ricaine Avian-X a \u00e9tabli de nouvelles normes pour la production et la conception de leurres. Pr\u00e9parez-vous \u00e0 vivre une exp\u00e9rience encore plus forte lorsque vous chassez le canard.<\/p>\n<p>Avian-X a cr\u00e9\u00e9 ce pack sp\u00e9cialement pour le march\u00e9 europ\u00e9en car il y a beaucoup de m\u00e2les dans les bo\u00eetes destin\u00e9s aux chasseurs am\u00e9ricains. Utilis\u00e9 conjointement avec les gammes Open Water et Backwater, il s\u2019agit d\u2019une combinaison parfaite pour chasser en automne et en hiver.<\/p>\n<p>Les formes poss\u00e8dent une quille de nage au design in\u00e9dit avec deux clips de nage int\u00e9gr\u00e9s. \u00c0 l\u2019aide d\u2019une poign\u00e9e, vous pouvez fixer la ligne de 4 mani\u00e8res diff\u00e9rentes. Vos formes se d\u00e9placeront donc sur l\u2019eau de mani\u00e8re extr\u00eamement vari\u00e9e et naturelle.Les formes Avian-X sont absolument fantastiques sur l&#8217;eau et cr\u00e9ent l&#8217;illusion d&#8217;une troupe de colverts en train de barboter et de cancaner. Les formes de colverts sont surdimensionn\u00e9es pour une meilleure visibilit\u00e9 .Elles mesurent environ 36,83 cm au niveau du corps.<\/p>\n<p>Les formes Avian-X sont fabriqu\u00e9es dans un mat\u00e9riau plastique souple qui ne se fissure pas, m\u00eame par temps froid. Elles mesurent environ 36,83 cm au niveau du corps.<\/p>\n<p>Les formes Avian-X sont fabriqu\u00e9es dans un mat\u00e9riau plastique souple qui ne se fissure pas, m\u00eame par temps froid. De plus, elles sont recouvertes d\u2019une peinture mate et ultra adh\u00e9rente qui ne s\u2019\u00e9caille pas.<\/p>\n<p><strong>Vendus par pack de 6\u00a0:<\/strong><\/p>\n<ul>\n<li>2 malards mangeurs en surface<\/li>\n<li>2 Canards en train de se nourrir<\/li>\n<li>2 Canes en train de se nourrir<\/li>\n<\/ul>\n<p>\u00a0<\/p>\n<p>\u00a0<\/p>\n","protected":false},"excerpt":{"rendered":"<p>Le fabricant am\u00e9ricain Avian-X a red\u00e9fini les standards du design et de la production d\u2019appelants artificiels. Pr\u00e9parez-vous \u00e0 vivre une exp\u00e9rience encore plus forte lorsque vous chassez le canard.<\/p>\n","protected":false},"featured_media":30212,"template":"","meta":[],"product_brand":[9526],"product_cat":[8180],"product_tag":[9235],"yoast_head":"<!-- This site is optimized with the Yoast SEO plugin v24.3 - https:\/\/yoast.com\/wordpress\/plugins\/seo\/ -->\n<title>Canards Colverts Avian-X - Back Water Les formes les plus r\u00e9alistes sur le march\u00e9<\/title>\n<meta name=\"description\" content=\"Le fabricant am\u00e9ricain Avian-X a red\u00e9fini les standards du design et de la production d\u2019appelants artificiels. Pr\u00e9parez-vous \u00e0 vivre une exp\u00e9rience encore plus forte lorsque vous chassez le canard.\" \/>\n<meta name=\"robots\" content=\"noindex, follow, max-snippet:-1, max-image-preview:large, max-video-preview:-1\" \/>\n<meta property=\"og:locale\" content=\"fr_FR\" \/>\n<meta property=\"og:type\" content=\"article\" \/>\n<meta property=\"og:title\" content=\"Canards Colverts Avian-X - Back Water Les formes les plus r\u00e9alistes sur le march\u00e9\" \/>\n<meta property=\"og:description\" content=\"Le fabricant am\u00e9ricain Avian-X a red\u00e9fini les standards du design et de la production d\u2019appelants artificiels. Pr\u00e9parez-vous \u00e0 vivre une exp\u00e9rience encore plus forte lorsque vous chassez le canard.\" \/>\n<meta property=\"og:url\" content=\"https:\/\/staging.lucky-hunter.com\/product\/avian-x-mallards-back-water\/\" \/>\n<meta property=\"og:site_name\" content=\"Lucky-Hunter\" \/>\n<meta property=\"article:modified_time\" content=\"2024-07-02T11:36:53+00:00\" \/>\n<meta property=\"og:image\" content=\"https:\/\/staging.lucky-hunter.com\/wp-content\/uploads\/2016\/11\/lf-305-1-1.png\" \/>\n\t<meta property=\"og:image:width\" content=\"1000\" \/>\n\t<meta property=\"og:image:height\" content=\"1000\" \/>\n\t<meta property=\"og:image:type\" content=\"image\/png\" \/>\n<meta name=\"twitter:card\" content=\"summary_large_image\" \/>\n<meta name=\"twitter:label1\" content=\"Dur\u00e9e de lecture estim\u00e9e\" \/>\n\t<meta name=\"twitter:data1\" content=\"1 minute\" \/>\n<script type=\"application\/ld+json\" class=\"yoast-schema-graph\">{\"@context\":\"https:\/\/schema.org\",\"@graph\":[{\"@type\":\"WebPage\",\"@id\":\"https:\/\/staging.lucky-hunter.com\/product\/avian-x-mallards-back-water\/\",\"url\":\"https:\/\/staging.lucky-hunter.com\/product\/avian-x-mallards-back-water\/\",\"name\":\"Canards Colverts Avian-X - Back Water Les formes les plus r\u00e9alistes sur le march\u00e9\",\"isPartOf\":{\"@id\":\"https:\/\/staging.lucky-hunter.com\/#website\"},\"primaryImageOfPage\":{\"@id\":\"https:\/\/staging.lucky-hunter.com\/product\/avian-x-mallards-back-water\/#primaryimage\"},\"image\":{\"@id\":\"https:\/\/staging.lucky-hunter.com\/product\/avian-x-mallards-back-water\/#primaryimage\"},\"thumbnailUrl\":\"https:\/\/staging.lucky-hunter.com\/wp-content\/uploads\/2016\/11\/lf-305-1-1.png\",\"datePublished\":\"2016-11-07T15:18:40+00:00\",\"dateModified\":\"2024-07-02T11:36:53+00:00\",\"description\":\"Le fabricant am\u00e9ricain Avian-X a red\u00e9fini les standards du design et de la production d\u2019appelants artificiels. Pr\u00e9parez-vous \u00e0 vivre une exp\u00e9rience encore plus forte lorsque vous chassez le canard.\",\"breadcrumb\":{\"@id\":\"https:\/\/staging.lucky-hunter.com\/product\/avian-x-mallards-back-water\/#breadcrumb\"},\"inLanguage\":\"fr-FR\",\"potentialAction\":[{\"@type\":\"ReadAction\",\"target\":[\"https:\/\/staging.lucky-hunter.com\/product\/avian-x-mallards-back-water\/\"]}]},{\"@type\":\"ImageObject\",\"inLanguage\":\"fr-FR\",\"@id\":\"https:\/\/staging.lucky-hunter.com\/product\/avian-x-mallards-back-water\/#primaryimage\",\"url\":\"https:\/\/staging.lucky-hunter.com\/wp-content\/uploads\/2016\/11\/lf-305-1-1.png\",\"contentUrl\":\"https:\/\/staging.lucky-hunter.com\/wp-content\/uploads\/2016\/11\/lf-305-1-1.png\",\"width\":1000,\"height\":1000},{\"@type\":\"BreadcrumbList\",\"@id\":\"https:\/\/staging.lucky-hunter.com\/product\/avian-x-mallards-back-water\/#breadcrumb\",\"itemListElement\":[{\"@type\":\"ListItem\",\"position\":1,\"name\":\"Home\",\"item\":\"https:\/\/staging.lucky-hunter.com\/fr\/\"},{\"@type\":\"ListItem\",\"position\":2,\"name\":\"Boutique\",\"item\":\"https:\/\/staging.lucky-hunter.com\/fr\/shop\/\"},{\"@type\":\"ListItem\",\"position\":3,\"name\":\"Canards Colverts Avian-X &#8211; Back Water\"}]},{\"@type\":\"WebSite\",\"@id\":\"https:\/\/staging.lucky-hunter.com\/#website\",\"url\":\"https:\/\/staging.lucky-hunter.com\/\",\"name\":\"Lucky-Hunter\",\"description\":\"Gear Up or Give Up\",\"potentialAction\":[{\"@type\":\"SearchAction\",\"target\":{\"@type\":\"EntryPoint\",\"urlTemplate\":\"https:\/\/staging.lucky-hunter.com\/?s={search_term_string}\"},\"query-input\":{\"@type\":\"PropertyValueSpecification\",\"valueRequired\":true,\"valueName\":\"search_term_string\"}}],\"inLanguage\":\"fr-FR\"}]}<\/script>\n<!-- \/ Yoast SEO plugin. -->","yoast_head_json":{"title":"Canards Colverts Avian-X - Back Water Les formes les plus r\u00e9alistes sur le march\u00e9","description":"Le fabricant am\u00e9ricain Avian-X a red\u00e9fini les standards du design et de la production d\u2019appelants artificiels. Pr\u00e9parez-vous \u00e0 vivre une exp\u00e9rience encore plus forte lorsque vous chassez le canard.","robots":{"index":"noindex","follow":"follow","max-snippet":"max-snippet:-1","max-image-preview":"max-image-preview:large","max-video-preview":"max-video-preview:-1"},"og_locale":"fr_FR","og_type":"article","og_title":"Canards Colverts Avian-X - Back Water Les formes les plus r\u00e9alistes sur le march\u00e9","og_description":"Le fabricant am\u00e9ricain Avian-X a red\u00e9fini les standards du design et de la production d\u2019appelants artificiels. Pr\u00e9parez-vous \u00e0 vivre une exp\u00e9rience encore plus forte lorsque vous chassez le canard.","og_url":"https:\/\/staging.lucky-hunter.com\/product\/avian-x-mallards-back-water\/","og_site_name":"Lucky-Hunter","article_modified_time":"2024-07-02T11:36:53+00:00","og_image":[{"width":1000,"height":1000,"url":"https:\/\/staging.lucky-hunter.com\/wp-content\/uploads\/2016\/11\/lf-305-1-1.png","type":"image\/png"}],"twitter_card":"summary_large_image","twitter_misc":{"Dur\u00e9e de lecture estim\u00e9e":"1 minute"},"schema":{"@context":"https:\/\/schema.org","@graph":[{"@type":"WebPage","@id":"https:\/\/staging.lucky-hunter.com\/product\/avian-x-mallards-back-water\/","url":"https:\/\/staging.lucky-hunter.com\/product\/avian-x-mallards-back-water\/","name":"Canards Colverts Avian-X - Back Water Les formes les plus r\u00e9alistes sur le march\u00e9","isPartOf":{"@id":"https:\/\/staging.lucky-hunter.com\/#website"},"primaryImageOfPage":{"@id":"https:\/\/staging.lucky-hunter.com\/product\/avian-x-mallards-back-water\/#primaryimage"},"image":{"@id":"https:\/\/staging.lucky-hunter.com\/product\/avian-x-mallards-back-water\/#primaryimage"},"thumbnailUrl":"https:\/\/staging.lucky-hunter.com\/wp-content\/uploads\/2016\/11\/lf-305-1-1.png","datePublished":"2016-11-07T15:18:40+00:00","dateModified":"2024-07-02T11:36:53+00:00","description":"Le fabricant am\u00e9ricain Avian-X a red\u00e9fini les standards du design et de la production d\u2019appelants artificiels. Pr\u00e9parez-vous \u00e0 vivre une exp\u00e9rience encore plus forte lorsque vous chassez le canard.","breadcrumb":{"@id":"https:\/\/staging.lucky-hunter.com\/product\/avian-x-mallards-back-water\/#breadcrumb"},"inLanguage":"fr-FR","potentialAction":[{"@type":"ReadAction","target":["https:\/\/staging.lucky-hunter.com\/product\/avian-x-mallards-back-water\/"]}]},{"@type":"ImageObject","inLanguage":"fr-FR","@id":"https:\/\/staging.lucky-hunter.com\/product\/avian-x-mallards-back-water\/#primaryimage","url":"https:\/\/staging.lucky-hunter.com\/wp-content\/uploads\/2016\/11\/lf-305-1-1.png","contentUrl":"https:\/\/staging.lucky-hunter.com\/wp-content\/uploads\/2016\/11\/lf-305-1-1.png","width":1000,"height":1000},{"@type":"BreadcrumbList","@id":"https:\/\/staging.lucky-hunter.com\/product\/avian-x-mallards-back-water\/#breadcrumb","itemListElement":[{"@type":"ListItem","position":1,"name":"Home","item":"https:\/\/staging.lucky-hunter.com\/fr\/"},{"@type":"ListItem","position":2,"name":"Boutique","item":"https:\/\/staging.lucky-hunter.com\/fr\/shop\/"},{"@type":"ListItem","position":3,"name":"Canards Colverts Avian-X &#8211; Back Water"}]},{"@type":"WebSite","@id":"https:\/\/staging.lucky-hunter.com\/#website","url":"https:\/\/staging.lucky-hunter.com\/","name":"Lucky-Hunter","description":"Gear Up or Give Up","potentialAction":[{"@type":"SearchAction","target":{"@type":"EntryPoint","urlTemplate":"https:\/\/staging.lucky-hunter.com\/?s={search_term_string}"},"query-input":{"@type":"PropertyValueSpecification","valueRequired":true,"valueName":"search_term_string"}}],"inLanguage":"fr-FR"}]}},"_links":{"self":[{"href":"https:\/\/staging.lucky-hunter.com\/fr\/wp-json\/wp\/v2\/product\/30998"}],"collection":[{"href":"https:\/\/staging.lucky-hunter.com\/fr\/wp-json\/wp\/v2\/product"}],"about":[{"href":"https:\/\/staging.lucky-hunter.com\/fr\/wp-json\/wp\/v2\/types\/product"}],"wp:featuredmedia":[{"embeddable":true,"href":"https:\/\/staging.lucky-hunter.com\/fr\/wp-json\/wp\/v2\/media\/30212"}],"wp:attachment":[{"href":"https:\/\/staging.lucky-hunter.com\/fr\/wp-json\/wp\/v2\/media?parent=30998"}],"wp:term":[{"taxonomy":"product_brand","embeddable":true,"href":"https:\/\/staging.lucky-hunter.com\/fr\/wp-json\/wp\/v2\/product_brand?post=30998"},{"taxonomy":"product_cat","embeddable":true,"href":"https:\/\/staging.lucky-hunter.com\/fr\/wp-json\/wp\/v2\/product_cat?post=30998"},{"taxonomy":"product_tag","embeddable":true,"href":"https:\/\/staging.lucky-hunter.com\/fr\/wp-json\/wp\/v2\/product_tag?post=30998"}],"curies":[{"name":"wp","href":"https:\/\/api.w.org\/{rel}","templated":true}]}}