{"id":30992,"date":"2020-12-23T11:31:46","date_gmt":"2020-12-23T10:31:46","guid":{"rendered":"https:\/\/staging.lucky-hunter.com\/product\/mick-lacy-specklebelly-call-2\/"},"modified":"2022-11-15T15:59:54","modified_gmt":"2022-11-15T14:59:54","slug":"mick-lacy-specklebelly-call","status":"publish","type":"product","link":"https:\/\/staging.lucky-hunter.com\/fr\/product\/mick-lacy-specklebelly-call\/","title":{"rendered":"Appeau d\u2019oie rieuse Mick Lacy"},"content":{"rendered":"<h2><strong>Mick Lacy Specklebelly Goose Call &#8211; ajoutez plus de variation \u00e0 votre r\u00e9pertoire d&#8217;appeaux<\/strong><\/h2>\n<p>Un nouvel appeau d&#8217;oie \u00e0 longue port\u00e9e de l&#8217;Am\u00e9ricain Mick Lacy Calls.<\/p>\n<p>Les oies rieuses sont connues pour leur cri strident, et avec cet appeau, vous pouvez facilement reproduire un cri d&#8217;oie authentique, m\u00eame dans le registre le plus aigu.<\/p>\n<p>Les appeaux de Mick Lacy sont connus pour \u00eatre extr\u00eamement faciles \u00e0 utiliser. En ouvrant et en fermant votre main devant l&#8217;appeau, vous pouvez varier le son et produire des sons forts.<\/p>\n<p>Le cri de l&#8217;oie rieuse peut avoir 4 ou 5 tons, mais nous constatons que les oies r\u00e9pondent mieux \u00e0 un son \u00e0 deux tons\u00a0: <em>Woo, woo<\/em> (pause) <em>Woo, woo<\/em>.<\/p>\n<p>Cet appeau est sp\u00e9cialement con\u00e7u pour les appels tr\u00e8s longue distance, ce qui est un avantage certain les jours de vent.<\/p>\n<p>L&#8217;appeau d\u2019oie rieuse Mick Lacy est accord\u00e9 \u00e0 la main et test\u00e9 pour garantir des sons justes, et il peut \u00eatre utilis\u00e9 sans probl\u00e8me dans des conditions s\u00e8ches et humides.<\/p>\n","protected":false},"excerpt":{"rendered":"<p>Les oies rieuses sont connues pour leur cri strident, et avec cet appeau, vous pouvez facilement reproduire un cri d&#8217;oie authentique, m\u00eame dans le registre le plus aigu.<\/p>\n","protected":false},"featured_media":30596,"template":"","meta":[],"product_brand":[8131],"product_cat":[8168],"product_tag":[9446],"yoast_head":"<!-- This site is optimized with the Yoast SEO plugin v24.3 - https:\/\/yoast.com\/wordpress\/plugins\/seo\/ -->\n<title>Mick Lacy Specklebelly Goose Call Long-Range | Lucky Hunter<\/title>\n<meta name=\"description\" content=\"Mick Lacy Specklebelly Goose Call - it&#039;s easy to mimic the sound of the specklebelly goose with this great new call from Mick Lacy\" \/>\n<meta name=\"robots\" content=\"noindex, follow, max-snippet:-1, max-image-preview:large, max-video-preview:-1\" \/>\n<meta property=\"og:locale\" content=\"fr_FR\" \/>\n<meta property=\"og:type\" content=\"article\" \/>\n<meta property=\"og:title\" content=\"Mick Lacy Specklebelly Goose Call Long-Range | Lucky Hunter\" \/>\n<meta property=\"og:description\" content=\"Mick Lacy Specklebelly Goose Call - it&#039;s easy to mimic the sound of the specklebelly goose with this great new call from Mick Lacy\" \/>\n<meta property=\"og:url\" content=\"https:\/\/staging.lucky-hunter.com\/product\/mick-lacy-specklebelly-call\/\" \/>\n<meta property=\"og:site_name\" content=\"Lucky-Hunter\" \/>\n<meta property=\"article:modified_time\" content=\"2022-11-15T14:59:54+00:00\" \/>\n<meta property=\"og:image\" content=\"https:\/\/staging.lucky-hunter.com\/wp-content\/uploads\/2020\/12\/LK-105.png\" \/>\n\t<meta property=\"og:image:width\" content=\"1000\" \/>\n\t<meta property=\"og:image:height\" content=\"1000\" \/>\n\t<meta property=\"og:image:type\" content=\"image\/png\" \/>\n<meta name=\"twitter:card\" content=\"summary_large_image\" \/>\n<meta name=\"twitter:title\" content=\"Mick Lacy Specklebelly Goose Call Long-Range | Lucky Hunter\" \/>\n<meta name=\"twitter:description\" content=\"Mick Lacy Specklebelly Goose Call - it&#039;s easy to mimic the sound of the specklebelly goose with this great new call from Mick Lacy\" \/>\n<meta name=\"twitter:label1\" content=\"Dur\u00e9e de lecture estim\u00e9e\" \/>\n\t<meta name=\"twitter:data1\" content=\"1 minute\" \/>\n<script type=\"application\/ld+json\" class=\"yoast-schema-graph\">{\"@context\":\"https:\/\/schema.org\",\"@graph\":[{\"@type\":\"WebPage\",\"@id\":\"https:\/\/staging.lucky-hunter.com\/product\/mick-lacy-specklebelly-call\/\",\"url\":\"https:\/\/staging.lucky-hunter.com\/product\/mick-lacy-specklebelly-call\/\",\"name\":\"Mick Lacy Specklebelly Goose Call Long-Range | Lucky Hunter\",\"isPartOf\":{\"@id\":\"https:\/\/staging.lucky-hunter.com\/#website\"},\"primaryImageOfPage\":{\"@id\":\"https:\/\/staging.lucky-hunter.com\/product\/mick-lacy-specklebelly-call\/#primaryimage\"},\"image\":{\"@id\":\"https:\/\/staging.lucky-hunter.com\/product\/mick-lacy-specklebelly-call\/#primaryimage\"},\"thumbnailUrl\":\"https:\/\/staging.lucky-hunter.com\/wp-content\/uploads\/2020\/12\/LK-105.png\",\"datePublished\":\"2020-12-23T10:31:46+00:00\",\"dateModified\":\"2022-11-15T14:59:54+00:00\",\"description\":\"Mick Lacy Specklebelly Goose Call - it's easy to mimic the sound of the specklebelly goose with this great new call from Mick Lacy\",\"breadcrumb\":{\"@id\":\"https:\/\/staging.lucky-hunter.com\/product\/mick-lacy-specklebelly-call\/#breadcrumb\"},\"inLanguage\":\"fr-FR\",\"potentialAction\":[{\"@type\":\"ReadAction\",\"target\":[\"https:\/\/staging.lucky-hunter.com\/product\/mick-lacy-specklebelly-call\/\"]}]},{\"@type\":\"ImageObject\",\"inLanguage\":\"fr-FR\",\"@id\":\"https:\/\/staging.lucky-hunter.com\/product\/mick-lacy-specklebelly-call\/#primaryimage\",\"url\":\"https:\/\/staging.lucky-hunter.com\/wp-content\/uploads\/2020\/12\/LK-105.png\",\"contentUrl\":\"https:\/\/staging.lucky-hunter.com\/wp-content\/uploads\/2020\/12\/LK-105.png\",\"width\":1000,\"height\":1000},{\"@type\":\"BreadcrumbList\",\"@id\":\"https:\/\/staging.lucky-hunter.com\/product\/mick-lacy-specklebelly-call\/#breadcrumb\",\"itemListElement\":[{\"@type\":\"ListItem\",\"position\":1,\"name\":\"Home\",\"item\":\"https:\/\/staging.lucky-hunter.com\/fr\/\"},{\"@type\":\"ListItem\",\"position\":2,\"name\":\"Boutique\",\"item\":\"https:\/\/staging.lucky-hunter.com\/fr\/shop\/\"},{\"@type\":\"ListItem\",\"position\":3,\"name\":\"Appeau d\u2019oie rieuse Mick Lacy\"}]},{\"@type\":\"WebSite\",\"@id\":\"https:\/\/staging.lucky-hunter.com\/#website\",\"url\":\"https:\/\/staging.lucky-hunter.com\/\",\"name\":\"Lucky-Hunter\",\"description\":\"Gear Up or Give Up\",\"potentialAction\":[{\"@type\":\"SearchAction\",\"target\":{\"@type\":\"EntryPoint\",\"urlTemplate\":\"https:\/\/staging.lucky-hunter.com\/?s={search_term_string}\"},\"query-input\":{\"@type\":\"PropertyValueSpecification\",\"valueRequired\":true,\"valueName\":\"search_term_string\"}}],\"inLanguage\":\"fr-FR\"}]}<\/script>\n<!-- \/ Yoast SEO plugin. -->","yoast_head_json":{"title":"Mick Lacy Specklebelly Goose Call Long-Range | Lucky Hunter","description":"Mick Lacy Specklebelly Goose Call - it's easy to mimic the sound of the specklebelly goose with this great new call from Mick Lacy","robots":{"index":"noindex","follow":"follow","max-snippet":"max-snippet:-1","max-image-preview":"max-image-preview:large","max-video-preview":"max-video-preview:-1"},"og_locale":"fr_FR","og_type":"article","og_title":"Mick Lacy Specklebelly Goose Call Long-Range | Lucky Hunter","og_description":"Mick Lacy Specklebelly Goose Call - it's easy to mimic the sound of the specklebelly goose with this great new call from Mick Lacy","og_url":"https:\/\/staging.lucky-hunter.com\/product\/mick-lacy-specklebelly-call\/","og_site_name":"Lucky-Hunter","article_modified_time":"2022-11-15T14:59:54+00:00","og_image":[{"width":1000,"height":1000,"url":"https:\/\/staging.lucky-hunter.com\/wp-content\/uploads\/2020\/12\/LK-105.png","type":"image\/png"}],"twitter_card":"summary_large_image","twitter_title":"Mick Lacy Specklebelly Goose Call Long-Range | Lucky Hunter","twitter_description":"Mick Lacy Specklebelly Goose Call - it's easy to mimic the sound of the specklebelly goose with this great new call from Mick Lacy","twitter_misc":{"Dur\u00e9e de lecture estim\u00e9e":"1 minute"},"schema":{"@context":"https:\/\/schema.org","@graph":[{"@type":"WebPage","@id":"https:\/\/staging.lucky-hunter.com\/product\/mick-lacy-specklebelly-call\/","url":"https:\/\/staging.lucky-hunter.com\/product\/mick-lacy-specklebelly-call\/","name":"Mick Lacy Specklebelly Goose Call Long-Range | Lucky Hunter","isPartOf":{"@id":"https:\/\/staging.lucky-hunter.com\/#website"},"primaryImageOfPage":{"@id":"https:\/\/staging.lucky-hunter.com\/product\/mick-lacy-specklebelly-call\/#primaryimage"},"image":{"@id":"https:\/\/staging.lucky-hunter.com\/product\/mick-lacy-specklebelly-call\/#primaryimage"},"thumbnailUrl":"https:\/\/staging.lucky-hunter.com\/wp-content\/uploads\/2020\/12\/LK-105.png","datePublished":"2020-12-23T10:31:46+00:00","dateModified":"2022-11-15T14:59:54+00:00","description":"Mick Lacy Specklebelly Goose Call - it's easy to mimic the sound of the specklebelly goose with this great new call from Mick Lacy","breadcrumb":{"@id":"https:\/\/staging.lucky-hunter.com\/product\/mick-lacy-specklebelly-call\/#breadcrumb"},"inLanguage":"fr-FR","potentialAction":[{"@type":"ReadAction","target":["https:\/\/staging.lucky-hunter.com\/product\/mick-lacy-specklebelly-call\/"]}]},{"@type":"ImageObject","inLanguage":"fr-FR","@id":"https:\/\/staging.lucky-hunter.com\/product\/mick-lacy-specklebelly-call\/#primaryimage","url":"https:\/\/staging.lucky-hunter.com\/wp-content\/uploads\/2020\/12\/LK-105.png","contentUrl":"https:\/\/staging.lucky-hunter.com\/wp-content\/uploads\/2020\/12\/LK-105.png","width":1000,"height":1000},{"@type":"BreadcrumbList","@id":"https:\/\/staging.lucky-hunter.com\/product\/mick-lacy-specklebelly-call\/#breadcrumb","itemListElement":[{"@type":"ListItem","position":1,"name":"Home","item":"https:\/\/staging.lucky-hunter.com\/fr\/"},{"@type":"ListItem","position":2,"name":"Boutique","item":"https:\/\/staging.lucky-hunter.com\/fr\/shop\/"},{"@type":"ListItem","position":3,"name":"Appeau d\u2019oie rieuse Mick Lacy"}]},{"@type":"WebSite","@id":"https:\/\/staging.lucky-hunter.com\/#website","url":"https:\/\/staging.lucky-hunter.com\/","name":"Lucky-Hunter","description":"Gear Up or Give Up","potentialAction":[{"@type":"SearchAction","target":{"@type":"EntryPoint","urlTemplate":"https:\/\/staging.lucky-hunter.com\/?s={search_term_string}"},"query-input":{"@type":"PropertyValueSpecification","valueRequired":true,"valueName":"search_term_string"}}],"inLanguage":"fr-FR"}]}},"_links":{"self":[{"href":"https:\/\/staging.lucky-hunter.com\/fr\/wp-json\/wp\/v2\/product\/30992"}],"collection":[{"href":"https:\/\/staging.lucky-hunter.com\/fr\/wp-json\/wp\/v2\/product"}],"about":[{"href":"https:\/\/staging.lucky-hunter.com\/fr\/wp-json\/wp\/v2\/types\/product"}],"wp:featuredmedia":[{"embeddable":true,"href":"https:\/\/staging.lucky-hunter.com\/fr\/wp-json\/wp\/v2\/media\/30596"}],"wp:attachment":[{"href":"https:\/\/staging.lucky-hunter.com\/fr\/wp-json\/wp\/v2\/media?parent=30992"}],"wp:term":[{"taxonomy":"product_brand","embeddable":true,"href":"https:\/\/staging.lucky-hunter.com\/fr\/wp-json\/wp\/v2\/product_brand?post=30992"},{"taxonomy":"product_cat","embeddable":true,"href":"https:\/\/staging.lucky-hunter.com\/fr\/wp-json\/wp\/v2\/product_cat?post=30992"},{"taxonomy":"product_tag","embeddable":true,"href":"https:\/\/staging.lucky-hunter.com\/fr\/wp-json\/wp\/v2\/product_tag?post=30992"}],"curies":[{"name":"wp","href":"https:\/\/api.w.org\/{rel}","templated":true}]}}