{"id":30991,"date":"2019-07-31T15:53:32","date_gmt":"2019-07-31T13:53:32","guid":{"rendered":"https:\/\/staging.lucky-hunter.com\/product\/sillosocks-harvester-pack-2\/"},"modified":"2023-07-03T15:53:22","modified_gmt":"2023-07-03T13:53:22","slug":"sillosocks-harvester-pack","status":"publish","type":"product","link":"https:\/\/staging.lucky-hunter.com\/fr\/product\/sillosocks-harvester-pack\/","title":{"rendered":"Sillosocks Harvester Pack &#8211; Oies rieuses\/Oies cendr\u00e9es pack de 12"},"content":{"rendered":"<p><iframe title=\"Sillosocks Specklebelly\/greylag decoys\" width=\"1020\" height=\"574\" src=\"https:\/\/www.youtube.com\/embed\/e3wBy7kb--4?wmode=transparent&amp;rel=0&amp;feature=oembed&#038;enablejsapi=1&#038;origin=https:\/\/staging.lucky-hunter.com\" frameborder=\"0\" allow=\"accelerometer; autoplay; clipboard-write; encrypted-media; gyroscope; picture-in-picture\" allowfullscreen><\/iframe><\/p>\n<h2><strong>Sillosocks Harvester Pack &#8211; diff\u00e9rentes positions pour ajouter de la vari\u00e9t\u00e9 \u00e0 votre nu\u00e9e\u00a0!<\/strong><\/h2>\n<p>Le pack Harvester de Sillosocks comprend \u00e0 la fois des formes de mangeuses et de sentinelles pour votre nu\u00e9e.<\/p>\n<p>Elles permettent d\u2019ajouter un mouvement r\u00e9aliste indispensable \u00e0 votre nu\u00e9e, que les formes full body n\u2019ont pas. Les d\u00e9tails r\u00e9alistes permettent d\u2019attirer les oies, et leur taille les rend tr\u00e8s faciles \u00e0 emballer et \u00e0 transporter ou \u00e0 ranger.<\/p>\n<p>Les t\u00eates floqu\u00e9es permettent d\u2019ajouter un rev\u00eatement doux aux formes, \u00e9vitant tout \u00e9blouissement lors de leur utilisation par tous les temps. Cela peut \u00e9galement aider les blettes \u00e0 para\u00eetre plus r\u00e9alistes, car cela ajoute une forme imm\u00e9diatement reconnaissable pour les oies en approche.<\/p>\n<h4><strong>Chaque pack contient\u00a0:<\/strong><\/h4>\n<ul>\n<li>8 formes en train de se nourrir<\/li>\n<li>4 formes sentinelles<\/li>\n<\/ul>\n<p>Vendues par pack de 12.<\/p>\n","protected":false},"excerpt":{"rendered":"<p>Sillosocks Harvester Pack &#8211; con\u00e7u pour ajouter de la vari\u00e9t\u00e9 \u00e0 votre troupeau. Le mouvement et les d\u00e9tails r\u00e9alistes ne manqueront pas d\u2019attirer les vraies oies.<\/p>\n","protected":false},"featured_media":30452,"template":"","meta":[],"product_brand":[8126],"product_cat":[8177],"product_tag":[],"yoast_head":"<!-- This site is optimized with the Yoast SEO plugin v24.3 - https:\/\/yoast.com\/wordpress\/plugins\/seo\/ -->\n<title>Sillosocks Harvester Pack - 12 formes d\u2019Oies rieuses\/Oies cendr\u00e9es | Lucky Hunter<\/title>\n<meta name=\"description\" content=\"Sillosocks Harvester Pack - con\u00e7u pour ajouter de la vari\u00e9t\u00e9 \u00e0 votre troupeau. Le mouvement et les d\u00e9tails r\u00e9alistes ne manqueront pas d\u2019attirer les vraies oies.\" \/>\n<meta name=\"robots\" content=\"noindex, follow, max-snippet:-1, max-image-preview:large, max-video-preview:-1\" \/>\n<meta property=\"og:locale\" content=\"fr_FR\" \/>\n<meta property=\"og:type\" content=\"article\" \/>\n<meta property=\"og:title\" content=\"Sillosocks Harvester Pack - Formes d\u2019Oies rieuses\/Oies cendr\u00e9es\" \/>\n<meta property=\"og:description\" content=\"Sillosocks Harvester Pack - con\u00e7u pour ajouter de la vari\u00e9t\u00e9 \u00e0 votre troupeau. Le mouvement et les d\u00e9tails r\u00e9alistes ne manqueront pas d\u2019attirer les vraies oies.\" \/>\n<meta property=\"og:url\" content=\"https:\/\/staging.lucky-hunter.com\/product\/sillosocks-harvester-pack\/\" \/>\n<meta property=\"og:site_name\" content=\"Lucky-Hunter\" \/>\n<meta property=\"article:modified_time\" content=\"2023-07-03T13:53:22+00:00\" \/>\n<meta property=\"og:image\" content=\"https:\/\/staging.lucky-hunter.com\/wp-content\/uploads\/2019\/07\/LF-123.png.webp\" \/>\n\t<meta property=\"og:image:width\" content=\"1000\" \/>\n\t<meta property=\"og:image:height\" content=\"1000\" \/>\n\t<meta property=\"og:image:type\" content=\"image\/webp\" \/>\n<meta name=\"twitter:card\" content=\"summary_large_image\" \/>\n<meta name=\"twitter:title\" content=\"Sillosocks Harvester Pack - Formes d\u2019Oies rieuses\/Oies cendr\u00e9es\" \/>\n<meta name=\"twitter:description\" content=\"Sillosocks Harvester Pack - con\u00e7u pour ajouter de la vari\u00e9t\u00e9 \u00e0 votre troupeau. Le mouvement et les d\u00e9tails r\u00e9alistes ne manqueront pas d\u2019attirer les vraies oies.\" \/>\n<meta name=\"twitter:label1\" content=\"Dur\u00e9e de lecture estim\u00e9e\" \/>\n\t<meta name=\"twitter:data1\" content=\"1 minute\" \/>\n<script type=\"application\/ld+json\" class=\"yoast-schema-graph\">{\"@context\":\"https:\/\/schema.org\",\"@graph\":[{\"@type\":\"WebPage\",\"@id\":\"https:\/\/staging.lucky-hunter.com\/product\/sillosocks-harvester-pack\/\",\"url\":\"https:\/\/staging.lucky-hunter.com\/product\/sillosocks-harvester-pack\/\",\"name\":\"Sillosocks Harvester Pack - 12 formes d\u2019Oies rieuses\/Oies cendr\u00e9es | Lucky Hunter\",\"isPartOf\":{\"@id\":\"https:\/\/staging.lucky-hunter.com\/#website\"},\"primaryImageOfPage\":{\"@id\":\"https:\/\/staging.lucky-hunter.com\/product\/sillosocks-harvester-pack\/#primaryimage\"},\"image\":{\"@id\":\"https:\/\/staging.lucky-hunter.com\/product\/sillosocks-harvester-pack\/#primaryimage\"},\"thumbnailUrl\":\"https:\/\/staging.lucky-hunter.com\/wp-content\/uploads\/2019\/07\/LF-123.png.webp\",\"datePublished\":\"2019-07-31T13:53:32+00:00\",\"dateModified\":\"2023-07-03T13:53:22+00:00\",\"description\":\"Sillosocks Harvester Pack - con\u00e7u pour ajouter de la vari\u00e9t\u00e9 \u00e0 votre troupeau. Le mouvement et les d\u00e9tails r\u00e9alistes ne manqueront pas d\u2019attirer les vraies oies.\",\"breadcrumb\":{\"@id\":\"https:\/\/staging.lucky-hunter.com\/product\/sillosocks-harvester-pack\/#breadcrumb\"},\"inLanguage\":\"fr-FR\",\"potentialAction\":[{\"@type\":\"ReadAction\",\"target\":[\"https:\/\/staging.lucky-hunter.com\/product\/sillosocks-harvester-pack\/\"]}]},{\"@type\":\"ImageObject\",\"inLanguage\":\"fr-FR\",\"@id\":\"https:\/\/staging.lucky-hunter.com\/product\/sillosocks-harvester-pack\/#primaryimage\",\"url\":\"https:\/\/staging.lucky-hunter.com\/wp-content\/uploads\/2019\/07\/LF-123.png.webp\",\"contentUrl\":\"https:\/\/staging.lucky-hunter.com\/wp-content\/uploads\/2019\/07\/LF-123.png.webp\",\"width\":1000,\"height\":1000},{\"@type\":\"BreadcrumbList\",\"@id\":\"https:\/\/staging.lucky-hunter.com\/product\/sillosocks-harvester-pack\/#breadcrumb\",\"itemListElement\":[{\"@type\":\"ListItem\",\"position\":1,\"name\":\"Home\",\"item\":\"https:\/\/staging.lucky-hunter.com\/fr\/\"},{\"@type\":\"ListItem\",\"position\":2,\"name\":\"Boutique\",\"item\":\"https:\/\/staging.lucky-hunter.com\/fr\/shop\/\"},{\"@type\":\"ListItem\",\"position\":3,\"name\":\"Sillosocks Harvester Pack &#8211; Oies rieuses\/Oies cendr\u00e9es pack de 12\"}]},{\"@type\":\"WebSite\",\"@id\":\"https:\/\/staging.lucky-hunter.com\/#website\",\"url\":\"https:\/\/staging.lucky-hunter.com\/\",\"name\":\"Lucky-Hunter\",\"description\":\"Gear Up or Give Up\",\"potentialAction\":[{\"@type\":\"SearchAction\",\"target\":{\"@type\":\"EntryPoint\",\"urlTemplate\":\"https:\/\/staging.lucky-hunter.com\/?s={search_term_string}\"},\"query-input\":{\"@type\":\"PropertyValueSpecification\",\"valueRequired\":true,\"valueName\":\"search_term_string\"}}],\"inLanguage\":\"fr-FR\"}]}<\/script>\n<!-- \/ Yoast SEO plugin. -->","yoast_head_json":{"title":"Sillosocks Harvester Pack - 12 formes d\u2019Oies rieuses\/Oies cendr\u00e9es | Lucky Hunter","description":"Sillosocks Harvester Pack - con\u00e7u pour ajouter de la vari\u00e9t\u00e9 \u00e0 votre troupeau. Le mouvement et les d\u00e9tails r\u00e9alistes ne manqueront pas d\u2019attirer les vraies oies.","robots":{"index":"noindex","follow":"follow","max-snippet":"max-snippet:-1","max-image-preview":"max-image-preview:large","max-video-preview":"max-video-preview:-1"},"og_locale":"fr_FR","og_type":"article","og_title":"Sillosocks Harvester Pack - Formes d\u2019Oies rieuses\/Oies cendr\u00e9es","og_description":"Sillosocks Harvester Pack - con\u00e7u pour ajouter de la vari\u00e9t\u00e9 \u00e0 votre troupeau. Le mouvement et les d\u00e9tails r\u00e9alistes ne manqueront pas d\u2019attirer les vraies oies.","og_url":"https:\/\/staging.lucky-hunter.com\/product\/sillosocks-harvester-pack\/","og_site_name":"Lucky-Hunter","article_modified_time":"2023-07-03T13:53:22+00:00","og_image":[{"width":1000,"height":1000,"url":"https:\/\/staging.lucky-hunter.com\/wp-content\/uploads\/2019\/07\/LF-123.png.webp","type":"image\/webp"}],"twitter_card":"summary_large_image","twitter_title":"Sillosocks Harvester Pack - Formes d\u2019Oies rieuses\/Oies cendr\u00e9es","twitter_description":"Sillosocks Harvester Pack - con\u00e7u pour ajouter de la vari\u00e9t\u00e9 \u00e0 votre troupeau. Le mouvement et les d\u00e9tails r\u00e9alistes ne manqueront pas d\u2019attirer les vraies oies.","twitter_misc":{"Dur\u00e9e de lecture estim\u00e9e":"1 minute"},"schema":{"@context":"https:\/\/schema.org","@graph":[{"@type":"WebPage","@id":"https:\/\/staging.lucky-hunter.com\/product\/sillosocks-harvester-pack\/","url":"https:\/\/staging.lucky-hunter.com\/product\/sillosocks-harvester-pack\/","name":"Sillosocks Harvester Pack - 12 formes d\u2019Oies rieuses\/Oies cendr\u00e9es | Lucky Hunter","isPartOf":{"@id":"https:\/\/staging.lucky-hunter.com\/#website"},"primaryImageOfPage":{"@id":"https:\/\/staging.lucky-hunter.com\/product\/sillosocks-harvester-pack\/#primaryimage"},"image":{"@id":"https:\/\/staging.lucky-hunter.com\/product\/sillosocks-harvester-pack\/#primaryimage"},"thumbnailUrl":"https:\/\/staging.lucky-hunter.com\/wp-content\/uploads\/2019\/07\/LF-123.png.webp","datePublished":"2019-07-31T13:53:32+00:00","dateModified":"2023-07-03T13:53:22+00:00","description":"Sillosocks Harvester Pack - con\u00e7u pour ajouter de la vari\u00e9t\u00e9 \u00e0 votre troupeau. Le mouvement et les d\u00e9tails r\u00e9alistes ne manqueront pas d\u2019attirer les vraies oies.","breadcrumb":{"@id":"https:\/\/staging.lucky-hunter.com\/product\/sillosocks-harvester-pack\/#breadcrumb"},"inLanguage":"fr-FR","potentialAction":[{"@type":"ReadAction","target":["https:\/\/staging.lucky-hunter.com\/product\/sillosocks-harvester-pack\/"]}]},{"@type":"ImageObject","inLanguage":"fr-FR","@id":"https:\/\/staging.lucky-hunter.com\/product\/sillosocks-harvester-pack\/#primaryimage","url":"https:\/\/staging.lucky-hunter.com\/wp-content\/uploads\/2019\/07\/LF-123.png.webp","contentUrl":"https:\/\/staging.lucky-hunter.com\/wp-content\/uploads\/2019\/07\/LF-123.png.webp","width":1000,"height":1000},{"@type":"BreadcrumbList","@id":"https:\/\/staging.lucky-hunter.com\/product\/sillosocks-harvester-pack\/#breadcrumb","itemListElement":[{"@type":"ListItem","position":1,"name":"Home","item":"https:\/\/staging.lucky-hunter.com\/fr\/"},{"@type":"ListItem","position":2,"name":"Boutique","item":"https:\/\/staging.lucky-hunter.com\/fr\/shop\/"},{"@type":"ListItem","position":3,"name":"Sillosocks Harvester Pack &#8211; Oies rieuses\/Oies cendr\u00e9es pack de 12"}]},{"@type":"WebSite","@id":"https:\/\/staging.lucky-hunter.com\/#website","url":"https:\/\/staging.lucky-hunter.com\/","name":"Lucky-Hunter","description":"Gear Up or Give Up","potentialAction":[{"@type":"SearchAction","target":{"@type":"EntryPoint","urlTemplate":"https:\/\/staging.lucky-hunter.com\/?s={search_term_string}"},"query-input":{"@type":"PropertyValueSpecification","valueRequired":true,"valueName":"search_term_string"}}],"inLanguage":"fr-FR"}]}},"_links":{"self":[{"href":"https:\/\/staging.lucky-hunter.com\/fr\/wp-json\/wp\/v2\/product\/30991"}],"collection":[{"href":"https:\/\/staging.lucky-hunter.com\/fr\/wp-json\/wp\/v2\/product"}],"about":[{"href":"https:\/\/staging.lucky-hunter.com\/fr\/wp-json\/wp\/v2\/types\/product"}],"wp:featuredmedia":[{"embeddable":true,"href":"https:\/\/staging.lucky-hunter.com\/fr\/wp-json\/wp\/v2\/media\/30452"}],"wp:attachment":[{"href":"https:\/\/staging.lucky-hunter.com\/fr\/wp-json\/wp\/v2\/media?parent=30991"}],"wp:term":[{"taxonomy":"product_brand","embeddable":true,"href":"https:\/\/staging.lucky-hunter.com\/fr\/wp-json\/wp\/v2\/product_brand?post=30991"},{"taxonomy":"product_cat","embeddable":true,"href":"https:\/\/staging.lucky-hunter.com\/fr\/wp-json\/wp\/v2\/product_cat?post=30991"},{"taxonomy":"product_tag","embeddable":true,"href":"https:\/\/staging.lucky-hunter.com\/fr\/wp-json\/wp\/v2\/product_tag?post=30991"}],"curies":[{"name":"wp","href":"https:\/\/api.w.org\/{rel}","templated":true}]}}