{"id":30990,"date":"2016-11-07T16:14:27","date_gmt":"2016-11-07T15:14:27","guid":{"rendered":"https:\/\/staging.lucky-hunter.com\/product\/sillosocks-specklebelly-feeder-2\/"},"modified":"2025-07-02T13:25:08","modified_gmt":"2025-07-02T11:25:08","slug":"sillosocks-specklebelly-feeder","status":"publish","type":"product","link":"https:\/\/staging.lucky-hunter.com\/fr\/product\/sillosocks-specklebelly-feeder\/","title":{"rendered":"Sillosocks Specklebelly \/ Greylag Feeder 6 pi\u00e8ces"},"content":{"rendered":"<p><iframe title=\"Sillosocks Specklebelly\/greylag decoys\" width=\"1020\" height=\"574\" src=\"https:\/\/www.youtube.com\/embed\/e3wBy7kb--4?wmode=transparent&amp;rel=0&amp;feature=oembed&#038;enablejsapi=1&#038;origin=https:\/\/staging.lucky-hunter.com\" frameborder=\"0\" allow=\"accelerometer; autoplay; clipboard-write; encrypted-media; gyroscope; picture-in-picture; web-share\" referrerpolicy=\"strict-origin-when-cross-origin\" allowfullscreen><\/iframe><\/p>\n<h2><strong>Sillosocks Specklebelly Feeder &#8211; l\u00e9ger, ajoute du mouvement \u00e0 votre nu\u00e9e<\/strong><\/h2>\n<p>Les Windsocks de Sillosocks sont parmi les leurres les plus populaires aux \u00c9tats-Unis et ce n&#8217;est pas sans raison.<\/p>\n<p>Ces leurres \u00e9tonnants sont con\u00e7us pour se d\u00e9placer dans le vent. L&#8217;utilisation de leurres \u00e0 vent avec les leurres traditionnels cr\u00e9e une vivacit\u00e9 incroyable dans la foule et attire l&#8217;attention des oies migratrices.<\/p>\n<p>Un avantage majeur est qu&#8217;ils prennent tr\u00e8s peu de place pendant le transport et le stockage. Vous pouvez facilement transporter 24 leurres ou plus dans le sac \u00e0 leurres, ce qui vous fait gagner beaucoup de temps dans les allers-retours \u00e0 la voiture.<\/p>\n<p>Mettez-les contre le vent et voyez par vous-m\u00eame le rendu super naturel.<\/p>\n<p>Ce mod\u00e8le est le mod\u00e8le Specklebelly (\u00e9galement utilis\u00e9 pour les Greylags) et les 12 pi\u00e8ces sont livr\u00e9es avec une position de t\u00eate mangeuse.<\/p>\n<p>Vendu \u00e0 l\u2019unit\u00e9.<\/p>\n","protected":false},"excerpt":{"rendered":"<p>Les Windsocks de Sillosocks sont parmi les leurres les plus populaires aux \u00c9tats-Unis et ce n&#8217;est pas sans raison.\u00a0Ces leurres exceptionnels sont con\u00e7us pour se d\u00e9placer dans le vent.<\/p>\n","protected":false},"featured_media":28919,"template":"","meta":[],"product_brand":[8126],"product_cat":[8175,8176,8177,9736],"product_tag":[9446],"yoast_head":"<!-- This site is optimized with the Yoast SEO plugin v24.3 - https:\/\/yoast.com\/wordpress\/plugins\/seo\/ -->\n<title>Leurres l\u00e9gers Sillosocks Specklebelly Feeder | Chasseur chanceux<\/title>\n<meta name=\"description\" content=\"L\u00e9ger avec un grand mouvement. Les leurres Sillosocks Specklebelly Feeder sont parfaits pour remplir vos rangs de leurres et ajouter le mouvement n\u00e9cessaire.\" \/>\n<meta name=\"robots\" content=\"noindex, follow, max-snippet:-1, max-image-preview:large, max-video-preview:-1\" \/>\n<meta property=\"og:locale\" content=\"fr_FR\" \/>\n<meta property=\"og:type\" content=\"article\" \/>\n<meta property=\"og:title\" content=\"Leurres l\u00e9gers Sillosocks Specklebelly Feeder | Chasseur chanceux\" \/>\n<meta property=\"og:description\" content=\"L\u00e9ger avec un grand mouvement. Les leurres Sillosocks Specklebelly Feeder sont parfaits pour remplir vos rangs de leurres et ajouter le mouvement n\u00e9cessaire.\" \/>\n<meta property=\"og:url\" content=\"https:\/\/staging.lucky-hunter.com\/product\/sillosocks-pinkfoot-specklebelly-greylag-feeder-decoys\/\" \/>\n<meta property=\"og:site_name\" content=\"Lucky-Hunter\" \/>\n<meta property=\"article:modified_time\" content=\"2025-07-02T11:25:08+00:00\" \/>\n<meta property=\"og:image\" content=\"https:\/\/staging.lucky-hunter.com\/wp-content\/uploads\/2017\/06\/LF-126.png\" \/>\n\t<meta property=\"og:image:width\" content=\"1000\" \/>\n\t<meta property=\"og:image:height\" content=\"1000\" \/>\n\t<meta property=\"og:image:type\" content=\"image\/png\" \/>\n<meta name=\"twitter:card\" content=\"summary_large_image\" \/>\n<meta name=\"twitter:title\" content=\"Leurres l\u00e9gers Sillosocks Specklebelly Feeder | Chasseur chanceux\" \/>\n<meta name=\"twitter:description\" content=\"L\u00e9ger avec un grand mouvement. Les leurres Sillosocks Specklebelly Feeder sont parfaits pour remplir vos rangs de leurres et ajouter le mouvement n\u00e9cessaire.\" \/>\n<meta name=\"twitter:label1\" content=\"Dur\u00e9e de lecture estim\u00e9e\" \/>\n\t<meta name=\"twitter:data1\" content=\"1 minute\" \/>\n<script type=\"application\/ld+json\" class=\"yoast-schema-graph\">{\"@context\":\"https:\/\/schema.org\",\"@graph\":[{\"@type\":\"WebPage\",\"@id\":\"https:\/\/staging.lucky-hunter.com\/product\/sillosocks-pinkfoot-specklebelly-greylag-feeder-decoys\/\",\"url\":\"https:\/\/staging.lucky-hunter.com\/product\/sillosocks-pinkfoot-specklebelly-greylag-feeder-decoys\/\",\"name\":\"Leurres l\u00e9gers Sillosocks Specklebelly Feeder | Chasseur chanceux\",\"isPartOf\":{\"@id\":\"https:\/\/staging.lucky-hunter.com\/#website\"},\"primaryImageOfPage\":{\"@id\":\"https:\/\/staging.lucky-hunter.com\/product\/sillosocks-pinkfoot-specklebelly-greylag-feeder-decoys\/#primaryimage\"},\"image\":{\"@id\":\"https:\/\/staging.lucky-hunter.com\/product\/sillosocks-pinkfoot-specklebelly-greylag-feeder-decoys\/#primaryimage\"},\"thumbnailUrl\":\"https:\/\/staging.lucky-hunter.com\/wp-content\/uploads\/2017\/06\/LF-126.png\",\"datePublished\":\"2016-11-07T15:14:27+00:00\",\"dateModified\":\"2025-07-02T11:25:08+00:00\",\"description\":\"L\u00e9ger avec un grand mouvement. Les leurres Sillosocks Specklebelly Feeder sont parfaits pour remplir vos rangs de leurres et ajouter le mouvement n\u00e9cessaire.\",\"breadcrumb\":{\"@id\":\"https:\/\/staging.lucky-hunter.com\/product\/sillosocks-pinkfoot-specklebelly-greylag-feeder-decoys\/#breadcrumb\"},\"inLanguage\":\"fr-FR\",\"potentialAction\":[{\"@type\":\"ReadAction\",\"target\":[\"https:\/\/staging.lucky-hunter.com\/product\/sillosocks-pinkfoot-specklebelly-greylag-feeder-decoys\/\"]}]},{\"@type\":\"ImageObject\",\"inLanguage\":\"fr-FR\",\"@id\":\"https:\/\/staging.lucky-hunter.com\/product\/sillosocks-pinkfoot-specklebelly-greylag-feeder-decoys\/#primaryimage\",\"url\":\"https:\/\/staging.lucky-hunter.com\/wp-content\/uploads\/2017\/06\/LF-126.png\",\"contentUrl\":\"https:\/\/staging.lucky-hunter.com\/wp-content\/uploads\/2017\/06\/LF-126.png\",\"width\":1000,\"height\":1000},{\"@type\":\"BreadcrumbList\",\"@id\":\"https:\/\/staging.lucky-hunter.com\/product\/sillosocks-pinkfoot-specklebelly-greylag-feeder-decoys\/#breadcrumb\",\"itemListElement\":[{\"@type\":\"ListItem\",\"position\":1,\"name\":\"Home\",\"item\":\"https:\/\/staging.lucky-hunter.com\/fr\/\"},{\"@type\":\"ListItem\",\"position\":2,\"name\":\"Boutique\",\"item\":\"https:\/\/staging.lucky-hunter.com\/fr\/shop\/\"},{\"@type\":\"ListItem\",\"position\":3,\"name\":\"Sillosocks Specklebelly \/ Greylag Feeder 6 pi\u00e8ces\"}]},{\"@type\":\"WebSite\",\"@id\":\"https:\/\/staging.lucky-hunter.com\/#website\",\"url\":\"https:\/\/staging.lucky-hunter.com\/\",\"name\":\"Lucky-Hunter\",\"description\":\"Gear Up or Give Up\",\"potentialAction\":[{\"@type\":\"SearchAction\",\"target\":{\"@type\":\"EntryPoint\",\"urlTemplate\":\"https:\/\/staging.lucky-hunter.com\/?s={search_term_string}\"},\"query-input\":{\"@type\":\"PropertyValueSpecification\",\"valueRequired\":true,\"valueName\":\"search_term_string\"}}],\"inLanguage\":\"fr-FR\"}]}<\/script>\n<!-- \/ Yoast SEO plugin. -->","yoast_head_json":{"title":"Leurres l\u00e9gers Sillosocks Specklebelly Feeder | Chasseur chanceux","description":"L\u00e9ger avec un grand mouvement. Les leurres Sillosocks Specklebelly Feeder sont parfaits pour remplir vos rangs de leurres et ajouter le mouvement n\u00e9cessaire.","robots":{"index":"noindex","follow":"follow","max-snippet":"max-snippet:-1","max-image-preview":"max-image-preview:large","max-video-preview":"max-video-preview:-1"},"og_locale":"fr_FR","og_type":"article","og_title":"Leurres l\u00e9gers Sillosocks Specklebelly Feeder | Chasseur chanceux","og_description":"L\u00e9ger avec un grand mouvement. Les leurres Sillosocks Specklebelly Feeder sont parfaits pour remplir vos rangs de leurres et ajouter le mouvement n\u00e9cessaire.","og_url":"https:\/\/staging.lucky-hunter.com\/product\/sillosocks-pinkfoot-specklebelly-greylag-feeder-decoys\/","og_site_name":"Lucky-Hunter","article_modified_time":"2025-07-02T11:25:08+00:00","og_image":[{"width":1000,"height":1000,"url":"https:\/\/staging.lucky-hunter.com\/wp-content\/uploads\/2017\/06\/LF-126.png","type":"image\/png"}],"twitter_card":"summary_large_image","twitter_title":"Leurres l\u00e9gers Sillosocks Specklebelly Feeder | Chasseur chanceux","twitter_description":"L\u00e9ger avec un grand mouvement. Les leurres Sillosocks Specklebelly Feeder sont parfaits pour remplir vos rangs de leurres et ajouter le mouvement n\u00e9cessaire.","twitter_misc":{"Dur\u00e9e de lecture estim\u00e9e":"1 minute"},"schema":{"@context":"https:\/\/schema.org","@graph":[{"@type":"WebPage","@id":"https:\/\/staging.lucky-hunter.com\/product\/sillosocks-pinkfoot-specklebelly-greylag-feeder-decoys\/","url":"https:\/\/staging.lucky-hunter.com\/product\/sillosocks-pinkfoot-specklebelly-greylag-feeder-decoys\/","name":"Leurres l\u00e9gers Sillosocks Specklebelly Feeder | Chasseur chanceux","isPartOf":{"@id":"https:\/\/staging.lucky-hunter.com\/#website"},"primaryImageOfPage":{"@id":"https:\/\/staging.lucky-hunter.com\/product\/sillosocks-pinkfoot-specklebelly-greylag-feeder-decoys\/#primaryimage"},"image":{"@id":"https:\/\/staging.lucky-hunter.com\/product\/sillosocks-pinkfoot-specklebelly-greylag-feeder-decoys\/#primaryimage"},"thumbnailUrl":"https:\/\/staging.lucky-hunter.com\/wp-content\/uploads\/2017\/06\/LF-126.png","datePublished":"2016-11-07T15:14:27+00:00","dateModified":"2025-07-02T11:25:08+00:00","description":"L\u00e9ger avec un grand mouvement. Les leurres Sillosocks Specklebelly Feeder sont parfaits pour remplir vos rangs de leurres et ajouter le mouvement n\u00e9cessaire.","breadcrumb":{"@id":"https:\/\/staging.lucky-hunter.com\/product\/sillosocks-pinkfoot-specklebelly-greylag-feeder-decoys\/#breadcrumb"},"inLanguage":"fr-FR","potentialAction":[{"@type":"ReadAction","target":["https:\/\/staging.lucky-hunter.com\/product\/sillosocks-pinkfoot-specklebelly-greylag-feeder-decoys\/"]}]},{"@type":"ImageObject","inLanguage":"fr-FR","@id":"https:\/\/staging.lucky-hunter.com\/product\/sillosocks-pinkfoot-specklebelly-greylag-feeder-decoys\/#primaryimage","url":"https:\/\/staging.lucky-hunter.com\/wp-content\/uploads\/2017\/06\/LF-126.png","contentUrl":"https:\/\/staging.lucky-hunter.com\/wp-content\/uploads\/2017\/06\/LF-126.png","width":1000,"height":1000},{"@type":"BreadcrumbList","@id":"https:\/\/staging.lucky-hunter.com\/product\/sillosocks-pinkfoot-specklebelly-greylag-feeder-decoys\/#breadcrumb","itemListElement":[{"@type":"ListItem","position":1,"name":"Home","item":"https:\/\/staging.lucky-hunter.com\/fr\/"},{"@type":"ListItem","position":2,"name":"Boutique","item":"https:\/\/staging.lucky-hunter.com\/fr\/shop\/"},{"@type":"ListItem","position":3,"name":"Sillosocks Specklebelly \/ Greylag Feeder 6 pi\u00e8ces"}]},{"@type":"WebSite","@id":"https:\/\/staging.lucky-hunter.com\/#website","url":"https:\/\/staging.lucky-hunter.com\/","name":"Lucky-Hunter","description":"Gear Up or Give Up","potentialAction":[{"@type":"SearchAction","target":{"@type":"EntryPoint","urlTemplate":"https:\/\/staging.lucky-hunter.com\/?s={search_term_string}"},"query-input":{"@type":"PropertyValueSpecification","valueRequired":true,"valueName":"search_term_string"}}],"inLanguage":"fr-FR"}]}},"_links":{"self":[{"href":"https:\/\/staging.lucky-hunter.com\/fr\/wp-json\/wp\/v2\/product\/30990"}],"collection":[{"href":"https:\/\/staging.lucky-hunter.com\/fr\/wp-json\/wp\/v2\/product"}],"about":[{"href":"https:\/\/staging.lucky-hunter.com\/fr\/wp-json\/wp\/v2\/types\/product"}],"wp:featuredmedia":[{"embeddable":true,"href":"https:\/\/staging.lucky-hunter.com\/fr\/wp-json\/wp\/v2\/media\/28919"}],"wp:attachment":[{"href":"https:\/\/staging.lucky-hunter.com\/fr\/wp-json\/wp\/v2\/media?parent=30990"}],"wp:term":[{"taxonomy":"product_brand","embeddable":true,"href":"https:\/\/staging.lucky-hunter.com\/fr\/wp-json\/wp\/v2\/product_brand?post=30990"},{"taxonomy":"product_cat","embeddable":true,"href":"https:\/\/staging.lucky-hunter.com\/fr\/wp-json\/wp\/v2\/product_cat?post=30990"},{"taxonomy":"product_tag","embeddable":true,"href":"https:\/\/staging.lucky-hunter.com\/fr\/wp-json\/wp\/v2\/product_tag?post=30990"}],"curies":[{"name":"wp","href":"https:\/\/api.w.org\/{rel}","templated":true}]}}