{"id":30989,"date":"2020-06-23T15:56:27","date_gmt":"2020-06-23T13:56:27","guid":{"rendered":"https:\/\/staging.lucky-hunter.com\/product\/avian-x-specklebelly-painted-2\/"},"modified":"2024-11-14T11:09:45","modified_gmt":"2024-11-14T10:09:45","slug":"avian-x-specklebelly-painted","status":"publish","type":"product","link":"https:\/\/staging.lucky-hunter.com\/fr\/product\/avian-x-specklebelly-painted\/","title":{"rendered":"Avian-X Oie Rieuse &#8211; Peint"},"content":{"rendered":"<h2><strong>Avian-X Specklebelly &#8211; L&#8217;excellence est dans les d\u00e9tails<\/strong><\/h2>\n<p>Avian-X se concentre sur le d\u00e9veloppement constant de ses leurres pour en faire les meilleurs du march\u00e9. Ce d\u00e9veloppement am\u00e9liorera ainsi votre succ\u00e8s de chasse lors de l&#8217;utilisation de Avian-X.<\/p>\n<p>Contrairement \u00e0 d&#8217;autres marques qui d\u00e9veloppent des leurres de chasse, Avian-X n&#8217;utilise pas simplement le m\u00eame moule pour tous les leurres. Cela signifie que les d\u00e9tails sont uniques \u00e0 chacun d\u2019entre eux. Ils veillent \u00e9galement \u00e0 ce que les couleurs et les motifs des plumes correspondent \u00e0 ceux des vrais oiseaux.<\/p>\n<p>Avian-X a investi des centaines d&#8217;heures de travail dans la sculpture et la peinture de chaque race d&#8217;oiseau pour laquelle ils proposent un leurre. Cela signifie que les leurres sont exacts en termes d&#8217;anatomie, de position de la t\u00eate et du corps. Certains packs contiennent diff\u00e9rentes positions de la t\u00eate et du corps sp\u00e9cifiques \u00e0 la race de l&#8217;oiseau. Ce niveau de d\u00e9tail rend les oiseaux encore plus r\u00e9alistes et plus susceptibles d\u2019attirer les vrais oiseaux.<\/p>\n<h4><strong>Le pack contient des oies rieuses avec 6 positions de t\u00eate diff\u00e9rentes\u00a0:<\/strong><\/h4>\n<ul>\n<li>1 sentinelle<\/li>\n<li>2 marcheuses<\/li>\n<li>3 mangeuses<\/li>\n<li>6 piquets de montage de grande qualit\u00e9 pour que les oies puissent \u00eatre stables m\u00eame par vent fort<\/li>\n<li>1 sac de leurre avec 6 emplacements pour vos leurres<\/li>\n<\/ul>\n<p>Les leurres \u00e0 oie sont fabriqu\u00e9s dans un plastique plus souple et plus flexible que les autres leurres du march\u00e9. Gr\u00e2ce au mat\u00e9riau plus souple, les oiseaux peuvent \u00eatre manipul\u00e9s par temps tr\u00e8s froid sans risque de fissures. Cela peut \u00eatre un vrai probl\u00e8me avec les plastiques plus durs lors du brossage de la neige et du givre. Cela signifie que vous pouvez \u00e9galement retirer rapidement et facilement la glace et la neige de vos leurres, ainsi que les nettoyer facilement lorsqu&#8217;ils sont boueux ou sales.<\/p>\n<p>Les leurres Avian-X Specklebelly sont peints avec la m\u00eame peinture r\u00e9volutionnaire mate et ultra-adh\u00e9rente que vous attendez des leurres Avian-X. Les oies <strong>ne brillent pas<\/strong> lors des tests avec la lumi\u00e8re UV.<\/p>\n<p>Certains chasseurs d&#8217;oies seront sceptiques et garderont les anciens leurres traditionnels avec flocage. Cependant, Avian-X est une entreprise qui embrasse l&#8217;innovation, et le march\u00e9 international a demand\u00e9 des leurres de grande qualit\u00e9 sans flocage. L&#8217;un des principaux probl\u00e8mes avec le flocage est la rapidit\u00e9 avec laquelle il est \u00e9limin\u00e9 lors de la manipulation r\u00e9guli\u00e8re des leurres. La peinture innovante pour leurres garantit que cela ne se produise pas avec Avian-X, et les leurres restent beaux beaucoup plus longtemps.<\/p>\n<p>Si vous choisissez d&#8217;avoir les leurres les plus naturels du march\u00e9 et que vous les souhaitez avec du flocage, le Avian-X Specklebelly (num\u00e9ro de produit LF-319) est fait pour vous.<\/p>\n","protected":false},"excerpt":{"rendered":"<p>Avian-X a investi des centaines d&#8217;heures de travail pour sculpter et peindre ces magnifiques leurres d&#8217;oies rieuses. Vous ne trouverez pas de leurres plus naturels sur le march\u00e9.<\/p>\n","protected":false},"featured_media":30430,"template":"","meta":[],"product_brand":[8132],"product_cat":[8177],"product_tag":[],"yoast_head":"<!-- This site is optimized with the Yoast SEO plugin v24.3 - https:\/\/yoast.com\/wordpress\/plugins\/seo\/ -->\n<title>Avian-X Oie Rieuse - Formes Peintes de Haute Qualit\u00e9 | Lucky Hunter<\/title>\n<meta name=\"description\" content=\"Les formes peintes Avian-X Oie Rieuse sont de haute qualit\u00e9 avec une grande attention aux d\u00e9tails. Ces formes ressemblent exactement \u00e0 de vraies oies.\" \/>\n<meta name=\"robots\" content=\"noindex, follow, max-snippet:-1, max-image-preview:large, max-video-preview:-1\" \/>\n<meta property=\"og:locale\" content=\"fr_FR\" \/>\n<meta property=\"og:type\" content=\"article\" \/>\n<meta property=\"og:title\" content=\"Avian-X Specklebelly - High-Quality Painted Decoys | Lucky Hunter\" \/>\n<meta property=\"og:description\" content=\"Les formes peintes Avian-X Oie Rieuse sont de haute qualit\u00e9 avec une grande attention aux d\u00e9tails. Ces formes ressemblent exactement \u00e0 de vraies oies.\" \/>\n<meta property=\"og:url\" content=\"https:\/\/staging.lucky-hunter.com\/product\/avian-x-specklebelly-painted\/\" \/>\n<meta property=\"og:site_name\" content=\"Lucky-Hunter\" \/>\n<meta property=\"article:modified_time\" content=\"2024-11-14T10:09:45+00:00\" \/>\n<meta property=\"og:image\" content=\"https:\/\/staging.lucky-hunter.com\/wp-content\/uploads\/2020\/06\/LF-318.png.webp\" \/>\n\t<meta property=\"og:image:width\" content=\"1000\" \/>\n\t<meta property=\"og:image:height\" content=\"1000\" \/>\n\t<meta property=\"og:image:type\" content=\"image\/webp\" \/>\n<meta name=\"twitter:card\" content=\"summary_large_image\" \/>\n<meta name=\"twitter:title\" content=\"Avian-X Oie Rieuse - Formes Peintes de Haute Qualit\u00e9 | Lucky Hunter\" \/>\n<meta name=\"twitter:description\" content=\"Les formes peintes Avian-X Oie Rieuse sont de haute qualit\u00e9 avec une grande attention aux d\u00e9tails. Ces formes ressemblent exactement \u00e0 de vraies oies.\" \/>\n<meta name=\"twitter:label1\" content=\"Dur\u00e9e de lecture estim\u00e9e\" \/>\n\t<meta name=\"twitter:data1\" content=\"2 minutes\" \/>\n<script type=\"application\/ld+json\" class=\"yoast-schema-graph\">{\"@context\":\"https:\/\/schema.org\",\"@graph\":[{\"@type\":\"WebPage\",\"@id\":\"https:\/\/staging.lucky-hunter.com\/product\/avian-x-specklebelly-painted\/\",\"url\":\"https:\/\/staging.lucky-hunter.com\/product\/avian-x-specklebelly-painted\/\",\"name\":\"Avian-X Oie Rieuse - Formes Peintes de Haute Qualit\u00e9 | Lucky Hunter\",\"isPartOf\":{\"@id\":\"https:\/\/staging.lucky-hunter.com\/#website\"},\"primaryImageOfPage\":{\"@id\":\"https:\/\/staging.lucky-hunter.com\/product\/avian-x-specklebelly-painted\/#primaryimage\"},\"image\":{\"@id\":\"https:\/\/staging.lucky-hunter.com\/product\/avian-x-specklebelly-painted\/#primaryimage\"},\"thumbnailUrl\":\"https:\/\/staging.lucky-hunter.com\/wp-content\/uploads\/2020\/06\/LF-318.png.webp\",\"datePublished\":\"2020-06-23T13:56:27+00:00\",\"dateModified\":\"2024-11-14T10:09:45+00:00\",\"description\":\"Les formes peintes Avian-X Oie Rieuse sont de haute qualit\u00e9 avec une grande attention aux d\u00e9tails. Ces formes ressemblent exactement \u00e0 de vraies oies.\",\"breadcrumb\":{\"@id\":\"https:\/\/staging.lucky-hunter.com\/product\/avian-x-specklebelly-painted\/#breadcrumb\"},\"inLanguage\":\"fr-FR\",\"potentialAction\":[{\"@type\":\"ReadAction\",\"target\":[\"https:\/\/staging.lucky-hunter.com\/product\/avian-x-specklebelly-painted\/\"]}]},{\"@type\":\"ImageObject\",\"inLanguage\":\"fr-FR\",\"@id\":\"https:\/\/staging.lucky-hunter.com\/product\/avian-x-specklebelly-painted\/#primaryimage\",\"url\":\"https:\/\/staging.lucky-hunter.com\/wp-content\/uploads\/2020\/06\/LF-318.png.webp\",\"contentUrl\":\"https:\/\/staging.lucky-hunter.com\/wp-content\/uploads\/2020\/06\/LF-318.png.webp\",\"width\":1000,\"height\":1000},{\"@type\":\"BreadcrumbList\",\"@id\":\"https:\/\/staging.lucky-hunter.com\/product\/avian-x-specklebelly-painted\/#breadcrumb\",\"itemListElement\":[{\"@type\":\"ListItem\",\"position\":1,\"name\":\"Home\",\"item\":\"https:\/\/staging.lucky-hunter.com\/fr\/\"},{\"@type\":\"ListItem\",\"position\":2,\"name\":\"Boutique\",\"item\":\"https:\/\/staging.lucky-hunter.com\/fr\/shop\/\"},{\"@type\":\"ListItem\",\"position\":3,\"name\":\"Avian-X Oie Rieuse &#8211; Peint\"}]},{\"@type\":\"WebSite\",\"@id\":\"https:\/\/staging.lucky-hunter.com\/#website\",\"url\":\"https:\/\/staging.lucky-hunter.com\/\",\"name\":\"Lucky-Hunter\",\"description\":\"Gear Up or Give Up\",\"potentialAction\":[{\"@type\":\"SearchAction\",\"target\":{\"@type\":\"EntryPoint\",\"urlTemplate\":\"https:\/\/staging.lucky-hunter.com\/?s={search_term_string}\"},\"query-input\":{\"@type\":\"PropertyValueSpecification\",\"valueRequired\":true,\"valueName\":\"search_term_string\"}}],\"inLanguage\":\"fr-FR\"}]}<\/script>\n<!-- \/ Yoast SEO plugin. -->","yoast_head_json":{"title":"Avian-X Oie Rieuse - Formes Peintes de Haute Qualit\u00e9 | Lucky Hunter","description":"Les formes peintes Avian-X Oie Rieuse sont de haute qualit\u00e9 avec une grande attention aux d\u00e9tails. Ces formes ressemblent exactement \u00e0 de vraies oies.","robots":{"index":"noindex","follow":"follow","max-snippet":"max-snippet:-1","max-image-preview":"max-image-preview:large","max-video-preview":"max-video-preview:-1"},"og_locale":"fr_FR","og_type":"article","og_title":"Avian-X Specklebelly - High-Quality Painted Decoys | Lucky Hunter","og_description":"Les formes peintes Avian-X Oie Rieuse sont de haute qualit\u00e9 avec une grande attention aux d\u00e9tails. Ces formes ressemblent exactement \u00e0 de vraies oies.","og_url":"https:\/\/staging.lucky-hunter.com\/product\/avian-x-specklebelly-painted\/","og_site_name":"Lucky-Hunter","article_modified_time":"2024-11-14T10:09:45+00:00","og_image":[{"width":1000,"height":1000,"url":"https:\/\/staging.lucky-hunter.com\/wp-content\/uploads\/2020\/06\/LF-318.png.webp","type":"image\/webp"}],"twitter_card":"summary_large_image","twitter_title":"Avian-X Oie Rieuse - Formes Peintes de Haute Qualit\u00e9 | Lucky Hunter","twitter_description":"Les formes peintes Avian-X Oie Rieuse sont de haute qualit\u00e9 avec une grande attention aux d\u00e9tails. Ces formes ressemblent exactement \u00e0 de vraies oies.","twitter_misc":{"Dur\u00e9e de lecture estim\u00e9e":"2 minutes"},"schema":{"@context":"https:\/\/schema.org","@graph":[{"@type":"WebPage","@id":"https:\/\/staging.lucky-hunter.com\/product\/avian-x-specklebelly-painted\/","url":"https:\/\/staging.lucky-hunter.com\/product\/avian-x-specklebelly-painted\/","name":"Avian-X Oie Rieuse - Formes Peintes de Haute Qualit\u00e9 | Lucky Hunter","isPartOf":{"@id":"https:\/\/staging.lucky-hunter.com\/#website"},"primaryImageOfPage":{"@id":"https:\/\/staging.lucky-hunter.com\/product\/avian-x-specklebelly-painted\/#primaryimage"},"image":{"@id":"https:\/\/staging.lucky-hunter.com\/product\/avian-x-specklebelly-painted\/#primaryimage"},"thumbnailUrl":"https:\/\/staging.lucky-hunter.com\/wp-content\/uploads\/2020\/06\/LF-318.png.webp","datePublished":"2020-06-23T13:56:27+00:00","dateModified":"2024-11-14T10:09:45+00:00","description":"Les formes peintes Avian-X Oie Rieuse sont de haute qualit\u00e9 avec une grande attention aux d\u00e9tails. Ces formes ressemblent exactement \u00e0 de vraies oies.","breadcrumb":{"@id":"https:\/\/staging.lucky-hunter.com\/product\/avian-x-specklebelly-painted\/#breadcrumb"},"inLanguage":"fr-FR","potentialAction":[{"@type":"ReadAction","target":["https:\/\/staging.lucky-hunter.com\/product\/avian-x-specklebelly-painted\/"]}]},{"@type":"ImageObject","inLanguage":"fr-FR","@id":"https:\/\/staging.lucky-hunter.com\/product\/avian-x-specklebelly-painted\/#primaryimage","url":"https:\/\/staging.lucky-hunter.com\/wp-content\/uploads\/2020\/06\/LF-318.png.webp","contentUrl":"https:\/\/staging.lucky-hunter.com\/wp-content\/uploads\/2020\/06\/LF-318.png.webp","width":1000,"height":1000},{"@type":"BreadcrumbList","@id":"https:\/\/staging.lucky-hunter.com\/product\/avian-x-specklebelly-painted\/#breadcrumb","itemListElement":[{"@type":"ListItem","position":1,"name":"Home","item":"https:\/\/staging.lucky-hunter.com\/fr\/"},{"@type":"ListItem","position":2,"name":"Boutique","item":"https:\/\/staging.lucky-hunter.com\/fr\/shop\/"},{"@type":"ListItem","position":3,"name":"Avian-X Oie Rieuse &#8211; Peint"}]},{"@type":"WebSite","@id":"https:\/\/staging.lucky-hunter.com\/#website","url":"https:\/\/staging.lucky-hunter.com\/","name":"Lucky-Hunter","description":"Gear Up or Give Up","potentialAction":[{"@type":"SearchAction","target":{"@type":"EntryPoint","urlTemplate":"https:\/\/staging.lucky-hunter.com\/?s={search_term_string}"},"query-input":{"@type":"PropertyValueSpecification","valueRequired":true,"valueName":"search_term_string"}}],"inLanguage":"fr-FR"}]}},"_links":{"self":[{"href":"https:\/\/staging.lucky-hunter.com\/fr\/wp-json\/wp\/v2\/product\/30989"}],"collection":[{"href":"https:\/\/staging.lucky-hunter.com\/fr\/wp-json\/wp\/v2\/product"}],"about":[{"href":"https:\/\/staging.lucky-hunter.com\/fr\/wp-json\/wp\/v2\/types\/product"}],"wp:featuredmedia":[{"embeddable":true,"href":"https:\/\/staging.lucky-hunter.com\/fr\/wp-json\/wp\/v2\/media\/30430"}],"wp:attachment":[{"href":"https:\/\/staging.lucky-hunter.com\/fr\/wp-json\/wp\/v2\/media?parent=30989"}],"wp:term":[{"taxonomy":"product_brand","embeddable":true,"href":"https:\/\/staging.lucky-hunter.com\/fr\/wp-json\/wp\/v2\/product_brand?post=30989"},{"taxonomy":"product_cat","embeddable":true,"href":"https:\/\/staging.lucky-hunter.com\/fr\/wp-json\/wp\/v2\/product_cat?post=30989"},{"taxonomy":"product_tag","embeddable":true,"href":"https:\/\/staging.lucky-hunter.com\/fr\/wp-json\/wp\/v2\/product_tag?post=30989"}],"curies":[{"name":"wp","href":"https:\/\/api.w.org\/{rel}","templated":true}]}}