{"id":30988,"date":"2017-03-13T15:41:45","date_gmt":"2017-03-13T14:41:45","guid":{"rendered":"https:\/\/staging.lucky-hunter.com\/product\/avian-x-axf-specklebelly-fusion-pack-2\/"},"modified":"2024-08-01T17:32:20","modified_gmt":"2024-08-01T15:32:20","slug":"avian-x-axf-specklebelly-fusion-pack","status":"publish","type":"product","link":"https:\/\/staging.lucky-hunter.com\/fr\/product\/avian-x-axf-specklebelly-fusion-pack\/","title":{"rendered":"Avian-X AXF d&#8217;oie rieuse &#8211; Pack Fusion"},"content":{"rendered":"<p><iframe title=\"Avian-X AXF Specklebelly | Flocked full body decoys\" width=\"1020\" height=\"574\" src=\"https:\/\/www.youtube.com\/embed\/fMWLLjrapGc?wmode=transparent&amp;rel=0&amp;feature=oembed&#038;enablejsapi=1&#038;origin=https:\/\/staging.lucky-hunter.com\" frameborder=\"0\" allow=\"accelerometer; autoplay; clipboard-write; encrypted-media; gyroscope; picture-in-picture\" allowfullscreen><\/iframe><\/p>\n<h2><strong>Avian-X AXF Specklebelly &#8211; Pack Fusion &#8211; NOUVELLE gamme Nordic Goose de Avian-X<\/strong><\/h2>\n<p>Avian-X se concentre sur l&#8217;innovation et le d\u00e9veloppement continu pour cr\u00e9er les leurres de la meilleure qualit\u00e9 et les plus naturels au monde.<\/p>\n<p>Contrairement \u00e0 d&#8217;autres fournisseurs, Avian-X ne choisit pas la solution de facilit\u00e9 consistant \u00e0 utiliser le m\u00eame mod\u00e8le pour tous les leurres, les couleurs \u00e9tant la seule variation.<\/p>\n<p>Avian-X a investi des centaines d&#8217;heures pour concevoir et peindre chaque type d&#8217;oiseau &#8211; dans ce cas &#8211; l&#8217;oie rieuse, et il en r\u00e9sulte des leurres avec des d\u00e9tails extr\u00eames, \u00e0 la fois dans l&#8217;anatomie, les positions de la t\u00eate et les postures du corps. Ce proc\u00e9d\u00e9 unique permet de faire des leurres une copie exacte de la r\u00e9alit\u00e9.<\/p>\n<p><strong>Vendues par pack de 6 avec diff\u00e9rentes positions de t\u00eate\u00a0:<\/strong><\/p>\n<ul>\n<li>1 Oie Sentinelle<\/li>\n<li>2 Oies en train de marcher<\/li>\n<li>3 Oies en train de se nourrir<\/li>\n<li>6 piquets de montage de qualit\u00e9 solides, de sorte que les oies sont stables m\u00eame par vent fort<\/li>\n<li>1 \u00e9tui de transport Avian-X avec 6 compartiments.<\/li>\n<\/ul>\n<p>Les leurres sont fabriqu\u00e9s dans un plastique souple et flexible et l&#8217;avantage est, entre autres, que les leurres peuvent \u00eatre utilis\u00e9s sans risque de fissure, m\u00eame \u00e0 des temp\u00e9ratures glaciales.<\/p>\n<p>Si vous voulez les leurres les plus r\u00e9alistes, et qui doivent \u00eatre floqu\u00e9s, alors il vous suffit de choisir Avian-X Specklebelly.<\/p>\n","protected":false},"excerpt":{"rendered":"<p>Si vous voulez les leurres les plus r\u00e9alistes, et qui doivent \u00eatre floqu\u00e9s, alors il vous suffit de choisir Avian-X Specklebelly. Vendues par pack de 6 avec diff\u00e9rentes positions de t\u00eate.<\/p>\n","protected":false},"featured_media":30425,"template":"","meta":[],"product_brand":[9526],"product_cat":[8177],"product_tag":[],"yoast_head":"<!-- This site is optimized with the Yoast SEO plugin v24.3 - https:\/\/yoast.com\/wordpress\/plugins\/seo\/ -->\n<title>Avian-X AXF Specklebelly - Fusion Pack Formes d&#039;oie rieuse | Lucky Hunter<\/title>\n<meta name=\"description\" content=\"Avian-X AXF Specklebelly - Fusion Pack Formes d&#039;oie rieuse | Lucky Hunter\" \/>\n<meta name=\"robots\" content=\"noindex, follow, max-snippet:-1, max-image-preview:large, max-video-preview:-1\" \/>\n<meta property=\"og:locale\" content=\"fr_FR\" \/>\n<meta property=\"og:type\" content=\"article\" \/>\n<meta property=\"og:title\" content=\"Avian-X AXF Specklebelly - Fusion Pack Decoys | Lucky Hunter\" \/>\n<meta property=\"og:description\" content=\"Avian-X AXF Specklebelly - Fusion Pack are top of the line for your next goose hunt! Available in a NEW Nordic colour scheme.\" \/>\n<meta property=\"og:url\" content=\"https:\/\/staging.lucky-hunter.com\/fr\/product\/avian-x-axf-specklebelly-fusion-pack\/\" \/>\n<meta property=\"og:site_name\" content=\"Lucky-Hunter\" \/>\n<meta property=\"article:modified_time\" content=\"2024-08-01T15:32:20+00:00\" \/>\n<meta property=\"og:image\" content=\"https:\/\/staging.lucky-hunter.com\/wp-content\/uploads\/2017\/03\/LF-319-AvianX-Blisgaes.png\" \/>\n\t<meta property=\"og:image:width\" content=\"1000\" \/>\n\t<meta property=\"og:image:height\" content=\"1000\" \/>\n\t<meta property=\"og:image:type\" content=\"image\/png\" \/>\n<meta name=\"twitter:card\" content=\"summary_large_image\" \/>\n<meta name=\"twitter:title\" content=\"Avian-X AXF Specklebelly - Fusion Pack Decoys | Lucky Hunter\" \/>\n<meta name=\"twitter:description\" content=\"Avian-X AXF Specklebelly - Fusion Pack are top of the line for your next goose hunt! Available in a NEW Nordic colour scheme.\" \/>\n<meta name=\"twitter:label1\" content=\"Dur\u00e9e de lecture estim\u00e9e\" \/>\n\t<meta name=\"twitter:data1\" content=\"1 minute\" \/>\n<script type=\"application\/ld+json\" class=\"yoast-schema-graph\">{\"@context\":\"https:\/\/schema.org\",\"@graph\":[{\"@type\":\"WebPage\",\"@id\":\"https:\/\/staging.lucky-hunter.com\/fr\/product\/avian-x-axf-specklebelly-fusion-pack\/\",\"url\":\"https:\/\/staging.lucky-hunter.com\/fr\/product\/avian-x-axf-specklebelly-fusion-pack\/\",\"name\":\"Avian-X AXF Specklebelly - Fusion Pack Formes d'oie rieuse | Lucky Hunter\",\"isPartOf\":{\"@id\":\"https:\/\/staging.lucky-hunter.com\/#website\"},\"primaryImageOfPage\":{\"@id\":\"https:\/\/staging.lucky-hunter.com\/fr\/product\/avian-x-axf-specklebelly-fusion-pack\/#primaryimage\"},\"image\":{\"@id\":\"https:\/\/staging.lucky-hunter.com\/fr\/product\/avian-x-axf-specklebelly-fusion-pack\/#primaryimage\"},\"thumbnailUrl\":\"https:\/\/staging.lucky-hunter.com\/wp-content\/uploads\/2017\/03\/LF-319-AvianX-Blisgaes.png\",\"datePublished\":\"2017-03-13T14:41:45+00:00\",\"dateModified\":\"2024-08-01T15:32:20+00:00\",\"description\":\"Avian-X AXF Specklebelly - Fusion Pack Formes d'oie rieuse | Lucky Hunter\",\"breadcrumb\":{\"@id\":\"https:\/\/staging.lucky-hunter.com\/fr\/product\/avian-x-axf-specklebelly-fusion-pack\/#breadcrumb\"},\"inLanguage\":\"fr-FR\",\"potentialAction\":[{\"@type\":\"ReadAction\",\"target\":[\"https:\/\/staging.lucky-hunter.com\/fr\/product\/avian-x-axf-specklebelly-fusion-pack\/\"]}]},{\"@type\":\"ImageObject\",\"inLanguage\":\"fr-FR\",\"@id\":\"https:\/\/staging.lucky-hunter.com\/fr\/product\/avian-x-axf-specklebelly-fusion-pack\/#primaryimage\",\"url\":\"https:\/\/staging.lucky-hunter.com\/wp-content\/uploads\/2017\/03\/LF-319-AvianX-Blisgaes.png\",\"contentUrl\":\"https:\/\/staging.lucky-hunter.com\/wp-content\/uploads\/2017\/03\/LF-319-AvianX-Blisgaes.png\",\"width\":1000,\"height\":1000},{\"@type\":\"BreadcrumbList\",\"@id\":\"https:\/\/staging.lucky-hunter.com\/fr\/product\/avian-x-axf-specklebelly-fusion-pack\/#breadcrumb\",\"itemListElement\":[{\"@type\":\"ListItem\",\"position\":1,\"name\":\"Home\",\"item\":\"https:\/\/staging.lucky-hunter.com\/fr\/\"},{\"@type\":\"ListItem\",\"position\":2,\"name\":\"Boutique\",\"item\":\"https:\/\/staging.lucky-hunter.com\/fr\/shop\/\"},{\"@type\":\"ListItem\",\"position\":3,\"name\":\"Avian-X AXF d&#8217;oie rieuse &#8211; Pack Fusion\"}]},{\"@type\":\"WebSite\",\"@id\":\"https:\/\/staging.lucky-hunter.com\/#website\",\"url\":\"https:\/\/staging.lucky-hunter.com\/\",\"name\":\"Lucky-Hunter\",\"description\":\"Gear Up or Give Up\",\"potentialAction\":[{\"@type\":\"SearchAction\",\"target\":{\"@type\":\"EntryPoint\",\"urlTemplate\":\"https:\/\/staging.lucky-hunter.com\/?s={search_term_string}\"},\"query-input\":{\"@type\":\"PropertyValueSpecification\",\"valueRequired\":true,\"valueName\":\"search_term_string\"}}],\"inLanguage\":\"fr-FR\"}]}<\/script>\n<!-- \/ Yoast SEO plugin. -->","yoast_head_json":{"title":"Avian-X AXF Specklebelly - Fusion Pack Formes d'oie rieuse | Lucky Hunter","description":"Avian-X AXF Specklebelly - Fusion Pack Formes d'oie rieuse | Lucky Hunter","robots":{"index":"noindex","follow":"follow","max-snippet":"max-snippet:-1","max-image-preview":"max-image-preview:large","max-video-preview":"max-video-preview:-1"},"og_locale":"fr_FR","og_type":"article","og_title":"Avian-X AXF Specklebelly - Fusion Pack Decoys | Lucky Hunter","og_description":"Avian-X AXF Specklebelly - Fusion Pack are top of the line for your next goose hunt! Available in a NEW Nordic colour scheme.","og_url":"https:\/\/staging.lucky-hunter.com\/fr\/product\/avian-x-axf-specklebelly-fusion-pack\/","og_site_name":"Lucky-Hunter","article_modified_time":"2024-08-01T15:32:20+00:00","og_image":[{"width":1000,"height":1000,"url":"https:\/\/staging.lucky-hunter.com\/wp-content\/uploads\/2017\/03\/LF-319-AvianX-Blisgaes.png","type":"image\/png"}],"twitter_card":"summary_large_image","twitter_title":"Avian-X AXF Specklebelly - Fusion Pack Decoys | Lucky Hunter","twitter_description":"Avian-X AXF Specklebelly - Fusion Pack are top of the line for your next goose hunt! Available in a NEW Nordic colour scheme.","twitter_misc":{"Dur\u00e9e de lecture estim\u00e9e":"1 minute"},"schema":{"@context":"https:\/\/schema.org","@graph":[{"@type":"WebPage","@id":"https:\/\/staging.lucky-hunter.com\/fr\/product\/avian-x-axf-specklebelly-fusion-pack\/","url":"https:\/\/staging.lucky-hunter.com\/fr\/product\/avian-x-axf-specklebelly-fusion-pack\/","name":"Avian-X AXF Specklebelly - Fusion Pack Formes d'oie rieuse | Lucky Hunter","isPartOf":{"@id":"https:\/\/staging.lucky-hunter.com\/#website"},"primaryImageOfPage":{"@id":"https:\/\/staging.lucky-hunter.com\/fr\/product\/avian-x-axf-specklebelly-fusion-pack\/#primaryimage"},"image":{"@id":"https:\/\/staging.lucky-hunter.com\/fr\/product\/avian-x-axf-specklebelly-fusion-pack\/#primaryimage"},"thumbnailUrl":"https:\/\/staging.lucky-hunter.com\/wp-content\/uploads\/2017\/03\/LF-319-AvianX-Blisgaes.png","datePublished":"2017-03-13T14:41:45+00:00","dateModified":"2024-08-01T15:32:20+00:00","description":"Avian-X AXF Specklebelly - Fusion Pack Formes d'oie rieuse | Lucky Hunter","breadcrumb":{"@id":"https:\/\/staging.lucky-hunter.com\/fr\/product\/avian-x-axf-specklebelly-fusion-pack\/#breadcrumb"},"inLanguage":"fr-FR","potentialAction":[{"@type":"ReadAction","target":["https:\/\/staging.lucky-hunter.com\/fr\/product\/avian-x-axf-specklebelly-fusion-pack\/"]}]},{"@type":"ImageObject","inLanguage":"fr-FR","@id":"https:\/\/staging.lucky-hunter.com\/fr\/product\/avian-x-axf-specklebelly-fusion-pack\/#primaryimage","url":"https:\/\/staging.lucky-hunter.com\/wp-content\/uploads\/2017\/03\/LF-319-AvianX-Blisgaes.png","contentUrl":"https:\/\/staging.lucky-hunter.com\/wp-content\/uploads\/2017\/03\/LF-319-AvianX-Blisgaes.png","width":1000,"height":1000},{"@type":"BreadcrumbList","@id":"https:\/\/staging.lucky-hunter.com\/fr\/product\/avian-x-axf-specklebelly-fusion-pack\/#breadcrumb","itemListElement":[{"@type":"ListItem","position":1,"name":"Home","item":"https:\/\/staging.lucky-hunter.com\/fr\/"},{"@type":"ListItem","position":2,"name":"Boutique","item":"https:\/\/staging.lucky-hunter.com\/fr\/shop\/"},{"@type":"ListItem","position":3,"name":"Avian-X AXF d&#8217;oie rieuse &#8211; Pack Fusion"}]},{"@type":"WebSite","@id":"https:\/\/staging.lucky-hunter.com\/#website","url":"https:\/\/staging.lucky-hunter.com\/","name":"Lucky-Hunter","description":"Gear Up or Give Up","potentialAction":[{"@type":"SearchAction","target":{"@type":"EntryPoint","urlTemplate":"https:\/\/staging.lucky-hunter.com\/?s={search_term_string}"},"query-input":{"@type":"PropertyValueSpecification","valueRequired":true,"valueName":"search_term_string"}}],"inLanguage":"fr-FR"}]}},"_links":{"self":[{"href":"https:\/\/staging.lucky-hunter.com\/fr\/wp-json\/wp\/v2\/product\/30988"}],"collection":[{"href":"https:\/\/staging.lucky-hunter.com\/fr\/wp-json\/wp\/v2\/product"}],"about":[{"href":"https:\/\/staging.lucky-hunter.com\/fr\/wp-json\/wp\/v2\/types\/product"}],"wp:featuredmedia":[{"embeddable":true,"href":"https:\/\/staging.lucky-hunter.com\/fr\/wp-json\/wp\/v2\/media\/30425"}],"wp:attachment":[{"href":"https:\/\/staging.lucky-hunter.com\/fr\/wp-json\/wp\/v2\/media?parent=30988"}],"wp:term":[{"taxonomy":"product_brand","embeddable":true,"href":"https:\/\/staging.lucky-hunter.com\/fr\/wp-json\/wp\/v2\/product_brand?post=30988"},{"taxonomy":"product_cat","embeddable":true,"href":"https:\/\/staging.lucky-hunter.com\/fr\/wp-json\/wp\/v2\/product_cat?post=30988"},{"taxonomy":"product_tag","embeddable":true,"href":"https:\/\/staging.lucky-hunter.com\/fr\/wp-json\/wp\/v2\/product_tag?post=30988"}],"curies":[{"name":"wp","href":"https:\/\/api.w.org\/{rel}","templated":true}]}}