{"id":30985,"date":"2021-04-30T20:45:39","date_gmt":"2021-04-30T18:45:39","guid":{"rendered":"https:\/\/staging.lucky-hunter.com\/product\/final-approach-flocked-specklebelly-decoys-2\/"},"modified":"2025-06-26T14:18:15","modified_gmt":"2025-06-26T12:18:15","slug":"formes-doie-rieuse-floquees-final-approach","status":"publish","type":"product","link":"https:\/\/staging.lucky-hunter.com\/fr\/product\/formes-doie-rieuse-floquees-final-approach\/","title":{"rendered":"Formes d&#8217;oie rieuse Floqu\u00e9es &#8211; Final Approach"},"content":{"rendered":"<p><iframe title=\"Final Approach Flocked Specklebelly Decoys | Full body\" width=\"1020\" height=\"574\" src=\"https:\/\/www.youtube.com\/embed\/9qPcBNrW-uM?wmode=transparent&amp;rel=0&amp;feature=oembed&#038;enablejsapi=1&#038;origin=https:\/\/staging.lucky-hunter.com\" frameborder=\"0\" allow=\"accelerometer; autoplay; clipboard-write; encrypted-media; gyroscope; picture-in-picture; web-share\" referrerpolicy=\"strict-origin-when-cross-origin\" allowfullscreen><\/iframe><\/p>\n<h1><strong>Super prix sur les formes \u00e0 corps entier Final Approach<\/strong><\/h1>\n<p>American Final Approach Waterfowl (FA) est le fabricant de ces superbes formes d&#8217;oie rieuses \u00e0 corps entier que nous pouvons vous proposer \u00e0 un prix vraiment comp\u00e9titif.<\/p>\n<p>Les formes sont fabriqu\u00e9s dans un mat\u00e9riau plastique plus souple, que AvianX a \u00e9galement choisi, pour rendre la peinture sous le flocage plus durable.<\/p>\n<p>La bo\u00eete contient 6 formes d&#8217;oie rieuse floqu\u00e9s avec 2 positions de t\u00eate diff\u00e9rentes &#8211; 2 sentinelles et 4 mangeuses.<\/p>\n<p>Piquets de montage inclus.<\/p>\n<p>Leur passion pour la chasse au gibier d\u2019eau et leur engagement \u00e0 fabriquer des \u00e9quipements plus r\u00e9sistants pour des chasseurs de gibiers d\u2019eau tout aussi exigeants se retrouvent dans chaque aff\u00fbt, formes, sac et accessoire Final Approach.<\/p>\n","protected":false},"excerpt":{"rendered":"<p>Final Approach Waterfowl est le fabricant de ces superbes formes d&#8217;oie rieuses \u00e0 corps entier que nous pouvons vous proposer \u00e0 un prix vraiment comp\u00e9titif.<\/p>\n","protected":false},"featured_media":70094,"template":"","meta":[],"product_brand":[8136],"product_cat":[8177],"product_tag":[9446],"yoast_head":"<!-- This site is optimized with the Yoast SEO plugin v24.3 - https:\/\/yoast.com\/wordpress\/plugins\/seo\/ -->\n<title>Formes d&#039;oie rieuse Floqu\u00e9es - Final Approach \u00e0 tr\u00e8s bon prix<\/title>\n<meta name=\"description\" content=\"Final Approach Waterfowl est le fabricant de ces superbes formes d&#039;oie rieuses \u00e0 corps entier que nous pouvons vous proposer \u00e0 un prix vraiment comp\u00e9titif.\" \/>\n<meta name=\"robots\" content=\"noindex, follow, max-snippet:-1, max-image-preview:large, max-video-preview:-1\" \/>\n<meta property=\"og:locale\" content=\"fr_FR\" \/>\n<meta property=\"og:type\" content=\"article\" \/>\n<meta property=\"og:title\" content=\"Formes d&#039;oie rieuse Floqu\u00e9es - Final Approach \u00e0 tr\u00e8s bon prix\" \/>\n<meta property=\"og:description\" content=\"Final Approach Waterfowl est le fabricant de ces superbes formes d&#039;oie rieuses \u00e0 corps entier que nous pouvons vous proposer \u00e0 un prix vraiment comp\u00e9titif.\" \/>\n<meta property=\"og:url\" content=\"https:\/\/staging.lucky-hunter.com\/fr\/product\/formes-doie-rieuse-floquees-final-approach\/\" \/>\n<meta property=\"og:site_name\" content=\"Lucky-Hunter\" \/>\n<meta property=\"article:modified_time\" content=\"2025-06-26T12:18:15+00:00\" \/>\n<meta property=\"og:image\" content=\"https:\/\/staging.lucky-hunter.com\/wp-content\/uploads\/2021\/04\/LF-391-1-1.png\" \/>\n\t<meta property=\"og:image:width\" content=\"1000\" \/>\n\t<meta property=\"og:image:height\" content=\"1000\" \/>\n\t<meta property=\"og:image:type\" content=\"image\/png\" \/>\n<meta name=\"twitter:card\" content=\"summary_large_image\" \/>\n<meta name=\"twitter:label1\" content=\"Dur\u00e9e de lecture estim\u00e9e\" \/>\n\t<meta name=\"twitter:data1\" content=\"1 minute\" \/>\n<script type=\"application\/ld+json\" class=\"yoast-schema-graph\">{\"@context\":\"https:\/\/schema.org\",\"@graph\":[{\"@type\":\"WebPage\",\"@id\":\"https:\/\/staging.lucky-hunter.com\/fr\/product\/formes-doie-rieuse-floquees-final-approach\/\",\"url\":\"https:\/\/staging.lucky-hunter.com\/fr\/product\/formes-doie-rieuse-floquees-final-approach\/\",\"name\":\"Formes d'oie rieuse Floqu\u00e9es - Final Approach \u00e0 tr\u00e8s bon prix\",\"isPartOf\":{\"@id\":\"https:\/\/staging.lucky-hunter.com\/#website\"},\"primaryImageOfPage\":{\"@id\":\"https:\/\/staging.lucky-hunter.com\/fr\/product\/formes-doie-rieuse-floquees-final-approach\/#primaryimage\"},\"image\":{\"@id\":\"https:\/\/staging.lucky-hunter.com\/fr\/product\/formes-doie-rieuse-floquees-final-approach\/#primaryimage\"},\"thumbnailUrl\":\"https:\/\/staging.lucky-hunter.com\/wp-content\/uploads\/2021\/04\/LF-391-1-1.png\",\"datePublished\":\"2021-04-30T18:45:39+00:00\",\"dateModified\":\"2025-06-26T12:18:15+00:00\",\"description\":\"Final Approach Waterfowl est le fabricant de ces superbes formes d'oie rieuses \u00e0 corps entier que nous pouvons vous proposer \u00e0 un prix vraiment comp\u00e9titif.\",\"breadcrumb\":{\"@id\":\"https:\/\/staging.lucky-hunter.com\/fr\/product\/formes-doie-rieuse-floquees-final-approach\/#breadcrumb\"},\"inLanguage\":\"fr-FR\",\"potentialAction\":[{\"@type\":\"ReadAction\",\"target\":[\"https:\/\/staging.lucky-hunter.com\/fr\/product\/formes-doie-rieuse-floquees-final-approach\/\"]}]},{\"@type\":\"ImageObject\",\"inLanguage\":\"fr-FR\",\"@id\":\"https:\/\/staging.lucky-hunter.com\/fr\/product\/formes-doie-rieuse-floquees-final-approach\/#primaryimage\",\"url\":\"https:\/\/staging.lucky-hunter.com\/wp-content\/uploads\/2021\/04\/LF-391-1-1.png\",\"contentUrl\":\"https:\/\/staging.lucky-hunter.com\/wp-content\/uploads\/2021\/04\/LF-391-1-1.png\",\"width\":1000,\"height\":1000},{\"@type\":\"BreadcrumbList\",\"@id\":\"https:\/\/staging.lucky-hunter.com\/fr\/product\/formes-doie-rieuse-floquees-final-approach\/#breadcrumb\",\"itemListElement\":[{\"@type\":\"ListItem\",\"position\":1,\"name\":\"Home\",\"item\":\"https:\/\/staging.lucky-hunter.com\/fr\/\"},{\"@type\":\"ListItem\",\"position\":2,\"name\":\"Boutique\",\"item\":\"https:\/\/staging.lucky-hunter.com\/fr\/shop\/\"},{\"@type\":\"ListItem\",\"position\":3,\"name\":\"Formes d&#8217;oie rieuse Floqu\u00e9es &#8211; Final Approach\"}]},{\"@type\":\"WebSite\",\"@id\":\"https:\/\/staging.lucky-hunter.com\/#website\",\"url\":\"https:\/\/staging.lucky-hunter.com\/\",\"name\":\"Lucky-Hunter\",\"description\":\"Gear Up or Give Up\",\"potentialAction\":[{\"@type\":\"SearchAction\",\"target\":{\"@type\":\"EntryPoint\",\"urlTemplate\":\"https:\/\/staging.lucky-hunter.com\/?s={search_term_string}\"},\"query-input\":{\"@type\":\"PropertyValueSpecification\",\"valueRequired\":true,\"valueName\":\"search_term_string\"}}],\"inLanguage\":\"fr-FR\"}]}<\/script>\n<!-- \/ Yoast SEO plugin. -->","yoast_head_json":{"title":"Formes d'oie rieuse Floqu\u00e9es - Final Approach \u00e0 tr\u00e8s bon prix","description":"Final Approach Waterfowl est le fabricant de ces superbes formes d'oie rieuses \u00e0 corps entier que nous pouvons vous proposer \u00e0 un prix vraiment comp\u00e9titif.","robots":{"index":"noindex","follow":"follow","max-snippet":"max-snippet:-1","max-image-preview":"max-image-preview:large","max-video-preview":"max-video-preview:-1"},"og_locale":"fr_FR","og_type":"article","og_title":"Formes d'oie rieuse Floqu\u00e9es - Final Approach \u00e0 tr\u00e8s bon prix","og_description":"Final Approach Waterfowl est le fabricant de ces superbes formes d'oie rieuses \u00e0 corps entier que nous pouvons vous proposer \u00e0 un prix vraiment comp\u00e9titif.","og_url":"https:\/\/staging.lucky-hunter.com\/fr\/product\/formes-doie-rieuse-floquees-final-approach\/","og_site_name":"Lucky-Hunter","article_modified_time":"2025-06-26T12:18:15+00:00","og_image":[{"width":1000,"height":1000,"url":"https:\/\/staging.lucky-hunter.com\/wp-content\/uploads\/2021\/04\/LF-391-1-1.png","type":"image\/png"}],"twitter_card":"summary_large_image","twitter_misc":{"Dur\u00e9e de lecture estim\u00e9e":"1 minute"},"schema":{"@context":"https:\/\/schema.org","@graph":[{"@type":"WebPage","@id":"https:\/\/staging.lucky-hunter.com\/fr\/product\/formes-doie-rieuse-floquees-final-approach\/","url":"https:\/\/staging.lucky-hunter.com\/fr\/product\/formes-doie-rieuse-floquees-final-approach\/","name":"Formes d'oie rieuse Floqu\u00e9es - Final Approach \u00e0 tr\u00e8s bon prix","isPartOf":{"@id":"https:\/\/staging.lucky-hunter.com\/#website"},"primaryImageOfPage":{"@id":"https:\/\/staging.lucky-hunter.com\/fr\/product\/formes-doie-rieuse-floquees-final-approach\/#primaryimage"},"image":{"@id":"https:\/\/staging.lucky-hunter.com\/fr\/product\/formes-doie-rieuse-floquees-final-approach\/#primaryimage"},"thumbnailUrl":"https:\/\/staging.lucky-hunter.com\/wp-content\/uploads\/2021\/04\/LF-391-1-1.png","datePublished":"2021-04-30T18:45:39+00:00","dateModified":"2025-06-26T12:18:15+00:00","description":"Final Approach Waterfowl est le fabricant de ces superbes formes d'oie rieuses \u00e0 corps entier que nous pouvons vous proposer \u00e0 un prix vraiment comp\u00e9titif.","breadcrumb":{"@id":"https:\/\/staging.lucky-hunter.com\/fr\/product\/formes-doie-rieuse-floquees-final-approach\/#breadcrumb"},"inLanguage":"fr-FR","potentialAction":[{"@type":"ReadAction","target":["https:\/\/staging.lucky-hunter.com\/fr\/product\/formes-doie-rieuse-floquees-final-approach\/"]}]},{"@type":"ImageObject","inLanguage":"fr-FR","@id":"https:\/\/staging.lucky-hunter.com\/fr\/product\/formes-doie-rieuse-floquees-final-approach\/#primaryimage","url":"https:\/\/staging.lucky-hunter.com\/wp-content\/uploads\/2021\/04\/LF-391-1-1.png","contentUrl":"https:\/\/staging.lucky-hunter.com\/wp-content\/uploads\/2021\/04\/LF-391-1-1.png","width":1000,"height":1000},{"@type":"BreadcrumbList","@id":"https:\/\/staging.lucky-hunter.com\/fr\/product\/formes-doie-rieuse-floquees-final-approach\/#breadcrumb","itemListElement":[{"@type":"ListItem","position":1,"name":"Home","item":"https:\/\/staging.lucky-hunter.com\/fr\/"},{"@type":"ListItem","position":2,"name":"Boutique","item":"https:\/\/staging.lucky-hunter.com\/fr\/shop\/"},{"@type":"ListItem","position":3,"name":"Formes d&#8217;oie rieuse Floqu\u00e9es &#8211; Final Approach"}]},{"@type":"WebSite","@id":"https:\/\/staging.lucky-hunter.com\/#website","url":"https:\/\/staging.lucky-hunter.com\/","name":"Lucky-Hunter","description":"Gear Up or Give Up","potentialAction":[{"@type":"SearchAction","target":{"@type":"EntryPoint","urlTemplate":"https:\/\/staging.lucky-hunter.com\/?s={search_term_string}"},"query-input":{"@type":"PropertyValueSpecification","valueRequired":true,"valueName":"search_term_string"}}],"inLanguage":"fr-FR"}]}},"_links":{"self":[{"href":"https:\/\/staging.lucky-hunter.com\/fr\/wp-json\/wp\/v2\/product\/30985"}],"collection":[{"href":"https:\/\/staging.lucky-hunter.com\/fr\/wp-json\/wp\/v2\/product"}],"about":[{"href":"https:\/\/staging.lucky-hunter.com\/fr\/wp-json\/wp\/v2\/types\/product"}],"wp:featuredmedia":[{"embeddable":true,"href":"https:\/\/staging.lucky-hunter.com\/fr\/wp-json\/wp\/v2\/media\/70094"}],"wp:attachment":[{"href":"https:\/\/staging.lucky-hunter.com\/fr\/wp-json\/wp\/v2\/media?parent=30985"}],"wp:term":[{"taxonomy":"product_brand","embeddable":true,"href":"https:\/\/staging.lucky-hunter.com\/fr\/wp-json\/wp\/v2\/product_brand?post=30985"},{"taxonomy":"product_cat","embeddable":true,"href":"https:\/\/staging.lucky-hunter.com\/fr\/wp-json\/wp\/v2\/product_cat?post=30985"},{"taxonomy":"product_tag","embeddable":true,"href":"https:\/\/staging.lucky-hunter.com\/fr\/wp-json\/wp\/v2\/product_tag?post=30985"}],"curies":[{"name":"wp","href":"https:\/\/api.w.org\/{rel}","templated":true}]}}