{"id":271527,"date":"2017-03-13T17:03:18","date_gmt":"2017-03-13T16:03:18","guid":{"rendered":"https:\/\/staging.lucky-hunter.com\/product\/avian-x-topflight-colverts-serie-rester\/"},"modified":"2025-07-01T14:22:27","modified_gmt":"2025-07-01T12:22:27","slug":"avian-x-topflight-colverts-serie-rester","status":"publish","type":"product","link":"https:\/\/staging.lucky-hunter.com\/fr\/product\/avian-x-topflight-colverts-serie-rester\/","title":{"rendered":"Topflight Colverts S\u00e9rie Rester &#8211; Avian-X"},"content":{"rendered":"<div class=\"container section-title-container\" ><h2 class=\"section-title section-title-normal\"><b><\/b><span class=\"section-title-main\" >Des formes d'une r\u00e9alisme in\u00e9gal\u00e9<\/span><b><\/b><\/h2><\/div>\n<h2><strong>Avian-X Topflight Colverts &#8211; S\u00e9rie Rester<\/strong><\/h2>\n<p>Parfait pour la saison de chasse au canard d&#8217;automne. La marque am\u00e9ricaine Avian-X \u00e9tablit de nouvelles normes en mati\u00e8re de conception de formes pour que votre exp\u00e9rience de chasse au canard soit encore plus m\u00e9morable. Gr\u00e2ce \u00e0 leur haute qualit\u00e9, vous pourrez les utiliser ann\u00e9e apr\u00e8s ann\u00e9e.<\/p>\n<div class=\"container section-title-container\" ><h3 class=\"section-title section-title-normal\"><b><\/b><span class=\"section-title-main\" >Vendu en packs de 6<\/span><b><\/b><\/h3><\/div>\n\t<div class=\"img has-hover x md-x lg-x y md-y lg-y\" id=\"image_1669212449\">\n\t\t\t\t\t\t\t\t<div class=\"img-inner dark\" >\n\t\t\t<img decoding=\"async\" width=\"1600\" height=\"600\" src=\"https:\/\/staging.lucky-hunter.com\/wp-content\/uploads\/2017\/03\/lf-365-spread.png\" class=\"attachment-large size-large\" alt=\"\" srcset=\"https:\/\/staging.lucky-hunter.com\/wp-content\/uploads\/2017\/03\/lf-365-spread.png 1600w, https:\/\/staging.lucky-hunter.com\/wp-content\/uploads\/2017\/03\/lf-365-spread-1000x375.png 1000w, https:\/\/staging.lucky-hunter.com\/wp-content\/uploads\/2017\/03\/lf-365-spread-768x288.png 768w, https:\/\/staging.lucky-hunter.com\/wp-content\/uploads\/2017\/03\/lf-365-spread-300x113.png 300w\" sizes=\"(max-width: 1600px) 100vw, 1600px\" \/>\t\t\t\t\t\t\n\t\t\t\t\t<\/div>\n\t\t\t\t\t\t\t\t\n<style>\n#image_1669212449 {\n  width: 100%;\n}\n<\/style>\n\t<\/div>\n\t\n<div class=\"row\"  id=\"row-1079242804\">\n\n\t<div id=\"col-243298484\" class=\"col medium-6 small-12 large-6\"  >\n\t\t\t\t<div class=\"col-inner\"  >\n\t\t\t\n\t\t\t\n<p style=\"text-align: center;\">Femelle endormie<br \/>\nM\u00e2le endormi<br \/>\nFemelle en train de lisser ses plumes<\/p>\n\t\t<\/div>\n\t\t\t\t\t<\/div>\n\n\t\n\n\t<div id=\"col-1370269656\" class=\"col medium-6 small-12 large-6\"  >\n\t\t\t\t<div class=\"col-inner\"  >\n\t\t\t\n\t\t\t\n<p style=\"text-align: center;\">M\u00e2le en train de lisser ses plumes<br \/>\nFemelle au repos<br \/>\nM\u00e2le au repos<\/p>\n\t\t<\/div>\n\t\t\t\t\t<\/div>\n\n\t\n<\/div>\n<p>Les formes sont \u00e9quip\u00e9es d&#8217;une quille pond\u00e9r\u00e9e sp\u00e9cialement con\u00e7ue, et vous serez surpris de voir \u00e0 quel point elles nagent et flottent naturellement sur l&#8217;eau, m\u00eame par vent faible. Cela contribue \u00e0 donner un aspect r\u00e9aliste aux formes.<\/p>\n<p>Les formes sont de taille surdimensionn\u00e9e pour une visibilit\u00e9 accrue. Ainsi, les oiseaux de plus loin peuvent les rep\u00e9rer facilement. La longueur du poitrail \u00e0 la queue est d&#8217;environ 36,83 cm.<\/p>\n<p>Les formes Avian-X sont fabriqu\u00e9es dans un mat\u00e9riau plastique plus souple, ce qui garantit que la peinture ne se fissure pas et dure des ann\u00e9es. Gr\u00e2ce \u00e0 cela, les formes peuvent \u00eatre manipul\u00e9es m\u00eame \u00e0 basse temp\u00e9rature avec un risque r\u00e9duit de fissuration.<\/p>\n<p>Cr\u00e9\u00e9es par le champion du monde de sculpture de formes, Rick Johannsen et son \u00e9quipe.<\/p>\n<div class=\"video video-fit mb\" style=\"padding-top:56.25%;\"><p><iframe title=\"Zink Call Mallard PH-1 Single Reed\" width=\"1020\" height=\"574\" src=\"https:\/\/www.youtube.com\/embed\/-23l6CPSKKw?wmode=transparent&amp;rel=0&amp;feature=oembed&#038;enablejsapi=1&#038;origin=https:\/\/staging.lucky-hunter.com\" frameborder=\"0\" allow=\"accelerometer; autoplay; clipboard-write; encrypted-media; gyroscope; picture-in-picture; web-share\" referrerpolicy=\"strict-origin-when-cross-origin\" allowfullscreen><\/iframe><\/p>\n<\/div>\n","protected":false},"excerpt":{"rendered":"<p>Les formes Avian-X sont \u00e9quip\u00e9es d&#8217;une quille pond\u00e9r\u00e9e sp\u00e9cialement con\u00e7ue, et vous serez surpris de voir \u00e0 quel point elles nagent et flottent naturellement sur l&#8217;eau, m\u00eame par vent faible.<\/p>\n","protected":false},"featured_media":29943,"template":"","meta":[],"product_brand":[8132],"product_cat":[8180],"product_tag":[9235],"yoast_head":"<!-- This site is optimized with the Yoast SEO plugin v24.3 - https:\/\/yoast.com\/wordpress\/plugins\/seo\/ -->\n<title>Avian-X Topflight Colverts - S\u00e9rie Rester | Lucky Hunter<\/title>\n<meta name=\"description\" content=\"Les Avian-X Topflight Colverts - S\u00e9rie Rester sont des formes de haute qualit\u00e9 con\u00e7ues pour ajouter de la vari\u00e9t\u00e9 \u00e0 votre installation.\" \/>\n<meta name=\"robots\" content=\"noindex, follow, max-snippet:-1, max-image-preview:large, max-video-preview:-1\" \/>\n<meta property=\"og:locale\" content=\"fr_FR\" \/>\n<meta property=\"og:type\" content=\"article\" \/>\n<meta property=\"og:title\" content=\"Avian-X Topflight Colverts - S\u00e9rie Rester | Lucky Hunter\" \/>\n<meta property=\"og:description\" content=\"Les Avian-X Topflight Colverts - S\u00e9rie Rester sont des formes de haute qualit\u00e9 con\u00e7ues pour ajouter de la vari\u00e9t\u00e9 \u00e0 votre installation. Avec une quille 60\/40, elles flottent naturellement.\" \/>\n<meta property=\"og:url\" content=\"https:\/\/staging.lucky-hunter.com\/fr\/product\/avian-x-topflight-colverts-serie-rester\/\" \/>\n<meta property=\"og:site_name\" content=\"Lucky-Hunter\" \/>\n<meta property=\"article:modified_time\" content=\"2025-07-01T12:22:27+00:00\" \/>\n<meta property=\"og:image\" content=\"https:\/\/staging.lucky-hunter.com\/wp-content\/uploads\/2017\/03\/Topflight-Mallards-Rester-LF-365-thumb.png\" \/>\n\t<meta property=\"og:image:width\" content=\"1000\" \/>\n\t<meta property=\"og:image:height\" content=\"1000\" \/>\n\t<meta property=\"og:image:type\" content=\"image\/png\" \/>\n<meta name=\"twitter:card\" content=\"summary_large_image\" \/>\n<meta name=\"twitter:title\" content=\"Avian-X Topflight Colverts - S\u00e9rie Rester | Lucky Hunter\" \/>\n<meta name=\"twitter:description\" content=\"Les Avian-X Topflight Colverts - S\u00e9rie Rester sont des formes de haute qualit\u00e9 con\u00e7ues pour ajouter de la vari\u00e9t\u00e9 \u00e0 votre installation. Avec une quille 60\/40, elles flottent naturellement.\" \/>\n<meta name=\"twitter:label1\" content=\"Dur\u00e9e de lecture estim\u00e9e\" \/>\n\t<meta name=\"twitter:data1\" content=\"2 minutes\" \/>\n<script type=\"application\/ld+json\" class=\"yoast-schema-graph\">{\"@context\":\"https:\/\/schema.org\",\"@graph\":[{\"@type\":\"WebPage\",\"@id\":\"https:\/\/staging.lucky-hunter.com\/fr\/product\/avian-x-topflight-colverts-serie-rester\/\",\"url\":\"https:\/\/staging.lucky-hunter.com\/fr\/product\/avian-x-topflight-colverts-serie-rester\/\",\"name\":\"Avian-X Topflight Colverts - S\u00e9rie Rester | Lucky Hunter\",\"isPartOf\":{\"@id\":\"https:\/\/staging.lucky-hunter.com\/#website\"},\"primaryImageOfPage\":{\"@id\":\"https:\/\/staging.lucky-hunter.com\/fr\/product\/avian-x-topflight-colverts-serie-rester\/#primaryimage\"},\"image\":{\"@id\":\"https:\/\/staging.lucky-hunter.com\/fr\/product\/avian-x-topflight-colverts-serie-rester\/#primaryimage\"},\"thumbnailUrl\":\"https:\/\/staging.lucky-hunter.com\/wp-content\/uploads\/2017\/03\/Topflight-Mallards-Rester-LF-365-thumb.png\",\"datePublished\":\"2017-03-13T16:03:18+00:00\",\"dateModified\":\"2025-07-01T12:22:27+00:00\",\"description\":\"Les Avian-X Topflight Colverts - S\u00e9rie Rester sont des formes de haute qualit\u00e9 con\u00e7ues pour ajouter de la vari\u00e9t\u00e9 \u00e0 votre installation.\",\"breadcrumb\":{\"@id\":\"https:\/\/staging.lucky-hunter.com\/fr\/product\/avian-x-topflight-colverts-serie-rester\/#breadcrumb\"},\"inLanguage\":\"fr-FR\",\"potentialAction\":[{\"@type\":\"ReadAction\",\"target\":[\"https:\/\/staging.lucky-hunter.com\/fr\/product\/avian-x-topflight-colverts-serie-rester\/\"]}]},{\"@type\":\"ImageObject\",\"inLanguage\":\"fr-FR\",\"@id\":\"https:\/\/staging.lucky-hunter.com\/fr\/product\/avian-x-topflight-colverts-serie-rester\/#primaryimage\",\"url\":\"https:\/\/staging.lucky-hunter.com\/wp-content\/uploads\/2017\/03\/Topflight-Mallards-Rester-LF-365-thumb.png\",\"contentUrl\":\"https:\/\/staging.lucky-hunter.com\/wp-content\/uploads\/2017\/03\/Topflight-Mallards-Rester-LF-365-thumb.png\",\"width\":1000,\"height\":1000,\"caption\":\"Avian-X Topflight Colverts - S\u00e9rie Rester\"},{\"@type\":\"BreadcrumbList\",\"@id\":\"https:\/\/staging.lucky-hunter.com\/fr\/product\/avian-x-topflight-colverts-serie-rester\/#breadcrumb\",\"itemListElement\":[{\"@type\":\"ListItem\",\"position\":1,\"name\":\"Home\",\"item\":\"https:\/\/staging.lucky-hunter.com\/fr\/\"},{\"@type\":\"ListItem\",\"position\":2,\"name\":\"Boutique\",\"item\":\"https:\/\/staging.lucky-hunter.com\/fr\/shop\/\"},{\"@type\":\"ListItem\",\"position\":3,\"name\":\"Topflight Colverts S\u00e9rie Rester &#8211; Avian-X\"}]},{\"@type\":\"WebSite\",\"@id\":\"https:\/\/staging.lucky-hunter.com\/#website\",\"url\":\"https:\/\/staging.lucky-hunter.com\/\",\"name\":\"Lucky-Hunter\",\"description\":\"Gear Up or Give Up\",\"potentialAction\":[{\"@type\":\"SearchAction\",\"target\":{\"@type\":\"EntryPoint\",\"urlTemplate\":\"https:\/\/staging.lucky-hunter.com\/?s={search_term_string}\"},\"query-input\":{\"@type\":\"PropertyValueSpecification\",\"valueRequired\":true,\"valueName\":\"search_term_string\"}}],\"inLanguage\":\"fr-FR\"}]}<\/script>\n<!-- \/ Yoast SEO plugin. -->","yoast_head_json":{"title":"Avian-X Topflight Colverts - S\u00e9rie Rester | Lucky Hunter","description":"Les Avian-X Topflight Colverts - S\u00e9rie Rester sont des formes de haute qualit\u00e9 con\u00e7ues pour ajouter de la vari\u00e9t\u00e9 \u00e0 votre installation.","robots":{"index":"noindex","follow":"follow","max-snippet":"max-snippet:-1","max-image-preview":"max-image-preview:large","max-video-preview":"max-video-preview:-1"},"og_locale":"fr_FR","og_type":"article","og_title":"Avian-X Topflight Colverts - S\u00e9rie Rester | Lucky Hunter","og_description":"Les Avian-X Topflight Colverts - S\u00e9rie Rester sont des formes de haute qualit\u00e9 con\u00e7ues pour ajouter de la vari\u00e9t\u00e9 \u00e0 votre installation. Avec une quille 60\/40, elles flottent naturellement.","og_url":"https:\/\/staging.lucky-hunter.com\/fr\/product\/avian-x-topflight-colverts-serie-rester\/","og_site_name":"Lucky-Hunter","article_modified_time":"2025-07-01T12:22:27+00:00","og_image":[{"width":1000,"height":1000,"url":"https:\/\/staging.lucky-hunter.com\/wp-content\/uploads\/2017\/03\/Topflight-Mallards-Rester-LF-365-thumb.png","type":"image\/png"}],"twitter_card":"summary_large_image","twitter_title":"Avian-X Topflight Colverts - S\u00e9rie Rester | Lucky Hunter","twitter_description":"Les Avian-X Topflight Colverts - S\u00e9rie Rester sont des formes de haute qualit\u00e9 con\u00e7ues pour ajouter de la vari\u00e9t\u00e9 \u00e0 votre installation. Avec une quille 60\/40, elles flottent naturellement.","twitter_misc":{"Dur\u00e9e de lecture estim\u00e9e":"2 minutes"},"schema":{"@context":"https:\/\/schema.org","@graph":[{"@type":"WebPage","@id":"https:\/\/staging.lucky-hunter.com\/fr\/product\/avian-x-topflight-colverts-serie-rester\/","url":"https:\/\/staging.lucky-hunter.com\/fr\/product\/avian-x-topflight-colverts-serie-rester\/","name":"Avian-X Topflight Colverts - S\u00e9rie Rester | Lucky Hunter","isPartOf":{"@id":"https:\/\/staging.lucky-hunter.com\/#website"},"primaryImageOfPage":{"@id":"https:\/\/staging.lucky-hunter.com\/fr\/product\/avian-x-topflight-colverts-serie-rester\/#primaryimage"},"image":{"@id":"https:\/\/staging.lucky-hunter.com\/fr\/product\/avian-x-topflight-colverts-serie-rester\/#primaryimage"},"thumbnailUrl":"https:\/\/staging.lucky-hunter.com\/wp-content\/uploads\/2017\/03\/Topflight-Mallards-Rester-LF-365-thumb.png","datePublished":"2017-03-13T16:03:18+00:00","dateModified":"2025-07-01T12:22:27+00:00","description":"Les Avian-X Topflight Colverts - S\u00e9rie Rester sont des formes de haute qualit\u00e9 con\u00e7ues pour ajouter de la vari\u00e9t\u00e9 \u00e0 votre installation.","breadcrumb":{"@id":"https:\/\/staging.lucky-hunter.com\/fr\/product\/avian-x-topflight-colverts-serie-rester\/#breadcrumb"},"inLanguage":"fr-FR","potentialAction":[{"@type":"ReadAction","target":["https:\/\/staging.lucky-hunter.com\/fr\/product\/avian-x-topflight-colverts-serie-rester\/"]}]},{"@type":"ImageObject","inLanguage":"fr-FR","@id":"https:\/\/staging.lucky-hunter.com\/fr\/product\/avian-x-topflight-colverts-serie-rester\/#primaryimage","url":"https:\/\/staging.lucky-hunter.com\/wp-content\/uploads\/2017\/03\/Topflight-Mallards-Rester-LF-365-thumb.png","contentUrl":"https:\/\/staging.lucky-hunter.com\/wp-content\/uploads\/2017\/03\/Topflight-Mallards-Rester-LF-365-thumb.png","width":1000,"height":1000,"caption":"Avian-X Topflight Colverts - S\u00e9rie Rester"},{"@type":"BreadcrumbList","@id":"https:\/\/staging.lucky-hunter.com\/fr\/product\/avian-x-topflight-colverts-serie-rester\/#breadcrumb","itemListElement":[{"@type":"ListItem","position":1,"name":"Home","item":"https:\/\/staging.lucky-hunter.com\/fr\/"},{"@type":"ListItem","position":2,"name":"Boutique","item":"https:\/\/staging.lucky-hunter.com\/fr\/shop\/"},{"@type":"ListItem","position":3,"name":"Topflight Colverts S\u00e9rie Rester &#8211; Avian-X"}]},{"@type":"WebSite","@id":"https:\/\/staging.lucky-hunter.com\/#website","url":"https:\/\/staging.lucky-hunter.com\/","name":"Lucky-Hunter","description":"Gear Up or Give Up","potentialAction":[{"@type":"SearchAction","target":{"@type":"EntryPoint","urlTemplate":"https:\/\/staging.lucky-hunter.com\/?s={search_term_string}"},"query-input":{"@type":"PropertyValueSpecification","valueRequired":true,"valueName":"search_term_string"}}],"inLanguage":"fr-FR"}]}},"_links":{"self":[{"href":"https:\/\/staging.lucky-hunter.com\/fr\/wp-json\/wp\/v2\/product\/271527"}],"collection":[{"href":"https:\/\/staging.lucky-hunter.com\/fr\/wp-json\/wp\/v2\/product"}],"about":[{"href":"https:\/\/staging.lucky-hunter.com\/fr\/wp-json\/wp\/v2\/types\/product"}],"wp:featuredmedia":[{"embeddable":true,"href":"https:\/\/staging.lucky-hunter.com\/fr\/wp-json\/wp\/v2\/media\/29943"}],"wp:attachment":[{"href":"https:\/\/staging.lucky-hunter.com\/fr\/wp-json\/wp\/v2\/media?parent=271527"}],"wp:term":[{"taxonomy":"product_brand","embeddable":true,"href":"https:\/\/staging.lucky-hunter.com\/fr\/wp-json\/wp\/v2\/product_brand?post=271527"},{"taxonomy":"product_cat","embeddable":true,"href":"https:\/\/staging.lucky-hunter.com\/fr\/wp-json\/wp\/v2\/product_cat?post=271527"},{"taxonomy":"product_tag","embeddable":true,"href":"https:\/\/staging.lucky-hunter.com\/fr\/wp-json\/wp\/v2\/product_tag?post=271527"}],"curies":[{"name":"wp","href":"https:\/\/api.w.org\/{rel}","templated":true}]}}