{"id":262351,"date":"2024-09-30T09:50:36","date_gmt":"2024-09-30T07:50:36","guid":{"rendered":"https:\/\/staging.lucky-hunter.com\/product\/rigem-right-hyde-tabouret\/"},"modified":"2025-06-23T14:31:11","modified_gmt":"2025-06-23T12:31:11","slug":"rigem-right-hyde-tabouret","status":"publish","type":"product","link":"https:\/\/staging.lucky-hunter.com\/fr\/product\/rigem-right-hyde-tabouret\/","title":{"rendered":"Rig\u00b4Em Right Hyde Tabouret"},"content":{"rendered":"<h1><strong>Un tr\u00e8s beau tabouret de chasse pliant de l&#8217;Am\u00e9ricain Rig&#8217;Em Right<\/strong><\/h1>\n<div>Le tabouret est robuste, confortable et facile \u00e0 emporter avec vous lors de vos chasses.<\/div>\n<div><\/div>\n<div>Il peut \u00eatre pli\u00e9 en quelques secondes et prend tr\u00e8s peu de place pendant le transport et le stockage.<\/div>\n<div><\/div>\n<div>Parfait pour toutes sortes de chasses, depuis un aff\u00fbt, un mirador ou une tour de chasse.<\/div>\n<div><\/div>\n<div>Disponible en camo GORE\u00ae OPTIFADE\u00ae Marsh ou Timber.<\/div>\n<div><\/div>\n<div><strong>Dimensions :<\/strong><\/div>\n<div><\/div>\n<div>Hauteur totale : Environ 79 cm<\/div>\n<div>Du sol au si\u00e8ge : Environ 48 cm<\/div>\n<div>Si\u00e8ge : 35,50 cm<\/div>\n<div>Profondeur des pieds : 33 cm<\/div>\n<div><\/div>\n<div>Poids : Environ 6,5 kilos<\/div>\n<div>Tissu en polyester 900D<\/div>\n<div>Structure en acier<\/div>\n","protected":false},"excerpt":{"rendered":"<div>Le tabouret est robuste, confortable et facile \u00e0 emporter avec vous lors de vos chasses. Il peut \u00eatre pli\u00e9 en quelques secondes.<\/div>\n","protected":false},"featured_media":245986,"template":"","meta":[],"product_brand":[8127],"product_cat":[9382],"product_tag":[],"yoast_head":"<!-- This site is optimized with the Yoast SEO plugin v24.3 - https:\/\/yoast.com\/wordpress\/plugins\/seo\/ -->\n<title>Rig\u00b4Em Right Hyde Tabouret - Lucky-Hunter<\/title>\n<meta name=\"description\" content=\"Le tabouret est robuste, confortable et facile \u00e0 emporter avec vous lors de vos chasses. Il peut \u00eatre pli\u00e9 en quelques secondes.\" \/>\n<meta name=\"robots\" content=\"noindex, follow, max-snippet:-1, max-image-preview:large, max-video-preview:-1\" \/>\n<meta property=\"og:locale\" content=\"fr_FR\" \/>\n<meta property=\"og:type\" content=\"article\" \/>\n<meta property=\"og:title\" content=\"Rig\u00b4Em Right Hyde Tabouret - Lucky-Hunter\" \/>\n<meta property=\"og:description\" content=\"Le tabouret est robuste, confortable et facile \u00e0 emporter avec vous lors de vos chasses. Il peut \u00eatre pli\u00e9 en quelques secondes.\" \/>\n<meta property=\"og:url\" content=\"https:\/\/staging.lucky-hunter.com\/product\/rigem-right-hyde-stool\/\" \/>\n<meta property=\"og:site_name\" content=\"Lucky-Hunter\" \/>\n<meta property=\"article:modified_time\" content=\"2025-06-23T12:31:11+00:00\" \/>\n<meta property=\"og:image\" content=\"https:\/\/staging.lucky-hunter.com\/wp-content\/uploads\/2024\/09\/PU-264-removebg.png\" \/>\n\t<meta property=\"og:image:width\" content=\"900\" \/>\n\t<meta property=\"og:image:height\" content=\"1165\" \/>\n\t<meta property=\"og:image:type\" content=\"image\/png\" \/>\n<meta name=\"twitter:card\" content=\"summary_large_image\" \/>\n<meta name=\"twitter:label1\" content=\"Dur\u00e9e de lecture estim\u00e9e\" \/>\n\t<meta name=\"twitter:data1\" content=\"1 minute\" \/>\n<script type=\"application\/ld+json\" class=\"yoast-schema-graph\">{\"@context\":\"https:\/\/schema.org\",\"@graph\":[{\"@type\":\"WebPage\",\"@id\":\"https:\/\/staging.lucky-hunter.com\/product\/rigem-right-hyde-stool\/\",\"url\":\"https:\/\/staging.lucky-hunter.com\/product\/rigem-right-hyde-stool\/\",\"name\":\"Rig\u00b4Em Right Hyde Tabouret - Lucky-Hunter\",\"isPartOf\":{\"@id\":\"https:\/\/staging.lucky-hunter.com\/#website\"},\"primaryImageOfPage\":{\"@id\":\"https:\/\/staging.lucky-hunter.com\/product\/rigem-right-hyde-stool\/#primaryimage\"},\"image\":{\"@id\":\"https:\/\/staging.lucky-hunter.com\/product\/rigem-right-hyde-stool\/#primaryimage\"},\"thumbnailUrl\":\"https:\/\/staging.lucky-hunter.com\/wp-content\/uploads\/2024\/09\/PU-264-removebg.png\",\"datePublished\":\"2024-09-30T07:50:36+00:00\",\"dateModified\":\"2025-06-23T12:31:11+00:00\",\"description\":\"Le tabouret est robuste, confortable et facile \u00e0 emporter avec vous lors de vos chasses. Il peut \u00eatre pli\u00e9 en quelques secondes.\",\"breadcrumb\":{\"@id\":\"https:\/\/staging.lucky-hunter.com\/product\/rigem-right-hyde-stool\/#breadcrumb\"},\"inLanguage\":\"fr-FR\",\"potentialAction\":[{\"@type\":\"ReadAction\",\"target\":[\"https:\/\/staging.lucky-hunter.com\/product\/rigem-right-hyde-stool\/\"]}]},{\"@type\":\"ImageObject\",\"inLanguage\":\"fr-FR\",\"@id\":\"https:\/\/staging.lucky-hunter.com\/product\/rigem-right-hyde-stool\/#primaryimage\",\"url\":\"https:\/\/staging.lucky-hunter.com\/wp-content\/uploads\/2024\/09\/PU-264-removebg.png\",\"contentUrl\":\"https:\/\/staging.lucky-hunter.com\/wp-content\/uploads\/2024\/09\/PU-264-removebg.png\",\"width\":900,\"height\":1165},{\"@type\":\"BreadcrumbList\",\"@id\":\"https:\/\/staging.lucky-hunter.com\/product\/rigem-right-hyde-stool\/#breadcrumb\",\"itemListElement\":[{\"@type\":\"ListItem\",\"position\":1,\"name\":\"Home\",\"item\":\"https:\/\/staging.lucky-hunter.com\/fr\/\"},{\"@type\":\"ListItem\",\"position\":2,\"name\":\"Boutique\",\"item\":\"https:\/\/staging.lucky-hunter.com\/fr\/shop\/\"},{\"@type\":\"ListItem\",\"position\":3,\"name\":\"Rig\u00b4Em Right Hyde Tabouret\"}]},{\"@type\":\"WebSite\",\"@id\":\"https:\/\/staging.lucky-hunter.com\/#website\",\"url\":\"https:\/\/staging.lucky-hunter.com\/\",\"name\":\"Lucky-Hunter\",\"description\":\"Gear Up or Give Up\",\"potentialAction\":[{\"@type\":\"SearchAction\",\"target\":{\"@type\":\"EntryPoint\",\"urlTemplate\":\"https:\/\/staging.lucky-hunter.com\/?s={search_term_string}\"},\"query-input\":{\"@type\":\"PropertyValueSpecification\",\"valueRequired\":true,\"valueName\":\"search_term_string\"}}],\"inLanguage\":\"fr-FR\"}]}<\/script>\n<!-- \/ Yoast SEO plugin. -->","yoast_head_json":{"title":"Rig\u00b4Em Right Hyde Tabouret - Lucky-Hunter","description":"Le tabouret est robuste, confortable et facile \u00e0 emporter avec vous lors de vos chasses. Il peut \u00eatre pli\u00e9 en quelques secondes.","robots":{"index":"noindex","follow":"follow","max-snippet":"max-snippet:-1","max-image-preview":"max-image-preview:large","max-video-preview":"max-video-preview:-1"},"og_locale":"fr_FR","og_type":"article","og_title":"Rig\u00b4Em Right Hyde Tabouret - Lucky-Hunter","og_description":"Le tabouret est robuste, confortable et facile \u00e0 emporter avec vous lors de vos chasses. Il peut \u00eatre pli\u00e9 en quelques secondes.","og_url":"https:\/\/staging.lucky-hunter.com\/product\/rigem-right-hyde-stool\/","og_site_name":"Lucky-Hunter","article_modified_time":"2025-06-23T12:31:11+00:00","og_image":[{"width":900,"height":1165,"url":"https:\/\/staging.lucky-hunter.com\/wp-content\/uploads\/2024\/09\/PU-264-removebg.png","type":"image\/png"}],"twitter_card":"summary_large_image","twitter_misc":{"Dur\u00e9e de lecture estim\u00e9e":"1 minute"},"schema":{"@context":"https:\/\/schema.org","@graph":[{"@type":"WebPage","@id":"https:\/\/staging.lucky-hunter.com\/product\/rigem-right-hyde-stool\/","url":"https:\/\/staging.lucky-hunter.com\/product\/rigem-right-hyde-stool\/","name":"Rig\u00b4Em Right Hyde Tabouret - Lucky-Hunter","isPartOf":{"@id":"https:\/\/staging.lucky-hunter.com\/#website"},"primaryImageOfPage":{"@id":"https:\/\/staging.lucky-hunter.com\/product\/rigem-right-hyde-stool\/#primaryimage"},"image":{"@id":"https:\/\/staging.lucky-hunter.com\/product\/rigem-right-hyde-stool\/#primaryimage"},"thumbnailUrl":"https:\/\/staging.lucky-hunter.com\/wp-content\/uploads\/2024\/09\/PU-264-removebg.png","datePublished":"2024-09-30T07:50:36+00:00","dateModified":"2025-06-23T12:31:11+00:00","description":"Le tabouret est robuste, confortable et facile \u00e0 emporter avec vous lors de vos chasses. Il peut \u00eatre pli\u00e9 en quelques secondes.","breadcrumb":{"@id":"https:\/\/staging.lucky-hunter.com\/product\/rigem-right-hyde-stool\/#breadcrumb"},"inLanguage":"fr-FR","potentialAction":[{"@type":"ReadAction","target":["https:\/\/staging.lucky-hunter.com\/product\/rigem-right-hyde-stool\/"]}]},{"@type":"ImageObject","inLanguage":"fr-FR","@id":"https:\/\/staging.lucky-hunter.com\/product\/rigem-right-hyde-stool\/#primaryimage","url":"https:\/\/staging.lucky-hunter.com\/wp-content\/uploads\/2024\/09\/PU-264-removebg.png","contentUrl":"https:\/\/staging.lucky-hunter.com\/wp-content\/uploads\/2024\/09\/PU-264-removebg.png","width":900,"height":1165},{"@type":"BreadcrumbList","@id":"https:\/\/staging.lucky-hunter.com\/product\/rigem-right-hyde-stool\/#breadcrumb","itemListElement":[{"@type":"ListItem","position":1,"name":"Home","item":"https:\/\/staging.lucky-hunter.com\/fr\/"},{"@type":"ListItem","position":2,"name":"Boutique","item":"https:\/\/staging.lucky-hunter.com\/fr\/shop\/"},{"@type":"ListItem","position":3,"name":"Rig\u00b4Em Right Hyde Tabouret"}]},{"@type":"WebSite","@id":"https:\/\/staging.lucky-hunter.com\/#website","url":"https:\/\/staging.lucky-hunter.com\/","name":"Lucky-Hunter","description":"Gear Up or Give Up","potentialAction":[{"@type":"SearchAction","target":{"@type":"EntryPoint","urlTemplate":"https:\/\/staging.lucky-hunter.com\/?s={search_term_string}"},"query-input":{"@type":"PropertyValueSpecification","valueRequired":true,"valueName":"search_term_string"}}],"inLanguage":"fr-FR"}]}},"_links":{"self":[{"href":"https:\/\/staging.lucky-hunter.com\/fr\/wp-json\/wp\/v2\/product\/262351"}],"collection":[{"href":"https:\/\/staging.lucky-hunter.com\/fr\/wp-json\/wp\/v2\/product"}],"about":[{"href":"https:\/\/staging.lucky-hunter.com\/fr\/wp-json\/wp\/v2\/types\/product"}],"wp:featuredmedia":[{"embeddable":true,"href":"https:\/\/staging.lucky-hunter.com\/fr\/wp-json\/wp\/v2\/media\/245986"}],"wp:attachment":[{"href":"https:\/\/staging.lucky-hunter.com\/fr\/wp-json\/wp\/v2\/media?parent=262351"}],"wp:term":[{"taxonomy":"product_brand","embeddable":true,"href":"https:\/\/staging.lucky-hunter.com\/fr\/wp-json\/wp\/v2\/product_brand?post=262351"},{"taxonomy":"product_cat","embeddable":true,"href":"https:\/\/staging.lucky-hunter.com\/fr\/wp-json\/wp\/v2\/product_cat?post=262351"},{"taxonomy":"product_tag","embeddable":true,"href":"https:\/\/staging.lucky-hunter.com\/fr\/wp-json\/wp\/v2\/product_tag?post=262351"}],"curies":[{"name":"wp","href":"https:\/\/api.w.org\/{rel}","templated":true}]}}