{"id":228014,"date":"2024-09-05T15:11:09","date_gmt":"2024-09-05T13:11:09","guid":{"rendered":"https:\/\/staging.lucky-hunter.com\/?post_type=product&#038;p=228014"},"modified":"2024-09-19T11:33:20","modified_gmt":"2024-09-19T09:33:20","slug":"parka-pour-chien-boaters-dog-de-avery","status":"publish","type":"product","link":"https:\/\/staging.lucky-hunter.com\/fr\/product\/parka-pour-chien-boaters-dog-de-avery\/","title":{"rendered":"Boater\u2019s Dog Parka de Avery &#8211; 5 mm"},"content":{"rendered":"<h1><strong>Avery Boaters Parka pour Chien en N\u00e9opr\u00e8ne &#8211; Max7<\/strong><\/h1>\n<p>Pourquoi votre chien devrait-il en porter une ? \u00c0 cause de la chaleur corporelle. Votre chien commence \u00e0 perdre une chaleur corporelle cruciale plus t\u00f4t que vous ne le pensez. Des temp\u00e9ratures de l&#8217;eau en dessous de 55\u00b0, des temp\u00e9ratures de l&#8217;air inf\u00e9rieures \u00e0 40\u00b0, et des vents de plus de 20 mph sont des conditions id\u00e9ales pour que survienne une hypothermie canine mortelle.<\/p>\n<p>Poign\u00e9es int\u00e9gr\u00e9es pour un ramassage facile du chien.<\/p>\n<p>Une Parka pour Chien Boater retient la chaleur corporelle de votre chien, aidant son pelage \u00e0 s\u00e9cher plus rapidement tout en r\u00e9duisant les frissons \u00e9puisants. Elle offre \u00e9galement la flottabilit\u00e9 et la protection dont votre chien a besoin pour accomplir son travail important pour vous.<\/p>\n<ul>\n<li>Camo Max7<\/li>\n<li>Fermeture \u00e9clair avec rabat sur toute la longueur<\/li>\n<li>Tirette pour fermeture \u00e9clair adapt\u00e9e au froid<\/li>\n<li>Coupe effil\u00e9e avec n\u00e9opr\u00e8ne de 5 mm<\/li>\n<li>Coutures renforc\u00e9es deux fois<\/li>\n<li>Poign\u00e9es int\u00e9gr\u00e9es pour un ramassage facile du chien<\/li>\n<li>Harnais interne avec sangle pour plus de solidit\u00e9 et de stabilit\u00e9<\/li>\n<li>Taille XS : 38 cm (cou) &#8211; 56 cm (poitrine)<\/li>\n<li>Taille XL : 48,50 cm (cou) &#8211; 79 cm (poitrine)<\/li>\n<\/ul>\n<p><img decoding=\"async\" class=\"alignnone wp-image-333959 size-full jetpack-lazy-image jetpack-lazy-image--handled\" src=\"https:\/\/banded.com\/wp-content\/uploads\/2020\/04\/dogvest-SizeChart.jpg\" sizes=\"(max-width: 387px) 100vw, 387px\" srcset=\"https:\/\/banded.com\/wp-content\/uploads\/2020\/04\/dogvest-SizeChart.jpg 387w, https:\/\/banded.com\/wp-content\/uploads\/2020\/04\/dogvest-SizeChart-194x300.jpg 194w\" alt=\"\" width=\"387\" height=\"600\" data-lazy-loaded=\"1\" \/><\/p>\n","protected":false},"excerpt":{"rendered":"<p>La parka pour chien en n\u00e9opr\u00e8ne Avery retient la chaleur corporelle de votre chien, aidant ainsi son pelage \u00e0 s\u00e9cher plus rapidement tout en r\u00e9duisant les frissons qui \u00e9puisent son \u00e9nergie. Elle offre \u00e9galement une flottabilit\u00e9.<\/p>\n","protected":false},"featured_media":228067,"template":"","meta":[],"product_brand":[8123],"product_cat":[8259],"product_tag":[],"yoast_head":"<!-- This site is optimized with the Yoast SEO plugin v24.3 - https:\/\/yoast.com\/wordpress\/plugins\/seo\/ -->\n<title>Avery Boaters Parka pour Chien en N\u00e9opr\u00e8ne<\/title>\n<meta name=\"description\" content=\"La parka pour cLa parka pour chien en n\u00e9opr\u00e8ne Avery retient la chaleur corporelle de votre chien, aidant ainsi son pelage \u00e0 s\u00e9cher plus rapidement tout en r\u00e9duisant les frissons \u00e9puisants. Elle offre \u00e9galement une flottabilit\u00e9.hien Boater\u2019s Dog emprisonne la chaleur corporelle de votre chien tout en aidant son pelage \u00e0 s\u00e9cher plus rapidement et en r\u00e9duisant les frissons \u00e9nergivores. Elle am\u00e9liore \u00e9galement la flottabilit\u00e9\" \/>\n<meta name=\"robots\" content=\"noindex, follow, max-snippet:-1, max-image-preview:large, max-video-preview:-1\" \/>\n<meta property=\"og:locale\" content=\"fr_FR\" \/>\n<meta property=\"og:type\" content=\"article\" \/>\n<meta property=\"og:title\" content=\"Avery Boaters Parka pour Chien en N\u00e9opr\u00e8ne\" \/>\n<meta property=\"og:description\" content=\"La parka pour cLa parka pour chien en n\u00e9opr\u00e8ne Avery retient la chaleur corporelle de votre chien, aidant ainsi son pelage \u00e0 s\u00e9cher plus rapidement tout en r\u00e9duisant les frissons \u00e9puisants. Elle offre \u00e9galement une flottabilit\u00e9.hien Boater\u2019s Dog emprisonne la chaleur corporelle de votre chien tout en aidant son pelage \u00e0 s\u00e9cher plus rapidement et en r\u00e9duisant les frissons \u00e9nergivores. Elle am\u00e9liore \u00e9galement la flottabilit\u00e9\" \/>\n<meta property=\"og:url\" content=\"https:\/\/staging.lucky-hunter.com\/fr\/product\/parka-pour-chien-boaters-dog-de-avery\/\" \/>\n<meta property=\"og:site_name\" content=\"Lucky-Hunter\" \/>\n<meta property=\"article:modified_time\" content=\"2024-09-19T09:33:20+00:00\" \/>\n<meta property=\"og:image\" content=\"https:\/\/staging.lucky-hunter.com\/wp-content\/uploads\/2024\/09\/JH-13.webp\" \/>\n\t<meta property=\"og:image:width\" content=\"533\" \/>\n\t<meta property=\"og:image:height\" content=\"666\" \/>\n\t<meta property=\"og:image:type\" content=\"image\/webp\" \/>\n<meta name=\"twitter:card\" content=\"summary_large_image\" \/>\n<meta name=\"twitter:label1\" content=\"Dur\u00e9e de lecture estim\u00e9e\" \/>\n\t<meta name=\"twitter:data1\" content=\"2 minutes\" \/>\n<script type=\"application\/ld+json\" class=\"yoast-schema-graph\">{\"@context\":\"https:\/\/schema.org\",\"@graph\":[{\"@type\":\"WebPage\",\"@id\":\"https:\/\/staging.lucky-hunter.com\/fr\/product\/parka-pour-chien-boaters-dog-de-avery\/\",\"url\":\"https:\/\/staging.lucky-hunter.com\/fr\/product\/parka-pour-chien-boaters-dog-de-avery\/\",\"name\":\"Avery Boaters Parka pour Chien en N\u00e9opr\u00e8ne\",\"isPartOf\":{\"@id\":\"https:\/\/staging.lucky-hunter.com\/#website\"},\"primaryImageOfPage\":{\"@id\":\"https:\/\/staging.lucky-hunter.com\/fr\/product\/parka-pour-chien-boaters-dog-de-avery\/#primaryimage\"},\"image\":{\"@id\":\"https:\/\/staging.lucky-hunter.com\/fr\/product\/parka-pour-chien-boaters-dog-de-avery\/#primaryimage\"},\"thumbnailUrl\":\"https:\/\/staging.lucky-hunter.com\/wp-content\/uploads\/2024\/09\/JH-13.webp\",\"datePublished\":\"2024-09-05T13:11:09+00:00\",\"dateModified\":\"2024-09-19T09:33:20+00:00\",\"description\":\"La parka pour cLa parka pour chien en n\u00e9opr\u00e8ne Avery retient la chaleur corporelle de votre chien, aidant ainsi son pelage \u00e0 s\u00e9cher plus rapidement tout en r\u00e9duisant les frissons \u00e9puisants. Elle offre \u00e9galement une flottabilit\u00e9.hien Boater\u2019s Dog emprisonne la chaleur corporelle de votre chien tout en aidant son pelage \u00e0 s\u00e9cher plus rapidement et en r\u00e9duisant les frissons \u00e9nergivores. Elle am\u00e9liore \u00e9galement la flottabilit\u00e9\",\"breadcrumb\":{\"@id\":\"https:\/\/staging.lucky-hunter.com\/fr\/product\/parka-pour-chien-boaters-dog-de-avery\/#breadcrumb\"},\"inLanguage\":\"fr-FR\",\"potentialAction\":[{\"@type\":\"ReadAction\",\"target\":[\"https:\/\/staging.lucky-hunter.com\/fr\/product\/parka-pour-chien-boaters-dog-de-avery\/\"]}]},{\"@type\":\"ImageObject\",\"inLanguage\":\"fr-FR\",\"@id\":\"https:\/\/staging.lucky-hunter.com\/fr\/product\/parka-pour-chien-boaters-dog-de-avery\/#primaryimage\",\"url\":\"https:\/\/staging.lucky-hunter.com\/wp-content\/uploads\/2024\/09\/JH-13.webp\",\"contentUrl\":\"https:\/\/staging.lucky-hunter.com\/wp-content\/uploads\/2024\/09\/JH-13.webp\",\"width\":533,\"height\":666},{\"@type\":\"BreadcrumbList\",\"@id\":\"https:\/\/staging.lucky-hunter.com\/fr\/product\/parka-pour-chien-boaters-dog-de-avery\/#breadcrumb\",\"itemListElement\":[{\"@type\":\"ListItem\",\"position\":1,\"name\":\"Home\",\"item\":\"https:\/\/staging.lucky-hunter.com\/fr\/\"},{\"@type\":\"ListItem\",\"position\":2,\"name\":\"Boutique\",\"item\":\"https:\/\/staging.lucky-hunter.com\/fr\/shop\/\"},{\"@type\":\"ListItem\",\"position\":3,\"name\":\"Boater\u2019s Dog Parka de Avery &#8211; 5 mm\"}]},{\"@type\":\"WebSite\",\"@id\":\"https:\/\/staging.lucky-hunter.com\/#website\",\"url\":\"https:\/\/staging.lucky-hunter.com\/\",\"name\":\"Lucky-Hunter\",\"description\":\"Gear Up or Give Up\",\"potentialAction\":[{\"@type\":\"SearchAction\",\"target\":{\"@type\":\"EntryPoint\",\"urlTemplate\":\"https:\/\/staging.lucky-hunter.com\/?s={search_term_string}\"},\"query-input\":{\"@type\":\"PropertyValueSpecification\",\"valueRequired\":true,\"valueName\":\"search_term_string\"}}],\"inLanguage\":\"fr-FR\"}]}<\/script>\n<!-- \/ Yoast SEO plugin. -->","yoast_head_json":{"title":"Avery Boaters Parka pour Chien en N\u00e9opr\u00e8ne","description":"La parka pour cLa parka pour chien en n\u00e9opr\u00e8ne Avery retient la chaleur corporelle de votre chien, aidant ainsi son pelage \u00e0 s\u00e9cher plus rapidement tout en r\u00e9duisant les frissons \u00e9puisants. Elle offre \u00e9galement une flottabilit\u00e9.hien Boater\u2019s Dog emprisonne la chaleur corporelle de votre chien tout en aidant son pelage \u00e0 s\u00e9cher plus rapidement et en r\u00e9duisant les frissons \u00e9nergivores. Elle am\u00e9liore \u00e9galement la flottabilit\u00e9","robots":{"index":"noindex","follow":"follow","max-snippet":"max-snippet:-1","max-image-preview":"max-image-preview:large","max-video-preview":"max-video-preview:-1"},"og_locale":"fr_FR","og_type":"article","og_title":"Avery Boaters Parka pour Chien en N\u00e9opr\u00e8ne","og_description":"La parka pour cLa parka pour chien en n\u00e9opr\u00e8ne Avery retient la chaleur corporelle de votre chien, aidant ainsi son pelage \u00e0 s\u00e9cher plus rapidement tout en r\u00e9duisant les frissons \u00e9puisants. Elle offre \u00e9galement une flottabilit\u00e9.hien Boater\u2019s Dog emprisonne la chaleur corporelle de votre chien tout en aidant son pelage \u00e0 s\u00e9cher plus rapidement et en r\u00e9duisant les frissons \u00e9nergivores. Elle am\u00e9liore \u00e9galement la flottabilit\u00e9","og_url":"https:\/\/staging.lucky-hunter.com\/fr\/product\/parka-pour-chien-boaters-dog-de-avery\/","og_site_name":"Lucky-Hunter","article_modified_time":"2024-09-19T09:33:20+00:00","og_image":[{"width":533,"height":666,"url":"https:\/\/staging.lucky-hunter.com\/wp-content\/uploads\/2024\/09\/JH-13.webp","type":"image\/webp"}],"twitter_card":"summary_large_image","twitter_misc":{"Dur\u00e9e de lecture estim\u00e9e":"2 minutes"},"schema":{"@context":"https:\/\/schema.org","@graph":[{"@type":"WebPage","@id":"https:\/\/staging.lucky-hunter.com\/fr\/product\/parka-pour-chien-boaters-dog-de-avery\/","url":"https:\/\/staging.lucky-hunter.com\/fr\/product\/parka-pour-chien-boaters-dog-de-avery\/","name":"Avery Boaters Parka pour Chien en N\u00e9opr\u00e8ne","isPartOf":{"@id":"https:\/\/staging.lucky-hunter.com\/#website"},"primaryImageOfPage":{"@id":"https:\/\/staging.lucky-hunter.com\/fr\/product\/parka-pour-chien-boaters-dog-de-avery\/#primaryimage"},"image":{"@id":"https:\/\/staging.lucky-hunter.com\/fr\/product\/parka-pour-chien-boaters-dog-de-avery\/#primaryimage"},"thumbnailUrl":"https:\/\/staging.lucky-hunter.com\/wp-content\/uploads\/2024\/09\/JH-13.webp","datePublished":"2024-09-05T13:11:09+00:00","dateModified":"2024-09-19T09:33:20+00:00","description":"La parka pour cLa parka pour chien en n\u00e9opr\u00e8ne Avery retient la chaleur corporelle de votre chien, aidant ainsi son pelage \u00e0 s\u00e9cher plus rapidement tout en r\u00e9duisant les frissons \u00e9puisants. Elle offre \u00e9galement une flottabilit\u00e9.hien Boater\u2019s Dog emprisonne la chaleur corporelle de votre chien tout en aidant son pelage \u00e0 s\u00e9cher plus rapidement et en r\u00e9duisant les frissons \u00e9nergivores. Elle am\u00e9liore \u00e9galement la flottabilit\u00e9","breadcrumb":{"@id":"https:\/\/staging.lucky-hunter.com\/fr\/product\/parka-pour-chien-boaters-dog-de-avery\/#breadcrumb"},"inLanguage":"fr-FR","potentialAction":[{"@type":"ReadAction","target":["https:\/\/staging.lucky-hunter.com\/fr\/product\/parka-pour-chien-boaters-dog-de-avery\/"]}]},{"@type":"ImageObject","inLanguage":"fr-FR","@id":"https:\/\/staging.lucky-hunter.com\/fr\/product\/parka-pour-chien-boaters-dog-de-avery\/#primaryimage","url":"https:\/\/staging.lucky-hunter.com\/wp-content\/uploads\/2024\/09\/JH-13.webp","contentUrl":"https:\/\/staging.lucky-hunter.com\/wp-content\/uploads\/2024\/09\/JH-13.webp","width":533,"height":666},{"@type":"BreadcrumbList","@id":"https:\/\/staging.lucky-hunter.com\/fr\/product\/parka-pour-chien-boaters-dog-de-avery\/#breadcrumb","itemListElement":[{"@type":"ListItem","position":1,"name":"Home","item":"https:\/\/staging.lucky-hunter.com\/fr\/"},{"@type":"ListItem","position":2,"name":"Boutique","item":"https:\/\/staging.lucky-hunter.com\/fr\/shop\/"},{"@type":"ListItem","position":3,"name":"Boater\u2019s Dog Parka de Avery &#8211; 5 mm"}]},{"@type":"WebSite","@id":"https:\/\/staging.lucky-hunter.com\/#website","url":"https:\/\/staging.lucky-hunter.com\/","name":"Lucky-Hunter","description":"Gear Up or Give Up","potentialAction":[{"@type":"SearchAction","target":{"@type":"EntryPoint","urlTemplate":"https:\/\/staging.lucky-hunter.com\/?s={search_term_string}"},"query-input":{"@type":"PropertyValueSpecification","valueRequired":true,"valueName":"search_term_string"}}],"inLanguage":"fr-FR"}]}},"_links":{"self":[{"href":"https:\/\/staging.lucky-hunter.com\/fr\/wp-json\/wp\/v2\/product\/228014"}],"collection":[{"href":"https:\/\/staging.lucky-hunter.com\/fr\/wp-json\/wp\/v2\/product"}],"about":[{"href":"https:\/\/staging.lucky-hunter.com\/fr\/wp-json\/wp\/v2\/types\/product"}],"wp:featuredmedia":[{"embeddable":true,"href":"https:\/\/staging.lucky-hunter.com\/fr\/wp-json\/wp\/v2\/media\/228067"}],"wp:attachment":[{"href":"https:\/\/staging.lucky-hunter.com\/fr\/wp-json\/wp\/v2\/media?parent=228014"}],"wp:term":[{"taxonomy":"product_brand","embeddable":true,"href":"https:\/\/staging.lucky-hunter.com\/fr\/wp-json\/wp\/v2\/product_brand?post=228014"},{"taxonomy":"product_cat","embeddable":true,"href":"https:\/\/staging.lucky-hunter.com\/fr\/wp-json\/wp\/v2\/product_cat?post=228014"},{"taxonomy":"product_tag","embeddable":true,"href":"https:\/\/staging.lucky-hunter.com\/fr\/wp-json\/wp\/v2\/product_tag?post=228014"}],"curies":[{"name":"wp","href":"https:\/\/api.w.org\/{rel}","templated":true}]}}