{"id":227925,"date":"2024-09-05T13:52:27","date_gmt":"2024-09-05T11:52:27","guid":{"rendered":"https:\/\/staging.lucky-hunter.com\/?post_type=product&#038;p=227925"},"modified":"2025-09-07T22:38:49","modified_gmt":"2025-09-07T20:38:49","slug":"buck-expert-pack-dappats-cerf-elaphes","status":"publish","type":"product","link":"https:\/\/staging.lucky-hunter.com\/fr\/product\/buck-expert-pack-dappats-cerf-elaphes\/","title":{"rendered":"Buck Expert Pack d&#8217;App\u00e2ts &#8211; Cerf \u00c9laphes"},"content":{"rendered":"<h1><strong>Un pack de leurres mixtes pour la chasse au cerf \u00e9laphe<\/strong><\/h1>\n<div>Ici, vous obtenez un pack mixte avec 6 leurres irr\u00e9sistibles de Buck Expert pour la chasse au cerf \u00e9laphe.<\/div>\n<div><\/div>\n<div><strong>Le pack contient :<\/strong><\/div>\n<ul>\n<li>1 kilo de sel de mer et de min\u00e9raux avec un d\u00e9licieux parfum de fruits (\u00e0 saupoudrer directement sur le sol dans la zone d&#8217;alimentation)<\/li>\n<li>1 kilo de poudre de fruits (m\u00e9langez-la avec de la terre et r\u00e9partissez-la sur une zone d\u2019environ 1 m\u00e8tre)<\/li>\n<li>60 ml de parfum synth\u00e9tique d&#8217;urine de biche en chaleur<\/li>\n<li>125 ml de poudre de fruits et 125 ml de liquide \u00e0 verser sur les pierres min\u00e9rales<\/li>\n<li>125 ml de liquide neutre pour neutraliser la valeur de pH du sol, augmentant ainsi l&#8217;effet attractif autour des pierres min\u00e9rales et autres leurres.<\/li>\n<\/ul>\n<div>Fabriqu\u00e9 au Canada.<\/div>\n","protected":false},"excerpt":{"rendered":"<p>Ici, vous obtenez un pack mixte avec 6 leurres irr\u00e9sistibles de Buck Expert pour la chasse au cerf \u00e9laphe.<\/p>\n","protected":false},"featured_media":227943,"template":"","meta":[],"product_brand":[8210],"product_cat":[8255],"product_tag":[9151,9444],"yoast_head":"<!-- This site is optimized with the Yoast SEO plugin v24.3 - https:\/\/yoast.com\/wordpress\/plugins\/seo\/ -->\n<title>Buck Expert Pack d&#039;App\u00e2ts - Cerf \u00c9laphes<\/title>\n<meta name=\"description\" content=\"Ici, vous obtenez un pack mixte avec 6 leurres irr\u00e9sistibles de Buck Expert pour la chasse au cerf \u00e9laphe.\" \/>\n<meta name=\"robots\" content=\"noindex, follow, max-snippet:-1, max-image-preview:large, max-video-preview:-1\" \/>\n<meta property=\"og:locale\" content=\"fr_FR\" \/>\n<meta property=\"og:type\" content=\"article\" \/>\n<meta property=\"og:title\" content=\"Buck Expert Pack d&#039;App\u00e2ts - Cerf \u00c9laphes\" \/>\n<meta property=\"og:description\" content=\"Ici, vous obtenez un pack mixte avec 6 leurres irr\u00e9sistibles de Buck Expert pour la chasse au cerf \u00e9laphe.\" \/>\n<meta property=\"og:url\" content=\"https:\/\/staging.lucky-hunter.com\/fr\/product\/buck-expert-pack-dappats-cerf-elaphes\/\" \/>\n<meta property=\"og:site_name\" content=\"Lucky-Hunter\" \/>\n<meta property=\"article:modified_time\" content=\"2025-09-07T20:38:49+00:00\" \/>\n<meta property=\"og:image\" content=\"https:\/\/staging.lucky-hunter.com\/wp-content\/uploads\/2024\/09\/LM-185-removebg-e1725537475147.png\" \/>\n\t<meta property=\"og:image:width\" content=\"3024\" \/>\n\t<meta property=\"og:image:height\" content=\"4032\" \/>\n\t<meta property=\"og:image:type\" content=\"image\/png\" \/>\n<meta name=\"twitter:card\" content=\"summary_large_image\" \/>\n<meta name=\"twitter:label1\" content=\"Dur\u00e9e de lecture estim\u00e9e\" \/>\n\t<meta name=\"twitter:data1\" content=\"1 minute\" \/>\n<script type=\"application\/ld+json\" class=\"yoast-schema-graph\">{\"@context\":\"https:\/\/schema.org\",\"@graph\":[{\"@type\":\"WebPage\",\"@id\":\"https:\/\/staging.lucky-hunter.com\/fr\/product\/buck-expert-pack-dappats-cerf-elaphes\/\",\"url\":\"https:\/\/staging.lucky-hunter.com\/fr\/product\/buck-expert-pack-dappats-cerf-elaphes\/\",\"name\":\"Buck Expert Pack d'App\u00e2ts - Cerf \u00c9laphes\",\"isPartOf\":{\"@id\":\"https:\/\/staging.lucky-hunter.com\/#website\"},\"primaryImageOfPage\":{\"@id\":\"https:\/\/staging.lucky-hunter.com\/fr\/product\/buck-expert-pack-dappats-cerf-elaphes\/#primaryimage\"},\"image\":{\"@id\":\"https:\/\/staging.lucky-hunter.com\/fr\/product\/buck-expert-pack-dappats-cerf-elaphes\/#primaryimage\"},\"thumbnailUrl\":\"https:\/\/staging.lucky-hunter.com\/wp-content\/uploads\/2024\/09\/LM-185-removebg-e1725537475147.png\",\"datePublished\":\"2024-09-05T11:52:27+00:00\",\"dateModified\":\"2025-09-07T20:38:49+00:00\",\"description\":\"Ici, vous obtenez un pack mixte avec 6 leurres irr\u00e9sistibles de Buck Expert pour la chasse au cerf \u00e9laphe.\",\"breadcrumb\":{\"@id\":\"https:\/\/staging.lucky-hunter.com\/fr\/product\/buck-expert-pack-dappats-cerf-elaphes\/#breadcrumb\"},\"inLanguage\":\"fr-FR\",\"potentialAction\":[{\"@type\":\"ReadAction\",\"target\":[\"https:\/\/staging.lucky-hunter.com\/fr\/product\/buck-expert-pack-dappats-cerf-elaphes\/\"]}]},{\"@type\":\"ImageObject\",\"inLanguage\":\"fr-FR\",\"@id\":\"https:\/\/staging.lucky-hunter.com\/fr\/product\/buck-expert-pack-dappats-cerf-elaphes\/#primaryimage\",\"url\":\"https:\/\/staging.lucky-hunter.com\/wp-content\/uploads\/2024\/09\/LM-185-removebg-e1725537475147.png\",\"contentUrl\":\"https:\/\/staging.lucky-hunter.com\/wp-content\/uploads\/2024\/09\/LM-185-removebg-e1725537475147.png\",\"width\":3024,\"height\":4032},{\"@type\":\"BreadcrumbList\",\"@id\":\"https:\/\/staging.lucky-hunter.com\/fr\/product\/buck-expert-pack-dappats-cerf-elaphes\/#breadcrumb\",\"itemListElement\":[{\"@type\":\"ListItem\",\"position\":1,\"name\":\"Home\",\"item\":\"https:\/\/staging.lucky-hunter.com\/fr\/\"},{\"@type\":\"ListItem\",\"position\":2,\"name\":\"Boutique\",\"item\":\"https:\/\/staging.lucky-hunter.com\/fr\/shop\/\"},{\"@type\":\"ListItem\",\"position\":3,\"name\":\"Buck Expert Pack d&#8217;App\u00e2ts &#8211; Cerf \u00c9laphes\"}]},{\"@type\":\"WebSite\",\"@id\":\"https:\/\/staging.lucky-hunter.com\/#website\",\"url\":\"https:\/\/staging.lucky-hunter.com\/\",\"name\":\"Lucky-Hunter\",\"description\":\"Gear Up or Give Up\",\"potentialAction\":[{\"@type\":\"SearchAction\",\"target\":{\"@type\":\"EntryPoint\",\"urlTemplate\":\"https:\/\/staging.lucky-hunter.com\/?s={search_term_string}\"},\"query-input\":{\"@type\":\"PropertyValueSpecification\",\"valueRequired\":true,\"valueName\":\"search_term_string\"}}],\"inLanguage\":\"fr-FR\"}]}<\/script>\n<!-- \/ Yoast SEO plugin. -->","yoast_head_json":{"title":"Buck Expert Pack d'App\u00e2ts - Cerf \u00c9laphes","description":"Ici, vous obtenez un pack mixte avec 6 leurres irr\u00e9sistibles de Buck Expert pour la chasse au cerf \u00e9laphe.","robots":{"index":"noindex","follow":"follow","max-snippet":"max-snippet:-1","max-image-preview":"max-image-preview:large","max-video-preview":"max-video-preview:-1"},"og_locale":"fr_FR","og_type":"article","og_title":"Buck Expert Pack d'App\u00e2ts - Cerf \u00c9laphes","og_description":"Ici, vous obtenez un pack mixte avec 6 leurres irr\u00e9sistibles de Buck Expert pour la chasse au cerf \u00e9laphe.","og_url":"https:\/\/staging.lucky-hunter.com\/fr\/product\/buck-expert-pack-dappats-cerf-elaphes\/","og_site_name":"Lucky-Hunter","article_modified_time":"2025-09-07T20:38:49+00:00","og_image":[{"url":"https:\/\/staging.lucky-hunter.com\/wp-content\/uploads\/2024\/09\/LM-185-removebg-e1725537475147.png","width":3024,"height":4032,"type":"image\/png"}],"twitter_card":"summary_large_image","twitter_misc":{"Dur\u00e9e de lecture estim\u00e9e":"1 minute"},"schema":{"@context":"https:\/\/schema.org","@graph":[{"@type":"WebPage","@id":"https:\/\/staging.lucky-hunter.com\/fr\/product\/buck-expert-pack-dappats-cerf-elaphes\/","url":"https:\/\/staging.lucky-hunter.com\/fr\/product\/buck-expert-pack-dappats-cerf-elaphes\/","name":"Buck Expert Pack d'App\u00e2ts - Cerf \u00c9laphes","isPartOf":{"@id":"https:\/\/staging.lucky-hunter.com\/#website"},"primaryImageOfPage":{"@id":"https:\/\/staging.lucky-hunter.com\/fr\/product\/buck-expert-pack-dappats-cerf-elaphes\/#primaryimage"},"image":{"@id":"https:\/\/staging.lucky-hunter.com\/fr\/product\/buck-expert-pack-dappats-cerf-elaphes\/#primaryimage"},"thumbnailUrl":"https:\/\/staging.lucky-hunter.com\/wp-content\/uploads\/2024\/09\/LM-185-removebg-e1725537475147.png","datePublished":"2024-09-05T11:52:27+00:00","dateModified":"2025-09-07T20:38:49+00:00","description":"Ici, vous obtenez un pack mixte avec 6 leurres irr\u00e9sistibles de Buck Expert pour la chasse au cerf \u00e9laphe.","breadcrumb":{"@id":"https:\/\/staging.lucky-hunter.com\/fr\/product\/buck-expert-pack-dappats-cerf-elaphes\/#breadcrumb"},"inLanguage":"fr-FR","potentialAction":[{"@type":"ReadAction","target":["https:\/\/staging.lucky-hunter.com\/fr\/product\/buck-expert-pack-dappats-cerf-elaphes\/"]}]},{"@type":"ImageObject","inLanguage":"fr-FR","@id":"https:\/\/staging.lucky-hunter.com\/fr\/product\/buck-expert-pack-dappats-cerf-elaphes\/#primaryimage","url":"https:\/\/staging.lucky-hunter.com\/wp-content\/uploads\/2024\/09\/LM-185-removebg-e1725537475147.png","contentUrl":"https:\/\/staging.lucky-hunter.com\/wp-content\/uploads\/2024\/09\/LM-185-removebg-e1725537475147.png","width":3024,"height":4032},{"@type":"BreadcrumbList","@id":"https:\/\/staging.lucky-hunter.com\/fr\/product\/buck-expert-pack-dappats-cerf-elaphes\/#breadcrumb","itemListElement":[{"@type":"ListItem","position":1,"name":"Home","item":"https:\/\/staging.lucky-hunter.com\/fr\/"},{"@type":"ListItem","position":2,"name":"Boutique","item":"https:\/\/staging.lucky-hunter.com\/fr\/shop\/"},{"@type":"ListItem","position":3,"name":"Buck Expert Pack d&#8217;App\u00e2ts &#8211; Cerf \u00c9laphes"}]},{"@type":"WebSite","@id":"https:\/\/staging.lucky-hunter.com\/#website","url":"https:\/\/staging.lucky-hunter.com\/","name":"Lucky-Hunter","description":"Gear Up or Give Up","potentialAction":[{"@type":"SearchAction","target":{"@type":"EntryPoint","urlTemplate":"https:\/\/staging.lucky-hunter.com\/?s={search_term_string}"},"query-input":{"@type":"PropertyValueSpecification","valueRequired":true,"valueName":"search_term_string"}}],"inLanguage":"fr-FR"}]}},"_links":{"self":[{"href":"https:\/\/staging.lucky-hunter.com\/fr\/wp-json\/wp\/v2\/product\/227925"}],"collection":[{"href":"https:\/\/staging.lucky-hunter.com\/fr\/wp-json\/wp\/v2\/product"}],"about":[{"href":"https:\/\/staging.lucky-hunter.com\/fr\/wp-json\/wp\/v2\/types\/product"}],"wp:featuredmedia":[{"embeddable":true,"href":"https:\/\/staging.lucky-hunter.com\/fr\/wp-json\/wp\/v2\/media\/227943"}],"wp:attachment":[{"href":"https:\/\/staging.lucky-hunter.com\/fr\/wp-json\/wp\/v2\/media?parent=227925"}],"wp:term":[{"taxonomy":"product_brand","embeddable":true,"href":"https:\/\/staging.lucky-hunter.com\/fr\/wp-json\/wp\/v2\/product_brand?post=227925"},{"taxonomy":"product_cat","embeddable":true,"href":"https:\/\/staging.lucky-hunter.com\/fr\/wp-json\/wp\/v2\/product_cat?post=227925"},{"taxonomy":"product_tag","embeddable":true,"href":"https:\/\/staging.lucky-hunter.com\/fr\/wp-json\/wp\/v2\/product_tag?post=227925"}],"curies":[{"name":"wp","href":"https:\/\/api.w.org\/{rel}","templated":true}]}}