{"id":199212,"date":"2024-07-25T11:20:31","date_gmt":"2024-07-25T09:20:31","guid":{"rendered":"https:\/\/staging.lucky-hunter.com\/?post_type=product&#038;p=199212"},"modified":"2025-06-23T14:37:49","modified_gmt":"2025-06-23T12:37:49","slug":"formes-silhouettes-doie-honker-12-pcs-tetes-floquees","status":"publish","type":"product","link":"https:\/\/staging.lucky-hunter.com\/fr\/product\/formes-silhouettes-doie-honker-12-pcs-tetes-floquees\/","title":{"rendered":"Formes Silhouettes d&#8217;Oie Honker &#8211; 12 pcs T\u00eates Floqu\u00e9es"},"content":{"rendered":"<h1><strong>Formes Silhouettes d&#8217;Oie Honker Final Approach &#8211; Surdimensionn\u00e9es<\/strong><\/h1>\n<p>L&#8217;avantage majeur des formes silhouettes est que vous pouvez recr\u00e9er une grande dispersion d&#8217;oiseaux en train de se nourrir et de se reposer sans avoir \u00e0 transporter de nombreux sacs remplis de formes en taille r\u00e9elle.<br \/>\nIl vous suffit de placer les silhouettes dans une configuration vari\u00e9e, avec des formes en taille r\u00e9elle, des coquilles et des Sillosocks. C&#8217;est une m\u00e9thode tr\u00e8s efficace pour camoufler votre aff\u00fbt, car les oies seront concentr\u00e9es sur le nombre d&#8217;oies qui ont atterri dans le champ pour se nourrir.<\/p>\n<p>Assurez-vous de varier l&#8217;angle des silhouettes afin que les oies puissent les voir de toutes les directions.<\/p>\n<p>Il s&#8217;agit d&#8217;un pack de 12 formes surdimensionn\u00e9es pour une meilleure visibilit\u00e9, avec des t\u00eates floqu\u00e9es pour plus de r\u00e9alisme.<\/p>\n<p><strong>Contenu du pack :<\/strong><\/p>\n<ul>\n<li>4 Nourrisseurs<\/li>\n<li>4 Chercheurs<\/li>\n<li>2 Reposeurs<\/li>\n<li>2 Dress\u00e9s<\/li>\n<li>12 piquets de montage.<\/li>\n<\/ul>\n<p>Fabriqu\u00e9es en mat\u00e9riau robuste, les silhouettes peuvent tout de m\u00eame se plier ou se froisser si elles ne sont pas manipul\u00e9es correctement. Nous vous sugg\u00e9rons de les transporter et de les ranger dans un sac de transport.<\/p>\n","protected":false},"excerpt":{"rendered":"<p>Avec des formes silhouettes, vous pouvez recr\u00e9er une grande dispersion d&#8217;oiseaux en train de se nourrir et de se reposer sans avoir \u00e0 transporter de nombreux sacs remplis de formes en taille r\u00e9elle.<\/p>\n","protected":false},"featured_media":199249,"template":"","meta":[],"product_brand":[8136],"product_cat":[8178],"product_tag":[9446],"yoast_head":"<!-- This site is optimized with the Yoast SEO plugin v24.3 - https:\/\/yoast.com\/wordpress\/plugins\/seo\/ -->\n<title>Formes Silhouettes d&#039;Oie Honker Final Approach<\/title>\n<meta name=\"description\" content=\"Avec des formes silhouettes, vous pouvez recr\u00e9er une grande dispersion d&#039;oiseaux en train de se nourrir et de se reposer sans avoir \u00e0 transporter de nombreux sacs remplis de formes en taille r\u00e9elle.\" \/>\n<meta name=\"robots\" content=\"noindex, follow, max-snippet:-1, max-image-preview:large, max-video-preview:-1\" \/>\n<meta property=\"og:locale\" content=\"fr_FR\" \/>\n<meta property=\"og:type\" content=\"article\" \/>\n<meta property=\"og:title\" content=\"Big Al&#039;s Silhouette Mallards - BIG News for 2019 Wildfowl Season | Lucky Hunter\" \/>\n<meta property=\"og:description\" content=\"Big Al&#039;s Silhouette Mallards are coming for the 2019 wildfowl season! Big Al&#039;s Silhouette decoys are ideal for all wildfowl situations.\" \/>\n<meta property=\"og:url\" content=\"https:\/\/staging.lucky-hunter.com\/fr\/product\/formes-silhouettes-doie-honker-12-pcs-tetes-floquees\/\" \/>\n<meta property=\"og:site_name\" content=\"Lucky-Hunter\" \/>\n<meta property=\"article:modified_time\" content=\"2025-06-23T12:37:49+00:00\" \/>\n<meta property=\"og:image\" content=\"https:\/\/staging.lucky-hunter.com\/wp-content\/uploads\/2024\/07\/LF-433-2-removebg.png\" \/>\n\t<meta property=\"og:image:width\" content=\"1280\" \/>\n\t<meta property=\"og:image:height\" content=\"1280\" \/>\n\t<meta property=\"og:image:type\" content=\"image\/png\" \/>\n<meta name=\"twitter:card\" content=\"summary_large_image\" \/>\n<meta name=\"twitter:title\" content=\"Big Al&#039;s Silhouette Mallards - BIG News for 2019 Wildfowl Season | Lucky Hunter\" \/>\n<meta name=\"twitter:description\" content=\"Big Al&#039;s Silhouette Mallards are coming for the 2019 wildfowl season! Big Al&#039;s Silhouette decoys are ideal for all wildfowl situations.\" \/>\n<meta name=\"twitter:label1\" content=\"Dur\u00e9e de lecture estim\u00e9e\" \/>\n\t<meta name=\"twitter:data1\" content=\"1 minute\" \/>\n<script type=\"application\/ld+json\" class=\"yoast-schema-graph\">{\"@context\":\"https:\/\/schema.org\",\"@graph\":[{\"@type\":\"WebPage\",\"@id\":\"https:\/\/staging.lucky-hunter.com\/fr\/product\/formes-silhouettes-doie-honker-12-pcs-tetes-floquees\/\",\"url\":\"https:\/\/staging.lucky-hunter.com\/fr\/product\/formes-silhouettes-doie-honker-12-pcs-tetes-floquees\/\",\"name\":\"Formes Silhouettes d'Oie Honker Final Approach\",\"isPartOf\":{\"@id\":\"https:\/\/staging.lucky-hunter.com\/#website\"},\"primaryImageOfPage\":{\"@id\":\"https:\/\/staging.lucky-hunter.com\/fr\/product\/formes-silhouettes-doie-honker-12-pcs-tetes-floquees\/#primaryimage\"},\"image\":{\"@id\":\"https:\/\/staging.lucky-hunter.com\/fr\/product\/formes-silhouettes-doie-honker-12-pcs-tetes-floquees\/#primaryimage\"},\"thumbnailUrl\":\"https:\/\/staging.lucky-hunter.com\/wp-content\/uploads\/2024\/07\/LF-433-2-removebg.png\",\"datePublished\":\"2024-07-25T09:20:31+00:00\",\"dateModified\":\"2025-06-23T12:37:49+00:00\",\"description\":\"Avec des formes silhouettes, vous pouvez recr\u00e9er une grande dispersion d'oiseaux en train de se nourrir et de se reposer sans avoir \u00e0 transporter de nombreux sacs remplis de formes en taille r\u00e9elle.\",\"breadcrumb\":{\"@id\":\"https:\/\/staging.lucky-hunter.com\/fr\/product\/formes-silhouettes-doie-honker-12-pcs-tetes-floquees\/#breadcrumb\"},\"inLanguage\":\"fr-FR\",\"potentialAction\":[{\"@type\":\"ReadAction\",\"target\":[\"https:\/\/staging.lucky-hunter.com\/fr\/product\/formes-silhouettes-doie-honker-12-pcs-tetes-floquees\/\"]}]},{\"@type\":\"ImageObject\",\"inLanguage\":\"fr-FR\",\"@id\":\"https:\/\/staging.lucky-hunter.com\/fr\/product\/formes-silhouettes-doie-honker-12-pcs-tetes-floquees\/#primaryimage\",\"url\":\"https:\/\/staging.lucky-hunter.com\/wp-content\/uploads\/2024\/07\/LF-433-2-removebg.png\",\"contentUrl\":\"https:\/\/staging.lucky-hunter.com\/wp-content\/uploads\/2024\/07\/LF-433-2-removebg.png\",\"width\":1280,\"height\":1280},{\"@type\":\"BreadcrumbList\",\"@id\":\"https:\/\/staging.lucky-hunter.com\/fr\/product\/formes-silhouettes-doie-honker-12-pcs-tetes-floquees\/#breadcrumb\",\"itemListElement\":[{\"@type\":\"ListItem\",\"position\":1,\"name\":\"Home\",\"item\":\"https:\/\/staging.lucky-hunter.com\/fr\/\"},{\"@type\":\"ListItem\",\"position\":2,\"name\":\"Boutique\",\"item\":\"https:\/\/staging.lucky-hunter.com\/fr\/shop\/\"},{\"@type\":\"ListItem\",\"position\":3,\"name\":\"Formes Silhouettes d&#8217;Oie Honker &#8211; 12 pcs T\u00eates Floqu\u00e9es\"}]},{\"@type\":\"WebSite\",\"@id\":\"https:\/\/staging.lucky-hunter.com\/#website\",\"url\":\"https:\/\/staging.lucky-hunter.com\/\",\"name\":\"Lucky-Hunter\",\"description\":\"Gear Up or Give Up\",\"potentialAction\":[{\"@type\":\"SearchAction\",\"target\":{\"@type\":\"EntryPoint\",\"urlTemplate\":\"https:\/\/staging.lucky-hunter.com\/?s={search_term_string}\"},\"query-input\":{\"@type\":\"PropertyValueSpecification\",\"valueRequired\":true,\"valueName\":\"search_term_string\"}}],\"inLanguage\":\"fr-FR\"}]}<\/script>\n<!-- \/ Yoast SEO plugin. -->","yoast_head_json":{"title":"Formes Silhouettes d'Oie Honker Final Approach","description":"Avec des formes silhouettes, vous pouvez recr\u00e9er une grande dispersion d'oiseaux en train de se nourrir et de se reposer sans avoir \u00e0 transporter de nombreux sacs remplis de formes en taille r\u00e9elle.","robots":{"index":"noindex","follow":"follow","max-snippet":"max-snippet:-1","max-image-preview":"max-image-preview:large","max-video-preview":"max-video-preview:-1"},"og_locale":"fr_FR","og_type":"article","og_title":"Big Al's Silhouette Mallards - BIG News for 2019 Wildfowl Season | Lucky Hunter","og_description":"Big Al's Silhouette Mallards are coming for the 2019 wildfowl season! Big Al's Silhouette decoys are ideal for all wildfowl situations.","og_url":"https:\/\/staging.lucky-hunter.com\/fr\/product\/formes-silhouettes-doie-honker-12-pcs-tetes-floquees\/","og_site_name":"Lucky-Hunter","article_modified_time":"2025-06-23T12:37:49+00:00","og_image":[{"width":1280,"height":1280,"url":"https:\/\/staging.lucky-hunter.com\/wp-content\/uploads\/2024\/07\/LF-433-2-removebg.png","type":"image\/png"}],"twitter_card":"summary_large_image","twitter_title":"Big Al's Silhouette Mallards - BIG News for 2019 Wildfowl Season | Lucky Hunter","twitter_description":"Big Al's Silhouette Mallards are coming for the 2019 wildfowl season! Big Al's Silhouette decoys are ideal for all wildfowl situations.","twitter_misc":{"Dur\u00e9e de lecture estim\u00e9e":"1 minute"},"schema":{"@context":"https:\/\/schema.org","@graph":[{"@type":"WebPage","@id":"https:\/\/staging.lucky-hunter.com\/fr\/product\/formes-silhouettes-doie-honker-12-pcs-tetes-floquees\/","url":"https:\/\/staging.lucky-hunter.com\/fr\/product\/formes-silhouettes-doie-honker-12-pcs-tetes-floquees\/","name":"Formes Silhouettes d'Oie Honker Final Approach","isPartOf":{"@id":"https:\/\/staging.lucky-hunter.com\/#website"},"primaryImageOfPage":{"@id":"https:\/\/staging.lucky-hunter.com\/fr\/product\/formes-silhouettes-doie-honker-12-pcs-tetes-floquees\/#primaryimage"},"image":{"@id":"https:\/\/staging.lucky-hunter.com\/fr\/product\/formes-silhouettes-doie-honker-12-pcs-tetes-floquees\/#primaryimage"},"thumbnailUrl":"https:\/\/staging.lucky-hunter.com\/wp-content\/uploads\/2024\/07\/LF-433-2-removebg.png","datePublished":"2024-07-25T09:20:31+00:00","dateModified":"2025-06-23T12:37:49+00:00","description":"Avec des formes silhouettes, vous pouvez recr\u00e9er une grande dispersion d'oiseaux en train de se nourrir et de se reposer sans avoir \u00e0 transporter de nombreux sacs remplis de formes en taille r\u00e9elle.","breadcrumb":{"@id":"https:\/\/staging.lucky-hunter.com\/fr\/product\/formes-silhouettes-doie-honker-12-pcs-tetes-floquees\/#breadcrumb"},"inLanguage":"fr-FR","potentialAction":[{"@type":"ReadAction","target":["https:\/\/staging.lucky-hunter.com\/fr\/product\/formes-silhouettes-doie-honker-12-pcs-tetes-floquees\/"]}]},{"@type":"ImageObject","inLanguage":"fr-FR","@id":"https:\/\/staging.lucky-hunter.com\/fr\/product\/formes-silhouettes-doie-honker-12-pcs-tetes-floquees\/#primaryimage","url":"https:\/\/staging.lucky-hunter.com\/wp-content\/uploads\/2024\/07\/LF-433-2-removebg.png","contentUrl":"https:\/\/staging.lucky-hunter.com\/wp-content\/uploads\/2024\/07\/LF-433-2-removebg.png","width":1280,"height":1280},{"@type":"BreadcrumbList","@id":"https:\/\/staging.lucky-hunter.com\/fr\/product\/formes-silhouettes-doie-honker-12-pcs-tetes-floquees\/#breadcrumb","itemListElement":[{"@type":"ListItem","position":1,"name":"Home","item":"https:\/\/staging.lucky-hunter.com\/fr\/"},{"@type":"ListItem","position":2,"name":"Boutique","item":"https:\/\/staging.lucky-hunter.com\/fr\/shop\/"},{"@type":"ListItem","position":3,"name":"Formes Silhouettes d&#8217;Oie Honker &#8211; 12 pcs T\u00eates Floqu\u00e9es"}]},{"@type":"WebSite","@id":"https:\/\/staging.lucky-hunter.com\/#website","url":"https:\/\/staging.lucky-hunter.com\/","name":"Lucky-Hunter","description":"Gear Up or Give Up","potentialAction":[{"@type":"SearchAction","target":{"@type":"EntryPoint","urlTemplate":"https:\/\/staging.lucky-hunter.com\/?s={search_term_string}"},"query-input":{"@type":"PropertyValueSpecification","valueRequired":true,"valueName":"search_term_string"}}],"inLanguage":"fr-FR"}]}},"_links":{"self":[{"href":"https:\/\/staging.lucky-hunter.com\/fr\/wp-json\/wp\/v2\/product\/199212"}],"collection":[{"href":"https:\/\/staging.lucky-hunter.com\/fr\/wp-json\/wp\/v2\/product"}],"about":[{"href":"https:\/\/staging.lucky-hunter.com\/fr\/wp-json\/wp\/v2\/types\/product"}],"wp:featuredmedia":[{"embeddable":true,"href":"https:\/\/staging.lucky-hunter.com\/fr\/wp-json\/wp\/v2\/media\/199249"}],"wp:attachment":[{"href":"https:\/\/staging.lucky-hunter.com\/fr\/wp-json\/wp\/v2\/media?parent=199212"}],"wp:term":[{"taxonomy":"product_brand","embeddable":true,"href":"https:\/\/staging.lucky-hunter.com\/fr\/wp-json\/wp\/v2\/product_brand?post=199212"},{"taxonomy":"product_cat","embeddable":true,"href":"https:\/\/staging.lucky-hunter.com\/fr\/wp-json\/wp\/v2\/product_cat?post=199212"},{"taxonomy":"product_tag","embeddable":true,"href":"https:\/\/staging.lucky-hunter.com\/fr\/wp-json\/wp\/v2\/product_tag?post=199212"}],"curies":[{"name":"wp","href":"https:\/\/api.w.org\/{rel}","templated":true}]}}