{"id":199090,"date":"2024-07-25T10:56:11","date_gmt":"2024-07-25T08:56:11","guid":{"rendered":"https:\/\/staging.lucky-hunter.com\/?post_type=product&#038;p=199090"},"modified":"2025-06-23T14:39:40","modified_gmt":"2025-06-23T12:39:40","slug":"final-approach-formes-de-grue-de-sandhill-2-pcs","status":"publish","type":"product","link":"https:\/\/staging.lucky-hunter.com\/fr\/product\/final-approach-formes-de-grue-de-sandhill-2-pcs\/","title":{"rendered":"Final Approach Formes de Grue de Sandhill &#8211; 2 pcs."},"content":{"rendered":"<h2><strong>Formes r\u00e9alistes de grue de Sandhill de Final Approach<\/strong><\/h2>\n<p>American Final Approach Waterfowl (FA) est le fabricant derri\u00e8re ces formes de grue de Sandhill de haute qualit\u00e9 en taille r\u00e9elle.<br \/>\nLes formes sont fabriqu\u00e9es en plastique plus souple, ce qui rend la peinture plus durable.<\/p>\n<p>Dans la bo\u00eete, vous trouverez 2 formes de grue de Sandhill en taille r\u00e9elle avec 2 positions de t\u00eate dress\u00e9e.<\/p>\n<p>Des piquets de montage sont inclus ainsi qu&#8217;un sac \u00e0 formes \u00e0 deux emplacements.<\/p>\n<p>La passion de Final Approach pour la chasse aux oiseaux d&#8217;eau et leur engagement \u00e0 fabriquer du mat\u00e9riel plus r\u00e9sistant pour les chasseurs passionn\u00e9s se retrouve dans chaque aff\u00fbt, forme, sac et accessoire de la marque.<\/p>\n","protected":false},"excerpt":{"rendered":"<p>Vous obtenez ici 2 fantastiques formes de grue de Sandhill. Les formes sont produites par la soci\u00e9t\u00e9 am\u00e9ricaine Final Approach Waterfowl.<\/p>\n<p>&nbsp;<\/p>\n","protected":false},"featured_media":199098,"template":"","meta":[],"product_brand":[8136],"product_cat":[9702],"product_tag":[],"yoast_head":"<!-- This site is optimized with the Yoast SEO plugin v24.3 - https:\/\/yoast.com\/wordpress\/plugins\/seo\/ -->\n<title>Final Approach Formes de Grue de Sandhill - 2 pcs. | Lucky-hunter.com<\/title>\n<meta name=\"description\" content=\"Vous obtenez ici 2 fantastiques formes de grue de Sandhill. Les formes sont produites par la soci\u00e9t\u00e9 am\u00e9ricaine Final Approach Waterfowl.\" \/>\n<meta name=\"robots\" content=\"noindex, follow, max-snippet:-1, max-image-preview:large, max-video-preview:-1\" \/>\n<meta property=\"og:locale\" content=\"fr_FR\" \/>\n<meta property=\"og:type\" content=\"article\" \/>\n<meta property=\"og:title\" content=\"Final Approach Formes de Grue de Sandhill - 2 pcs. | Lucky-hunter.com\" \/>\n<meta property=\"og:description\" content=\"Vous obtenez ici 2 fantastiques formes de grue de Sandhill. Les formes sont produites par la soci\u00e9t\u00e9 am\u00e9ricaine Final Approach Waterfowl.\" \/>\n<meta property=\"og:url\" content=\"https:\/\/staging.lucky-hunter.com\/fr\/product\/final-approach-formes-de-grue-de-sandhill-2-pcs\/\" \/>\n<meta property=\"og:site_name\" content=\"Lucky-Hunter\" \/>\n<meta property=\"article:modified_time\" content=\"2025-06-23T12:39:40+00:00\" \/>\n<meta property=\"og:image\" content=\"https:\/\/staging.lucky-hunter.com\/wp-content\/uploads\/2024\/07\/LF-431-removebg.png\" \/>\n\t<meta property=\"og:image:width\" content=\"1280\" \/>\n\t<meta property=\"og:image:height\" content=\"1280\" \/>\n\t<meta property=\"og:image:type\" content=\"image\/png\" \/>\n<meta name=\"twitter:card\" content=\"summary_large_image\" \/>\n<meta name=\"twitter:label1\" content=\"Dur\u00e9e de lecture estim\u00e9e\" \/>\n\t<meta name=\"twitter:data1\" content=\"1 minute\" \/>\n<script type=\"application\/ld+json\" class=\"yoast-schema-graph\">{\"@context\":\"https:\/\/schema.org\",\"@graph\":[{\"@type\":\"WebPage\",\"@id\":\"https:\/\/staging.lucky-hunter.com\/fr\/product\/final-approach-formes-de-grue-de-sandhill-2-pcs\/\",\"url\":\"https:\/\/staging.lucky-hunter.com\/fr\/product\/final-approach-formes-de-grue-de-sandhill-2-pcs\/\",\"name\":\"Final Approach Formes de Grue de Sandhill - 2 pcs. | Lucky-hunter.com\",\"isPartOf\":{\"@id\":\"https:\/\/staging.lucky-hunter.com\/#website\"},\"primaryImageOfPage\":{\"@id\":\"https:\/\/staging.lucky-hunter.com\/fr\/product\/final-approach-formes-de-grue-de-sandhill-2-pcs\/#primaryimage\"},\"image\":{\"@id\":\"https:\/\/staging.lucky-hunter.com\/fr\/product\/final-approach-formes-de-grue-de-sandhill-2-pcs\/#primaryimage\"},\"thumbnailUrl\":\"https:\/\/staging.lucky-hunter.com\/wp-content\/uploads\/2024\/07\/LF-431-removebg.png\",\"datePublished\":\"2024-07-25T08:56:11+00:00\",\"dateModified\":\"2025-06-23T12:39:40+00:00\",\"description\":\"Vous obtenez ici 2 fantastiques formes de grue de Sandhill. Les formes sont produites par la soci\u00e9t\u00e9 am\u00e9ricaine Final Approach Waterfowl.\",\"breadcrumb\":{\"@id\":\"https:\/\/staging.lucky-hunter.com\/fr\/product\/final-approach-formes-de-grue-de-sandhill-2-pcs\/#breadcrumb\"},\"inLanguage\":\"fr-FR\",\"potentialAction\":[{\"@type\":\"ReadAction\",\"target\":[\"https:\/\/staging.lucky-hunter.com\/fr\/product\/final-approach-formes-de-grue-de-sandhill-2-pcs\/\"]}]},{\"@type\":\"ImageObject\",\"inLanguage\":\"fr-FR\",\"@id\":\"https:\/\/staging.lucky-hunter.com\/fr\/product\/final-approach-formes-de-grue-de-sandhill-2-pcs\/#primaryimage\",\"url\":\"https:\/\/staging.lucky-hunter.com\/wp-content\/uploads\/2024\/07\/LF-431-removebg.png\",\"contentUrl\":\"https:\/\/staging.lucky-hunter.com\/wp-content\/uploads\/2024\/07\/LF-431-removebg.png\",\"width\":1280,\"height\":1280},{\"@type\":\"BreadcrumbList\",\"@id\":\"https:\/\/staging.lucky-hunter.com\/fr\/product\/final-approach-formes-de-grue-de-sandhill-2-pcs\/#breadcrumb\",\"itemListElement\":[{\"@type\":\"ListItem\",\"position\":1,\"name\":\"Home\",\"item\":\"https:\/\/staging.lucky-hunter.com\/fr\/\"},{\"@type\":\"ListItem\",\"position\":2,\"name\":\"Boutique\",\"item\":\"https:\/\/staging.lucky-hunter.com\/fr\/shop\/\"},{\"@type\":\"ListItem\",\"position\":3,\"name\":\"Final Approach Formes de Grue de Sandhill &#8211; 2 pcs.\"}]},{\"@type\":\"WebSite\",\"@id\":\"https:\/\/staging.lucky-hunter.com\/#website\",\"url\":\"https:\/\/staging.lucky-hunter.com\/\",\"name\":\"Lucky-Hunter\",\"description\":\"Gear Up or Give Up\",\"potentialAction\":[{\"@type\":\"SearchAction\",\"target\":{\"@type\":\"EntryPoint\",\"urlTemplate\":\"https:\/\/staging.lucky-hunter.com\/?s={search_term_string}\"},\"query-input\":{\"@type\":\"PropertyValueSpecification\",\"valueRequired\":true,\"valueName\":\"search_term_string\"}}],\"inLanguage\":\"fr-FR\"}]}<\/script>\n<!-- \/ Yoast SEO plugin. -->","yoast_head_json":{"title":"Final Approach Formes de Grue de Sandhill - 2 pcs. | Lucky-hunter.com","description":"Vous obtenez ici 2 fantastiques formes de grue de Sandhill. Les formes sont produites par la soci\u00e9t\u00e9 am\u00e9ricaine Final Approach Waterfowl.","robots":{"index":"noindex","follow":"follow","max-snippet":"max-snippet:-1","max-image-preview":"max-image-preview:large","max-video-preview":"max-video-preview:-1"},"og_locale":"fr_FR","og_type":"article","og_title":"Final Approach Formes de Grue de Sandhill - 2 pcs. | Lucky-hunter.com","og_description":"Vous obtenez ici 2 fantastiques formes de grue de Sandhill. Les formes sont produites par la soci\u00e9t\u00e9 am\u00e9ricaine Final Approach Waterfowl.","og_url":"https:\/\/staging.lucky-hunter.com\/fr\/product\/final-approach-formes-de-grue-de-sandhill-2-pcs\/","og_site_name":"Lucky-Hunter","article_modified_time":"2025-06-23T12:39:40+00:00","og_image":[{"width":1280,"height":1280,"url":"https:\/\/staging.lucky-hunter.com\/wp-content\/uploads\/2024\/07\/LF-431-removebg.png","type":"image\/png"}],"twitter_card":"summary_large_image","twitter_misc":{"Dur\u00e9e de lecture estim\u00e9e":"1 minute"},"schema":{"@context":"https:\/\/schema.org","@graph":[{"@type":"WebPage","@id":"https:\/\/staging.lucky-hunter.com\/fr\/product\/final-approach-formes-de-grue-de-sandhill-2-pcs\/","url":"https:\/\/staging.lucky-hunter.com\/fr\/product\/final-approach-formes-de-grue-de-sandhill-2-pcs\/","name":"Final Approach Formes de Grue de Sandhill - 2 pcs. | Lucky-hunter.com","isPartOf":{"@id":"https:\/\/staging.lucky-hunter.com\/#website"},"primaryImageOfPage":{"@id":"https:\/\/staging.lucky-hunter.com\/fr\/product\/final-approach-formes-de-grue-de-sandhill-2-pcs\/#primaryimage"},"image":{"@id":"https:\/\/staging.lucky-hunter.com\/fr\/product\/final-approach-formes-de-grue-de-sandhill-2-pcs\/#primaryimage"},"thumbnailUrl":"https:\/\/staging.lucky-hunter.com\/wp-content\/uploads\/2024\/07\/LF-431-removebg.png","datePublished":"2024-07-25T08:56:11+00:00","dateModified":"2025-06-23T12:39:40+00:00","description":"Vous obtenez ici 2 fantastiques formes de grue de Sandhill. Les formes sont produites par la soci\u00e9t\u00e9 am\u00e9ricaine Final Approach Waterfowl.","breadcrumb":{"@id":"https:\/\/staging.lucky-hunter.com\/fr\/product\/final-approach-formes-de-grue-de-sandhill-2-pcs\/#breadcrumb"},"inLanguage":"fr-FR","potentialAction":[{"@type":"ReadAction","target":["https:\/\/staging.lucky-hunter.com\/fr\/product\/final-approach-formes-de-grue-de-sandhill-2-pcs\/"]}]},{"@type":"ImageObject","inLanguage":"fr-FR","@id":"https:\/\/staging.lucky-hunter.com\/fr\/product\/final-approach-formes-de-grue-de-sandhill-2-pcs\/#primaryimage","url":"https:\/\/staging.lucky-hunter.com\/wp-content\/uploads\/2024\/07\/LF-431-removebg.png","contentUrl":"https:\/\/staging.lucky-hunter.com\/wp-content\/uploads\/2024\/07\/LF-431-removebg.png","width":1280,"height":1280},{"@type":"BreadcrumbList","@id":"https:\/\/staging.lucky-hunter.com\/fr\/product\/final-approach-formes-de-grue-de-sandhill-2-pcs\/#breadcrumb","itemListElement":[{"@type":"ListItem","position":1,"name":"Home","item":"https:\/\/staging.lucky-hunter.com\/fr\/"},{"@type":"ListItem","position":2,"name":"Boutique","item":"https:\/\/staging.lucky-hunter.com\/fr\/shop\/"},{"@type":"ListItem","position":3,"name":"Final Approach Formes de Grue de Sandhill &#8211; 2 pcs."}]},{"@type":"WebSite","@id":"https:\/\/staging.lucky-hunter.com\/#website","url":"https:\/\/staging.lucky-hunter.com\/","name":"Lucky-Hunter","description":"Gear Up or Give Up","potentialAction":[{"@type":"SearchAction","target":{"@type":"EntryPoint","urlTemplate":"https:\/\/staging.lucky-hunter.com\/?s={search_term_string}"},"query-input":{"@type":"PropertyValueSpecification","valueRequired":true,"valueName":"search_term_string"}}],"inLanguage":"fr-FR"}]}},"_links":{"self":[{"href":"https:\/\/staging.lucky-hunter.com\/fr\/wp-json\/wp\/v2\/product\/199090"}],"collection":[{"href":"https:\/\/staging.lucky-hunter.com\/fr\/wp-json\/wp\/v2\/product"}],"about":[{"href":"https:\/\/staging.lucky-hunter.com\/fr\/wp-json\/wp\/v2\/types\/product"}],"wp:featuredmedia":[{"embeddable":true,"href":"https:\/\/staging.lucky-hunter.com\/fr\/wp-json\/wp\/v2\/media\/199098"}],"wp:attachment":[{"href":"https:\/\/staging.lucky-hunter.com\/fr\/wp-json\/wp\/v2\/media?parent=199090"}],"wp:term":[{"taxonomy":"product_brand","embeddable":true,"href":"https:\/\/staging.lucky-hunter.com\/fr\/wp-json\/wp\/v2\/product_brand?post=199090"},{"taxonomy":"product_cat","embeddable":true,"href":"https:\/\/staging.lucky-hunter.com\/fr\/wp-json\/wp\/v2\/product_cat?post=199090"},{"taxonomy":"product_tag","embeddable":true,"href":"https:\/\/staging.lucky-hunter.com\/fr\/wp-json\/wp\/v2\/product_tag?post=199090"}],"curies":[{"name":"wp","href":"https:\/\/api.w.org\/{rel}","templated":true}]}}