{"id":196549,"date":"2023-10-24T15:46:42","date_gmt":"2023-10-24T13:46:42","guid":{"rendered":"https:\/\/staging.lucky-hunter.com\/product\/sac-a-dos-pour-siege-pivotant-sillosocks-bucket\/"},"modified":"2025-06-23T15:33:17","modified_gmt":"2025-06-23T13:33:17","slug":"sac-a-dos-pour-siege-pivotant-sillosocks-bucket","status":"publish","type":"product","link":"https:\/\/staging.lucky-hunter.com\/fr\/product\/sac-a-dos-pour-siege-pivotant-sillosocks-bucket\/","title":{"rendered":"Sac \u00e0 dos pour Si\u00e8ge Pivotant Sillosocks Bucket"},"content":{"rendered":"<div>Sac \u00e0 dos imperm\u00e9able, pratique et durable avec des bretelles rembourr\u00e9es pour transporter votre si\u00e8ge de chasse Sillosocks Bucket.<\/div>\n<div><\/div>\n<div>Vous avez ainsi les mains libres pour porter tout autre \u00e9quipement n\u00e9cessaire pour la chasse.<\/div>\n<div><\/div>\n<div>Le sac \u00e0 dos poss\u00e8de des poches pour ranger et transporter de petits objets.<\/div>\n<div><\/div>\n<div>Se ferme facilement avec un cordon en nylon lorsque le si\u00e8ge Bucket est dans le sac \u00e0 dos.<\/div>\n<div><\/div>\n<div>Dimensions approximatives : 43 \u00d7 46 \u00d7 40 cm<\/div>\n<div><\/div>\n<div><strong>NB &#8211; Si\u00e8ge de chasse Bucket command\u00e9 s\u00e9par\u00e9ment avec le num\u00e9ro d&#8217;article PU-95<\/strong><\/div>\n","protected":false},"excerpt":{"rendered":"<p>Sac \u00e0 dos imperm\u00e9able, pratique et durable avec des bretelles rembourr\u00e9es pour transporter votre si\u00e8ge de chasse Sillosocks Bucket.<\/p>\n","protected":false},"featured_media":69328,"template":"","meta":[],"product_brand":[8126],"product_cat":[8174],"product_tag":[],"yoast_head":"<!-- This site is optimized with the Yoast SEO plugin v24.3 - https:\/\/yoast.com\/wordpress\/plugins\/seo\/ -->\n<title>Sac \u00e0 dos pour Si\u00e8ge Pivotant Sillosocks Bucket<\/title>\n<meta name=\"description\" content=\"Sac \u00e0 dos imperm\u00e9able, pratique et durable avec des bretelles rembourr\u00e9es pour transporter votre si\u00e8ge de chasse Sillosocks Bucket.\" \/>\n<meta name=\"robots\" content=\"noindex, follow, max-snippet:-1, max-image-preview:large, max-video-preview:-1\" \/>\n<meta property=\"og:locale\" content=\"fr_FR\" \/>\n<meta property=\"og:type\" content=\"article\" \/>\n<meta property=\"og:title\" content=\"Sac \u00e0 dos pour Si\u00e8ge Pivotant Sillosocks Bucket\" \/>\n<meta property=\"og:description\" content=\"Sac \u00e0 dos imperm\u00e9able, pratique et durable avec des bretelles rembourr\u00e9es pour transporter votre si\u00e8ge de chasse Sillosocks Bucket.\" \/>\n<meta property=\"og:url\" content=\"https:\/\/staging.lucky-hunter.com\/fr\/product\/sac-a-dos-pour-siege-pivotant-sillosocks-bucket\/\" \/>\n<meta property=\"og:site_name\" content=\"Lucky-Hunter\" \/>\n<meta property=\"article:modified_time\" content=\"2025-06-23T13:33:17+00:00\" \/>\n<meta property=\"og:image\" content=\"https:\/\/staging.lucky-hunter.com\/wp-content\/uploads\/2023\/10\/PU-96-1.png\" \/>\n\t<meta property=\"og:image:width\" content=\"1000\" \/>\n\t<meta property=\"og:image:height\" content=\"1000\" \/>\n\t<meta property=\"og:image:type\" content=\"image\/png\" \/>\n<meta name=\"twitter:card\" content=\"summary_large_image\" \/>\n<meta name=\"twitter:label1\" content=\"Dur\u00e9e de lecture estim\u00e9e\" \/>\n\t<meta name=\"twitter:data1\" content=\"1 minute\" \/>\n<script type=\"application\/ld+json\" class=\"yoast-schema-graph\">{\"@context\":\"https:\/\/schema.org\",\"@graph\":[{\"@type\":\"WebPage\",\"@id\":\"https:\/\/staging.lucky-hunter.com\/fr\/product\/sac-a-dos-pour-siege-pivotant-sillosocks-bucket\/\",\"url\":\"https:\/\/staging.lucky-hunter.com\/fr\/product\/sac-a-dos-pour-siege-pivotant-sillosocks-bucket\/\",\"name\":\"Sac \u00e0 dos pour Si\u00e8ge Pivotant Sillosocks Bucket\",\"isPartOf\":{\"@id\":\"https:\/\/staging.lucky-hunter.com\/#website\"},\"primaryImageOfPage\":{\"@id\":\"https:\/\/staging.lucky-hunter.com\/fr\/product\/sac-a-dos-pour-siege-pivotant-sillosocks-bucket\/#primaryimage\"},\"image\":{\"@id\":\"https:\/\/staging.lucky-hunter.com\/fr\/product\/sac-a-dos-pour-siege-pivotant-sillosocks-bucket\/#primaryimage\"},\"thumbnailUrl\":\"https:\/\/staging.lucky-hunter.com\/wp-content\/uploads\/2023\/10\/PU-96-1.png\",\"datePublished\":\"2023-10-24T13:46:42+00:00\",\"dateModified\":\"2025-06-23T13:33:17+00:00\",\"description\":\"Sac \u00e0 dos imperm\u00e9able, pratique et durable avec des bretelles rembourr\u00e9es pour transporter votre si\u00e8ge de chasse Sillosocks Bucket.\",\"breadcrumb\":{\"@id\":\"https:\/\/staging.lucky-hunter.com\/fr\/product\/sac-a-dos-pour-siege-pivotant-sillosocks-bucket\/#breadcrumb\"},\"inLanguage\":\"fr-FR\",\"potentialAction\":[{\"@type\":\"ReadAction\",\"target\":[\"https:\/\/staging.lucky-hunter.com\/fr\/product\/sac-a-dos-pour-siege-pivotant-sillosocks-bucket\/\"]}]},{\"@type\":\"ImageObject\",\"inLanguage\":\"fr-FR\",\"@id\":\"https:\/\/staging.lucky-hunter.com\/fr\/product\/sac-a-dos-pour-siege-pivotant-sillosocks-bucket\/#primaryimage\",\"url\":\"https:\/\/staging.lucky-hunter.com\/wp-content\/uploads\/2023\/10\/PU-96-1.png\",\"contentUrl\":\"https:\/\/staging.lucky-hunter.com\/wp-content\/uploads\/2023\/10\/PU-96-1.png\",\"width\":1000,\"height\":1000},{\"@type\":\"BreadcrumbList\",\"@id\":\"https:\/\/staging.lucky-hunter.com\/fr\/product\/sac-a-dos-pour-siege-pivotant-sillosocks-bucket\/#breadcrumb\",\"itemListElement\":[{\"@type\":\"ListItem\",\"position\":1,\"name\":\"Home\",\"item\":\"https:\/\/staging.lucky-hunter.com\/fr\/\"},{\"@type\":\"ListItem\",\"position\":2,\"name\":\"Boutique\",\"item\":\"https:\/\/staging.lucky-hunter.com\/fr\/shop\/\"},{\"@type\":\"ListItem\",\"position\":3,\"name\":\"Sac \u00e0 dos pour Si\u00e8ge Pivotant Sillosocks Bucket\"}]},{\"@type\":\"WebSite\",\"@id\":\"https:\/\/staging.lucky-hunter.com\/#website\",\"url\":\"https:\/\/staging.lucky-hunter.com\/\",\"name\":\"Lucky-Hunter\",\"description\":\"Gear Up or Give Up\",\"potentialAction\":[{\"@type\":\"SearchAction\",\"target\":{\"@type\":\"EntryPoint\",\"urlTemplate\":\"https:\/\/staging.lucky-hunter.com\/?s={search_term_string}\"},\"query-input\":{\"@type\":\"PropertyValueSpecification\",\"valueRequired\":true,\"valueName\":\"search_term_string\"}}],\"inLanguage\":\"fr-FR\"}]}<\/script>\n<!-- \/ Yoast SEO plugin. -->","yoast_head_json":{"title":"Sac \u00e0 dos pour Si\u00e8ge Pivotant Sillosocks Bucket","description":"Sac \u00e0 dos imperm\u00e9able, pratique et durable avec des bretelles rembourr\u00e9es pour transporter votre si\u00e8ge de chasse Sillosocks Bucket.","robots":{"index":"noindex","follow":"follow","max-snippet":"max-snippet:-1","max-image-preview":"max-image-preview:large","max-video-preview":"max-video-preview:-1"},"og_locale":"fr_FR","og_type":"article","og_title":"Sac \u00e0 dos pour Si\u00e8ge Pivotant Sillosocks Bucket","og_description":"Sac \u00e0 dos imperm\u00e9able, pratique et durable avec des bretelles rembourr\u00e9es pour transporter votre si\u00e8ge de chasse Sillosocks Bucket.","og_url":"https:\/\/staging.lucky-hunter.com\/fr\/product\/sac-a-dos-pour-siege-pivotant-sillosocks-bucket\/","og_site_name":"Lucky-Hunter","article_modified_time":"2025-06-23T13:33:17+00:00","og_image":[{"width":1000,"height":1000,"url":"https:\/\/staging.lucky-hunter.com\/wp-content\/uploads\/2023\/10\/PU-96-1.png","type":"image\/png"}],"twitter_card":"summary_large_image","twitter_misc":{"Dur\u00e9e de lecture estim\u00e9e":"1 minute"},"schema":{"@context":"https:\/\/schema.org","@graph":[{"@type":"WebPage","@id":"https:\/\/staging.lucky-hunter.com\/fr\/product\/sac-a-dos-pour-siege-pivotant-sillosocks-bucket\/","url":"https:\/\/staging.lucky-hunter.com\/fr\/product\/sac-a-dos-pour-siege-pivotant-sillosocks-bucket\/","name":"Sac \u00e0 dos pour Si\u00e8ge Pivotant Sillosocks Bucket","isPartOf":{"@id":"https:\/\/staging.lucky-hunter.com\/#website"},"primaryImageOfPage":{"@id":"https:\/\/staging.lucky-hunter.com\/fr\/product\/sac-a-dos-pour-siege-pivotant-sillosocks-bucket\/#primaryimage"},"image":{"@id":"https:\/\/staging.lucky-hunter.com\/fr\/product\/sac-a-dos-pour-siege-pivotant-sillosocks-bucket\/#primaryimage"},"thumbnailUrl":"https:\/\/staging.lucky-hunter.com\/wp-content\/uploads\/2023\/10\/PU-96-1.png","datePublished":"2023-10-24T13:46:42+00:00","dateModified":"2025-06-23T13:33:17+00:00","description":"Sac \u00e0 dos imperm\u00e9able, pratique et durable avec des bretelles rembourr\u00e9es pour transporter votre si\u00e8ge de chasse Sillosocks Bucket.","breadcrumb":{"@id":"https:\/\/staging.lucky-hunter.com\/fr\/product\/sac-a-dos-pour-siege-pivotant-sillosocks-bucket\/#breadcrumb"},"inLanguage":"fr-FR","potentialAction":[{"@type":"ReadAction","target":["https:\/\/staging.lucky-hunter.com\/fr\/product\/sac-a-dos-pour-siege-pivotant-sillosocks-bucket\/"]}]},{"@type":"ImageObject","inLanguage":"fr-FR","@id":"https:\/\/staging.lucky-hunter.com\/fr\/product\/sac-a-dos-pour-siege-pivotant-sillosocks-bucket\/#primaryimage","url":"https:\/\/staging.lucky-hunter.com\/wp-content\/uploads\/2023\/10\/PU-96-1.png","contentUrl":"https:\/\/staging.lucky-hunter.com\/wp-content\/uploads\/2023\/10\/PU-96-1.png","width":1000,"height":1000},{"@type":"BreadcrumbList","@id":"https:\/\/staging.lucky-hunter.com\/fr\/product\/sac-a-dos-pour-siege-pivotant-sillosocks-bucket\/#breadcrumb","itemListElement":[{"@type":"ListItem","position":1,"name":"Home","item":"https:\/\/staging.lucky-hunter.com\/fr\/"},{"@type":"ListItem","position":2,"name":"Boutique","item":"https:\/\/staging.lucky-hunter.com\/fr\/shop\/"},{"@type":"ListItem","position":3,"name":"Sac \u00e0 dos pour Si\u00e8ge Pivotant Sillosocks Bucket"}]},{"@type":"WebSite","@id":"https:\/\/staging.lucky-hunter.com\/#website","url":"https:\/\/staging.lucky-hunter.com\/","name":"Lucky-Hunter","description":"Gear Up or Give Up","potentialAction":[{"@type":"SearchAction","target":{"@type":"EntryPoint","urlTemplate":"https:\/\/staging.lucky-hunter.com\/?s={search_term_string}"},"query-input":{"@type":"PropertyValueSpecification","valueRequired":true,"valueName":"search_term_string"}}],"inLanguage":"fr-FR"}]}},"_links":{"self":[{"href":"https:\/\/staging.lucky-hunter.com\/fr\/wp-json\/wp\/v2\/product\/196549"}],"collection":[{"href":"https:\/\/staging.lucky-hunter.com\/fr\/wp-json\/wp\/v2\/product"}],"about":[{"href":"https:\/\/staging.lucky-hunter.com\/fr\/wp-json\/wp\/v2\/types\/product"}],"wp:featuredmedia":[{"embeddable":true,"href":"https:\/\/staging.lucky-hunter.com\/fr\/wp-json\/wp\/v2\/media\/69328"}],"wp:attachment":[{"href":"https:\/\/staging.lucky-hunter.com\/fr\/wp-json\/wp\/v2\/media?parent=196549"}],"wp:term":[{"taxonomy":"product_brand","embeddable":true,"href":"https:\/\/staging.lucky-hunter.com\/fr\/wp-json\/wp\/v2\/product_brand?post=196549"},{"taxonomy":"product_cat","embeddable":true,"href":"https:\/\/staging.lucky-hunter.com\/fr\/wp-json\/wp\/v2\/product_cat?post=196549"},{"taxonomy":"product_tag","embeddable":true,"href":"https:\/\/staging.lucky-hunter.com\/fr\/wp-json\/wp\/v2\/product_tag?post=196549"}],"curies":[{"name":"wp","href":"https:\/\/api.w.org\/{rel}","templated":true}]}}