{"id":196512,"date":"2023-03-31T14:50:27","date_gmt":"2023-03-31T12:50:27","guid":{"rendered":"https:\/\/staging.lucky-hunter.com\/product\/sifflet-pour-chien-acme-pro-trialler-212\/"},"modified":"2025-06-24T11:15:00","modified_gmt":"2025-06-24T09:15:00","slug":"sifflet-pour-chien-acme-pro-trialler-212","status":"publish","type":"product","link":"https:\/\/staging.lucky-hunter.com\/fr\/product\/sifflet-pour-chien-acme-pro-trialler-212\/","title":{"rendered":"Sifflet pour Chien ACME Pro Trialler &#8211; 212"},"content":{"rendered":"<ul>\n<li>Sifflet polyvalent avec un son audible pour les humains<\/li>\n<li>La fr\u00e9quence reste stable quel que soit le volume<\/li>\n<li>Moins d\u00e9routant pour les chiens \u00e0 distance ou lorsqu&#8217;il est souffl\u00e9 fort<\/li>\n<li>Efficace pour entra\u00eener les Pointers, Setters, Retrievers, Labradors et Terriers<\/li>\n<li>Id\u00e9al pour les chiens difficiles \u00e0 entra\u00eener et les situations de couverture dense<\/li>\n<\/ul>\n<p>Le sifflet Pro-Trialler \u00e0 fr\u00e9quence moyenne offre un son audible pour les humains qui maintient sa fr\u00e9quence quel que soit le volume, ce qui le rend efficace pour entra\u00eener diverses races et particuli\u00e8rement utile pour les chiens difficiles \u00e0 entra\u00eener et les situations de couverture dense.<\/p>\n","protected":false},"excerpt":{"rendered":"<p>Le sifflet Pro-Trialler \u00e0 fr\u00e9quence moyenne offre un son audible pour les humains qui maintient sa fr\u00e9quence quel que soit le volume.<\/p>\n","protected":false},"featured_media":61201,"template":"","meta":[],"product_brand":[],"product_cat":[8260],"product_tag":[],"yoast_head":"<!-- This site is optimized with the Yoast SEO plugin v24.3 - https:\/\/yoast.com\/wordpress\/plugins\/seo\/ -->\n<title>Sifflet pour Chien ACME Pro Trialler - 212<\/title>\n<meta name=\"description\" content=\"Le sifflet Pro-Trialler \u00e0 fr\u00e9quence moyenne offre un son audible pour les humains qui maintient sa fr\u00e9quence quel que soit le volume.\" \/>\n<meta name=\"robots\" content=\"noindex, follow, max-snippet:-1, max-image-preview:large, max-video-preview:-1\" \/>\n<meta property=\"og:locale\" content=\"fr_FR\" \/>\n<meta property=\"og:type\" content=\"article\" \/>\n<meta property=\"og:title\" content=\"Sifflet pour Chien ACME Pro Trialler - 212\" \/>\n<meta property=\"og:description\" content=\"Le sifflet Pro-Trialler \u00e0 fr\u00e9quence moyenne offre un son audible pour les humains qui maintient sa fr\u00e9quence quel que soit le volume.\" \/>\n<meta property=\"og:url\" content=\"https:\/\/staging.lucky-hunter.com\/fr\/product\/sifflet-pour-chien-acme-pro-trialler-212\/\" \/>\n<meta property=\"og:site_name\" content=\"Lucky-Hunter\" \/>\n<meta property=\"article:modified_time\" content=\"2025-06-24T09:15:00+00:00\" \/>\n<meta property=\"og:image\" content=\"https:\/\/staging.lucky-hunter.com\/wp-content\/uploads\/2023\/03\/212_dg_green_front_1.png\" \/>\n\t<meta property=\"og:image:width\" content=\"1000\" \/>\n\t<meta property=\"og:image:height\" content=\"1000\" \/>\n\t<meta property=\"og:image:type\" content=\"image\/png\" \/>\n<meta name=\"twitter:card\" content=\"summary_large_image\" \/>\n<meta name=\"twitter:label1\" content=\"Dur\u00e9e de lecture estim\u00e9e\" \/>\n\t<meta name=\"twitter:data1\" content=\"1 minute\" \/>\n<script type=\"application\/ld+json\" class=\"yoast-schema-graph\">{\"@context\":\"https:\/\/schema.org\",\"@graph\":[{\"@type\":\"WebPage\",\"@id\":\"https:\/\/staging.lucky-hunter.com\/fr\/product\/sifflet-pour-chien-acme-pro-trialler-212\/\",\"url\":\"https:\/\/staging.lucky-hunter.com\/fr\/product\/sifflet-pour-chien-acme-pro-trialler-212\/\",\"name\":\"Sifflet pour Chien ACME Pro Trialler - 212\",\"isPartOf\":{\"@id\":\"https:\/\/staging.lucky-hunter.com\/#website\"},\"primaryImageOfPage\":{\"@id\":\"https:\/\/staging.lucky-hunter.com\/fr\/product\/sifflet-pour-chien-acme-pro-trialler-212\/#primaryimage\"},\"image\":{\"@id\":\"https:\/\/staging.lucky-hunter.com\/fr\/product\/sifflet-pour-chien-acme-pro-trialler-212\/#primaryimage\"},\"thumbnailUrl\":\"https:\/\/staging.lucky-hunter.com\/wp-content\/uploads\/2023\/03\/212_dg_green_front_1.png\",\"datePublished\":\"2023-03-31T12:50:27+00:00\",\"dateModified\":\"2025-06-24T09:15:00+00:00\",\"description\":\"Le sifflet Pro-Trialler \u00e0 fr\u00e9quence moyenne offre un son audible pour les humains qui maintient sa fr\u00e9quence quel que soit le volume.\",\"breadcrumb\":{\"@id\":\"https:\/\/staging.lucky-hunter.com\/fr\/product\/sifflet-pour-chien-acme-pro-trialler-212\/#breadcrumb\"},\"inLanguage\":\"fr-FR\",\"potentialAction\":[{\"@type\":\"ReadAction\",\"target\":[\"https:\/\/staging.lucky-hunter.com\/fr\/product\/sifflet-pour-chien-acme-pro-trialler-212\/\"]}]},{\"@type\":\"ImageObject\",\"inLanguage\":\"fr-FR\",\"@id\":\"https:\/\/staging.lucky-hunter.com\/fr\/product\/sifflet-pour-chien-acme-pro-trialler-212\/#primaryimage\",\"url\":\"https:\/\/staging.lucky-hunter.com\/wp-content\/uploads\/2023\/03\/212_dg_green_front_1.png\",\"contentUrl\":\"https:\/\/staging.lucky-hunter.com\/wp-content\/uploads\/2023\/03\/212_dg_green_front_1.png\",\"width\":1000,\"height\":1000},{\"@type\":\"BreadcrumbList\",\"@id\":\"https:\/\/staging.lucky-hunter.com\/fr\/product\/sifflet-pour-chien-acme-pro-trialler-212\/#breadcrumb\",\"itemListElement\":[{\"@type\":\"ListItem\",\"position\":1,\"name\":\"Home\",\"item\":\"https:\/\/staging.lucky-hunter.com\/fr\/\"},{\"@type\":\"ListItem\",\"position\":2,\"name\":\"Boutique\",\"item\":\"https:\/\/staging.lucky-hunter.com\/fr\/shop\/\"},{\"@type\":\"ListItem\",\"position\":3,\"name\":\"Sifflet pour Chien ACME Pro Trialler &#8211; 212\"}]},{\"@type\":\"WebSite\",\"@id\":\"https:\/\/staging.lucky-hunter.com\/#website\",\"url\":\"https:\/\/staging.lucky-hunter.com\/\",\"name\":\"Lucky-Hunter\",\"description\":\"Gear Up or Give Up\",\"potentialAction\":[{\"@type\":\"SearchAction\",\"target\":{\"@type\":\"EntryPoint\",\"urlTemplate\":\"https:\/\/staging.lucky-hunter.com\/?s={search_term_string}\"},\"query-input\":{\"@type\":\"PropertyValueSpecification\",\"valueRequired\":true,\"valueName\":\"search_term_string\"}}],\"inLanguage\":\"fr-FR\"}]}<\/script>\n<!-- \/ Yoast SEO plugin. -->","yoast_head_json":{"title":"Sifflet pour Chien ACME Pro Trialler - 212","description":"Le sifflet Pro-Trialler \u00e0 fr\u00e9quence moyenne offre un son audible pour les humains qui maintient sa fr\u00e9quence quel que soit le volume.","robots":{"index":"noindex","follow":"follow","max-snippet":"max-snippet:-1","max-image-preview":"max-image-preview:large","max-video-preview":"max-video-preview:-1"},"og_locale":"fr_FR","og_type":"article","og_title":"Sifflet pour Chien ACME Pro Trialler - 212","og_description":"Le sifflet Pro-Trialler \u00e0 fr\u00e9quence moyenne offre un son audible pour les humains qui maintient sa fr\u00e9quence quel que soit le volume.","og_url":"https:\/\/staging.lucky-hunter.com\/fr\/product\/sifflet-pour-chien-acme-pro-trialler-212\/","og_site_name":"Lucky-Hunter","article_modified_time":"2025-06-24T09:15:00+00:00","og_image":[{"width":1000,"height":1000,"url":"https:\/\/staging.lucky-hunter.com\/wp-content\/uploads\/2023\/03\/212_dg_green_front_1.png","type":"image\/png"}],"twitter_card":"summary_large_image","twitter_misc":{"Dur\u00e9e de lecture estim\u00e9e":"1 minute"},"schema":{"@context":"https:\/\/schema.org","@graph":[{"@type":"WebPage","@id":"https:\/\/staging.lucky-hunter.com\/fr\/product\/sifflet-pour-chien-acme-pro-trialler-212\/","url":"https:\/\/staging.lucky-hunter.com\/fr\/product\/sifflet-pour-chien-acme-pro-trialler-212\/","name":"Sifflet pour Chien ACME Pro Trialler - 212","isPartOf":{"@id":"https:\/\/staging.lucky-hunter.com\/#website"},"primaryImageOfPage":{"@id":"https:\/\/staging.lucky-hunter.com\/fr\/product\/sifflet-pour-chien-acme-pro-trialler-212\/#primaryimage"},"image":{"@id":"https:\/\/staging.lucky-hunter.com\/fr\/product\/sifflet-pour-chien-acme-pro-trialler-212\/#primaryimage"},"thumbnailUrl":"https:\/\/staging.lucky-hunter.com\/wp-content\/uploads\/2023\/03\/212_dg_green_front_1.png","datePublished":"2023-03-31T12:50:27+00:00","dateModified":"2025-06-24T09:15:00+00:00","description":"Le sifflet Pro-Trialler \u00e0 fr\u00e9quence moyenne offre un son audible pour les humains qui maintient sa fr\u00e9quence quel que soit le volume.","breadcrumb":{"@id":"https:\/\/staging.lucky-hunter.com\/fr\/product\/sifflet-pour-chien-acme-pro-trialler-212\/#breadcrumb"},"inLanguage":"fr-FR","potentialAction":[{"@type":"ReadAction","target":["https:\/\/staging.lucky-hunter.com\/fr\/product\/sifflet-pour-chien-acme-pro-trialler-212\/"]}]},{"@type":"ImageObject","inLanguage":"fr-FR","@id":"https:\/\/staging.lucky-hunter.com\/fr\/product\/sifflet-pour-chien-acme-pro-trialler-212\/#primaryimage","url":"https:\/\/staging.lucky-hunter.com\/wp-content\/uploads\/2023\/03\/212_dg_green_front_1.png","contentUrl":"https:\/\/staging.lucky-hunter.com\/wp-content\/uploads\/2023\/03\/212_dg_green_front_1.png","width":1000,"height":1000},{"@type":"BreadcrumbList","@id":"https:\/\/staging.lucky-hunter.com\/fr\/product\/sifflet-pour-chien-acme-pro-trialler-212\/#breadcrumb","itemListElement":[{"@type":"ListItem","position":1,"name":"Home","item":"https:\/\/staging.lucky-hunter.com\/fr\/"},{"@type":"ListItem","position":2,"name":"Boutique","item":"https:\/\/staging.lucky-hunter.com\/fr\/shop\/"},{"@type":"ListItem","position":3,"name":"Sifflet pour Chien ACME Pro Trialler &#8211; 212"}]},{"@type":"WebSite","@id":"https:\/\/staging.lucky-hunter.com\/#website","url":"https:\/\/staging.lucky-hunter.com\/","name":"Lucky-Hunter","description":"Gear Up or Give Up","potentialAction":[{"@type":"SearchAction","target":{"@type":"EntryPoint","urlTemplate":"https:\/\/staging.lucky-hunter.com\/?s={search_term_string}"},"query-input":{"@type":"PropertyValueSpecification","valueRequired":true,"valueName":"search_term_string"}}],"inLanguage":"fr-FR"}]}},"_links":{"self":[{"href":"https:\/\/staging.lucky-hunter.com\/fr\/wp-json\/wp\/v2\/product\/196512"}],"collection":[{"href":"https:\/\/staging.lucky-hunter.com\/fr\/wp-json\/wp\/v2\/product"}],"about":[{"href":"https:\/\/staging.lucky-hunter.com\/fr\/wp-json\/wp\/v2\/types\/product"}],"wp:featuredmedia":[{"embeddable":true,"href":"https:\/\/staging.lucky-hunter.com\/fr\/wp-json\/wp\/v2\/media\/61201"}],"wp:attachment":[{"href":"https:\/\/staging.lucky-hunter.com\/fr\/wp-json\/wp\/v2\/media?parent=196512"}],"wp:term":[{"taxonomy":"product_brand","embeddable":true,"href":"https:\/\/staging.lucky-hunter.com\/fr\/wp-json\/wp\/v2\/product_brand?post=196512"},{"taxonomy":"product_cat","embeddable":true,"href":"https:\/\/staging.lucky-hunter.com\/fr\/wp-json\/wp\/v2\/product_cat?post=196512"},{"taxonomy":"product_tag","embeddable":true,"href":"https:\/\/staging.lucky-hunter.com\/fr\/wp-json\/wp\/v2\/product_tag?post=196512"}],"curies":[{"name":"wp","href":"https:\/\/api.w.org\/{rel}","templated":true}]}}