{"id":196463,"date":"2023-07-10T14:16:11","date_gmt":"2023-07-10T12:16:11","guid":{"rendered":"https:\/\/staging.lucky-hunter.com\/product\/poteau-daffut-premium\/"},"modified":"2025-06-23T16:04:09","modified_gmt":"2025-06-23T14:04:09","slug":"poteau-daffut-premium","status":"publish","type":"product","link":"https:\/\/staging.lucky-hunter.com\/fr\/product\/poteau-daffut-premium\/","title":{"rendered":"Poteau d&#8217;Aff\u00fbt Premium"},"content":{"rendered":"<p><strong>Vendu \u00e0 l&#8217;unit\u00e9 &#8211; achetez ce dont vous avez besoin pour votre camouflage<\/strong><\/p>\n<p>Investissez dans des poteaux de camouflage qui vous dureront probablement toute une vie ! Ce poteau de camouflage dispose d&#8217;un syst\u00e8me de verrouillage par torsion pour maintenir solidement le poteau \u00e0 la hauteur souhait\u00e9e. Il est parfait si vous utilisez un filet de camouflage pour vous cacher lorsque vous chassez.<\/p>\n<p>Le poteau de qualit\u00e9 sup\u00e9rieure est fabriqu\u00e9 en aluminium l\u00e9ger rev\u00eatu de poudre et dispose d&#8217;une plaque de support en aluminium usin\u00e9e CNC solide.<\/p>\n<p>La plaque de support se fixe \u00e0 travers la pointe, \u00e9liminant pratiquement toute chance de casse du poteau lorsque vous essayez de les enfoncer dans un sol dur, et ne rouillera pas.<\/p>\n<p>Extensible de 112 \u00e0 193 cm (44 \u00e0 76 pouces).<\/p>\n","protected":false},"excerpt":{"rendered":"<p>Ce poteau de camouflage premium est parfait si vous utilisez un filet de camouflage pour vous cacher lorsque vous chassez, et il vous durera toute une vie.<\/p>\n","protected":false},"featured_media":1384713,"template":"","meta":[],"product_brand":[9570],"product_cat":[8164],"product_tag":[],"yoast_head":"<!-- This site is optimized with the Yoast SEO plugin v24.3 - https:\/\/yoast.com\/wordpress\/plugins\/seo\/ -->\n<title>Poteau d&#039;Aff\u00fbt Premium | Lucky-hunter.com<\/title>\n<meta name=\"description\" content=\"Ce poteau de camouflage premium est parfait si vous utilisez un filet de camouflage pour vous cacher lorsque vous chassez, et il vous durera toute une vie.\" \/>\n<meta name=\"robots\" content=\"noindex, follow, max-snippet:-1, max-image-preview:large, max-video-preview:-1\" \/>\n<meta property=\"og:locale\" content=\"fr_FR\" \/>\n<meta property=\"og:type\" content=\"article\" \/>\n<meta property=\"og:title\" content=\"Poteau d&#039;Aff\u00fbt Premium | Lucky-hunter.com\" \/>\n<meta property=\"og:description\" content=\"Ce poteau de camouflage premium est parfait si vous utilisez un filet de camouflage pour vous cacher lorsque vous chassez, et il vous durera toute une vie.\" \/>\n<meta property=\"og:url\" content=\"https:\/\/staging.lucky-hunter.com\/product\/premium-hide-poles-twist-lock-1-pcs\/\" \/>\n<meta property=\"og:site_name\" content=\"Lucky-Hunter\" \/>\n<meta property=\"article:modified_time\" content=\"2025-06-23T14:04:09+00:00\" \/>\n<meta property=\"og:image\" content=\"https:\/\/staging.lucky-hunter.com\/wp-content\/uploads\/2023\/07\/IMG_7354-removebg-e1756456375452.png\" \/>\n\t<meta property=\"og:image:width\" content=\"3024\" \/>\n\t<meta property=\"og:image:height\" content=\"4032\" \/>\n\t<meta property=\"og:image:type\" content=\"image\/png\" \/>\n<meta name=\"twitter:card\" content=\"summary_large_image\" \/>\n<meta name=\"twitter:label1\" content=\"Dur\u00e9e de lecture estim\u00e9e\" \/>\n\t<meta name=\"twitter:data1\" content=\"1 minute\" \/>\n<script type=\"application\/ld+json\" class=\"yoast-schema-graph\">{\"@context\":\"https:\/\/schema.org\",\"@graph\":[{\"@type\":\"WebPage\",\"@id\":\"https:\/\/staging.lucky-hunter.com\/product\/premium-hide-poles-twist-lock-1-pcs\/\",\"url\":\"https:\/\/staging.lucky-hunter.com\/product\/premium-hide-poles-twist-lock-1-pcs\/\",\"name\":\"Poteau d'Aff\u00fbt Premium | Lucky-hunter.com\",\"isPartOf\":{\"@id\":\"https:\/\/staging.lucky-hunter.com\/#website\"},\"primaryImageOfPage\":{\"@id\":\"https:\/\/staging.lucky-hunter.com\/product\/premium-hide-poles-twist-lock-1-pcs\/#primaryimage\"},\"image\":{\"@id\":\"https:\/\/staging.lucky-hunter.com\/product\/premium-hide-poles-twist-lock-1-pcs\/#primaryimage\"},\"thumbnailUrl\":\"https:\/\/staging.lucky-hunter.com\/wp-content\/uploads\/2023\/07\/IMG_7354-removebg-e1756456375452.png\",\"datePublished\":\"2023-07-10T12:16:11+00:00\",\"dateModified\":\"2025-06-23T14:04:09+00:00\",\"description\":\"Ce poteau de camouflage premium est parfait si vous utilisez un filet de camouflage pour vous cacher lorsque vous chassez, et il vous durera toute une vie.\",\"breadcrumb\":{\"@id\":\"https:\/\/staging.lucky-hunter.com\/product\/premium-hide-poles-twist-lock-1-pcs\/#breadcrumb\"},\"inLanguage\":\"fr-FR\",\"potentialAction\":[{\"@type\":\"ReadAction\",\"target\":[\"https:\/\/staging.lucky-hunter.com\/product\/premium-hide-poles-twist-lock-1-pcs\/\"]}]},{\"@type\":\"ImageObject\",\"inLanguage\":\"fr-FR\",\"@id\":\"https:\/\/staging.lucky-hunter.com\/product\/premium-hide-poles-twist-lock-1-pcs\/#primaryimage\",\"url\":\"https:\/\/staging.lucky-hunter.com\/wp-content\/uploads\/2023\/07\/IMG_7354-removebg-e1756456375452.png\",\"contentUrl\":\"https:\/\/staging.lucky-hunter.com\/wp-content\/uploads\/2023\/07\/IMG_7354-removebg-e1756456375452.png\",\"width\":3024,\"height\":4032},{\"@type\":\"BreadcrumbList\",\"@id\":\"https:\/\/staging.lucky-hunter.com\/product\/premium-hide-poles-twist-lock-1-pcs\/#breadcrumb\",\"itemListElement\":[{\"@type\":\"ListItem\",\"position\":1,\"name\":\"Home\",\"item\":\"https:\/\/staging.lucky-hunter.com\/fr\/\"},{\"@type\":\"ListItem\",\"position\":2,\"name\":\"Boutique\",\"item\":\"https:\/\/staging.lucky-hunter.com\/fr\/shop\/\"},{\"@type\":\"ListItem\",\"position\":3,\"name\":\"Poteau d&#8217;Aff\u00fbt Premium\"}]},{\"@type\":\"WebSite\",\"@id\":\"https:\/\/staging.lucky-hunter.com\/#website\",\"url\":\"https:\/\/staging.lucky-hunter.com\/\",\"name\":\"Lucky-Hunter\",\"description\":\"Gear Up or Give Up\",\"potentialAction\":[{\"@type\":\"SearchAction\",\"target\":{\"@type\":\"EntryPoint\",\"urlTemplate\":\"https:\/\/staging.lucky-hunter.com\/?s={search_term_string}\"},\"query-input\":{\"@type\":\"PropertyValueSpecification\",\"valueRequired\":true,\"valueName\":\"search_term_string\"}}],\"inLanguage\":\"fr-FR\"}]}<\/script>\n<!-- \/ Yoast SEO plugin. -->","yoast_head_json":{"title":"Poteau d'Aff\u00fbt Premium | Lucky-hunter.com","description":"Ce poteau de camouflage premium est parfait si vous utilisez un filet de camouflage pour vous cacher lorsque vous chassez, et il vous durera toute une vie.","robots":{"index":"noindex","follow":"follow","max-snippet":"max-snippet:-1","max-image-preview":"max-image-preview:large","max-video-preview":"max-video-preview:-1"},"og_locale":"fr_FR","og_type":"article","og_title":"Poteau d'Aff\u00fbt Premium | Lucky-hunter.com","og_description":"Ce poteau de camouflage premium est parfait si vous utilisez un filet de camouflage pour vous cacher lorsque vous chassez, et il vous durera toute une vie.","og_url":"https:\/\/staging.lucky-hunter.com\/product\/premium-hide-poles-twist-lock-1-pcs\/","og_site_name":"Lucky-Hunter","article_modified_time":"2025-06-23T14:04:09+00:00","og_image":[{"width":3024,"height":4032,"url":"https:\/\/staging.lucky-hunter.com\/wp-content\/uploads\/2023\/07\/IMG_7354-removebg-e1756456375452.png","type":"image\/png"}],"twitter_card":"summary_large_image","twitter_misc":{"Dur\u00e9e de lecture estim\u00e9e":"1 minute"},"schema":{"@context":"https:\/\/schema.org","@graph":[{"@type":"WebPage","@id":"https:\/\/staging.lucky-hunter.com\/product\/premium-hide-poles-twist-lock-1-pcs\/","url":"https:\/\/staging.lucky-hunter.com\/product\/premium-hide-poles-twist-lock-1-pcs\/","name":"Poteau d'Aff\u00fbt Premium | Lucky-hunter.com","isPartOf":{"@id":"https:\/\/staging.lucky-hunter.com\/#website"},"primaryImageOfPage":{"@id":"https:\/\/staging.lucky-hunter.com\/product\/premium-hide-poles-twist-lock-1-pcs\/#primaryimage"},"image":{"@id":"https:\/\/staging.lucky-hunter.com\/product\/premium-hide-poles-twist-lock-1-pcs\/#primaryimage"},"thumbnailUrl":"https:\/\/staging.lucky-hunter.com\/wp-content\/uploads\/2023\/07\/IMG_7354-removebg-e1756456375452.png","datePublished":"2023-07-10T12:16:11+00:00","dateModified":"2025-06-23T14:04:09+00:00","description":"Ce poteau de camouflage premium est parfait si vous utilisez un filet de camouflage pour vous cacher lorsque vous chassez, et il vous durera toute une vie.","breadcrumb":{"@id":"https:\/\/staging.lucky-hunter.com\/product\/premium-hide-poles-twist-lock-1-pcs\/#breadcrumb"},"inLanguage":"fr-FR","potentialAction":[{"@type":"ReadAction","target":["https:\/\/staging.lucky-hunter.com\/product\/premium-hide-poles-twist-lock-1-pcs\/"]}]},{"@type":"ImageObject","inLanguage":"fr-FR","@id":"https:\/\/staging.lucky-hunter.com\/product\/premium-hide-poles-twist-lock-1-pcs\/#primaryimage","url":"https:\/\/staging.lucky-hunter.com\/wp-content\/uploads\/2023\/07\/IMG_7354-removebg-e1756456375452.png","contentUrl":"https:\/\/staging.lucky-hunter.com\/wp-content\/uploads\/2023\/07\/IMG_7354-removebg-e1756456375452.png","width":3024,"height":4032},{"@type":"BreadcrumbList","@id":"https:\/\/staging.lucky-hunter.com\/product\/premium-hide-poles-twist-lock-1-pcs\/#breadcrumb","itemListElement":[{"@type":"ListItem","position":1,"name":"Home","item":"https:\/\/staging.lucky-hunter.com\/fr\/"},{"@type":"ListItem","position":2,"name":"Boutique","item":"https:\/\/staging.lucky-hunter.com\/fr\/shop\/"},{"@type":"ListItem","position":3,"name":"Poteau d&#8217;Aff\u00fbt Premium"}]},{"@type":"WebSite","@id":"https:\/\/staging.lucky-hunter.com\/#website","url":"https:\/\/staging.lucky-hunter.com\/","name":"Lucky-Hunter","description":"Gear Up or Give Up","potentialAction":[{"@type":"SearchAction","target":{"@type":"EntryPoint","urlTemplate":"https:\/\/staging.lucky-hunter.com\/?s={search_term_string}"},"query-input":{"@type":"PropertyValueSpecification","valueRequired":true,"valueName":"search_term_string"}}],"inLanguage":"fr-FR"}]}},"_links":{"self":[{"href":"https:\/\/staging.lucky-hunter.com\/fr\/wp-json\/wp\/v2\/product\/196463"}],"collection":[{"href":"https:\/\/staging.lucky-hunter.com\/fr\/wp-json\/wp\/v2\/product"}],"about":[{"href":"https:\/\/staging.lucky-hunter.com\/fr\/wp-json\/wp\/v2\/types\/product"}],"wp:featuredmedia":[{"embeddable":true,"href":"https:\/\/staging.lucky-hunter.com\/fr\/wp-json\/wp\/v2\/media\/1384713"}],"wp:attachment":[{"href":"https:\/\/staging.lucky-hunter.com\/fr\/wp-json\/wp\/v2\/media?parent=196463"}],"wp:term":[{"taxonomy":"product_brand","embeddable":true,"href":"https:\/\/staging.lucky-hunter.com\/fr\/wp-json\/wp\/v2\/product_brand?post=196463"},{"taxonomy":"product_cat","embeddable":true,"href":"https:\/\/staging.lucky-hunter.com\/fr\/wp-json\/wp\/v2\/product_cat?post=196463"},{"taxonomy":"product_tag","embeddable":true,"href":"https:\/\/staging.lucky-hunter.com\/fr\/wp-json\/wp\/v2\/product_tag?post=196463"}],"curies":[{"name":"wp","href":"https:\/\/api.w.org\/{rel}","templated":true}]}}