{"id":196328,"date":"2023-03-17T14:40:15","date_gmt":"2023-03-17T13:40:15","guid":{"rendered":"https:\/\/staging.lucky-hunter.com\/product\/do-all-rebar-spinner\/"},"modified":"2025-06-24T11:37:19","modified_gmt":"2025-06-24T09:37:19","slug":"do-all-rebar-spinner","status":"publish","type":"product","link":"https:\/\/staging.lucky-hunter.com\/fr\/product\/do-all-rebar-spinner\/","title":{"rendered":"DO ALL Rebar Spinner"},"content":{"rendered":"<p>&nbsp;<\/p>\n<ul>\n<li>Construction en acier solide<\/li>\n<li>Class\u00e9 pour les pistolets de calibre 9mm \u00e0 .45<\/li>\n<li>Aucun assemblage requis<\/li>\n<li>Fabriqu\u00e9 en acier de 3\/8\u201d<\/li>\n<li>Cadre en fer \u00e0 b\u00e9ton solide<\/li>\n<\/ul>\n<p>Cette cible pour pistolet est con\u00e7ue pour \u00eatre robuste. Fabriqu\u00e9e en acier solide, elle est con\u00e7ue pour r\u00e9sister aux tirs r\u00e9p\u00e9t\u00e9s d&#8217;armes class\u00e9es pour les calibres de 9mm \u00e0 .45.<\/p>\n<p>Sans n\u00e9cessiter d&#8217;assemblage, cette cible est pr\u00eate \u00e0 l&#8217;emploi d\u00e8s sa sortie de la bo\u00eete. La cible est faite d&#8217;acier de 3\/8\u201d et le cadre est construit en fer \u00e0 b\u00e9ton solide, garantissant une durabilit\u00e9 maximale m\u00eame apr\u00e8s une utilisation r\u00e9p\u00e9t\u00e9e.<\/p>\n<p>Que vous cherchiez \u00e0 am\u00e9liorer vos comp\u00e9tences de tir ou \u00e0 profiter d&#8217;une s\u00e9ance de tir r\u00e9cr\u00e9ative, cette cible est faite pour vous.<\/p>\n<p>La simplicit\u00e9 et la durabilit\u00e9 de cette cible en font un excellent investissement pour les tireurs r\u00e9cr\u00e9atifs ou les professionnels des forces de l&#8217;ordre.<\/p>\n","protected":false},"excerpt":{"rendered":"<p>Cible Spinner Durable pour Pistolet avec cible en acier et cadre en fer \u00e0 b\u00e9ton. Class\u00e9e pour les calibres de 9mm \u00e0 .45.<\/p>\n","protected":false},"featured_media":58675,"template":"","meta":[],"product_brand":[8134],"product_cat":[8172],"product_tag":[],"yoast_head":"<!-- This site is optimized with the Yoast SEO plugin v24.3 - https:\/\/yoast.com\/wordpress\/plugins\/seo\/ -->\n<title>DO ALL Rebar Spinner | Lucky-hunter.com<\/title>\n<meta name=\"description\" content=\"Cible Spinner Durable pour Pistolet avec cible en acier et cadre en fer \u00e0 b\u00e9ton. Class\u00e9e pour les calibres de 9mm \u00e0 .45.\" \/>\n<meta name=\"robots\" content=\"noindex, follow, max-snippet:-1, max-image-preview:large, max-video-preview:-1\" \/>\n<meta property=\"og:locale\" content=\"fr_FR\" \/>\n<meta property=\"og:type\" content=\"article\" \/>\n<meta property=\"og:title\" content=\"DO ALL Rebar Spinner | Lucky-hunter.com\" \/>\n<meta property=\"og:description\" content=\"Cible Spinner Durable pour Pistolet avec cible en acier et cadre en fer \u00e0 b\u00e9ton. Class\u00e9e pour les calibres de 9mm \u00e0 .45.\" \/>\n<meta property=\"og:url\" content=\"https:\/\/staging.lucky-hunter.com\/product\/rebar-handgun-spinner\/\" \/>\n<meta property=\"og:site_name\" content=\"Lucky-Hunter\" \/>\n<meta property=\"article:modified_time\" content=\"2025-06-24T09:37:19+00:00\" \/>\n<meta property=\"og:image\" content=\"https:\/\/staging.lucky-hunter.com\/wp-content\/uploads\/2023\/03\/ST-165.png\" \/>\n\t<meta property=\"og:image:width\" content=\"1000\" \/>\n\t<meta property=\"og:image:height\" content=\"1000\" \/>\n\t<meta property=\"og:image:type\" content=\"image\/png\" \/>\n<meta name=\"twitter:card\" content=\"summary_large_image\" \/>\n<meta name=\"twitter:label1\" content=\"Dur\u00e9e de lecture estim\u00e9e\" \/>\n\t<meta name=\"twitter:data1\" content=\"1 minute\" \/>\n<script type=\"application\/ld+json\" class=\"yoast-schema-graph\">{\"@context\":\"https:\/\/schema.org\",\"@graph\":[{\"@type\":\"WebPage\",\"@id\":\"https:\/\/staging.lucky-hunter.com\/product\/rebar-handgun-spinner\/\",\"url\":\"https:\/\/staging.lucky-hunter.com\/product\/rebar-handgun-spinner\/\",\"name\":\"DO ALL Rebar Spinner | Lucky-hunter.com\",\"isPartOf\":{\"@id\":\"https:\/\/staging.lucky-hunter.com\/#website\"},\"primaryImageOfPage\":{\"@id\":\"https:\/\/staging.lucky-hunter.com\/product\/rebar-handgun-spinner\/#primaryimage\"},\"image\":{\"@id\":\"https:\/\/staging.lucky-hunter.com\/product\/rebar-handgun-spinner\/#primaryimage\"},\"thumbnailUrl\":\"https:\/\/staging.lucky-hunter.com\/wp-content\/uploads\/2023\/03\/ST-165.png\",\"datePublished\":\"2023-03-17T13:40:15+00:00\",\"dateModified\":\"2025-06-24T09:37:19+00:00\",\"description\":\"Cible Spinner Durable pour Pistolet avec cible en acier et cadre en fer \u00e0 b\u00e9ton. Class\u00e9e pour les calibres de 9mm \u00e0 .45.\",\"breadcrumb\":{\"@id\":\"https:\/\/staging.lucky-hunter.com\/product\/rebar-handgun-spinner\/#breadcrumb\"},\"inLanguage\":\"fr-FR\",\"potentialAction\":[{\"@type\":\"ReadAction\",\"target\":[\"https:\/\/staging.lucky-hunter.com\/product\/rebar-handgun-spinner\/\"]}]},{\"@type\":\"ImageObject\",\"inLanguage\":\"fr-FR\",\"@id\":\"https:\/\/staging.lucky-hunter.com\/product\/rebar-handgun-spinner\/#primaryimage\",\"url\":\"https:\/\/staging.lucky-hunter.com\/wp-content\/uploads\/2023\/03\/ST-165.png\",\"contentUrl\":\"https:\/\/staging.lucky-hunter.com\/wp-content\/uploads\/2023\/03\/ST-165.png\",\"width\":1000,\"height\":1000,\"caption\":\"Do All spinner\"},{\"@type\":\"BreadcrumbList\",\"@id\":\"https:\/\/staging.lucky-hunter.com\/product\/rebar-handgun-spinner\/#breadcrumb\",\"itemListElement\":[{\"@type\":\"ListItem\",\"position\":1,\"name\":\"Home\",\"item\":\"https:\/\/staging.lucky-hunter.com\/fr\/\"},{\"@type\":\"ListItem\",\"position\":2,\"name\":\"Boutique\",\"item\":\"https:\/\/staging.lucky-hunter.com\/fr\/shop\/\"},{\"@type\":\"ListItem\",\"position\":3,\"name\":\"DO ALL Rebar Spinner\"}]},{\"@type\":\"WebSite\",\"@id\":\"https:\/\/staging.lucky-hunter.com\/#website\",\"url\":\"https:\/\/staging.lucky-hunter.com\/\",\"name\":\"Lucky-Hunter\",\"description\":\"Gear Up or Give Up\",\"potentialAction\":[{\"@type\":\"SearchAction\",\"target\":{\"@type\":\"EntryPoint\",\"urlTemplate\":\"https:\/\/staging.lucky-hunter.com\/?s={search_term_string}\"},\"query-input\":{\"@type\":\"PropertyValueSpecification\",\"valueRequired\":true,\"valueName\":\"search_term_string\"}}],\"inLanguage\":\"fr-FR\"}]}<\/script>\n<!-- \/ Yoast SEO plugin. -->","yoast_head_json":{"title":"DO ALL Rebar Spinner | Lucky-hunter.com","description":"Cible Spinner Durable pour Pistolet avec cible en acier et cadre en fer \u00e0 b\u00e9ton. Class\u00e9e pour les calibres de 9mm \u00e0 .45.","robots":{"index":"noindex","follow":"follow","max-snippet":"max-snippet:-1","max-image-preview":"max-image-preview:large","max-video-preview":"max-video-preview:-1"},"og_locale":"fr_FR","og_type":"article","og_title":"DO ALL Rebar Spinner | Lucky-hunter.com","og_description":"Cible Spinner Durable pour Pistolet avec cible en acier et cadre en fer \u00e0 b\u00e9ton. Class\u00e9e pour les calibres de 9mm \u00e0 .45.","og_url":"https:\/\/staging.lucky-hunter.com\/product\/rebar-handgun-spinner\/","og_site_name":"Lucky-Hunter","article_modified_time":"2025-06-24T09:37:19+00:00","og_image":[{"width":1000,"height":1000,"url":"https:\/\/staging.lucky-hunter.com\/wp-content\/uploads\/2023\/03\/ST-165.png","type":"image\/png"}],"twitter_card":"summary_large_image","twitter_misc":{"Dur\u00e9e de lecture estim\u00e9e":"1 minute"},"schema":{"@context":"https:\/\/schema.org","@graph":[{"@type":"WebPage","@id":"https:\/\/staging.lucky-hunter.com\/product\/rebar-handgun-spinner\/","url":"https:\/\/staging.lucky-hunter.com\/product\/rebar-handgun-spinner\/","name":"DO ALL Rebar Spinner | Lucky-hunter.com","isPartOf":{"@id":"https:\/\/staging.lucky-hunter.com\/#website"},"primaryImageOfPage":{"@id":"https:\/\/staging.lucky-hunter.com\/product\/rebar-handgun-spinner\/#primaryimage"},"image":{"@id":"https:\/\/staging.lucky-hunter.com\/product\/rebar-handgun-spinner\/#primaryimage"},"thumbnailUrl":"https:\/\/staging.lucky-hunter.com\/wp-content\/uploads\/2023\/03\/ST-165.png","datePublished":"2023-03-17T13:40:15+00:00","dateModified":"2025-06-24T09:37:19+00:00","description":"Cible Spinner Durable pour Pistolet avec cible en acier et cadre en fer \u00e0 b\u00e9ton. Class\u00e9e pour les calibres de 9mm \u00e0 .45.","breadcrumb":{"@id":"https:\/\/staging.lucky-hunter.com\/product\/rebar-handgun-spinner\/#breadcrumb"},"inLanguage":"fr-FR","potentialAction":[{"@type":"ReadAction","target":["https:\/\/staging.lucky-hunter.com\/product\/rebar-handgun-spinner\/"]}]},{"@type":"ImageObject","inLanguage":"fr-FR","@id":"https:\/\/staging.lucky-hunter.com\/product\/rebar-handgun-spinner\/#primaryimage","url":"https:\/\/staging.lucky-hunter.com\/wp-content\/uploads\/2023\/03\/ST-165.png","contentUrl":"https:\/\/staging.lucky-hunter.com\/wp-content\/uploads\/2023\/03\/ST-165.png","width":1000,"height":1000,"caption":"Do All spinner"},{"@type":"BreadcrumbList","@id":"https:\/\/staging.lucky-hunter.com\/product\/rebar-handgun-spinner\/#breadcrumb","itemListElement":[{"@type":"ListItem","position":1,"name":"Home","item":"https:\/\/staging.lucky-hunter.com\/fr\/"},{"@type":"ListItem","position":2,"name":"Boutique","item":"https:\/\/staging.lucky-hunter.com\/fr\/shop\/"},{"@type":"ListItem","position":3,"name":"DO ALL Rebar Spinner"}]},{"@type":"WebSite","@id":"https:\/\/staging.lucky-hunter.com\/#website","url":"https:\/\/staging.lucky-hunter.com\/","name":"Lucky-Hunter","description":"Gear Up or Give Up","potentialAction":[{"@type":"SearchAction","target":{"@type":"EntryPoint","urlTemplate":"https:\/\/staging.lucky-hunter.com\/?s={search_term_string}"},"query-input":{"@type":"PropertyValueSpecification","valueRequired":true,"valueName":"search_term_string"}}],"inLanguage":"fr-FR"}]}},"_links":{"self":[{"href":"https:\/\/staging.lucky-hunter.com\/fr\/wp-json\/wp\/v2\/product\/196328"}],"collection":[{"href":"https:\/\/staging.lucky-hunter.com\/fr\/wp-json\/wp\/v2\/product"}],"about":[{"href":"https:\/\/staging.lucky-hunter.com\/fr\/wp-json\/wp\/v2\/types\/product"}],"wp:featuredmedia":[{"embeddable":true,"href":"https:\/\/staging.lucky-hunter.com\/fr\/wp-json\/wp\/v2\/media\/58675"}],"wp:attachment":[{"href":"https:\/\/staging.lucky-hunter.com\/fr\/wp-json\/wp\/v2\/media?parent=196328"}],"wp:term":[{"taxonomy":"product_brand","embeddable":true,"href":"https:\/\/staging.lucky-hunter.com\/fr\/wp-json\/wp\/v2\/product_brand?post=196328"},{"taxonomy":"product_cat","embeddable":true,"href":"https:\/\/staging.lucky-hunter.com\/fr\/wp-json\/wp\/v2\/product_cat?post=196328"},{"taxonomy":"product_tag","embeddable":true,"href":"https:\/\/staging.lucky-hunter.com\/fr\/wp-json\/wp\/v2\/product_tag?post=196328"}],"curies":[{"name":"wp","href":"https:\/\/api.w.org\/{rel}","templated":true}]}}